{"id":83114,"date":"2022-09-23T16:24:59","date_gmt":"2022-09-23T14:24:59","guid":{"rendered":"https:\/\/www.v-valley.com\/servizi\/"},"modified":"2023-11-23T12:55:48","modified_gmt":"2023-11-23T11:55:48","slug":"servicos","status":"publish","type":"page","link":"https:\/\/www.v-valley.com\/pt\/servicos\/","title":{"rendered":"Servi\u00e7os"},"content":{"rendered":"\n<h2>\n\t\tPORQU\u00ca ESCOLHER OS NOSSOS SERVI\u00c7OS\n\t<\/h2>\n\t<p>A V-Valley oferece uma vasta gama de servi\u00e7os personalizados e conselhos altamente especializados para o ajudar a escolher a melhor solu\u00e7\u00e3o para a sua empresa. A nossa equipa especializada ajud\u00e1-lo-\u00e1 a otimizar os recursos investidos e a alcan\u00e7ar os seus objetivos, adotando processos \u00e1geis e eficientes.<\/p>\n<p>Assist\u00eancia t\u00e9cnica pr\u00e9-venda, uma gama completa de pe\u00e7as sobressalentes e a capacidade de montar e integrar diferentes sistemas de hardware e software s\u00e3o alguns dos servi\u00e7os que oferecemos, juntamente com a forma\u00e7\u00e3o constante dos nossos clientes sobre os mais recentes desenvolvimentos tecnol\u00f3gicos.<\/p>\n<h2>\n\t\t  DESCUBRE SERVICIOS DISE\u00d1ADOS PARA TODAS LAS NECESIDADES\n\t<\/h2>\n\t\t\t\t<a href=\"https:\/\/www.v-valley.com\/pt\/servicos\/formacao-e-certificacao\/\" target=\"_self\" itemprop=\"url\" rel=\"noopener\">\n\t\t\t\t<img loading=\"lazy\" decoding=\"async\" src=\"https:\/\/statics.v-valley.com\/prod\/2022\/10\/img-formazione.jpg\" alt=\"img-formazione\" itemprop=\"image\" height=\"206\" width=\"353\" title=\"img-formazione\" onerror=\"this.style.display='none'\"  \/>\n\t\t\t\t<\/a>\n\t<p><a href=\"https:\/\/www.v-valley.com\/pt\/servicos\/formacao-e-certificacao\/\">Forma\u00e7\u00e3o e Certifica\u00e7\u00e3o<\/a><\/p>\n\t\t\t\t<a href=\"https:\/\/www.v-valley.com\/pt\/servicos\/consultoria-e-pre-venda\/\" target=\"_self\" itemprop=\"url\" rel=\"noopener\">\n\t\t\t\t<img loading=\"lazy\" decoding=\"async\" src=\"https:\/\/statics.v-valley.com\/prod\/2022\/10\/img-supporto.jpg\" alt=\"img-supporto\" itemprop=\"image\" height=\"206\" width=\"353\" title=\"img-supporto\" onerror=\"this.style.display='none'\"  \/>\n\t\t\t\t<\/a>\n\t<p><a href=\"https:\/\/www.v-valley.com\/pt\/servicos\/consultoria-e-pre-venda\/\">Servi\u00e7os de consultoria e pr\u00e9-venda<\/a><\/p>\n\t\t\t\t<a href=\"https:\/\/www.v-valley.com\/pt\/servicos\/servicos-financeiros\/\" target=\"_self\" itemprop=\"url\" rel=\"noopener\">\n\t\t\t\t<img loading=\"lazy\" decoding=\"async\" src=\"https:\/\/statics.v-valley.com\/prod\/2023\/02\/box-tutti-i-servizi-servizi-finanziari.jpg\" alt=\"box-tutti-i-servizi-servizi-finanziari\" itemprop=\"image\" height=\"206\" width=\"350\" title=\"box-tutti-i-servizi-servizi-finanziari\" onerror=\"this.style.display='none'\"  \/>\n\t\t\t\t<\/a>\n\t<p><a href=\"https:\/\/www.v-valley.com\/pt\/servicos\/servicos-financeiros\/\">Servi\u00e7os Financeiros<\/a><\/p>\n\t\t\t\t<a href=\"https:\/\/www.v-valley.com\/pt\/servicos\/servicos-logisticos\/\" target=\"_self\" itemprop=\"url\" rel=\"noopener\">\n\t\t\t\t<img loading=\"lazy\" decoding=\"async\" src=\"https:\/\/statics.v-valley.com\/prod\/2023\/02\/box-tutti-i-servizi-servizi-logistici.jpg\" alt=\"box-tutti-i-servizi-servizi-logistici\" itemprop=\"image\" height=\"206\" width=\"350\" title=\"box-tutti-i-servizi-servizi-logistici\" onerror=\"this.style.display='none'\"  \/>\n\t\t\t\t<\/a>\n\t<p><a href=\"https:\/\/www.v-valley.com\/pt\/servicos\/servicos-logisticos\/\">Servi\u00e7os Log\u00edsticos<\/a><\/p>\n\t\t\t\t<a href=\"https:\/\/www.v-valley.com\/es\/servicios\/servicios-datacenter\/\" target=\"_self\" itemprop=\"url\" rel=\"noopener\">\n\t\t\t\t<img loading=\"lazy\" decoding=\"async\" src=\"https:\/\/statics.v-valley.com\/prod\/2023\/02\/box-tutti-i-servizi-datacenter.jpg\" alt=\"box-tutti-i-servizi-datacenter\" itemprop=\"image\" height=\"206\" width=\"350\" title=\"box-tutti-i-servizi-datacenter\" onerror=\"this.style.display='none'\"  \/>\n\t\t\t\t<\/a>\n\t<p><a href=\"https:\/\/www.v-valley.com\/es\/servicios\/servicios-datacenter\/\">Servicios Datacenter<\/a><\/p>\n\t\t\t\t<a href=\"https:\/\/www.v-valley.com\/es\/servicios\/servicios-cloud\/\" target=\"_self\" itemprop=\"url\" rel=\"noopener\">\n\t\t\t\t<img loading=\"lazy\" decoding=\"async\" src=\"https:\/\/statics.v-valley.com\/prod\/2023\/02\/box-tutti-i-servizi-servizi-cloud.jpg\" alt=\"box-tutti-i-servizi-servizi-cloud\" itemprop=\"image\" height=\"206\" width=\"350\" title=\"box-tutti-i-servizi-servizi-cloud\" onerror=\"this.style.display='none'\"  \/>\n\t\t\t\t<\/a>\n\t<p><a href=\"https:\/\/www.v-valley.com\/es\/servicios\/servicios-cloud\/\">Servicios Cloud<\/a><\/p>\n\t\t\t\t<a href=\"https:\/\/www.v-valley.com\/es\/servicios\/servicios-profesionales\/\" target=\"_self\" itemprop=\"url\" rel=\"noopener\">\n\t\t\t\t<img loading=\"lazy\" decoding=\"async\" src=\"https:\/\/statics.v-valley.com\/prod\/2023\/02\/box-tutti-i-servizi-servizi-professionali.jpg\" alt=\"box-tutti-i-servizi-servizi-professionali\" itemprop=\"image\" height=\"206\" width=\"350\" title=\"box-tutti-i-servizi-servizi-professionali\" onerror=\"this.style.display='none'\"  \/>\n\t\t\t\t<\/a>\n\t<p><a href=\"https:\/\/www.v-valley.com\/es\/servicios\/servicios-profesionales\/\">Servicios Profesionales<\/a><\/p>\n\t\t\t\t<a href=\"https:\/\/www.v-valley.com\/es\/servicios\/servicio-tecnico\/\" target=\"_self\" itemprop=\"url\" rel=\"noopener\">\n\t\t\t\t<img loading=\"lazy\" decoding=\"async\" src=\"https:\/\/statics.v-valley.com\/prod\/2023\/02\/box-tutti-i-servizi-servizio-tecnico.jpg\" alt=\"box-tutti-i-servizi-servizio-tecnico\" itemprop=\"image\" height=\"206\" width=\"350\" title=\"box-tutti-i-servizi-servizio-tecnico\" onerror=\"this.style.display='none'\"  \/>\n\t\t\t\t<\/a>\n\t<p><a href=\"https:\/\/www.v-valley.com\/es\/servicios\/servicio-tecnico\/\">Servicio T\u00e9cnico<\/a><\/p>\n            <img decoding=\"async\" src=\"https:\/\/statics.v-valley.com\/prod\/2022\/11\/box-in-fondo-produttori.jpg\" alt=\"Os melhores fabricantes de tecnologia para os mercados empresarial e de consumo\" name=\"Os melhores fabricantes de tecnologia para os mercados empresarial e de consumo\"\/>\n                FABRICANTES\n                <h4>Os melhores fabricantes de tecnologia para os mercados empresarial e de consumo<\/h4>\n                <a href=\"https:\/\/www.v-valley.com\/pt\/vendor\/\"><\/a>\n            <img decoding=\"async\" src=\"https:\/\/statics.v-valley.com\/prod\/2022\/10\/box-in-fondo-soluzioni.jpg\" alt=\"Uma gama de solu\u00e7\u00f5es inovadoras para cada necessidade\" name=\"Uma gama de solu\u00e7\u00f5es inovadoras para cada necessidade\"\/>\n                SOLU\u00c7\u00d5ES\n                <h4>Uma gama de solu\u00e7\u00f5es inovadoras para cada necessidade<\/h4>\n                <a href=\"https:\/\/www.v-valley.com\/it\/soluzioni\/\"><\/a>\n            <img decoding=\"async\" src=\"https:\/\/statics.v-valley.com\/prod\/2022\/10\/box-in-fondo-servizi.jpg\" alt=\"Ampla gama de servi\u00e7os de apoio, tanto pr\u00e9-venda como p\u00f3s-venda\" name=\"Ampla gama de servi\u00e7os de apoio, tanto pr\u00e9-venda como p\u00f3s-venda\"\/>\n                SERVI\u00c7OS\n                <h4>Ampla gama de servi\u00e7os de apoio, tanto pr\u00e9-venda como p\u00f3s-venda<\/h4>\n                <a href=\"https:\/\/www.v-valley.com\/pt\/servicos\/\"><\/a>\n             <!-- end vvly images with text -->\n <!-- end images with text container -->\n<style>\n    .vvly-images-with-text-container .vvly-images-with-text .vvly-image-with-text {\n        width: calc((100% - 10px) \/3);\n    }\n<\/style>\n\n","protected":false},"excerpt":{"rendered":"<p>PORQU\u00ca ESCOLHER OS NOSSOS SERVI\u00c7OS A V-Valley oferece uma vasta gama de servi\u00e7os personalizados e conselhos altamente especializados para o ajudar a escolher a melhor solu\u00e7\u00e3o para a sua empresa. A nossa equipa especializada ajud\u00e1-lo-\u00e1 a otimizar os recursos investidos e a alcan\u00e7ar os seus objetivos, adotando processos \u00e1geis e eficientes. Assist\u00eancia t\u00e9cnica pr\u00e9-venda, uma [&hellip;]<\/p>\n","protected":false},"author":7,"featured_media":0,"parent":0,"menu_order":0,"comment_status":"closed","ping_status":"closed","template":"templates\/template-simple.php","meta":{"_acf_changed":false,"_genesis_hide_title":false,"_genesis_hide_breadcrumbs":false,"_genesis_hide_singular_image":false,"_genesis_hide_footer_widgets":false,"_genesis_custom_body_class":"","_genesis_custom_post_class":"","_genesis_layout":"","footnotes":""},"class_list":{"0":"post-83114","1":"page","2":"type-page","3":"status-publish","5":"entry"},"acf":[],"_links":{"self":[{"href":"https:\/\/www.v-valley.com\/pt\/wp-json\/wp\/v2\/pages\/83114","targetHints":{"allow":["GET"]}}],"collection":[{"href":"https:\/\/www.v-valley.com\/pt\/wp-json\/wp\/v2\/pages"}],"about":[{"href":"https:\/\/www.v-valley.com\/pt\/wp-json\/wp\/v2\/types\/page"}],"author":[{"embeddable":true,"href":"https:\/\/www.v-valley.com\/pt\/wp-json\/wp\/v2\/users\/7"}],"replies":[{"embeddable":true,"href":"https:\/\/www.v-valley.com\/pt\/wp-json\/wp\/v2\/comments?post=83114"}],"version-history":[{"count":0,"href":"https:\/\/www.v-valley.com\/pt\/wp-json\/wp\/v2\/pages\/83114\/revisions"}],"wp:attachment":[{"href":"https:\/\/www.v-valley.com\/pt\/wp-json\/wp\/v2\/media?parent=83114"}],"curies":[{"name":"wp","href":"https:\/\/api.w.org\/{rel}","templated":true}]}}