{"id":83104,"date":"2022-10-25T11:58:53","date_gmt":"2022-10-25T09:58:53","guid":{"rendered":"https:\/\/www.v-valley.com\/porque-a-v-valley\/end-user\/"},"modified":"2023-11-23T16:36:39","modified_gmt":"2023-11-23T15:36:39","slug":"usuarios-finais","status":"publish","type":"page","link":"https:\/\/www.v-valley.com\/pt\/porque-a-v-valley\/usuarios-finais\/","title":{"rendered":"Usu\u00e1rios"},"content":{"rendered":"\n<h2>\n\t\tCONFIE NA V-VALLEY PARA OS SEUS PROJETOS TECNOL\u00d3GICOS MAIS IMPORTANTES\n\t<\/h2>\n\t<p>A escolha da V-Valley, o principal distribuidor de produtos tecnol\u00f3gicos no sul da Europa, significa que os seus clientes poder\u00e3o trabalhar com 650 fabricantes e ter acesso a um cat\u00e1logo com mais de 300.000 refer\u00eancias. A V-Valley oferece tamb\u00e9m uma vasta gama de servi\u00e7os e cursos de forma\u00e7\u00e3o concebidos para todas as necessidades dos utilizadores finais.<\/p>\n\t\t\t\t<img loading=\"lazy\" decoding=\"async\" src=\"https:\/\/statics.v-valley.com\/prod\/2022\/11\/img-riunione.jpg\" alt=\"img-riunione\" itemprop=\"image\" height=\"536\" width=\"911\" title=\"img-riunione\" onerror=\"this.style.display='none'\"  \/>\n<h2>\n\t\tAS NOSSAS PRINCIPAIS VANTAGENS\n\t<\/h2>\n                        <img decoding=\"async\" src=\"https:\/\/statics.v-valley.com\/prod\/2022\/10\/ico-cerchio-cartella.png\" alt=\"Atualiza\u00e7\u00e3o constante do portf\u00f3lio\" name=\"Atualiza\u00e7\u00e3o constante do portf\u00f3lio\"\/>\n                                                <h4>Atualiza\u00e7\u00e3o constante do portf\u00f3lio<\/h4>\n                                                    <p>Os seus clientes t\u00eam na ponta dos dedos as \u00faltimas inova\u00e7\u00f5es tecnol\u00f3gicas dos nossos fabricantes e os melhores produtos em todos os sectores do mercado.<\/p>\n         <!-- end vvly card item -->\n                        <img decoding=\"async\" src=\"https:\/\/statics.v-valley.com\/prod\/2022\/10\/ico-cerchio-formazione.png\" alt=\"Forma\u00e7\u00e3o cont\u00ednua\" name=\"Forma\u00e7\u00e3o cont\u00ednua\"\/>\n                                                <h4>Forma\u00e7\u00e3o cont\u00ednua<\/h4>\n                                                    <p>Gra\u00e7as aos nossos fabricantes, pode oferecer aos seus clientes cursos de forma\u00e7\u00e3o exclusivos para consolidar os seus conhecimentos, assim como certifica\u00e7\u00f5es para a utiliza\u00e7\u00e3o de certas tecnologias.<\/p>\n         <!-- end vvly card item -->\n                        <img decoding=\"async\" src=\"https:\/\/statics.v-valley.com\/prod\/2022\/09\/ico-cerchio-lampadina.svg\" alt=\"Solu\u00e7\u00f5es \u00e0 medida\" name=\"Solu\u00e7\u00f5es \u00e0 medida\"\/>\n                                                <h4>Solu\u00e7\u00f5es \u00e0 medida<\/h4>\n                                                    <p>Propomos solu\u00e7\u00f5es diferenciadas e personalizadas para se adequarem \u00e0s necessidades espec\u00edficas dos seus clientes. <\/p>\n         <!-- end vvly card item -->\n                        <img decoding=\"async\" src=\"https:\/\/statics.v-valley.com\/prod\/2022\/10\/ico-cerchio-logistica-installazione.png\" alt=\"Log\u00edstica\" name=\"Log\u00edstica\"\/>\n                                                <h4>Log\u00edstica<\/h4>\n                                                    <p>Oferecemos servi\u00e7os log\u00edsticos fi\u00e1veis, sempre a tempo, incluindo a instala\u00e7\u00e3o da tecnologia adquirida pelos seus clientes.<\/p>\n         <!-- end vvly card item -->\n             <!-- end vvly cards with icon -->\n <!-- end cards-with-icon-container -->\n<style>\n    .vvly-cards-with-icon-container .vvly-cards-with-icon .vvly-card-item {\n        width: calc(100% \/4);\n    }\n<\/style>\n\t\t\t\t<img loading=\"lazy\" decoding=\"async\" src=\"https:\/\/statics.v-valley.com\/prod\/2022\/10\/img-cerchio-soluzioni-300x300.png\" alt=\"img-cerchio-soluzioni\" itemprop=\"image\" height=\"300\" width=\"300\" title=\"img-cerchio-soluzioni\" onerror=\"this.style.display='none'\"  \/>\n<h3>\n\t\tAMPLO PORTF\u00d3LIO DE SOLU\u00c7\u00d5ES FEITAS \u00c0 MEDIDA\n\t<\/h3>\n\t<p>Oferecemos uma gama completa de solu\u00e7\u00f5es adaptadas ao neg\u00f3cio dos seus clientes, com a possibilidade de personalizar produtos e servi\u00e7os de acordo com as suas necessidades. Atuamos como mediadores na divulga\u00e7\u00e3o de tecnologia e solu\u00e7\u00f5es relacionadas, apoiados por muitos anos de experi\u00eancia no sector.<\/p>\n\t\t\t<a href=\"https:\/\/www.v-valley.com\/pt\/solucoes\/\" target=\"_self\" role=\"button\" rel=\"noopener\">\n\t\t\t\t\t\t\tDescubra as nossas solu\u00e7\u00f5es\n\t\t\t\t\t<\/a>\n<h3>\n\t\tPARCEIROS DOS PRINCIPAIS FABRICANTES E INTEGRADORES DE SISTEMAS\n\t<\/h3>\n\t<p>Os nossos fabricantes s\u00e3o os melhores fornecedores de tecnologia do mercado, tanto para empresas como para consumidores, o que nos permite oferecer aos seus clientes as melhores solu\u00e7\u00f5es, desde as aplica\u00e7\u00f5es mais simples at\u00e9 \u00e0 instala\u00e7\u00e3o dos sistemas mais complexos.<\/p>\n\t\t\t<a href=\"https:\/\/www.v-valley.com\/pt\/vendor\/\" target=\"_self\" role=\"button\" rel=\"noopener\">\n\t\t\t\t\t\t\tDescubra os nossos fabricantes\n\t\t\t\t\t<\/a>\n\t\t\t\t<img loading=\"lazy\" decoding=\"async\" src=\"https:\/\/statics.v-valley.com\/prod\/2022\/11\/img-cerchio-produttori-300x300.png\" alt=\"img-cerchio-produttori\" itemprop=\"image\" height=\"300\" width=\"300\" title=\"img-cerchio-produttori\" onerror=\"this.style.display='none'\"  \/>\n\t\t\t\t<img loading=\"lazy\" decoding=\"async\" src=\"https:\/\/statics.v-valley.com\/prod\/2022\/10\/img-cerchio-servizi-300x300.png\" alt=\"img-cerchio-servizi\" itemprop=\"image\" height=\"300\" width=\"300\" title=\"img-cerchio-servizi\" onerror=\"this.style.display='none'\"  \/>\n<h3>\n\t\tSERVI\u00c7OS PR\u00c9-VENDA E P\u00d3S-VENDA\n\t<\/h3>\n\t<p>Ajudamo-lo a oferecer aos seus utilizadores finais a op\u00e7\u00e3o mais adequada \u00e0s suas necessidades. Oferecemos servi\u00e7os de pr\u00e9 e p\u00f3s-venda prestados por uma equipa altamente especializada, capaz de conceber a solu\u00e7\u00e3o \u00f3tima para cada necessidade.<\/p>\n\t\t\t<a href=\"https:\/\/www.v-valley.com\/pt\/servicos\/\" target=\"_self\" role=\"button\" rel=\"noopener\">\n\t\t\t\t\t\t\tDescubra os nossos servi\u00e7os \n\t\t\t\t\t<\/a>\n<h3>\n\t\tCERTIFICA\u00c7\u00d5ES ISO E T\u00c9CNICAS\n\t<\/h3>\n\t<p>A V-Valley tem todas as certifica\u00e7\u00f5es legais em termos de ambiente, sa\u00fade e seguran\u00e7a no trabalho. O nosso objetivo \u00e9 a melhoria constante em tudo relacionado com a qualidade, ambiente, seguran\u00e7a e \u00e9tica: estes s\u00e3o os nossos valores fundamentais, juntamente com a satisfa\u00e7\u00e3o dos nossos clientes.<\/p>\n\t\t\t\t<img loading=\"lazy\" decoding=\"async\" src=\"https:\/\/statics.v-valley.com\/prod\/2022\/10\/img-cerchio-formazione-300x300.png\" alt=\"img-cerchio-formazione\" itemprop=\"image\" height=\"300\" width=\"300\" title=\"img-cerchio-formazione\" onerror=\"this.style.display='none'\"  \/>\n\t\t\t\t<img loading=\"lazy\" decoding=\"async\" src=\"https:\/\/statics.v-valley.com\/prod\/2022\/10\/img-cerchio-sostenibilita-300x300.png\" alt=\"img-cerchio-sostenibilit\u00e0\" itemprop=\"image\" height=\"300\" width=\"300\" title=\"img-cerchio-sostenibilit\u00e0\" onerror=\"this.style.display='none'\"  \/>\n<h3>\n\t\tPREOCUPAMO-NOS COM A SUSTENTABILIDADE\n\t<\/h3>\n\t<p>No nosso Grupo, aplicamos pol\u00edticas espec\u00edficas de sustentabilidade: ouvimos primeiro as nossas partes interessadas e, a partir da\u00ed, estabelecemos e definimos um conjunto de objetivos para cada \u00e1rea de interesse, desde o ambiente \u00e0 governa\u00e7\u00e3o e aos aspetos sociais, dando sempre prioridade ao capital humano. <\/p>\n\n","protected":false},"excerpt":{"rendered":"<p>CONFIE NA V-VALLEY PARA OS SEUS PROJETOS TECNOL\u00d3GICOS MAIS IMPORTANTES A escolha da V-Valley, o principal distribuidor de produtos tecnol\u00f3gicos no sul da Europa, significa que os seus clientes poder\u00e3o trabalhar com 650 fabricantes e ter acesso a um cat\u00e1logo com mais de 300.000 refer\u00eancias. A V-Valley oferece tamb\u00e9m uma vasta gama de servi\u00e7os e [&hellip;]<\/p>\n","protected":false},"author":7,"featured_media":0,"parent":83084,"menu_order":0,"comment_status":"closed","ping_status":"closed","template":"templates\/template-simple.php","meta":{"_acf_changed":false,"_genesis_hide_title":false,"_genesis_hide_breadcrumbs":false,"_genesis_hide_singular_image":false,"_genesis_hide_footer_widgets":false,"_genesis_custom_body_class":"","_genesis_custom_post_class":"","_genesis_layout":"","footnotes":""},"class_list":{"0":"post-83104","1":"page","2":"type-page","3":"status-publish","5":"entry"},"acf":[],"_links":{"self":[{"href":"https:\/\/www.v-valley.com\/pt\/wp-json\/wp\/v2\/pages\/83104","targetHints":{"allow":["GET"]}}],"collection":[{"href":"https:\/\/www.v-valley.com\/pt\/wp-json\/wp\/v2\/pages"}],"about":[{"href":"https:\/\/www.v-valley.com\/pt\/wp-json\/wp\/v2\/types\/page"}],"author":[{"embeddable":true,"href":"https:\/\/www.v-valley.com\/pt\/wp-json\/wp\/v2\/users\/7"}],"replies":[{"embeddable":true,"href":"https:\/\/www.v-valley.com\/pt\/wp-json\/wp\/v2\/comments?post=83104"}],"version-history":[{"count":0,"href":"https:\/\/www.v-valley.com\/pt\/wp-json\/wp\/v2\/pages\/83104\/revisions"}],"up":[{"embeddable":true,"href":"https:\/\/www.v-valley.com\/pt\/wp-json\/wp\/v2\/pages\/83084"}],"wp:attachment":[{"href":"https:\/\/www.v-valley.com\/pt\/wp-json\/wp\/v2\/media?parent=83104"}],"curies":[{"name":"wp","href":"https:\/\/api.w.org\/{rel}","templated":true}]}}