{"id":83091,"date":"2022-09-27T14:55:41","date_gmt":"2022-09-27T12:55:41","guid":{"rendered":"https:\/\/www.v-valley.com\/porque-a-v-valley\/rivenditori\/"},"modified":"2024-03-19T11:35:38","modified_gmt":"2024-03-19T10:35:38","slug":"revendedores","status":"publish","type":"page","link":"https:\/\/www.v-valley.com\/pt\/porque-a-v-valley\/revendedores\/","title":{"rendered":"Revendedores"},"content":{"rendered":"\n<h2>\n\t\tDESCUBRA PORQUE DEVE CONFIAR NA V-VALLEY PARA OS SEUS PROJETOS DE VALOR\n\t<\/h2>\n\t<p>A V-Valley \u00e9 o distribuidor l\u00edder no mercado de Solu\u00e7\u00f5es Avan\u00e7adas no Sul da Europa com um objetivo claro para os seus clientes-vendedores: <em>melhorar o seu neg\u00f3cio<\/em>, ou seja, criar valor para o seu neg\u00f3cio. Para o conseguir, a V-Valley utiliza as tecnologias avan\u00e7adas dos principais fabricantes do sector. A partir destes, a V-Valley prop\u00f5e ferramentas, solu\u00e7\u00f5es e servi\u00e7os concebidos para apoiar os projetos de transforma\u00e7\u00e3o digital que os seus clientes oferecem aos utilizadores finais. Ao apoiar os revendedores em todas as fases do seu projeto, a V-Valley ajuda-os a desenvolver e impulsionar novos neg\u00f3cios.<\/p>\n\t\t\t\t<img loading=\"lazy\" decoding=\"async\" src=\"https:\/\/statics.v-valley.com\/prod\/2022\/11\/img-nuovi-business.jpg\" alt=\"img-nuovi-business\" itemprop=\"image\" height=\"536\" width=\"911\" title=\"img-nuovi-business\" onerror=\"this.style.display='none'\"  \/>\n<h2>\n\t\tAS NOSSAS PRINCIPAIS VANTAGENS\n\t<\/h2>\n                        <img decoding=\"async\" src=\"https:\/\/statics.v-valley.com\/prod\/2022\/10\/ico-cerchio-e-commerce.png\" alt=\"Com\u00e9rcio eletr\u00f3nico\" name=\"Com\u00e9rcio eletr\u00f3nico\"\/>\n                                                <h4>Com\u00e9rcio eletr\u00f3nico<\/h4>\n                                                    <p>Uma carteira de mais de 130.000 produtos tecnol\u00f3gicos de mais de 800 fabricantes onde encontrar\u00e1 as melhores ferramentas para aumentar as vendas.<\/p>\n         <!-- end vvly card item -->\n                        <img decoding=\"async\" src=\"https:\/\/statics.v-valley.com\/prod\/2022\/10\/ico-cerchio-cloud.png\" alt=\"Neg\u00f3cios na nuvem\" name=\"Neg\u00f3cios na nuvem\"\/>\n                                                <h4>Neg\u00f3cios na nuvem<\/h4>\n                                                    <p>Uma plataforma integrada de Cloud Marketplace simplifica grandemente o fornecimento de hardware, software e qualquer infra-estrutura.<\/p>\n         <!-- end vvly card item -->\n                        <img decoding=\"async\" src=\"https:\/\/statics.v-valley.com\/prod\/2022\/10\/ico-cerchio-cartella.png\" alt=\"Servi\u00e7os\" name=\"Servi\u00e7os\"\/>\n                                                <h4>Servi\u00e7os<\/h4>\n                                                    <p>Pode expandir o seu neg\u00f3cio com uma gama completa de servi\u00e7os financeiros, comerciais, log\u00edsticos e de p\u00f3s-venda. <\/p>\n         <!-- end vvly card item -->\n                        <img decoding=\"async\" src=\"https:\/\/statics.v-valley.com\/prod\/2022\/10\/icona-cerchio-posizione.png\" alt=\"Presen\u00e7a territorial\" name=\"Presen\u00e7a territorial\"\/>\n                                                <h4>Presen\u00e7a territorial<\/h4>\n                                                    <p>Os pontos f\u00edsicos de venda mostram os produtos prontos para entrega e podem ser apoiados por pessoal especializado.<\/p>\n         <!-- end vvly card item -->\n             <!-- end vvly cards with icon -->\n <!-- end cards-with-icon-container -->\n<style>\n    .vvly-cards-with-icon-container .vvly-cards-with-icon .vvly-card-item {\n        width: calc(100% \/4);\n    }\n<\/style>\n\t\t\t\t<img loading=\"lazy\" decoding=\"async\" src=\"https:\/\/statics.v-valley.com\/prod\/2022\/10\/img-cerchio-soluzioni-300x300.png\" alt=\"img-cerchio-soluzioni\" itemprop=\"image\" height=\"300\" width=\"300\" title=\"img-cerchio-soluzioni\" onerror=\"this.style.display='none'\"  \/>\n<h3>\n\t\tPORTF\u00d3LIO COMPLETO DE SOLU\u00c7\u00d5ES\n\t<\/h3>\n\t<p>Propomos a solu\u00e7\u00e3o ideal para cada necessidade empresarial: desde as tecnologias mais avan\u00e7adas at\u00e9 \u00e0s op\u00e7\u00f5es mais simples. A V-Valley oferece as \u00faltimas inova\u00e7\u00f5es no mercado, bem como mais de 20 anos de experi\u00eancia com os melhores fabricantes do sector.<\/p>\n\t\t\t<a href=\"https:\/\/www.v-valley.com\/pt\/solucoes\/\" target=\"_self\" role=\"button\" rel=\"noopener\">\n\t\t\t\t\t\t\tDescubra as nossas solu\u00e7\u00f5es \n\t\t\t\t\t<\/a>\n<h3>\n\t\tFORMA\u00c7\u00c3O E EVENTOS\n\t<\/h3>\n\t<p>Uma vasta gama de eventos e cursos de forma\u00e7\u00e3o no campo das TIC para que os seus clientes possam aprender a utilizar as mais recentes tecnologias no mercado com a ajuda de formadores especializados. Extensas possibilidades de personalizar os cursos para satisfazer as necessidades espec\u00edficas de cada empresa.<\/p>\n\t\t\t\t<img loading=\"lazy\" decoding=\"async\" src=\"https:\/\/statics.v-valley.com\/prod\/2022\/10\/img-cerchio-evento-300x300.png\" alt=\"img-cerchio-evento\" itemprop=\"image\" height=\"300\" width=\"300\" title=\"img-cerchio-evento\" onerror=\"this.style.display='none'\"  \/>\n\t\t\t\t<img loading=\"lazy\" decoding=\"async\" src=\"https:\/\/statics.v-valley.com\/prod\/2022\/10\/img-cerchio-servizi-300x300.png\" alt=\"img-cerchio-servizi\" itemprop=\"image\" height=\"300\" width=\"300\" title=\"img-cerchio-servizi\" onerror=\"this.style.display='none'\"  \/>\n<h3>\n\t\tSERVI\u00c7OS PR\u00c9-VENDA E P\u00d3S-VENDA\n\t<\/h3>\n\t<p>Oferecemos uma vasta gama de servi\u00e7os totalmente personaliz\u00e1veis para ajudar as empresas tanto antes como depois da venda. O nosso objetivo \u00e9 ajud\u00e1-lo a tomar a melhor decis\u00e3o para o seu neg\u00f3cio: uma equipa dedicada e especializada estar\u00e1 sempre ao seu lado.<\/p>\n\t\t\t<a href=\"https:\/\/www.v-valley.com\/pt\/servicos\/\" target=\"_self\" role=\"button\" rel=\"noopener\">\n\t\t\t\t\t\t\tConhe\u00e7a nossos servi\u00e7os\n\t\t\t\t\t<\/a>\n<h3>\n\t\tCERTIFICA\u00c7\u00d5ES\n\t<\/h3>\n\t<p>V-Valley Academy \u00e9 um centro de forma\u00e7\u00e3o autorizado pelos principais fabricantes do sector, onde pode obter as certifica\u00e7\u00f5es necess\u00e1rias para utilizar as mais recentes tecnologias e oferecer forma\u00e7\u00e3o completa aos seus clientes.<\/p>\n\t\t\t\t<img loading=\"lazy\" decoding=\"async\" src=\"https:\/\/statics.v-valley.com\/prod\/2022\/10\/img-cerchio-formazione-300x300.png\" alt=\"img-cerchio-formazione\" itemprop=\"image\" height=\"300\" width=\"300\" title=\"img-cerchio-formazione\" onerror=\"this.style.display='none'\"  \/>\n\t\t\t\t<img loading=\"lazy\" decoding=\"async\" src=\"https:\/\/statics.v-valley.com\/prod\/2022\/10\/img-cerchio-consulenza-300x300.png\" alt=\"img-cerchio-consulenza\" itemprop=\"image\" height=\"300\" width=\"300\" title=\"img-cerchio-consulenza\" onerror=\"this.style.display='none'\"  \/>\n<h3>\n\t\tACONSELHAMENTO \u00c0 MEDIDA \n\t<\/h3>\n\t<p>Temos \u00e0 sua disposi\u00e7\u00e3o uma equipa totalmente especializada, capaz de lhe oferecer solu\u00e7\u00f5es personalizadas e adaptadas \u00e0s necessidades dos seus clientes. As diferentes necessidades que v\u00e3o surgindo levam-nos a criar novas ferramentas de apoio, quer comerciais como t\u00e9cnicas.<\/p>\n\n","protected":false},"excerpt":{"rendered":"<p>DESCUBRA PORQUE DEVE CONFIAR NA V-VALLEY PARA OS SEUS PROJETOS DE VALOR A V-Valley \u00e9 o distribuidor l\u00edder no mercado de Solu\u00e7\u00f5es Avan\u00e7adas no Sul da Europa com um objetivo claro para os seus clientes-vendedores: melhorar o seu neg\u00f3cio, ou seja, criar valor para o seu neg\u00f3cio. Para o conseguir, a V-Valley utiliza as tecnologias [&hellip;]<\/p>\n","protected":false},"author":7,"featured_media":0,"parent":83084,"menu_order":0,"comment_status":"closed","ping_status":"closed","template":"templates\/template-simple.php","meta":{"_acf_changed":false,"_genesis_hide_title":false,"_genesis_hide_breadcrumbs":false,"_genesis_hide_singular_image":false,"_genesis_hide_footer_widgets":false,"_genesis_custom_body_class":"","_genesis_custom_post_class":"","_genesis_layout":"","footnotes":""},"class_list":{"0":"post-83091","1":"page","2":"type-page","3":"status-publish","5":"entry"},"acf":[],"_links":{"self":[{"href":"https:\/\/www.v-valley.com\/pt\/wp-json\/wp\/v2\/pages\/83091","targetHints":{"allow":["GET"]}}],"collection":[{"href":"https:\/\/www.v-valley.com\/pt\/wp-json\/wp\/v2\/pages"}],"about":[{"href":"https:\/\/www.v-valley.com\/pt\/wp-json\/wp\/v2\/types\/page"}],"author":[{"embeddable":true,"href":"https:\/\/www.v-valley.com\/pt\/wp-json\/wp\/v2\/users\/7"}],"replies":[{"embeddable":true,"href":"https:\/\/www.v-valley.com\/pt\/wp-json\/wp\/v2\/comments?post=83091"}],"version-history":[{"count":0,"href":"https:\/\/www.v-valley.com\/pt\/wp-json\/wp\/v2\/pages\/83091\/revisions"}],"up":[{"embeddable":true,"href":"https:\/\/www.v-valley.com\/pt\/wp-json\/wp\/v2\/pages\/83084"}],"wp:attachment":[{"href":"https:\/\/www.v-valley.com\/pt\/wp-json\/wp\/v2\/media?parent=83091"}],"curies":[{"name":"wp","href":"https:\/\/api.w.org\/{rel}","templated":true}]}}