{"id":83084,"date":"2022-08-09T11:58:47","date_gmt":"2022-08-09T09:58:47","guid":{"rendered":"https:\/\/www.v-valley.com\/perche-v-valley\/"},"modified":"2023-12-15T12:14:39","modified_gmt":"2023-12-15T11:14:39","slug":"porque-a-v-valley","status":"publish","type":"page","link":"https:\/\/www.v-valley.com\/pt\/porque-a-v-valley\/","title":{"rendered":"Porqu\u00ea a V-Valley"},"content":{"rendered":"\n<h2>\n\t\tREFER\u00caNCIA DO MERCADO DE VALOR\n\t<\/h2>\n\t<p>A V-Valley oferece aos seus parceiros uma vasta gama de tecnologias &#8211; seja no local ou como servi\u00e7o (&#8220;as-a-service&#8221;) &#8211; com apoio significativo pr\u00e9 e p\u00f3s-venda garantido por uma estrutura altamente especializada.<\/p>\n<p>Desde 2011, a V-Valley tornou-se uma refer\u00eancia para o mercado do Sul da Europa: a per\u00edcia de uma multinacional financeiramente forte, combinada com um conhecimento perfeito do mercado local, faz de n\u00f3s um parceiro de confian\u00e7a para os seus clientes. Para apoiar os revendedores nos seus projetos de transforma\u00e7\u00e3o digital, a V-Valley oferece uma per\u00edcia consolidada, uma vasta cobertura territorial e uma gama de servi\u00e7os indispens\u00e1veis.<\/p>\n\t\t\t<a href=\"https:\/\/www.v-valley.com\/pt\/solucoes\/\" target=\"_self\" role=\"button\" rel=\"noopener\">\n\t\t\t\t\t\t\tDescubra as nossas solu\u00e7\u00f5es\n\t\t\t\t\t<\/a>\n\t\t\t\t<img loading=\"lazy\" decoding=\"async\" src=\"https:\/\/statics.v-valley.com\/prod\/2022\/11\/img-advanced-solutions.jpg\" alt=\"img-advanced-solutions\" itemprop=\"image\" height=\"536\" width=\"911\" title=\"img-advanced-solutions\" onerror=\"this.style.display='none'\"  \/>\n<h2>\n\t\tPORQU\u00ca ESCOLHER-NOS\n\t<\/h2>\n                        <img decoding=\"async\" src=\"https:\/\/statics.v-valley.com\/prod\/2022\/11\/ico-cerchio-etichetta.png\" alt=\"Portf\u00f3lio tecnol\u00f3gico\" name=\"Portf\u00f3lio tecnol\u00f3gico\"\/>\n                                                <h4>Portf\u00f3lio tecnol\u00f3gico<\/h4>\n                                                    <p>Temos uma carteira de quase 200 fabricantes, todos eles l\u00edderes no centro de dados, redes, ciber-seguran\u00e7a, <em>software<\/em>, nuvem, cablagem estruturada e efici\u00eancia energ\u00e9tica, comunica\u00e7\u00f5es unificadas e colabora\u00e7\u00e3o, vigil\u00e2ncia por v\u00eddeo e segmentos de identifica\u00e7\u00e3o autom\u00e1tica.<\/p>\n         <!-- end vvly card item -->\n                        <img decoding=\"async\" src=\"https:\/\/statics.v-valley.com\/prod\/2022\/09\/ico-cerchio-persone.svg\" alt=\"Experi\u00eancia e Equipa\" name=\"Experi\u00eancia e Equipa\"\/>\n                                                <h4>Experi\u00eancia e Equipa<\/h4>\n                                                    <p>Concebemos propostas e projetos \u00e0 medida dos neg\u00f3cios dos nossos clientes, apoiados pelo profundo conhecimento tecnol\u00f3gico adquirido ao longo dos anos, bem como por uma equipa de mais de 200 pessoas altamente especializadas. O conhecimento e o valor humano s\u00e3o a chave para a realiza\u00e7\u00e3o dos projetos dos nossos clientes.<\/p>\n         <!-- end vvly card item -->\n                        <img decoding=\"async\" src=\"https:\/\/statics.v-valley.com\/prod\/2022\/10\/ico-cerchio-cartella.png\" alt=\"Ecossistema de servi\u00e7os\" name=\"Ecossistema de servi\u00e7os\"\/>\n                                                <h4>Ecossistema de servi\u00e7os<\/h4>\n                                                    <p>Oferecemos todo um ecossistema de servi\u00e7os personalizados. Desde servi\u00e7os de marketing, t\u00e9cnicos, log\u00edsticos e financeiros para ajudar os revendedores a implementar e gerir os projetos inform\u00e1ticos dos seus clientes.<\/p>\n         <!-- end vvly card item -->\n                        <img decoding=\"async\" src=\"https:\/\/statics.v-valley.com\/prod\/2022\/11\/ico-cerchio-occhio.png\" alt=\"Gerar procura\" name=\"Gerar procura\"\/>\n                                                <h4>Gerar procura<\/h4>\n                                                    <p>Permitimos aos nossos parceiros gerar novas oportunidades de neg\u00f3cio, criando sinergias entre procura e oferta qualificada.<\/p>\n         <!-- end vvly card item -->\n                        <img decoding=\"async\" src=\"https:\/\/statics.v-valley.com\/prod\/2022\/10\/ico-cerchio-ascolto.png\" alt=\"Forma\u00e7\u00e3o\" name=\"Forma\u00e7\u00e3o\"\/>\n                                                <h4>Forma\u00e7\u00e3o<\/h4>\n                                                    <p>Promovemos a forma\u00e7\u00e3o dos nossos clientes para que estes possam responder \u00e0s necessidades crescentes das tecnologias especializadas exigidas pelo mercado.<\/p>\n         <!-- end vvly card item -->\n             <!-- end vvly cards with icon -->\n <!-- end cards-with-icon-container -->\n<style>\n    .vvly-cards-with-icon-container .vvly-cards-with-icon .vvly-card-item {\n        width: calc(100% \/5);\n    }\n<\/style>\n\t\t\t\t<img loading=\"lazy\" decoding=\"async\" src=\"https:\/\/statics.v-valley.com\/prod\/2022\/10\/img-cerchio-rivenditori-300x300.png\" alt=\"img-cerchio- rivenditori\" itemprop=\"image\" height=\"300\" width=\"300\" title=\"img-cerchio- rivenditori\" onerror=\"this.style.display='none'\"  \/>\n<h3>\n\t\t\u00c9 UM REVENDEDOR?\n\t<\/h3>\n\t<p>Ajudamos os nossos revendedores a identificar as melhores solu\u00e7\u00f5es de TI para assegurar o crescimento s\u00f3lido do neg\u00f3cio para os seus clientes. Estamos ao seu lado em cada fase do desenvolvimento do projeto, desde a escolha da solu\u00e7\u00e3o mais adequada, at\u00e9 \u00e0 instala\u00e7\u00e3o, passando pela forma\u00e7\u00e3o sobre as ferramentas selecionadas.<\/p>\n\t\t\t<a href=\"https:\/\/www.v-valley.com\/pt\/porque-a-v-valley\/revendedores\/\" target=\"_self\" role=\"button\" rel=\"noopener\">\n\t\t\t\t\t\t\tDescubra os benef\u00edcios\n\t\t\t\t\t<\/a>\n<h3>\n\t\t\u00c9 UM FABRICANTE?\n\t<\/h3>\n\t<p>Muitos anos de experi\u00eancia permitem-nos orientar os nossos fabricantes no crescimento do seu projeto empresarial e introduzi-los numa rede de mais de 31.000 revendedores de tecnologia, visando tanto as empresas como os consumidores em todos os sectores do mercado.<\/p>\n\t\t\t<a href=\"https:\/\/www.v-valley.com\/pt\/porque-a-v-valley\/fabricantes\/\" target=\"_self\" role=\"button\" rel=\"noopener\">\n\t\t\t\t\t\t\tDescubra as vantagens \n\t\t\t\t\t<\/a>\n\t\t\t\t<img loading=\"lazy\" decoding=\"async\" src=\"https:\/\/statics.v-valley.com\/prod\/2022\/10\/img-cerchio-produttori-300x300.png\" alt=\"img-cerchio-produttori\" itemprop=\"image\" height=\"300\" width=\"300\" title=\"img-cerchio-produttori\" onerror=\"this.style.display='none'\"  \/>\n\t\t\t\t<img loading=\"lazy\" decoding=\"async\" src=\"https:\/\/statics.v-valley.com\/prod\/2022\/10\/img-cerchio-utilizzatori-300x300.png\" alt=\"img-cerchio-utilizzatori\" itemprop=\"image\" height=\"300\" width=\"300\" title=\"img-cerchio-utilizzatori\" onerror=\"this.style.display='none'\"  \/>\n<h3>\n\t\t\u00c9 UM UTILIZADOR FINAL?\n\t<\/h3>\n\t<p>As solu\u00e7\u00f5es tecnol\u00f3gicas que oferecemos permitem aos nossos revendedores satisfazer todas as necessidades dos seus clientes. Fornecemos aos nossos revendedores n\u00e3o s\u00f3 produtos, mas tamb\u00e9m servi\u00e7os e forma\u00e7\u00e3o sobre as tecnologias que eles podem oferecer aos seus clientes.<\/p>\n\t\t\t<a href=\"https:\/\/www.v-valley.com\/pt\/porque-a-v-valley\/usuarios-finais\/\" target=\"_self\" role=\"button\" rel=\"noopener\">\n\t\t\t\t\t\t\tDescubra as vantagens \n\t\t\t\t\t<\/a>\n\n","protected":false},"excerpt":{"rendered":"<p>REFER\u00caNCIA DO MERCADO DE VALOR A V-Valley oferece aos seus parceiros uma vasta gama de tecnologias &#8211; seja no local ou como servi\u00e7o (&#8220;as-a-service&#8221;) &#8211; com apoio significativo pr\u00e9 e p\u00f3s-venda garantido por uma estrutura altamente especializada. Desde 2011, a V-Valley tornou-se uma refer\u00eancia para o mercado do Sul da Europa: a per\u00edcia de uma [&hellip;]<\/p>\n","protected":false},"author":7,"featured_media":0,"parent":0,"menu_order":0,"comment_status":"closed","ping_status":"closed","template":"templates\/template-simple.php","meta":{"_acf_changed":false,"_genesis_hide_title":false,"_genesis_hide_breadcrumbs":false,"_genesis_hide_singular_image":false,"_genesis_hide_footer_widgets":false,"_genesis_custom_body_class":"","_genesis_custom_post_class":"","_genesis_layout":"","footnotes":""},"class_list":{"0":"post-83084","1":"page","2":"type-page","3":"status-publish","5":"entry"},"acf":[],"_links":{"self":[{"href":"https:\/\/www.v-valley.com\/pt\/wp-json\/wp\/v2\/pages\/83084","targetHints":{"allow":["GET"]}}],"collection":[{"href":"https:\/\/www.v-valley.com\/pt\/wp-json\/wp\/v2\/pages"}],"about":[{"href":"https:\/\/www.v-valley.com\/pt\/wp-json\/wp\/v2\/types\/page"}],"author":[{"embeddable":true,"href":"https:\/\/www.v-valley.com\/pt\/wp-json\/wp\/v2\/users\/7"}],"replies":[{"embeddable":true,"href":"https:\/\/www.v-valley.com\/pt\/wp-json\/wp\/v2\/comments?post=83084"}],"version-history":[{"count":0,"href":"https:\/\/www.v-valley.com\/pt\/wp-json\/wp\/v2\/pages\/83084\/revisions"}],"wp:attachment":[{"href":"https:\/\/www.v-valley.com\/pt\/wp-json\/wp\/v2\/media?parent=83084"}],"curies":[{"name":"wp","href":"https:\/\/api.w.org\/{rel}","templated":true}]}}