{"id":83016,"date":"2022-09-15T10:47:52","date_gmt":"2022-09-15T08:47:52","guid":{"rendered":"https:\/\/www.v-valley.com\/gruppo\/"},"modified":"2026-03-25T09:58:19","modified_gmt":"2026-03-25T08:58:19","slug":"o-grupo","status":"publish","type":"page","link":"https:\/\/www.v-valley.com\/pt\/o-grupo\/","title":{"rendered":"O Grupo"},"content":{"rendered":"\n<h3>\n\t\t\tQUEM SOMOS\t<\/h3>\n\t<p>O Grupo Esprinet \u00e9 um facilitador do ecossistema tecnol\u00f3gico com um profundo apelo \u00e0 sustentabilidade social e ambiental.<\/p>\n<p>Para promover a democracia tecnol\u00f3gica e orientar pessoas e empresas para a digitaliza\u00e7\u00e3o, a Esprinet oferece aos clientes europeus a sua experi\u00eancia em consultoria e ciberseguran\u00e7a, bem como uma sele\u00e7\u00e3o de produtos e servi\u00e7os para comprar ou alugar atrav\u00e9s de uma extensa rede de revendedores profissionais.<\/p>\n\t\t\t<a href=\"https:\/\/www.v-valley.com\/pt\/o-grupo\/a-historia\/\"  target=\"_self\">\n\t\t\t\t\t\t\tA NOSSA HIST\u00d3RIA\n\t\t\t\t\t<\/a>\n            +1800\n            empregados\n            130.000\n            produtos\n            \u20ac4,3 mil\n            volume de neg\u00f3cios em 2025\n            30.000\n            comerciantes B2B e B2C\n            850\n            produtores parceiros\n <!-- vvly circles with info container -->\n<style>\n    .vvly-circles-with-info-container .vvly-circles-items .vvly-circle-item {\n        width: calc((100% - 120px) \/5);\n    }\n<\/style>\n\t<p>O GRUPO<\/p>\n<h3>\n\t\t\tO NOSSO COMPROMISSO PARA COM CLIENTES, PESSOAS E INVESTIDORES\t<\/h3>\n<figure itemscope itemtype=\"https:\/\/schema.org\/ImageObject\">\n\t\t\t\t<img decoding=\"async\" src=\"https:\/\/statics.v-valley.com\/prod\/2022\/10\/img-cerchio-team.png\" alt=\"team\" height=\"520\" width=\"558\" title=\"img-cerchio-team\" onerror=\"this.style.display='none'\" loading=\"lazy\" \/>\n\t<\/figure>\n\t<p>PERSONAS<\/p>\n<h3>\n\t\t\tFIABILIDADE E PROCURA DA EXCEL\u00caNCIA\t<\/h3>\n\t<p>As melhores compet\u00eancias profissionais para criar valor acrescentado no mercado da tecnologia.<\/p>\n\t<p>O GRUPO<\/p>\n<h3>\n\t\t\tPROCURA CONSTANTE POR NOVAS OPORTUNIDADES\t<\/h3>\n\t<p>A r\u00e1pida evolu\u00e7\u00e3o do mercado tecnol\u00f3gico, e a flexibilidade exigida, orientam-nos na defini\u00e7\u00e3o da estrutura de Grupo com o objetivo de apoiar o cliente no desenvolvimento e na gest\u00e3o do seu business.<\/p>\n\t\t\t<a href=\"https:\/\/www.v-valley.com\/pt\/o-grupo\/estrutura-da-sociedade\/\"  target=\"_self\">\n\t\t\t\t\t\t\tA ESTRUTURA DO GRUPO\n\t\t\t\t\t<\/a>\n<figure itemscope itemtype=\"https:\/\/schema.org\/ImageObject\">\n\t\t\t\t<img decoding=\"async\" src=\"https:\/\/statics.v-valley.com\/prod\/2022\/10\/img-cerchio-struttura.png\" alt=\"struttura\" height=\"520\" width=\"557\" title=\"img-cerchio-struttura\" onerror=\"this.style.display='none'\" loading=\"lazy\" \/>\n\t<\/figure>\n<h3>\n\t\t\tENTRE NO MUNDO ESPRINET\t<\/h3>\n            <img decoding=\"async\" src=\"https:\/\/statics.v-valley.com\/prod\/2022\/10\/img-investitori.jpg\" alt=\"Invista na Esprinet\" name=\"Invista na Esprinet\"\/>\n                                <h5>Invista na Esprinet<\/h5>\n                                                <p>Criamos valor para os nossos acionistas, gra\u00e7as a uma estrat\u00e9gia de crescimento clara.<\/p>\n                <a href=\"https:\/\/www.esprinet.com\/en\/investors\/invest-in-esprinet\/\" target=\"_blank\" rel=\"noopener\">\n                    SAIBA MAIS                <\/a>\n            <img decoding=\"async\" src=\"https:\/\/statics.v-valley.com\/prod\/2022\/10\/img-lavorare-in-esprinet.jpg\" alt=\"Junte-se \u00e0 nossa Team\" name=\"Junte-se \u00e0 nossa Team\"\/>\n                                <h5>Junte-se \u00e0 nossa Team<\/h5>\n                                                <p>Descubra as vagas em aberto e venha fazer parte do Grupo Esprinet.<\/p>\n                <a href=\"https:\/\/www.esprinet.com\/pt\/carreira\/\" target=\"_blank\" rel=\"noopener\">\n                    TRABALHE CONNOSCO                <\/a>\n            <img decoding=\"async\" src=\"https:\/\/statics.v-valley.com\/prod\/2022\/10\/img-fornitore.jpg\" alt=\"Torne-se nosso fornecedor\" name=\"Torne-se nosso fornecedor\"\/>\n                                <h5>Torne-se nosso fornecedor<\/h5>\n                                                <p>Entre na rede Esprinet e descubra as oportunidades de desenvolvimento para o seu business.<\/p>\n                <a href=\"https:\/\/www.esprinet.com\/pt\/torne-se-fornecedor\/\" target=\"_blank\" rel=\"noopener\">\n                    SAIBA MAIS                <\/a>\n             <!-- end vvly more info cards -->\n <!-- end vvly more info cards container -->\n<style>\n    .vvly-more-info-cards-container .vvly-more-info-cards .vvly-more-info-card {\n        width: calc((100% - 90px) \/3);\n    }\n<\/style>\n\n","protected":false},"excerpt":{"rendered":"<p>QUEM SOMOS O Grupo Esprinet \u00e9 um facilitador do ecossistema tecnol\u00f3gico com um profundo apelo \u00e0 sustentabilidade social e ambiental. Para promover a democracia tecnol\u00f3gica e orientar pessoas e empresas para a digitaliza\u00e7\u00e3o, a Esprinet oferece aos clientes europeus a sua experi\u00eancia em consultoria e ciberseguran\u00e7a, bem como uma sele\u00e7\u00e3o de produtos e servi\u00e7os para [&hellip;]<\/p>\n","protected":false},"author":7,"featured_media":0,"parent":0,"menu_order":0,"comment_status":"closed","ping_status":"closed","template":"templates\/template-simple.php","meta":{"_acf_changed":false,"_genesis_hide_title":false,"_genesis_hide_breadcrumbs":false,"_genesis_hide_singular_image":false,"_genesis_hide_footer_widgets":false,"_genesis_custom_body_class":"","_genesis_custom_post_class":"","_genesis_layout":"","footnotes":""},"class_list":{"0":"post-83016","1":"page","2":"type-page","3":"status-publish","5":"entry"},"acf":[],"_links":{"self":[{"href":"https:\/\/www.v-valley.com\/pt\/wp-json\/wp\/v2\/pages\/83016","targetHints":{"allow":["GET"]}}],"collection":[{"href":"https:\/\/www.v-valley.com\/pt\/wp-json\/wp\/v2\/pages"}],"about":[{"href":"https:\/\/www.v-valley.com\/pt\/wp-json\/wp\/v2\/types\/page"}],"author":[{"embeddable":true,"href":"https:\/\/www.v-valley.com\/pt\/wp-json\/wp\/v2\/users\/7"}],"replies":[{"embeddable":true,"href":"https:\/\/www.v-valley.com\/pt\/wp-json\/wp\/v2\/comments?post=83016"}],"version-history":[{"count":3,"href":"https:\/\/www.v-valley.com\/pt\/wp-json\/wp\/v2\/pages\/83016\/revisions"}],"predecessor-version":[{"id":625929,"href":"https:\/\/www.v-valley.com\/pt\/wp-json\/wp\/v2\/pages\/83016\/revisions\/625929"}],"wp:attachment":[{"href":"https:\/\/www.v-valley.com\/pt\/wp-json\/wp\/v2\/media?parent=83016"}],"curies":[{"name":"wp","href":"https:\/\/api.w.org\/{rel}","templated":true}]}}