{"id":83007,"date":"2022-09-28T14:48:41","date_gmt":"2022-09-28T12:48:41","guid":{"rendered":"https:\/\/www.v-valley.com\/home\/"},"modified":"2023-12-20T10:13:42","modified_gmt":"2023-12-20T09:13:42","slug":"home","status":"publish","type":"page","link":"https:\/\/www.v-valley.com\/pt\/","title":{"rendered":"Home"},"content":{"rendered":"\n\n\t<p>A V-Valley \u00e9 composto por todo um ecossistema de produtos, know-how t\u00e9cnico e comercial e servi\u00e7os que nos permitem, juntamente com os nossos clientes, criar ofertas e projetos \u00e0 medida baseados em tecnologias complexas, ou Solu\u00e7\u00f5es Avan\u00e7adas.<\/p>\n                    <h2>DESCUBRA AS NOSSAS SOLU\u00c7\u00d5ES<\/h2>\n                    <ul>\n                                                    <li data-item-id=\"0\">\n                                <a href=\"#\">\n                                                                            <img decoding=\"async\" src=\"https:\/\/statics.v-valley.com\/prod\/2022\/09\/ico-cerchio-cloud.svg\" alt=\"Cloud\" name=\"Cloud\" \/>\n                                                                                                                Cloud\n                                                                    <\/a>\n                            <\/li>\n                            <li data-item-id=\"0\">\n                                <a data-toggle=\"collapse\" href=\"#vvly-hhib-item-0-collapse\" role=\"button\" aria-expanded=\"false\" aria-controls=\"vvly-hhib-item-0-collapse\">\n                                                                            <img decoding=\"async\" src=\"https:\/\/statics.v-valley.com\/prod\/2022\/09\/ico-cerchio-cloud.svg\" alt=\"Cloud\" name=\"Cloud\" \/>\n                                                                                                                Cloud\n                                                                    <\/a>\n                                                                            <p>Solu\u00e7\u00f5es Cloud em v\u00e1rios campos e adaptadas a qualquer necessidade atrav\u00e9s do Cloud Marketplace, para que possa expandir as suas ofertas de servi\u00e7os de forma r\u00e1pida e eficiente, sem incorrer nos enormes custos das infra-estruturas tecnol\u00f3gicas.<\/p>\n                                                                                                                <a href=\"https:\/\/www.v-valley.com\/pt\/solucoes\/cloud\/\">\n                                            Mais informa\u00e7\u00f5es                                         <\/a>\n                            <\/li>\n                                                    <li data-item-id=\"1\">\n                                <a href=\"#\">\n                                                                            <img decoding=\"async\" src=\"https:\/\/statics.v-valley.com\/prod\/2022\/09\/ico-cerchio-cyber.svg\" alt=\"Ciber-seguran\u00e7a\" name=\"Ciber-seguran\u00e7a\" \/>\n                                                                                                                Ciber-seguran\u00e7a\n                                                                    <\/a>\n                            <\/li>\n                            <li data-item-id=\"1\">\n                                <a data-toggle=\"collapse\" href=\"#vvly-hhib-item-1-collapse\" role=\"button\" aria-expanded=\"false\" aria-controls=\"vvly-hhib-item-1-collapse\">\n                                                                            <img decoding=\"async\" src=\"https:\/\/statics.v-valley.com\/prod\/2022\/09\/ico-cerchio-cyber.svg\" alt=\"Ciber-seguran\u00e7a\" name=\"Ciber-seguran\u00e7a\" \/>\n                                                                                                                Ciber-seguran\u00e7a\n                                                                    <\/a>\n                                                                            <p>Uma vasta gama de produtos e servi\u00e7os, sempre atualizados, para garantir a seguran\u00e7a inform\u00e1tica dos dados e dispositivos dos nossos clientes e que podem ser personalizados de acordo com o seu modelo de neg\u00f3cio.<\/p>\n                                                                                                                <a href=\"https:\/\/www.v-valley.com\/pt\/solucoes\/ciberseguranca\/\">\n                                            Mais informa\u00e7\u00f5es                                        <\/a>\n                            <\/li>\n                                                    <li data-item-id=\"2\">\n                                <a href=\"#\">\n                                                                            <img decoding=\"async\" src=\"https:\/\/statics.v-valley.com\/prod\/2022\/09\/ico-cerchio-infrastruttura.svg\" alt=\"Infra-estrutura do Centro de Dados\" name=\"Infra-estrutura do Centro de Dados\" \/>\n                                                                                                                Infra-estrutura do Centro de Dados\n                                                                    <\/a>\n                            <\/li>\n                            <li data-item-id=\"2\">\n                                <a data-toggle=\"collapse\" href=\"#vvly-hhib-item-2-collapse\" role=\"button\" aria-expanded=\"false\" aria-controls=\"vvly-hhib-item-2-collapse\">\n                                                                            <img decoding=\"async\" src=\"https:\/\/statics.v-valley.com\/prod\/2022\/09\/ico-cerchio-infrastruttura.svg\" alt=\"Infra-estrutura do Centro de Dados\" name=\"Infra-estrutura do Centro de Dados\" \/>\n                                                                                                                Infra-estrutura do Centro de Dados\n                                                                    <\/a>\n                                                                            <p>Infra-estruturas de TI e centros de dados de alto desempenho e seguros, otimizados para diferentes cargas de trabalho e complexidade de aplica\u00e7\u00f5es.<\/p>\n                                                                                                                <a href=\"https:\/\/www.v-valley.com\/pt\/solucoes\/infraestrutura-data-center\/\">\n                                            Mais informa\u00e7\u00f5es                                        <\/a>\n                            <\/li>\n                                                    <li data-item-id=\"3\">\n                                <a href=\"#\">\n                                                                            <img decoding=\"async\" src=\"https:\/\/statics.v-valley.com\/prod\/2022\/10\/ico-cerchio-UCC.png\" alt=\"Comunica\u00e7\u00f5es unificadas e colabora\u00e7\u00e3o\" name=\"Comunica\u00e7\u00f5es unificadas e colabora\u00e7\u00e3o\" \/>\n                                                                                                                Comunica\u00e7\u00f5es unificadas e colabora\u00e7\u00e3o\n                                                                    <\/a>\n                            <\/li>\n                            <li data-item-id=\"3\">\n                                <a data-toggle=\"collapse\" href=\"#vvly-hhib-item-3-collapse\" role=\"button\" aria-expanded=\"false\" aria-controls=\"vvly-hhib-item-3-collapse\">\n                                                                            <img decoding=\"async\" src=\"https:\/\/statics.v-valley.com\/prod\/2022\/10\/ico-cerchio-UCC.png\" alt=\"Comunica\u00e7\u00f5es unificadas e colabora\u00e7\u00e3o\" name=\"Comunica\u00e7\u00f5es unificadas e colabora\u00e7\u00e3o\" \/>\n                                                                                                                Comunica\u00e7\u00f5es unificadas e colabora\u00e7\u00e3o\n                                                                    <\/a>\n                                                                            <p>Sistemas de comunica\u00e7\u00e3o e colabora\u00e7\u00e3o para os seus clientes, desde redes telef\u00f3nicas internas a solu\u00e7\u00f5es inovadoras para o trabalho remoto e inteligente, numa \u00fanica estrutura integrada.<\/p>\n                                                                                                                <a href=\"https:\/\/www.v-valley.com\/pt\/solucoes\/comunicacoes-unificadas-e-solucoes-de-colaboracao\/\">\n                                            Mais informa\u00e7\u00f5es                                        <\/a>\n                            <\/li>\n                                                    <li data-item-id=\"4\">\n                                <a href=\"#\">\n                                                                            <img decoding=\"async\" src=\"https:\/\/statics.v-valley.com\/prod\/2022\/09\/ico-cerchio-videosorveglianza.svg\" alt=\"Vigil\u00e2ncia por v\u00eddeo\" name=\"Vigil\u00e2ncia por v\u00eddeo\" \/>\n                                                                                                                Vigil\u00e2ncia por v\u00eddeo\n                                                                    <\/a>\n                            <\/li>\n                            <li data-item-id=\"4\">\n                                <a data-toggle=\"collapse\" href=\"#vvly-hhib-item-4-collapse\" role=\"button\" aria-expanded=\"false\" aria-controls=\"vvly-hhib-item-4-collapse\">\n                                                                            <img decoding=\"async\" src=\"https:\/\/statics.v-valley.com\/prod\/2022\/09\/ico-cerchio-videosorveglianza.svg\" alt=\"Vigil\u00e2ncia por v\u00eddeo\" name=\"Vigil\u00e2ncia por v\u00eddeo\" \/>\n                                                                                                                Vigil\u00e2ncia por v\u00eddeo\n                                                                    <\/a>\n                                                                            <p>Somos l\u00edderes na distribui\u00e7\u00e3o de dispositivos de vigil\u00e2ncia v\u00eddeo e controlo de acesso, tanto anal\u00f3gicos como digitais, para ambientes industriais, comerciais e residenciais.<\/p>\n                                                                                                                <a href=\"https:\/\/www.v-valley.com\/pt\/solucoes\/videovigilancia\/\">\n                                            Mais informa\u00e7\u00f5es                                        <\/a>\n                            <\/li>\n                                            <\/ul>\n                                                    <p>Solu\u00e7\u00f5es Cloud em v\u00e1rios campos e adaptadas a qualquer necessidade atrav\u00e9s do Cloud Marketplace, para que possa expandir as suas ofertas de servi\u00e7os de forma r\u00e1pida e eficiente, sem incorrer nos enormes custos das infra-estruturas tecnol\u00f3gicas.<\/p>\n                                                                            <a href=\"https:\/\/www.v-valley.com\/pt\/solucoes\/cloud\/\">\n                                Mais informa\u00e7\u00f5es                             <\/a>\n                                                    <p>Uma vasta gama de produtos e servi\u00e7os, sempre atualizados, para garantir a seguran\u00e7a inform\u00e1tica dos dados e dispositivos dos nossos clientes e que podem ser personalizados de acordo com o seu modelo de neg\u00f3cio.<\/p>\n                                                                            <a href=\"https:\/\/www.v-valley.com\/pt\/solucoes\/ciberseguranca\/\">\n                                Mais informa\u00e7\u00f5es                            <\/a>\n                                                    <p>Infra-estruturas de TI e centros de dados de alto desempenho e seguros, otimizados para diferentes cargas de trabalho e complexidade de aplica\u00e7\u00f5es.<\/p>\n                                                                            <a href=\"https:\/\/www.v-valley.com\/pt\/solucoes\/infraestrutura-data-center\/\">\n                                Mais informa\u00e7\u00f5es                            <\/a>\n                                                    <p>Sistemas de comunica\u00e7\u00e3o e colabora\u00e7\u00e3o para os seus clientes, desde redes telef\u00f3nicas internas a solu\u00e7\u00f5es inovadoras para o trabalho remoto e inteligente, numa \u00fanica estrutura integrada.<\/p>\n                                                                            <a href=\"https:\/\/www.v-valley.com\/pt\/solucoes\/comunicacoes-unificadas-e-solucoes-de-colaboracao\/\">\n                                Mais informa\u00e7\u00f5es                            <\/a>\n                                                    <p>Somos l\u00edderes na distribui\u00e7\u00e3o de dispositivos de vigil\u00e2ncia v\u00eddeo e controlo de acesso, tanto anal\u00f3gicos como digitais, para ambientes industriais, comerciais e residenciais.<\/p>\n                                                                            <a href=\"https:\/\/www.v-valley.com\/pt\/solucoes\/videovigilancia\/\">\n                                Mais informa\u00e7\u00f5es                            <\/a>\n\t<p>O GRUPO<\/p>\n<h3>\n\t\tA SEGURAN\u00c7A E A EXPERI\u00caNCIA DO GRUPO ESPRINET S\u00c3O A NOSSA GARANTIA.\n\t<\/h3>\n\t\t\t<a href=\"https:\/\/www.v-valley.com\/pt\/o-grupo\/\" target=\"_self\" role=\"button\" rel=\"noopener\">\n\t\t\t\t\t\t\tMais informa\u00e7\u00f5es\n\t\t\t\t\t<\/a>\n            <img decoding=\"async\" src=\"https:\/\/statics.v-valley.com\/prod\/2022\/10\/homepage-img-rivenditori.jpg\" alt=\"Produtos, solu\u00e7\u00f5es e servi\u00e7os em um cat\u00e1logo que atende a todas as necessidades de seus clientes\" name=\"Produtos, solu\u00e7\u00f5es e servi\u00e7os em um cat\u00e1logo que atende a todas as necessidades de seus clientes\"\/>\n                VANTAGENS PARA DISTRIBUIDORES\n                <h4>Produtos, solu\u00e7\u00f5es e servi\u00e7os em um cat\u00e1logo que atende a todas as necessidades de seus clientes<\/h4>\n                <a href=\"https:\/\/www.v-valley.com\/pt\/porque-a-v-valley\/revendedores\/\"><\/a>\n            <img decoding=\"async\" src=\"https:\/\/statics.v-valley.com\/prod\/2022\/10\/homepage-img-produttori.jpg\" alt=\"Uma rede de mais de 31.000 revendedores em todo o pa\u00eds para o crescimento do seu neg\u00f3cio\" name=\"Uma rede de mais de 31.000 revendedores em todo o pa\u00eds para o crescimento do seu neg\u00f3cio\"\/>\n                VANTAGENS PARA FABRICANTES\n                <h4>Uma rede de mais de 31.000 revendedores em todo o pa\u00eds para o crescimento do seu neg\u00f3cio<\/h4>\n                <a href=\"https:\/\/www.v-valley.com\/pt\/porque-a-v-valley\/fabricantes\/\"><\/a>\n            <img decoding=\"async\" src=\"https:\/\/statics.v-valley.com\/prod\/2022\/10\/homepage-img-end-user.jpg\" alt=\"Os melhores produtos, servi\u00e7os e iniciativas de forma\u00e7\u00e3o profissional\" name=\"Os melhores produtos, servi\u00e7os e iniciativas de forma\u00e7\u00e3o profissional\"\/>\n                VANTAGENS PARA UTILIZADORES FINAIS\n                <h4>Os melhores produtos, servi\u00e7os e iniciativas de forma\u00e7\u00e3o profissional<\/h4>\n                <a href=\"https:\/\/www.v-valley.com\/pt\/porque-a-v-valley\/usuarios-finais\/\"><\/a>\n             <!-- end vvly images with text -->\n <!-- end images with text container -->\n<style>\n    .vvly-images-with-text-container .vvly-images-with-text .vvly-image-with-text {\n        width: calc((100% - 10px) \/3);\n    }\n<\/style>\n<h4>\n\t\tESTAMOS EM CONTATO\n\t<\/h4>\n\t\t\t\t<img loading=\"lazy\" decoding=\"async\" src=\"https:\/\/statics.v-valley.com\/prod\/2022\/09\/ico-cerchio-lampadina.svg\" alt=\"ico-cerchio-lampadina\" itemprop=\"image\" height=\"90\" width=\"90\" title=\"ico-cerchio-lampadina\" onerror=\"this.style.display='none'\"  \/>\n<h5>\n\t\tQuer ser nosso cliente?\n\t<\/h5>\n\t<p>Oferecemos-lhe uma gama completa de produtos e solu\u00e7\u00f5es tecnol\u00f3gicas dos fabricantes mais importantes do mercado.<\/p>\n\t\t\t<a href=\"https:\/\/register.v-valley.com\/pt\/vvalley-por\" target=\"_blank\" role=\"button\" rel=\"noopener\">\n\t\t\t\t\t\t\tRegiste-se aqui\n\t\t\t\t\t<\/a>\n\t\t\t\t<img loading=\"lazy\" decoding=\"async\" src=\"https:\/\/statics.v-valley.com\/prod\/2022\/09\/ico-cerchio-mani.svg\" alt=\"ico-cerchio-mani\" itemprop=\"image\" height=\"90\" width=\"90\" title=\"ico-cerchio-mani\" onerror=\"this.style.display='none'\"  \/>\n<h5>\n\t\t\u00c9 um fabricante ou um potencial parceiro?\n\t<\/h5>\n\t<p>Pode ver o seu neg\u00f3cio crescer atrav\u00e9s da nossa extensa rede de revendedores.<\/p>\n\t\t\t<a href=\"https:\/\/www.esprinet.com\/pt\/torne-se-fornecedor\/\" target=\"_blank\" role=\"button\" rel=\"noopener\">\n\t\t\t\t\t\t\tEnvie a sua proposta\n\t\t\t\t\t<\/a>\n\n","protected":false},"excerpt":{"rendered":"<p>A V-Valley \u00e9 composto por todo um ecossistema de produtos, know-how t\u00e9cnico e comercial e servi\u00e7os que nos permitem, juntamente com os nossos clientes, criar ofertas e projetos \u00e0 medida baseados em tecnologias complexas, ou Solu\u00e7\u00f5es Avan\u00e7adas. DESCUBRA AS NOSSAS SOLU\u00c7\u00d5ES Cloud Cloud Solu\u00e7\u00f5es Cloud em v\u00e1rios campos e adaptadas a qualquer necessidade atrav\u00e9s do [&hellip;]<\/p>\n","protected":false},"author":7,"featured_media":0,"parent":0,"menu_order":0,"comment_status":"closed","ping_status":"closed","template":"templates\/template-home.php","meta":{"_acf_changed":false,"_genesis_hide_title":false,"_genesis_hide_breadcrumbs":false,"_genesis_hide_singular_image":false,"_genesis_hide_footer_widgets":false,"_genesis_custom_body_class":"","_genesis_custom_post_class":"","_genesis_layout":"","footnotes":""},"class_list":{"0":"post-83007","1":"page","2":"type-page","3":"status-publish","5":"entry"},"acf":[],"_links":{"self":[{"href":"https:\/\/www.v-valley.com\/pt\/wp-json\/wp\/v2\/pages\/83007","targetHints":{"allow":["GET"]}}],"collection":[{"href":"https:\/\/www.v-valley.com\/pt\/wp-json\/wp\/v2\/pages"}],"about":[{"href":"https:\/\/www.v-valley.com\/pt\/wp-json\/wp\/v2\/types\/page"}],"author":[{"embeddable":true,"href":"https:\/\/www.v-valley.com\/pt\/wp-json\/wp\/v2\/users\/7"}],"replies":[{"embeddable":true,"href":"https:\/\/www.v-valley.com\/pt\/wp-json\/wp\/v2\/comments?post=83007"}],"version-history":[{"count":0,"href":"https:\/\/www.v-valley.com\/pt\/wp-json\/wp\/v2\/pages\/83007\/revisions"}],"wp:attachment":[{"href":"https:\/\/www.v-valley.com\/pt\/wp-json\/wp\/v2\/media?parent=83007"}],"curies":[{"name":"wp","href":"https:\/\/api.w.org\/{rel}","templated":true}]}}