{"id":409764,"date":"2024-07-11T13:15:51","date_gmt":"2024-07-11T11:15:51","guid":{"rendered":"https:\/\/www.v-valley.com\/?page_id=409764"},"modified":"2025-02-25T15:02:24","modified_gmt":"2025-02-25T14:02:24","slug":"certificacoes","status":"publish","type":"page","link":"https:\/\/www.v-valley.com\/pt\/certificacoes\/","title":{"rendered":"Certifica\u00e7\u00f5es ISO"},"content":{"rendered":"\n\n\t<h3>O\u00a0<strong>Grupo Esprinet<\/strong>\u00a0aposta na excel\u00eancia em sistemas de gest\u00e3o relacionados com a qualidade, o ambiente, a seguran\u00e7a e a \u00e9tica, filosofia que integra a base de qualquer gest\u00e3o ou melhoria constante, garantindo a visibilidade e valor de mercado.<\/h3>\n\t<p>Satisfa\u00e7\u00e3o total do cliente, utiliza\u00e7\u00e3o otimizada dos recursos, qualidade ambiental interior e exterior, m\u00e1xima aten\u00e7\u00e3o \u00e0 seguran\u00e7a dos colaboradores no trabalho, participa\u00e7\u00e3o do pessoal: s\u00e3o estas as diretrizes e os crit\u00e9rios operacionais sobre os quais Sistema integrado de gest\u00e3o de qualidade, seguran\u00e7a e meio ambiente do Grupo Esprinet.<\/p>\n\t<p>Com forte aposta na qualidade, o Grupo Esprinet optou por garantir o cumprimento das disposi\u00e7\u00f5es e compromissos legais e regulamentares em todas as \u00e1reas e principalmente na \u00e1rea do ambiente, sa\u00fade e seguran\u00e7a no trabalho com a manuten\u00e7\u00e3o das seguintes certifica\u00e7\u00f5es:<\/p>\n<ul>\n<li>Qualidade, de acordo com normo \u00a0<strong>ISO 9001:2015<\/strong>;<\/li>\n<li>Seguran\u00e7a e prote\u00e7\u00e3o da sa\u00fade de acordo com a norma <strong>ISO 45001:2018<\/strong>;<\/li>\n<li>Meio ambiente, de acordo com a norma\u00a0<strong>ISO 14001:2015<\/strong>.<\/li>\n<\/ul>\n\t<p>Os certificados multi-sede aplicam-se a todas as sedes das seguintes empresas do Grupo:<\/p>\n<ul>\n<li>Esprinet S.p.A<\/li>\n<li>V-Valley S.r.l.<\/li>\n<li>Esprinet Iberica SLU<\/li>\n<li>V-Valley Advanced Solutions Espa\u00f1a SAU<\/li>\n<li>Zeliatech S.r.l<\/li>\n<\/ul>\n\t<p>Para os seguintes escopos:<\/p>\n<ul>\n<li>Venda e distribui\u00e7\u00e3o de produtos (TIC, servi\u00e7os em nuvem, eletr\u00f3nica de consumo, acess\u00f3rios telef\u00f3nicos e multim\u00e9dia, produtos tecnol\u00f3gicos desportivos e de exterior, produtos de escrit\u00f3rio e de papelaria) e servi\u00e7os inform\u00e1ticos atrav\u00e9s da manipula\u00e7\u00e3o, armazenamento, embalagem e expedi\u00e7\u00e3o. Montagem e integra\u00e7\u00e3o de sistemas de plataformas de hardware e software;<\/li>\n<li>Venda e distribui\u00e7\u00e3o de tecnologias para a produ\u00e7\u00e3o e distribui\u00e7\u00e3o de eletricidade (por exemplo, pain\u00e9is solares, etc.) e de instrumentos para a climatiza\u00e7\u00e3o de casas, escrit\u00f3rios ou ind\u00fastria por meios electr\u00f3nicos.<\/li>\n<\/ul>\n\t<p>Para mais informa\u00e7\u00f5es sobre o assunto est\u00e3o dispon\u00edveis nos seguintes endere\u00e7os:<\/p>\n<p>Para It\u00e1lia:<\/p>\n<p><a href=\"mailto:qualitaesprinet@esprinet.com\">qualitaesprinet@esprinet.com<\/a><\/p>\n<p><a href=\"mailto:sicurezzambiente@esprinet.com\">sicurezzambiente@esprinet.com<\/a><\/p>\n<p>Para Espanha e Portugal:<\/p>\n<p><a href=\"mailto:CalidadIberica@esprinet.com\">CalidadIberica@esprinet.com<\/a><\/p>\n<p><a href=\"mailto:InternalAuditIberica@esprinet.com\">InternalAuditIberica@esprinet.com<\/a><\/p>\n\t<p>A\u00a0<strong>Pol\u00edtica de Grupo Esprinet<\/strong>\u00a0\u00e9 detalhada na\u00a0<strong>vis\u00e3o<\/strong>,\u00a0<strong>miss\u00e3o\u00a0<\/strong>e\u00a0<strong>valores<\/strong>\u00a0que inspiram e direcionam o comportamento empresarial em todos os n\u00edveis, e pode ser baixada no seguinte link:<\/p>\n\t<a href=\"https:\/\/statics.v-valley.com\/prod\/2025\/02\/POLIG00001-POLITICA-EMPRESARIAL-MULTISEDE.pdf\" target=\"_self\" role=\"button\" download=\"Pol\u00edtica de empresa do Grupo Esprinet\" aria-label=\"Pol\u00edtica de empresa do Grupo Esprinet\">\n\t\t\t\t\t\tPol\u00edtica de empresa do Grupo Esprinet\n\t\t\t\t\t<\/a>\n\t<p>Para baixar os certificados V-Valley Advanced Solutions Espa\u00f1a:<\/p>\n\t<a href=\"https:\/\/statics.v-valley.com\/prod\/2024\/12\/Ecertificate-EMS-769475en.pdf\" target=\"_self\" role=\"button\" download=\"ISO14001\" aria-label=\"ISO14001\">\n\t\t\t\t\t\tISO14001\n\t\t\t\t\t<\/a>\n\t<a href=\"https:\/\/statics.v-valley.com\/prod\/2024\/12\/FS-769472-en.pdf\" target=\"_self\" role=\"button\" download=\" ISO9001\" aria-label=\"ISO9001\">\n\t\t\t\t\t\tISO9001\n\t\t\t\t\t<\/a>\n\t<a href=\"https:\/\/statics.v-valley.com\/prod\/2024\/12\/Ecertificate-OHS-769477en.pdf\" target=\"_self\" role=\"button\" download=\"ISO45001\" aria-label=\"ISO45001\">\n\t\t\t\t\t\tISO45001\n\t\t\t\t\t<\/a>\n\n","protected":false},"excerpt":{"rendered":"<p>O\u00a0Grupo Esprinet\u00a0aposta na excel\u00eancia em sistemas de gest\u00e3o relacionados com a qualidade, o ambiente, a seguran\u00e7a e a \u00e9tica, filosofia que integra a base de qualquer gest\u00e3o ou melhoria constante, garantindo a visibilidade e valor de mercado. Satisfa\u00e7\u00e3o total do cliente, utiliza\u00e7\u00e3o otimizada dos recursos, qualidade ambiental interior e exterior, m\u00e1xima aten\u00e7\u00e3o \u00e0 seguran\u00e7a dos [&hellip;]<\/p>\n","protected":false},"author":7,"featured_media":0,"parent":0,"menu_order":0,"comment_status":"closed","ping_status":"closed","template":"templates\/template-generic-full-content.php","meta":{"_acf_changed":false,"_genesis_hide_title":false,"_genesis_hide_breadcrumbs":false,"_genesis_hide_singular_image":false,"_genesis_hide_footer_widgets":false,"_genesis_custom_body_class":"","_genesis_custom_post_class":"","_genesis_layout":"","footnotes":""},"class_list":{"0":"post-409764","1":"page","2":"type-page","3":"status-publish","5":"entry"},"acf":[],"_links":{"self":[{"href":"https:\/\/www.v-valley.com\/pt\/wp-json\/wp\/v2\/pages\/409764","targetHints":{"allow":["GET"]}}],"collection":[{"href":"https:\/\/www.v-valley.com\/pt\/wp-json\/wp\/v2\/pages"}],"about":[{"href":"https:\/\/www.v-valley.com\/pt\/wp-json\/wp\/v2\/types\/page"}],"author":[{"embeddable":true,"href":"https:\/\/www.v-valley.com\/pt\/wp-json\/wp\/v2\/users\/7"}],"replies":[{"embeddable":true,"href":"https:\/\/www.v-valley.com\/pt\/wp-json\/wp\/v2\/comments?post=409764"}],"version-history":[{"count":6,"href":"https:\/\/www.v-valley.com\/pt\/wp-json\/wp\/v2\/pages\/409764\/revisions"}],"predecessor-version":[{"id":509980,"href":"https:\/\/www.v-valley.com\/pt\/wp-json\/wp\/v2\/pages\/409764\/revisions\/509980"}],"wp:attachment":[{"href":"https:\/\/www.v-valley.com\/pt\/wp-json\/wp\/v2\/media?parent=409764"}],"curies":[{"name":"wp","href":"https:\/\/api.w.org\/{rel}","templated":true}]}}