{"id":296953,"date":"2023-12-15T15:54:52","date_gmt":"2023-12-15T14:54:52","guid":{"rendered":"https:\/\/www.v-valley.com\/compliance\/"},"modified":"2026-02-05T09:46:46","modified_gmt":"2026-02-05T08:46:46","slug":"compliance","status":"publish","type":"page","link":"https:\/\/www.v-valley.com\/pt\/compliance\/","title":{"rendered":"Compliance"},"content":{"rendered":"\n<h2>\n\t\t\tDocumentos relacionados \u00e0 empresa V-Valley Advanced Solutions Portugal, Unipessoal Lda\t<\/h2>\n<h3>\n\t\t\tCanal de comunica\u00e7\u00e3o de infrac\u00e7\u00f5es\t<\/h3>\n\t<p>O Grupo Esprinet disp\u00f5e de um sistema de informa\u00e7\u00e3o atrav\u00e9s do qual, caso uma parte interessada detecte uma potencial fraude, delito, viola\u00e7\u00e3o regulamentar ou irregularidade, pode fazer uma comunica\u00e7\u00e3o atrav\u00e9s dos canais indicados na Pol\u00edtica Whistleblowing da empresa ou no seguinte endere\u00e7o: <strong><a href=\"https:\/\/esprinet.eticainsieme.it\/#\/\" target=\"_blank\" rel=\"noopener\">https:\/\/esprinet.eticainsieme.it\/#\/<\/a><\/strong><\/p>\n\t<p><strong>Portugu\u00eas<\/strong><\/p>\n\t<a href=\"https:\/\/www.esprinet.com\/wp-content\/uploads\/2024\/01\/PODIS01001-POLITICA-DE-PREVENCAO-DA-FRAUDE-E-DE-VIOLACAO-DO-CODIGO-DE-ETICA.pdf\" target=\"_self\" role=\"button\" download=\"PODIS01001-POLITICA-DE-PREVENCAO-DA-FRAUDE-E-DE-VIOLACAO-DO-CODIGO-DE-ETICA.pdf\" aria-label=\"Pol\u00edtica Whistleblowing\">\n\t\t\t\t\t\tPol\u00edtica Whistleblowing\n\t\t\t\t\t<\/a>\n\t<p><strong>English<\/strong><\/p>\n\t<a href=\"https:\/\/www.esprinet.com\/wp-content\/uploads\/2024\/01\/ESDIS01001-POLITICA-PARA-LA-PREVENCION-DEL-FRAUDE-Y-VIOLACION-DEL-CODIGO-ETICO-ENG-Rev.-05.pdf\" target=\"_self\" role=\"button\" download=\"ESDIS01001-POLITICA-PARA-LA-PREVENCION-DEL-FRAUDE-Y-VIOLACION-DEL-CODIGO-ETICO-ENG-Rev.-05.pdf\" aria-label=\"Whistleblowing Policy\">\n\t\t\t\t\t\tWhistleblowing Policy\n\t\t\t\t\t<\/a>\n<h3>\n\t\t\tC\u00f3digo \u00c9tico\t<\/h3>\n\t<p>O C\u00f3digo \u00c9tico, que se aplica a todas as atividades desenvolvidas pelo Grupo Esprinet, estabelece a linha de conduta e regula o conjunto de direitos, deveres e responsabilidades que o Grupo assume expressamente com os seus pr\u00f3prios stakeholders (partes interessadas).<\/p>\n\t<p><strong>Portugu\u00eas<\/strong><\/p>\n\t<a href=\"https:\/\/statics.v-valley.com\/prod\/2023\/12\/POLIG00003-CODIGO-ETICO.pdf\" target=\"_self\" role=\"button\" download=\"POLIG00003-CODIGO-ETICO.pdf\" aria-label=\"C\u00f3digo \u00c9tico\">\n\t\t\t\t\t\tC\u00f3digo \u00c9tico\n\t\t\t\t\t<\/a>\n\t<p><strong>English<\/strong><\/p>\n\t<a href=\"https:\/\/statics.v-valley.com\/prod\/2023\/12\/Codice_Etico_2023_rev.EN_.pdf\" target=\"_self\" role=\"button\" download=\"Codice_Etico_2023_rev.EN_.pdf\" aria-label=\"Code of Ethics\">\n\t\t\t\t\t\tCode of Ethics\n\t\t\t\t\t<\/a>\n<h3>\n\t\t\tC\u00f3digo de Conduta de Fornecedores\t<\/h3>\n\t<p>O Grupo definiu um C\u00f3digo de Conduta que o orienta no estabelecimento de rela\u00e7\u00f5es comerciais com os seus pr\u00f3prios fornecedores e parceiros comerciais da cadeia de abastecimento que se caracterizem pela transpar\u00eancia, equidade e pr\u00e1ticas comerciais \u00e9ticas.<\/p>\n\t<p><strong>Portugu\u00eas<\/strong><\/p>\n\t<a href=\"https:\/\/statics.v-valley.com\/prod\/2023\/12\/POLIG00004-CODIGO-CONDUTA-PARA-FORNECEDORES.pdf\" target=\"_self\" role=\"button\" download=\"POLIG00004-CODIGO-CONDUTA-PARA-FORNECEDORES.pdf\" aria-label=\"C\u00f3digo de Conduta\">\n\t\t\t\t\t\tC\u00f3digo de Conduta\n\t\t\t\t\t<\/a>\n\t<p><strong>English<\/strong><\/p>\n\t<a href=\"https:\/\/statics.v-valley.com\/prod\/2023\/12\/Code-of-Conduct-Supply-Chain-2023-ENG.pdf\" target=\"_self\" role=\"button\" download=\"Code-of-Conduct-Supply-Chain-2023-ENG.pdf\" aria-label=\"Code of Conduct\">\n\t\t\t\t\t\tCode of Conduct\n\t\t\t\t\t<\/a>\n\n","protected":false},"excerpt":{"rendered":"<p>Documentos relacionados \u00e0 empresa V-Valley Advanced Solutions Portugal, Unipessoal Lda Canal de comunica\u00e7\u00e3o de infrac\u00e7\u00f5es O Grupo Esprinet disp\u00f5e de um sistema de informa\u00e7\u00e3o atrav\u00e9s do qual, caso uma parte interessada detecte uma potencial fraude, delito, viola\u00e7\u00e3o regulamentar ou irregularidade, pode fazer uma comunica\u00e7\u00e3o atrav\u00e9s dos canais indicados na Pol\u00edtica Whistleblowing da empresa ou no [&hellip;]<\/p>\n","protected":false},"author":6,"featured_media":0,"parent":0,"menu_order":0,"comment_status":"closed","ping_status":"closed","template":"templates\/template-simple.php","meta":{"_acf_changed":false,"_genesis_hide_title":false,"_genesis_hide_breadcrumbs":false,"_genesis_hide_singular_image":false,"_genesis_hide_footer_widgets":false,"_genesis_custom_body_class":"","_genesis_custom_post_class":"","_genesis_layout":"","footnotes":""},"class_list":{"0":"post-296953","1":"page","2":"type-page","3":"status-publish","5":"entry"},"acf":[],"_links":{"self":[{"href":"https:\/\/www.v-valley.com\/pt\/wp-json\/wp\/v2\/pages\/296953","targetHints":{"allow":["GET"]}}],"collection":[{"href":"https:\/\/www.v-valley.com\/pt\/wp-json\/wp\/v2\/pages"}],"about":[{"href":"https:\/\/www.v-valley.com\/pt\/wp-json\/wp\/v2\/types\/page"}],"author":[{"embeddable":true,"href":"https:\/\/www.v-valley.com\/pt\/wp-json\/wp\/v2\/users\/6"}],"replies":[{"embeddable":true,"href":"https:\/\/www.v-valley.com\/pt\/wp-json\/wp\/v2\/comments?post=296953"}],"version-history":[{"count":2,"href":"https:\/\/www.v-valley.com\/pt\/wp-json\/wp\/v2\/pages\/296953\/revisions"}],"predecessor-version":[{"id":625406,"href":"https:\/\/www.v-valley.com\/pt\/wp-json\/wp\/v2\/pages\/296953\/revisions\/625406"}],"wp:attachment":[{"href":"https:\/\/www.v-valley.com\/pt\/wp-json\/wp\/v2\/media?parent=296953"}],"curies":[{"name":"wp","href":"https:\/\/api.w.org\/{rel}","templated":true}]}}