{"id":296413,"date":"2023-04-04T16:10:33","date_gmt":"2023-04-04T14:10:33","guid":{"rendered":"https:\/\/www.v-valley.com\/contactos\/"},"modified":"2025-02-20T10:56:38","modified_gmt":"2025-02-20T09:56:38","slug":"contactos","status":"publish","type":"page","link":"https:\/\/www.v-valley.com\/pt\/contactos\/","title":{"rendered":"Contactos"},"content":{"rendered":"\n<h2>\n\t\tPrecisa de informa\u00e7\u00e3o?\n\t<\/h2>\n\t<p>Estamos dispon\u00edveis para esclarecer qualquer d\u00favida.<\/p>\n<p><strong>219 491 600<\/strong><\/p>\n<h2>\n\t\tA V-Valley no Mundo\n\t<\/h2>\n\t<p>A V-Valley est\u00e1 presente em <a href=\"https:\/\/www.esprinet.com\/pt\/contactos\/country-italia\/#v-valley\" target=\"_blank\" rel=\"noopener\">Italia<\/a>,\u00a0<a href=\"https:\/\/www.esprinet.com\/pt\/contactos\/country-espanha\/#v-valley\" target=\"_blank\" rel=\"noopener\">Espa\u00f1a<\/a>,\u00a0<a href=\"https:\/\/www.esprinet.com\/pt\/contactos\/country-portugal\/#v-valley\" target=\"_blank\" rel=\"noopener\">Portugal<\/a>.<\/p>\n<h2>\n\t\tSiga-nos no Linkedin\n\t<\/h2>\n<h2>\n\t\tEnvie-nos seus dados e entraremos em contato com voc\u00ea\n\t<\/h2>\n\t<a name=\"form\"><\/a>\n\t<form method=\"post\" enctype=\"multipart\/form-data\" id=\"vfbp-form-28\" class=\"vfbp-form\"><div style=\"display:none;\"><label for=\"vfbp-EMAIL-AN8fuQyoDLXem\">If you are human, leave this field blank.<\/label><input size=\"25\" autocomplete=\"off\" type=\"text\" name=\"vfbp-EMAIL-AN8fuQyoDLXem\" value=\"\" id=\"\"><\/div><input type=\"hidden\" name=\"_vfb-timestamp-28\" value=\"1777571506\" id=\"\"><input type=\"hidden\" name=\"_vfb-form-id\" value=\"28\" id=\"\"><div class=\"vfb-col-12 vfb-fieldType-instructions\" id=\"vfbField323\"><div class=\"vfb-form-group\"><label for=\"vfb-field-323\" class=\"vfb-control-label\"><b>Informa\u00e7\u00e3o requerida:<\/b><\/label><div class=\"\"><\/div><\/div><\/div><div class=\"vfb-clearfix\"><\/div><div class=\"vfb-col-6 vfb-fieldType-text\" id=\"vfbField324\"><div class=\"vfb-form-group\"><label for=\"vfb-field-324\" class=\"vfb-control-label\">Nome e Apelido <span class=\"vfb-required-asterisk\">*<\/span><\/label><div><input id=\"vfb-field-324\" class=\"vfb-form-control\" placeholder=\"\" required=\"required\" type=\"text\" name=\"vfb-field-324\" value=\"\"><\/div><\/div><\/div><div class=\"vfb-col-6 vfb-fieldType-text\" id=\"vfbField325\"><div class=\"vfb-form-group\"><label for=\"vfb-field-325\" class=\"vfb-control-label\">Raz\u00e3o Social <span class=\"vfb-required-asterisk\">*<\/span><\/label><div><input id=\"vfb-field-325\" class=\"vfb-form-control\" placeholder=\"\" required=\"required\" type=\"text\" name=\"vfb-field-325\" value=\"\"><\/div><\/div><\/div><div class=\"vfb-clearfix\"><\/div><div class=\"vfb-col-6 vfb-fieldType-phone\" id=\"vfbField326\"><div class=\"vfb-form-group\"><label for=\"vfb-field-326\" class=\"vfb-control-label\">Telefone <span class=\"vfb-required-asterisk\">*<\/span><\/label><div><input id=\"vfb-field-326\" class=\"vfb-form-control vfb-intl-phone\" placeholder=\"\" required=\"required\" data-default-country=\"it\" data-number-type=\"MOBILE\" data-hide-flags=\"1\" data-national-mode=\"1\" data-auto-hide-dial-code=\"1\" type=\"tel\" name=\"vfb-field-326\" value=\"\"><\/div><\/div><\/div><div class=\"vfb-col-6 vfb-fieldType-email\" id=\"vfbField327\"><div class=\"vfb-form-group\"><label for=\"vfb-field-327\" class=\"vfb-control-label\">Email <span class=\"vfb-required-asterisk\">*<\/span><\/label><div><input id=\"vfb-field-327\" class=\"vfb-form-control\" placeholder=\"\" required=\"required\" type=\"email\" name=\"vfb-field-327\" value=\"\"><\/div><\/div><\/div><div class=\"vfb-clearfix\"><\/div><div class=\"vfb-col-12 vfb-fieldType-textarea\" id=\"vfbField328\"><div class=\"vfb-form-group\"><label for=\"vfb-field-328\" class=\"vfb-control-label\">Indique como podemos ajudar <span class=\"vfb-required-asterisk\">*<\/span><\/label><div><textarea id=\"vfb-field-328\" class=\"vfb-form-control\" placeholder=\"\" required=\"required\" rows=\"3\" name=\"vfb-field-328\" cols=\"50\"><\/textarea><\/div><\/div><\/div><div class=\"vfb-clearfix\"><\/div><div class=\"vfb-col-12 vfb-fieldType-instructions\" id=\"vfbField329\"><div class=\"vfb-form-group\"><label for=\"vfb-field-329\" class=\"vfb-control-label\"><b>Informa\u00e7\u00e3o Opcional:<\/b><\/label><div class=\"\"><\/div><\/div><\/div><div class=\"vfb-clearfix\"><\/div><div class=\"vfb-col-6 vfb-fieldType-text\" id=\"vfbField330\"><div class=\"vfb-form-group\"><label for=\"vfb-field-330\" class=\"vfb-control-label\">NIF<\/label><div><input id=\"vfb-field-330\" class=\"vfb-form-control\" placeholder=\"\" type=\"text\" name=\"vfb-field-330\" value=\"\"><\/div><\/div><\/div><div class=\"vfb-col-6 vfb-fieldType-text\" id=\"vfbField331\"><div class=\"vfb-form-group\"><label for=\"vfb-field-331\" class=\"vfb-control-label\">C\u00f3digo Cliente V-Valley<\/label><div><input id=\"vfb-field-331\" class=\"vfb-form-control\" placeholder=\"\" type=\"text\" name=\"vfb-field-331\" value=\"\"><\/div><\/div><\/div><div class=\"vfb-clearfix\"><\/div><div class=\"vfb-col-12 vfb-fieldType-text\" id=\"vfbField332\"><div class=\"vfb-form-group\"><label for=\"vfb-field-332\" class=\"vfb-control-label\">Fun\u00e7\u00e3o<\/label><div><input id=\"vfb-field-332\" class=\"vfb-form-control\" placeholder=\"\" type=\"text\" name=\"vfb-field-332\" value=\"\"><\/div><\/div><\/div><div class=\"vfb-clearfix\"><\/div><div class=\"vfb-col-12 vfb-fieldType-instructions\" id=\"vfbField333\"><div class=\"vfb-form-group\"><label for=\"vfb-field-333\" class=\"vfb-control-label\">Divulga\u00e7\u00e3o<\/label><div class=\"\"><p><div class=\"fl-builder-content fl-builder-content-296410 fl-builder-template fl-builder-module-template fl-builder-global-templates-locked\" data-post-id=\"296410\"><div class=\"fl-module fl-module-rich-text fl-node-0fdmhvu4coqg\" data-node=\"0fdmhvu4coqg\">\n\t<div class=\"fl-module-content fl-node-content\">\n\t\t<div class=\"fl-rich-text\">\n\t<p>Caro utilizador, informamos que, atrav\u00e9s deste formul\u00e1rio, recolhemos os seus dados de contacto para o podermos contactar, e gerir o seu pedido em rela\u00e7\u00e3o ao interesse manifestado. Um dos especialistas da V-Valley Advanced Solutions Portugal, Unipessoal Lda (Respons\u00e1vel pelo tratamento de dados) entrar\u00e1 em contato consigo por telefone e\/ou e-mail. Os seus dados n\u00e3o ser\u00e3o cedidos nem difundidos a terceiros; ser\u00e3o conservados pela V-Valley Advanced Solutions Portugal, Unipessoal Lda, durante um per\u00edodo m\u00e1ximo de 12 meses, sem preju\u00edzo da possibilidade de solicitar a sua elimina\u00e7\u00e3o antes do termo desse per\u00edodo.<br \/>\nPara qualquer esclarecimento, pode nos contactar atrav\u00e9s do seguinte endere\u00e7o <a href=\"mailto:privacy@v-valley.com\">privacy@v-valley.com<\/a><br \/>\nPara mais informa\u00e7\u00f5es sobre o tratamento de dados pessoais efetuado pela V-Valley Advanced Solutions Portugal, Unipessoal Lda, consulte a <a href=\"https:\/\/policies.esprinet.com\/pt\/esprinet\/privacy\" target=\"_blank\" rel=\"noopener\">Pol\u00edtica de Privacidade<\/a>.<\/p>\n<\/div>\n\t<\/div>\n<\/div>\n<\/div><\/p>\n<\/div><\/div><\/div><div class=\"vfb-clearfix\"><\/div><div class=\"vfb-col-12 vfb-fieldType-captcha\" id=\"vfbField334\"><div class=\"vfb-form-group\"><label for=\"vfb-field-334\" class=\"vfb-control-label\">Captcha <span class=\"vfb-required-asterisk\">*<\/span><\/label><div><div class=\"g-recaptcha\" data-sitekey=\"6Lf1ytsiAAAAAEG8JxJHgJzU7R8dykbVhqQAbadd\"><\/div><input type=\"hidden\" name=\"_vfb_recaptcha_enabled\" value=\"1\" id=\"\"><div class=\"vfb-has-error\" id=\"vfb-recaptcha-error\"><span class=\"vfb-help-block\">reCAPTCHA is required.<\/span><\/div><\/div><\/div><\/div><div class=\"vfb-clearfix\"><\/div><div class=\"vfb-col-12 vfb-fieldType-submit\" id=\"vfbField335\"><button id=\"vfb-field-335\" class=\" btn btn-primary\" placeholder=\"\" type=\"submit\" name=\"_vfb-submit\">Enviar<\/button><\/div><div class=\"vfb-clearfix\"><\/div><\/form>\n\n","protected":false},"excerpt":{"rendered":"<p>Precisa de informa\u00e7\u00e3o? Estamos dispon\u00edveis para esclarecer qualquer d\u00favida. 219 491 600 A V-Valley no Mundo A V-Valley est\u00e1 presente em Italia,\u00a0Espa\u00f1a,\u00a0Portugal. Siga-nos no Linkedin Envie-nos seus dados e entraremos em contato com voc\u00ea<\/p>\n","protected":false},"author":6,"featured_media":0,"parent":0,"menu_order":0,"comment_status":"closed","ping_status":"closed","template":"templates\/template-generic-full-content.php","meta":{"_acf_changed":false,"_genesis_hide_title":false,"_genesis_hide_breadcrumbs":false,"_genesis_hide_singular_image":false,"_genesis_hide_footer_widgets":false,"_genesis_custom_body_class":"","_genesis_custom_post_class":"","_genesis_layout":"","footnotes":""},"class_list":{"0":"post-296413","1":"page","2":"type-page","3":"status-publish","5":"entry"},"acf":[],"_links":{"self":[{"href":"https:\/\/www.v-valley.com\/pt\/wp-json\/wp\/v2\/pages\/296413","targetHints":{"allow":["GET"]}}],"collection":[{"href":"https:\/\/www.v-valley.com\/pt\/wp-json\/wp\/v2\/pages"}],"about":[{"href":"https:\/\/www.v-valley.com\/pt\/wp-json\/wp\/v2\/types\/page"}],"author":[{"embeddable":true,"href":"https:\/\/www.v-valley.com\/pt\/wp-json\/wp\/v2\/users\/6"}],"replies":[{"embeddable":true,"href":"https:\/\/www.v-valley.com\/pt\/wp-json\/wp\/v2\/comments?post=296413"}],"version-history":[{"count":1,"href":"https:\/\/www.v-valley.com\/pt\/wp-json\/wp\/v2\/pages\/296413\/revisions"}],"predecessor-version":[{"id":506965,"href":"https:\/\/www.v-valley.com\/pt\/wp-json\/wp\/v2\/pages\/296413\/revisions\/506965"}],"wp:attachment":[{"href":"https:\/\/www.v-valley.com\/pt\/wp-json\/wp\/v2\/media?parent=296413"}],"curies":[{"name":"wp","href":"https:\/\/api.w.org\/{rel}","templated":true}]}}