{"id":291082,"date":"2022-10-28T17:02:33","date_gmt":"2022-10-28T15:02:33","guid":{"rendered":"https:\/\/www.v-valley.com\/solucoes\/cloud\/"},"modified":"2023-12-15T12:20:38","modified_gmt":"2023-12-15T11:20:38","slug":"cloud","status":"publish","type":"page","link":"https:\/\/www.v-valley.com\/pt\/solucoes\/cloud\/","title":{"rendered":"Solu\u00e7\u00f5es cloud para empresas"},"content":{"rendered":"\n<h2>\n\t\tFA\u00c7A O SEU NEG\u00d3CIO CRESCER COM SERVI\u00c7OS CLOUD \n\t<\/h2>\n\t<p>A Cloud \u00e9 a chave para a transforma\u00e7\u00e3o digital das empresas. Esta transi\u00e7\u00e3o, sendo um processo cont\u00ednuo, permite a implementa\u00e7\u00e3o, de gamas de servi\u00e7os e solu\u00e7\u00f5es, de forma r\u00e1pida e eficaz.<\/p>\n<p>Na V-Valley encontra m\u00faltiplas solu\u00e7\u00f5es cloud que se desenvolvem nas mais diversas \u00e1reas e que podem ser adotadas por qualquer modelo de neg\u00f3cio.<\/p>\n<p>Quer saber como integrar as nossas solu\u00e7\u00f5es para acelerar o seu neg\u00f3cio? <a href=\"https:\/\/www.v-valley.com\/pt\/contactos\/\">Contacte os nossos especialistas<\/a>.<\/p>\n<h3>\n\t\tSOLU\u00c7\u00d5ES DISPON\u00cdVEIS PARA TODOS OS MODELOS DE NEG\u00d3CIO \n\t<\/h3>\n                        <a href=\"#MSP\">\n            <img decoding=\"async\" src=\"https:\/\/statics.v-valley.com\/prod\/2022\/09\/ico-MSP.png\" alt=\"Managed Service Provider\" name=\"Managed Service Provider\"\/>\n            <\/a>\n                                                <a href=\"#MSP\">\n                <h4>Managed Service Provider<\/h4>\n                <\/a>\n                                                    <p>Com este modelo pode tornar-se um fornecedor de servi\u00e7os, com as melhores solu\u00e7\u00f5es do mercado. A op\u00e7\u00e3o pay-per-use permite que construa e gira as suas solu\u00e7\u00f5es, sendo o propriet\u00e1rio e respons\u00e1vel pelos servi\u00e7os.<\/p>\n         <!-- end vvly card item -->\n                        <a href=\"#CSP\">\n            <img decoding=\"async\" src=\"https:\/\/statics.v-valley.com\/prod\/2022\/09\/ico-CSP.png\" alt=\"Cloud Service Provider\" name=\"Cloud Service Provider\"\/>\n            <\/a>\n                                                <a href=\"#CSP\">\n                <h4>Cloud Service Provider<\/h4>\n                <\/a>\n                                                    <p>Este modelo permite-lhe oferecer servi\u00e7os\/solu\u00e7\u00f5es com compromissos mensais ou anuais sob a forma de subscri\u00e7\u00e3o. Pode aceder \u00e0s principais solu\u00e7\u00f5es que lhe permitir\u00e3o realizar, da forma mais eficiente, a transforma\u00e7\u00e3o digital dos seus clientes.<\/p>\n         <!-- end vvly card item -->\n             <!-- end vvly cards with icon -->\n <!-- end cards-with-icon-container -->\n<style>\n    .vvly-cards-with-icon-container .vvly-cards-with-icon .vvly-card-item {\n        width: calc(100% \/2);\n    }\n<\/style>\n<h3>\n\t\tOS IMPRESCIND\u00cdVEIS\n\t<\/h3>\n\t<p>Se a flexibilidade, a escalabilidade, a acessibilidade e a colabora\u00e7\u00e3o s\u00e3o, atualmente, os elementos imprescind\u00edveis para qualquer empresa, a cloud apresenta-se como a solu\u00e7\u00e3o ideal para todos estes requisitos. Al\u00e9m de gerar novas necessidades, \u00e9 capaz de proporcionar grandes redu\u00e7\u00f5es de custos em diferentes neg\u00f3cios.<\/p>\n<p>Adicionalmente, n\u00e3o nos podemos esquecer que as solu\u00e7\u00f5es na Cloud s\u00e3o uma alternativa mais sustent\u00e1vel do que as solu\u00e7\u00f5es &#8220;on-premise&#8221;, uma vez que utilizam menos recursos e, por conseguinte, poupam mais energia.<\/p>\n\t\t\t\t<img loading=\"lazy\" decoding=\"async\" src=\"https:\/\/statics.v-valley.com\/prod\/2022\/11\/img-soluzioni-cloud.jpg\" alt=\"img-soluzioni-cloud\" itemprop=\"image\" height=\"358\" width=\"557\" title=\"img-soluzioni-cloud\" onerror=\"this.style.display='none'\"  \/>\n\t\t\t\t<img loading=\"lazy\" decoding=\"async\" src=\"https:\/\/statics.v-valley.com\/prod\/2022\/11\/img-cloud-marketplace.jpg\" alt=\"img-cloud-marketplace\" itemprop=\"image\" height=\"358\" width=\"557\" title=\"img-cloud-marketplace\" onerror=\"this.style.display='none'\"  \/>\n<h3>\n\t\tPORQU\u00ca ESCOLHER A CLOUD DA V-VALLEY \n\t<\/h3>\n\t<p>O nosso objetivo \u00e9 tornarmo-nos no seu parceiro Cloud! E, na nossa proposta, ver\u00e1 como o acompanhamos, atrav\u00e9s da Cloud, no processo cont\u00ednuo de transforma\u00e7\u00e3o digital.<\/p>\n<p><strong>Os nossos elementos-chave:<\/strong><\/p>\n\t\t\t <p><strong>A NOSSA EQUIPA<\/strong>: Com a V-Valley poder\u00e1 contar diariamente com proximidade, especializa\u00e7\u00e3o e uma abordagem individualizada &#8211; \u00e9 assim a nossa EQUIPA DE ESPECIALISTAS. Inclui, ainda, um Business Developer e Cloud Architect que o ajudam a definir uma estrat\u00e9gia vencedora de migra\u00e7\u00e3o para a Cloud.<\/p>\n\t\t\t <p><strong>O NOSSO CAT\u00c1LOGO<\/strong>: Oferecemos a mais vasta gama de solu\u00e7\u00f5es que lhe permitir\u00e3o acompanhar, de forma cont\u00ednua, os seus clientes na sua transi\u00e7\u00e3o para a cloud.<\/p>\n\t\t\t <p><strong>AS NOSSAS FERRAMENTAS<\/strong>: A Cloud Marketplace da V-Valley \u00e9 uma ferramenta inovadora, uma vez que nos permite ajud\u00e1-lo a impulsionar esta transforma\u00e7\u00e3o e a distribu\u00ed-la aos seus clientes com uma nova forma de vender. Est\u00e1 em constante evolu\u00e7\u00e3o para se adaptar \u00e0s suas necessidades. <\/p>\n\t\t\t <p><strong>O NOSSO APOIO<\/strong>: Proporcionamos uma experi\u00eancia personalizada em termos de produtos, forma\u00e7\u00e3o, apoio t\u00e9cnico e gest\u00e3o administrativa.<\/p>\n\t<h3>\n\t\tNOSSOS SERVI\u00c7OS COMPLEMENTARES\n\t<\/h3>\n\t\t\t<a href=\"https:\/\/www.v-valley.com\/pt\/servicos\/\" target=\"_self\" role=\"button\" rel=\"noopener\">\n\t\t\t\t\t\t\tTODOS OS NOSSOS SERVI\u00c7OS\n\t\t\t\t\t<\/a>\n\n","protected":false},"excerpt":{"rendered":"<p>Servi\u00e7os e solu\u00e7\u00f5es de nuvem corporativa para empresas nas \u00e1reas de backup, armazenamento, hospedagem, rede, CRM.<\/p>\n","protected":false},"author":7,"featured_media":0,"parent":290994,"menu_order":0,"comment_status":"closed","ping_status":"closed","template":"templates\/template-solution-category.php","meta":{"_acf_changed":false,"_genesis_hide_title":false,"_genesis_hide_breadcrumbs":false,"_genesis_hide_singular_image":false,"_genesis_hide_footer_widgets":false,"_genesis_custom_body_class":"","_genesis_custom_post_class":"","_genesis_layout":"","footnotes":""},"class_list":{"0":"post-291082","1":"page","2":"type-page","3":"status-publish","5":"entry"},"acf":[],"_links":{"self":[{"href":"https:\/\/www.v-valley.com\/pt\/wp-json\/wp\/v2\/pages\/291082","targetHints":{"allow":["GET"]}}],"collection":[{"href":"https:\/\/www.v-valley.com\/pt\/wp-json\/wp\/v2\/pages"}],"about":[{"href":"https:\/\/www.v-valley.com\/pt\/wp-json\/wp\/v2\/types\/page"}],"author":[{"embeddable":true,"href":"https:\/\/www.v-valley.com\/pt\/wp-json\/wp\/v2\/users\/7"}],"replies":[{"embeddable":true,"href":"https:\/\/www.v-valley.com\/pt\/wp-json\/wp\/v2\/comments?post=291082"}],"version-history":[{"count":0,"href":"https:\/\/www.v-valley.com\/pt\/wp-json\/wp\/v2\/pages\/291082\/revisions"}],"up":[{"embeddable":true,"href":"https:\/\/www.v-valley.com\/pt\/wp-json\/wp\/v2\/pages\/290994"}],"wp:attachment":[{"href":"https:\/\/www.v-valley.com\/pt\/wp-json\/wp\/v2\/media?parent=291082"}],"curies":[{"name":"wp","href":"https:\/\/api.w.org\/{rel}","templated":true}]}}