{"id":291076,"date":"2022-10-26T17:18:54","date_gmt":"2022-10-26T15:18:54","guid":{"rendered":"https:\/\/www.v-valley.com\/solucoes\/videosorveglianza\/"},"modified":"2023-11-29T12:02:59","modified_gmt":"2023-11-29T11:02:59","slug":"videovigilancia","status":"publish","type":"page","link":"https:\/\/www.v-valley.com\/pt\/solucoes\/videovigilancia\/","title":{"rendered":"Videovigil\u00e2ncia"},"content":{"rendered":"\r\n<h2>\r\n\t\tSISTEMAS DE VIDEOVIGIL\u00c2NCIA NO LOCAL DE TRABALHO \r\n\t<\/h2>\r\n\t<p>A V-Valley \u00e9 um distribuidor l\u00edder de dispositivos de controlo de acesso e de videovigil\u00e2ncia nos setores industrial, comercial e residencial. Oferecemos uma vasta gama de produtos que utilizam tecnologias anal\u00f3gicas e digitais. A liga\u00e7\u00e3o dos dispositivos \u00e0 rede permite gerir os equipamentos mesmo de forma remota \u00e0 dist\u00e2ncia: uma verdadeira Internet das coisas aplicada \u00e0s empresas.<\/p>\r\n<p>Est\u00e1 dispon\u00edvel uma gama completa de equipamentos de videovigil\u00e2ncia para o local de trabalho, incluindo intercomunicadores anal\u00f3gicos e IP, sistemas de controlo de acesso para port\u00f5es e portas de empresa e sistemas de identifica\u00e7\u00e3o de pessoal. O software associado a estes dispositivos permite analisar os dados registados em todo o sistema e automatizar as fun\u00e7\u00f5es de acordo com as suas necessidades.<\/p>\r\n<h3>\r\n\t\tVIGIL\u00c2NCIA DIGITAL E INTERLIGADA\r\n\t<\/h3>\r\n\t<p>Os nossos sistemas de videovigil\u00e2ncia para empresas, ligados a sistemas de alarme e \u00e0 rede, tamb\u00e9m detetam movimentos individuais e permitem a monitoriza\u00e7\u00e3o remota de imagens em tempo real tamb\u00e9m a partir de smartphones.<\/p>\r\n\t\t\t\t<img loading=\"lazy\" decoding=\"async\" src=\"https:\/\/statics.v-valley.com\/prod\/2022\/10\/img-sorveglianza-smartphone.jpg\" alt=\"img-sorveglianza-smartphone\" itemprop=\"image\" height=\"358\" width=\"557\" title=\"img-sorveglianza-smartphone\" onerror=\"this.style.display='none'\"  \/>\r\n\t\t\t\t<img loading=\"lazy\" decoding=\"async\" src=\"https:\/\/statics.v-valley.com\/prod\/2022\/10\/img-lettore-badge.jpg\" alt=\"img-lettore-badge\" itemprop=\"image\" height=\"358\" width=\"557\" title=\"img-lettore-badge\" onerror=\"this.style.display='none'\"  \/>\r\n<h3>\r\n\t\tCONTROLO DE ACESSO COMPLETO\r\n\t<\/h3>\r\n\t<p>Dispositivos de seguran\u00e7a da empresa que controlam o acesso \u00e0s portas, leitores eletr\u00f3nicos de cart\u00f5es ou biom\u00e9tricos, sistemas de identifica\u00e7\u00e3o avan\u00e7ados, tais como intercomunicadores IP que controlam fechaduras el\u00e9tricas.<\/p>\r\n<h2>\r\n\t\tDESCUBRA AS SOLU\u00c7\u00d5ES DE VIDEOVIGIL\u00c2NCIA DISPON\u00cdVEIS NA V-VALLEY\r\n\t<\/h2>\r\n\t<p>A V-Valley oferece servi\u00e7os de videovigil\u00e2ncia tecnologicamente avan\u00e7ados e de v\u00e1rios tipos.<\/p>\r\n<h4>\r\n\t\tTeleC\u00e2maras IP\r\n\t<\/h4>\r\n\t<p>Dispositivos que transmitem imagens atrav\u00e9s da rede em tempo real e comunicam eventuais anomalias.<\/p>\r\n<h4>\r\n\t\tIntercomunicadores anal\u00f3gicos\r\n\t<\/h4>\r\n\t<p>Liga\u00e7\u00f5es entre ambientes internos e externos atrav\u00e9s da rede el\u00e9trica.<\/p>\r\n<h4>\r\n\t\tIntercomunicadores IP\r\n\t<\/h4>\r\n\t<p>Sistemas avan\u00e7ados de intercomunica\u00e7\u00e3o que se conectam \u00e0 rede e podem ser geridos remotamente.<\/p>\r\n<h4>\r\n\t\tControlo de acesso\r\n\t<\/h4>\r\n\t<p>Dispositivos para controlo de acesso a portas, atrav\u00e9s de cart\u00f5es ou leitores biom\u00e9tricos.<\/p>\r\n<h4>\r\n\t\tV\u00eddeo intercomunicadores IP \r\n\t<\/h4>\r\n\t<p>Sistemas de v\u00eddeo porteiro com controlo remoto para garantir maior seguran\u00e7a.<\/p>\r\n<h3>\r\n\t\tNOSSOS SERVI\u00c7OS COMPLEMENTARES\r\n\t<\/h3>\r\n\t\t\t<a href=\"https:\/\/www.v-valley.com\/pt\/servicos\/\" target=\"_self\" role=\"button\" rel=\"noopener\">\r\n\t\t\t\t\t\t\tTODOS OS NOSSOS SERVI\u00c7OS\r\n\t\t\t\t\t<\/a>\r\n\r\n","protected":false},"excerpt":{"rendered":"<p>Uma ampla gama de dispositivos de seguran\u00e7a para os setores residencial, comercial e industrial.<\/p>\n","protected":false},"author":7,"featured_media":0,"parent":290994,"menu_order":0,"comment_status":"closed","ping_status":"closed","template":"templates\/template-solution-category.php","meta":{"_acf_changed":false,"_genesis_hide_title":false,"_genesis_hide_breadcrumbs":false,"_genesis_hide_singular_image":false,"_genesis_hide_footer_widgets":false,"_genesis_custom_body_class":"","_genesis_custom_post_class":"","_genesis_layout":"","footnotes":""},"class_list":{"0":"post-291076","1":"page","2":"type-page","3":"status-publish","5":"entry"},"acf":[],"_links":{"self":[{"href":"https:\/\/www.v-valley.com\/pt\/wp-json\/wp\/v2\/pages\/291076","targetHints":{"allow":["GET"]}}],"collection":[{"href":"https:\/\/www.v-valley.com\/pt\/wp-json\/wp\/v2\/pages"}],"about":[{"href":"https:\/\/www.v-valley.com\/pt\/wp-json\/wp\/v2\/types\/page"}],"author":[{"embeddable":true,"href":"https:\/\/www.v-valley.com\/pt\/wp-json\/wp\/v2\/users\/7"}],"replies":[{"embeddable":true,"href":"https:\/\/www.v-valley.com\/pt\/wp-json\/wp\/v2\/comments?post=291076"}],"version-history":[{"count":0,"href":"https:\/\/www.v-valley.com\/pt\/wp-json\/wp\/v2\/pages\/291076\/revisions"}],"up":[{"embeddable":true,"href":"https:\/\/www.v-valley.com\/pt\/wp-json\/wp\/v2\/pages\/290994"}],"wp:attachment":[{"href":"https:\/\/www.v-valley.com\/pt\/wp-json\/wp\/v2\/media?parent=291076"}],"curies":[{"name":"wp","href":"https:\/\/api.w.org\/{rel}","templated":true}]}}