{"id":291001,"date":"2022-10-26T18:49:41","date_gmt":"2022-10-26T16:49:41","guid":{"rendered":"https:\/\/www.v-valley.com\/solucoes\/infrastruttura-e-data-center\/"},"modified":"2023-11-29T12:04:19","modified_gmt":"2023-11-29T11:04:19","slug":"infraestrutura-data-center","status":"publish","type":"page","link":"https:\/\/www.v-valley.com\/pt\/solucoes\/infraestrutura-data-center\/","title":{"rendered":"Infraestrutura data center"},"content":{"rendered":"\r\n<h2>\r\n\t\tA MELHOR INFRAESTRUTURA TECNOL\u00d3GICA PARA SI E PARA OS SEUS CLIENTES\r\n\t<\/h2>\r\n\t<p>Os grandes fluxos de dados, dos quais as empresas modernas dependem, exigem uma infraestrutura de TI \u00e0 altura. A V-Valley, l\u00edder de mercado no fornecimento de infraestruturas e centros de dados atrav\u00e9s das suas parcerias com os principais fornecedores da ind\u00fastria, oferece solu\u00e7\u00f5es otimizadas para diferentes cargas de trabalho e complexidade de aplica\u00e7\u00f5es.<\/p>\r\n<p>Os nossos centros de servidores de dados, servidores em torre, arm\u00e1rios de rack, e solu\u00e7\u00f5es de gest\u00e3o de energia e armazenamento de dados cumprem os mais elevados padr\u00f5es de mercado ao n\u00edvel de seguran\u00e7a de infraestruturas dos centros de dados, com uma vasta sele\u00e7\u00e3o de acess\u00f3rios e componentes. Oferece tamb\u00e9m armazenamento de dados em ambientes virtuais, criando infraestruturas de centros de dados na cloud.<\/p>\r\n<h3>\r\n\t\tUMA AMPLA VARIEDADE DE SOLU\u00c7\u00d5ES\r\n\t<\/h3>\r\n\t<p>Uma vasta e completa carteira de produtos para criar a infraestrutura de rede de dados que melhor se adapta \u00e0s suas necessidades, desde servidores mais complexos e de elevado desempenho at\u00e9 a dispositivos de armazenamento mais simples, para responder a todas as exig\u00eancias de c\u00e1lculo das suas aplica\u00e7\u00f5es.<\/p>\r\n\t\t\t\t<img loading=\"lazy\" decoding=\"async\" src=\"https:\/\/statics.v-valley.com\/prod\/2022\/10\/img-soluzioni-infrastruttura-rete.jpg\" alt=\"img-soluzioni-infrastruttura-rete\" itemprop=\"image\" height=\"358\" width=\"557\" title=\"img-soluzioni-infrastruttura-rete\" onerror=\"this.style.display='none'\"  \/>\r\n\t\t\t\t<img loading=\"lazy\" decoding=\"async\" src=\"https:\/\/statics.v-valley.com\/prod\/2022\/10\/img-protezione-dati.jpg\" alt=\"img-protezione-dati\" itemprop=\"image\" height=\"358\" width=\"557\" title=\"img-protezione-dati\" onerror=\"this.style.display='none'\"  \/>\r\n<h3>\r\n\t\tSEGURAN\u00c7A EM PRIMEIRO LUGAR\r\n\t<\/h3>\r\n\t<p>Grandes volumes de dados com uma gest\u00e3o otimizada, solu\u00e7\u00f5es modernas e inovadoras para responder \u00e0s exig\u00eancias de seguran\u00e7a e prote\u00e7\u00e3o de dados do mercado.<\/p>\r\n<h2>\r\n\t\tDESCOBRE AS SOLU\u00c7\u00d5ES DE INFRAESTRUTURAS E CENTROS DE DADOS DA V-VALLEY\r\n\t<\/h2>\r\n\t<p>V-Valley oferece infraestruturas de rede tecnologicamente avan\u00e7adas.<\/p>\r\n<h4>\r\n\t\tSolu\u00e7\u00f5es inform\u00e1ticas  \r\n\t<\/h4>\r\n\t<p>Servidores e solu\u00e7\u00f5es inform\u00e1ticas desde a gama de entrada at\u00e9 aos sistemas HPC.<\/p>\r\n<h4>\r\n\t\tSolu\u00e7\u00f5es hiperconvergentes\r\n\t<\/h4>\r\n\t<p>Solu\u00e7\u00f5es que incluem virtualiza\u00e7\u00e3o e recupera\u00e7\u00e3o instant\u00e2nea de dados.<\/p>\r\n<h4>\r\n\t\tSAI para rack e alimenta\u00e7\u00e3o \r\n\t<\/h4>\r\n\t<p>Sistemas de alimenta\u00e7\u00e3o ininterrupta que protegem os servidores e os dados contra falhas de energia.<\/p>\r\n<h4>\r\n\t\tFiltragem de sobrecargas\r\n\t<\/h4>\r\n\t<p>Prote\u00e7\u00e3o contra sobrecargas nas linhas de transmiss\u00e3o de dados.<\/p>\r\n<h4>\r\n\t\tSolu\u00e7\u00f5es Rack\r\n\t<\/h4>\r\n\t<p>Arm\u00e1rios fabricados com materiais de alta qualidade para a coloca\u00e7\u00e3o ordenada e flex\u00edvel de servidores.<\/p>\r\n<h4>\r\n\t\tSolu\u00e7\u00f5es de armazenamento NAS\r\n\t<\/h4>\r\n\t<p>O sistema NAS (Network Attached Storage) permite aos utilizadores comunicar e partilhar dados atrav\u00e9s da rede.<\/p>\r\n<h4>\r\n\t\tSolu\u00e7\u00f5es de armazenamento SAN e Unified Storage\r\n\t<\/h4>\r\n\t<p>As melhores solu\u00e7\u00f5es para armazenamento, desempenho e prote\u00e7\u00e3o de dados.<\/p>\r\n<h4>\r\n\t\tSolu\u00e7\u00f5es de Backup\r\n\t<\/h4>\r\n\t<p>Para prote\u00e7\u00e3o e recupera\u00e7\u00e3o de todos os workloads CPD.<\/p>\r\n<h4>\r\n\t\tSolu\u00e7\u00f5es de virtualiza\u00e7\u00e3o\r\n\t<\/h4>\r\n\t<p>Aumente a produtividade, a efici\u00eancia, a agilidade e a capacidade de resposta das TI.<\/p>\r\n<h3>\r\n\t\tNOSSOS SERVI\u00c7OS COMPLEMENTARES\r\n\t<\/h3>\r\n\t\t\t<a href=\"https:\/\/www.v-valley.com\/pt\/servicos\/\" target=\"_self\" role=\"button\" rel=\"noopener\">\r\n\t\t\t\t\t\t\tTODOS OS NOSSOS SERVI\u00c7OS\r\n\t\t\t\t\t<\/a>\r\n\r\n","protected":false},"excerpt":{"rendered":"<p>Design, cria\u00e7\u00e3o e suporte de ambientes de data center completos em todos os aspectos.<\/p>\n","protected":false},"author":7,"featured_media":0,"parent":290994,"menu_order":0,"comment_status":"closed","ping_status":"closed","template":"templates\/template-solution-category.php","meta":{"_acf_changed":false,"_genesis_hide_title":false,"_genesis_hide_breadcrumbs":false,"_genesis_hide_singular_image":false,"_genesis_hide_footer_widgets":false,"_genesis_custom_body_class":"","_genesis_custom_post_class":"","_genesis_layout":"","footnotes":""},"class_list":{"0":"post-291001","1":"page","2":"type-page","3":"status-publish","5":"entry"},"acf":[],"_links":{"self":[{"href":"https:\/\/www.v-valley.com\/pt\/wp-json\/wp\/v2\/pages\/291001","targetHints":{"allow":["GET"]}}],"collection":[{"href":"https:\/\/www.v-valley.com\/pt\/wp-json\/wp\/v2\/pages"}],"about":[{"href":"https:\/\/www.v-valley.com\/pt\/wp-json\/wp\/v2\/types\/page"}],"author":[{"embeddable":true,"href":"https:\/\/www.v-valley.com\/pt\/wp-json\/wp\/v2\/users\/7"}],"replies":[{"embeddable":true,"href":"https:\/\/www.v-valley.com\/pt\/wp-json\/wp\/v2\/comments?post=291001"}],"version-history":[{"count":0,"href":"https:\/\/www.v-valley.com\/pt\/wp-json\/wp\/v2\/pages\/291001\/revisions"}],"up":[{"embeddable":true,"href":"https:\/\/www.v-valley.com\/pt\/wp-json\/wp\/v2\/pages\/290994"}],"wp:attachment":[{"href":"https:\/\/www.v-valley.com\/pt\/wp-json\/wp\/v2\/media?parent=291001"}],"curies":[{"name":"wp","href":"https:\/\/api.w.org\/{rel}","templated":true}]}}