{"id":290994,"date":"2022-08-10T17:07:06","date_gmt":"2022-08-10T15:07:06","guid":{"rendered":"https:\/\/www.v-valley.com\/soluzioni\/"},"modified":"2023-12-12T14:14:11","modified_gmt":"2023-12-12T13:14:11","slug":"solucoes","status":"publish","type":"page","link":"https:\/\/www.v-valley.com\/pt\/solucoes\/","title":{"rendered":"Solu\u00e7\u00f5es"},"content":{"rendered":"\n<h3>\n\t\tAS NOSSAS SOLU\u00c7\u00d5ES\n\t<\/h3>\n\t<p>A V-Valley \u00e9 uma refer\u00eancia no mercado de valor e um distribuidor l\u00edder de Solu\u00e7\u00f5es Avan\u00e7adas, gra\u00e7as a uma vasta gama de produtos e solu\u00e7\u00f5es oferecidas pelos melhores fornecedores do mercado.<\/p>\n<p>Para qualquer contexto de utiliza\u00e7\u00e3o e para qualquer necessidade, o grupo oferece a solu\u00e7\u00e3o ideal, gra\u00e7as a um cat\u00e1logo com milhares de produtos de m\u00faltiplas marcas. Oferecemos um cat\u00e1logo de produtos atualizado, de grande amplitude e profundidade, resultado de anos de rela\u00e7\u00f5es com a nossa rede de parceiros fornecedores.<\/p>\n<p>Mesmo no \u00e2mbito das tecnologias mais complexas, disponibilizamos compet\u00eancias espec\u00edficas e um elevado n\u00edvel de profissionalismo, desde a escolha do produto at\u00e9 \u00e0 instala\u00e7\u00e3o.<\/p>\n<p>Oferecemos solu\u00e7\u00f5es avan\u00e7adas que abrangem \u00e1reas muito diversas, desde as Infra-estruturas de Data Center, ao Software Defined e Data Management, \u00e0s Solu\u00e7\u00f5es de Networking (Redes e Conectividade) ou Unified Communication &#038; Collaboration, aos sistemas de V\u00eddeo Vigil\u00e2ncia, Cabling e Efici\u00eancia Energ\u00e9tica.<\/p>\n    <h2>DESCUBRA NOSSAS SOLU\u00c7\u00d5ES<\/h2>\n                            <a href=\"https:\/\/www.v-valley.com\/pt\/solucoes\/ciberseguranca\/\">\n                                <h4>Ciberseguran\u00e7a<\/h4>\n                            <\/a>\n                            <a href=\"https:\/\/www.v-valley.com\/pt\/solucoes\/ciberseguranca\/\"><\/a>\n                            Solu\u00e7\u00f5es de ciberseguran\u00e7a para empresas: conhe\u00e7a os nossos servi\u00e7os de ciberseguran\u00e7a para a seguran\u00e7a digital dos sistemas e dados das empresas.\n                     <!-- end vvly product -->\n                            <a href=\"https:\/\/www.v-valley.com\/pt\/solucoes\/comunicacoes-unificadas-e-solucoes-de-colaboracao\/\">\n                                <h4>Comunica\u00e7\u00f5es Unificadas e solu\u00e7\u00f5es de colabora\u00e7\u00e3o<\/h4>\n                            <\/a>\n                            <a href=\"https:\/\/www.v-valley.com\/pt\/solucoes\/comunicacoes-unificadas-e-solucoes-de-colaboracao\/\"><\/a>\n                            Os benef\u00edcios do trabalho remoto e do trabalho inteligente com conex\u00f5es de escrit\u00f3rios remotos.\n                     <!-- end vvly product -->\n                            <a href=\"https:\/\/www.v-valley.com\/pt\/solucoes\/infraestrutura-data-center\/\">\n                                <h4>Infraestrutura data center<\/h4>\n                            <\/a>\n                            <a href=\"https:\/\/www.v-valley.com\/pt\/solucoes\/infraestrutura-data-center\/\"><\/a>\n                            Design, cria\u00e7\u00e3o e suporte de ambientes de data center completos em todos os aspectos.\n                     <!-- end vvly product -->\n                            <a href=\"https:\/\/www.v-valley.com\/pt\/solucoes\/cloud\/\">\n                                <h4>Solu\u00e7\u00f5es cloud para empresas<\/h4>\n                            <\/a>\n                            <a href=\"https:\/\/www.v-valley.com\/pt\/solucoes\/cloud\/\"><\/a>\n                            Servi\u00e7os e solu\u00e7\u00f5es de nuvem corporativa para empresas nas \u00e1reas de backup, armazenamento, hospedagem, rede, CRM.\n                     <!-- end vvly product -->\n                            <a href=\"https:\/\/www.v-valley.com\/pt\/solucoes\/videovigilancia\/\">\n                                <h4>Videovigil\u00e2ncia<\/h4>\n                            <\/a>\n                            <a href=\"https:\/\/www.v-valley.com\/pt\/solucoes\/videovigilancia\/\"><\/a>\n                            Uma ampla gama de dispositivos de seguran\u00e7a para os setores residencial, comercial e industrial.\n                     <!-- end vvly product -->\n                     <!-- end vvly products -->\n <!-- end vvly products grid section -->\n            <img decoding=\"async\" src=\"https:\/\/statics.v-valley.com\/prod\/2022\/11\/box-in-fondo-produttori.jpg\" alt=\"Os melhores fabricantes de tecnologia para os mercados empresarial e de consumo\" name=\"Os melhores fabricantes de tecnologia para os mercados empresarial e de consumo\"\/>\n                FABRICANTES\n                <h4>Os melhores fabricantes de tecnologia para os mercados empresarial e de consumo<\/h4>\n                <a href=\"https:\/\/www.v-valley.com\/pt\/vendor\/\"><\/a>\n            <img decoding=\"async\" src=\"https:\/\/statics.v-valley.com\/prod\/2022\/10\/box-in-fondo-soluzioni.jpg\" alt=\"Uma gama de solu\u00e7\u00f5es inovadoras para cada necessidade\" name=\"Uma gama de solu\u00e7\u00f5es inovadoras para cada necessidade\"\/>\n                SOLU\u00c7\u00d5ES\n                <h4>Uma gama de solu\u00e7\u00f5es inovadoras para cada necessidade<\/h4>\n                <a href=\"https:\/\/www.v-valley.com\/pt\/solucoes\/\"><\/a>\n            <img decoding=\"async\" src=\"https:\/\/statics.v-valley.com\/prod\/2022\/10\/box-in-fondo-servizi.jpg\" alt=\"Ampla gama de servi\u00e7os de apoio, tanto pr\u00e9-venda como p\u00f3s-venda\" name=\"Ampla gama de servi\u00e7os de apoio, tanto pr\u00e9-venda como p\u00f3s-venda\"\/>\n                SERVI\u00c7OS\n                <h4>Ampla gama de servi\u00e7os de apoio, tanto pr\u00e9-venda como p\u00f3s-venda<\/h4>\n                <a href=\"https:\/\/www.v-valley.com\/pt\/servicos\/\"><\/a>\n             <!-- end vvly images with text -->\n <!-- end images with text container -->\n<style>\n    .vvly-images-with-text-container .vvly-images-with-text .vvly-image-with-text {\n        width: calc((100% - 10px) \/3);\n    }\n<\/style>\n\n","protected":false},"excerpt":{"rendered":"<p>AS NOSSAS SOLU\u00c7\u00d5ES A V-Valley \u00e9 uma refer\u00eancia no mercado de valor e um distribuidor l\u00edder de Solu\u00e7\u00f5es Avan\u00e7adas, gra\u00e7as a uma vasta gama de produtos e solu\u00e7\u00f5es oferecidas pelos melhores fornecedores do mercado. Para qualquer contexto de utiliza\u00e7\u00e3o e para qualquer necessidade, o grupo oferece a solu\u00e7\u00e3o ideal, gra\u00e7as a um cat\u00e1logo com milhares [&hellip;]<\/p>\n","protected":false},"author":7,"featured_media":0,"parent":0,"menu_order":0,"comment_status":"closed","ping_status":"closed","template":"templates\/template-simple.php","meta":{"_acf_changed":false,"_genesis_hide_title":false,"_genesis_hide_breadcrumbs":false,"_genesis_hide_singular_image":false,"_genesis_hide_footer_widgets":false,"_genesis_custom_body_class":"","_genesis_custom_post_class":"","_genesis_layout":"","footnotes":""},"class_list":{"0":"post-290994","1":"page","2":"type-page","3":"status-publish","5":"entry"},"acf":[],"_links":{"self":[{"href":"https:\/\/www.v-valley.com\/pt\/wp-json\/wp\/v2\/pages\/290994","targetHints":{"allow":["GET"]}}],"collection":[{"href":"https:\/\/www.v-valley.com\/pt\/wp-json\/wp\/v2\/pages"}],"about":[{"href":"https:\/\/www.v-valley.com\/pt\/wp-json\/wp\/v2\/types\/page"}],"author":[{"embeddable":true,"href":"https:\/\/www.v-valley.com\/pt\/wp-json\/wp\/v2\/users\/7"}],"replies":[{"embeddable":true,"href":"https:\/\/www.v-valley.com\/pt\/wp-json\/wp\/v2\/comments?post=290994"}],"version-history":[{"count":0,"href":"https:\/\/www.v-valley.com\/pt\/wp-json\/wp\/v2\/pages\/290994\/revisions"}],"wp:attachment":[{"href":"https:\/\/www.v-valley.com\/pt\/wp-json\/wp\/v2\/media?parent=290994"}],"curies":[{"name":"wp","href":"https:\/\/api.w.org\/{rel}","templated":true}]}}