{"id":290897,"date":"2023-03-09T12:57:03","date_gmt":"2023-03-09T11:57:03","guid":{"rendered":"https:\/\/www.v-valley.com\/servicos\/servicios-logisticos\/"},"modified":"2023-12-12T14:18:32","modified_gmt":"2023-12-12T13:18:32","slug":"servicos-logisticos","status":"publish","type":"page","link":"https:\/\/www.v-valley.com\/pt\/servicos\/servicos-logisticos\/","title":{"rendered":"Servi\u00e7os Log\u00edsticos"},"content":{"rendered":"\r\n<h2>\r\n\t\tSERVI\u00c7OS DE LOG\u00cdSTICA AVAN\u00c7ADOS\r\n\t<\/h2>\r\n\t<p>A V-Valley encarrega-se de todo o processo de expedi\u00e7\u00e3o, desde a avalia\u00e7\u00e3o\/escolha do fornecedor, a atribui\u00e7\u00e3o ao transportador, at\u00e9 \u00e0 conclus\u00e3o da entrega, de forma a garantir apoio em todas as fases.<\/p>\r\n<p>O leque de solu\u00e7\u00f5es log\u00edsticas que lhe oferecemos, para cada servi\u00e7o e para todas as necessidades espec\u00edficas, abrange todo o territ\u00f3rio nacional e internacional, incluindo a possibilidade de construir servi\u00e7os personalizados e &#8220;\u00e0 medida&#8221;.<\/p>\r\n<p>Contamos com:<\/p>\r\n\t\t\t <p>Log\u00edstica avan\u00e7ada<\/p>\r\n\t\t\t <p>40.000 m\u00b2 de armaz\u00e9m<\/p>\r\n\t\t\t <p>Gest\u00e3o automatizada<\/p>\r\n\t\t\t <p>Servi\u00e7os de cust\u00f3dia<\/p>\r\n\t\t\t <p>Microlog\u00edstica<\/p>\r\n\t\t\t <p>Reserva de equipamentos<\/p>\r\n\t\t\t <p>Acompanhamento e controlo das encomendas<\/p>\r\n\t\t\t <p>Exporta\u00e7\u00f5es<\/p>\r\n\t\t\t\t<img loading=\"lazy\" decoding=\"async\" src=\"https:\/\/statics.v-valley.com\/prod\/2023\/02\/img-cerchio-tracking-ordine-300x300.png\" alt=\"img-cerchio-tracking-ordine\" itemprop=\"image\" height=\"300\" width=\"300\" title=\"img-cerchio-tracking-ordine\" onerror=\"this.style.display='none'\"  \/>\r\n\r\n","protected":false},"excerpt":{"rendered":"<p>SERVI\u00c7OS DE LOG\u00cdSTICA AVAN\u00c7ADOS A V-Valley encarrega-se de todo o processo de expedi\u00e7\u00e3o, desde a avalia\u00e7\u00e3o\/escolha do fornecedor, a atribui\u00e7\u00e3o ao transportador, at\u00e9 \u00e0 conclus\u00e3o da entrega, de forma a garantir apoio em todas as fases. O leque de solu\u00e7\u00f5es log\u00edsticas que lhe oferecemos, para cada servi\u00e7o e para todas as necessidades espec\u00edficas, abrange todo [&hellip;]<\/p>\n","protected":false},"author":6,"featured_media":83863,"parent":83114,"menu_order":0,"comment_status":"closed","ping_status":"closed","template":"templates\/template-single-service.php","meta":{"_acf_changed":false,"_genesis_hide_title":false,"_genesis_hide_breadcrumbs":false,"_genesis_hide_singular_image":false,"_genesis_hide_footer_widgets":false,"_genesis_custom_body_class":"","_genesis_custom_post_class":"","_genesis_layout":"","footnotes":""},"class_list":{"0":"post-290897","1":"page","2":"type-page","3":"status-publish","4":"has-post-thumbnail","6":"entry"},"acf":[],"_links":{"self":[{"href":"https:\/\/www.v-valley.com\/pt\/wp-json\/wp\/v2\/pages\/290897","targetHints":{"allow":["GET"]}}],"collection":[{"href":"https:\/\/www.v-valley.com\/pt\/wp-json\/wp\/v2\/pages"}],"about":[{"href":"https:\/\/www.v-valley.com\/pt\/wp-json\/wp\/v2\/types\/page"}],"author":[{"embeddable":true,"href":"https:\/\/www.v-valley.com\/pt\/wp-json\/wp\/v2\/users\/6"}],"replies":[{"embeddable":true,"href":"https:\/\/www.v-valley.com\/pt\/wp-json\/wp\/v2\/comments?post=290897"}],"version-history":[{"count":0,"href":"https:\/\/www.v-valley.com\/pt\/wp-json\/wp\/v2\/pages\/290897\/revisions"}],"up":[{"embeddable":true,"href":"https:\/\/www.v-valley.com\/pt\/wp-json\/wp\/v2\/pages\/83114"}],"wp:featuredmedia":[{"embeddable":true,"href":"https:\/\/www.v-valley.com\/pt\/wp-json\/wp\/v2\/media\/83863"}],"wp:attachment":[{"href":"https:\/\/www.v-valley.com\/pt\/wp-json\/wp\/v2\/media?parent=290897"}],"curies":[{"name":"wp","href":"https:\/\/api.w.org\/{rel}","templated":true}]}}