{"id":290892,"date":"2023-03-09T14:45:39","date_gmt":"2023-03-09T13:45:39","guid":{"rendered":"https:\/\/www.v-valley.com\/servicos\/servicios-financieros\/"},"modified":"2023-12-12T14:17:44","modified_gmt":"2023-12-12T13:17:44","slug":"servicos-financeiros","status":"publish","type":"page","link":"https:\/\/www.v-valley.com\/pt\/servicos\/servicos-financeiros\/","title":{"rendered":"Servi\u00e7os Financeiros"},"content":{"rendered":"\r\n<h2>\r\n\t\t SOLU\u00c7\u00d5ES DE FINANCIAMENTO PERSONALIZADAS PARA VOC\u00ca\r\n\t<\/h2>\r\n\t<p>A forma como se vende tecnologia est\u00e1 a mudar. Os seus clientes querem flexibilidade e tecnologia de ponta, sem risco de obsolesc\u00eancia, com custos definidos e programados, numa tarifa \u00fanica com tudo inclu\u00eddo. Podemos ajud\u00e1-lo a encontrar a solu\u00e7\u00e3o certa para o seu cliente, atrav\u00e9s do apoio e aconselhamento de uma equipa dedicada.<\/p>\r\n<p>Ter\u00e1 \u00e0 sua disposi\u00e7\u00e3o um conjunto de solu\u00e7\u00f5es financeiras com as melhores ofertas do mercado:<\/p>\r\n\t\t\t <p>An\u00e1lise renting<\/p>\r\n\t\t\t <p>Opera\u00e7\u00f5es patrim\u00f3nio\/tripartidas<\/p>\r\n\t\t\t <p>Financiamento especial<\/p>\r\n\t\t\t <p>Cr\u00e9dito Stock<\/p>\r\n\t\t\t <p>Financiamento linhas de cr\u00e9dito de garantia<\/p>\r\n\t\t\t <p>Factoring<\/p>\r\n\t\t\t\t<img loading=\"lazy\" decoding=\"async\" src=\"https:\/\/statics.v-valley.com\/prod\/2023\/02\/img-cerchio-tavolo-finance-300x300.png\" alt=\"img-cerchio-tavolo-finance\" itemprop=\"image\" height=\"300\" width=\"300\" title=\"img-cerchio-tavolo-finance\" onerror=\"this.style.display='none'\"  \/>\r\n\r\n","protected":false},"excerpt":{"rendered":"<p>SOLU\u00c7\u00d5ES DE FINANCIAMENTO PERSONALIZADAS PARA VOC\u00ca A forma como se vende tecnologia est\u00e1 a mudar. Os seus clientes querem flexibilidade e tecnologia de ponta, sem risco de obsolesc\u00eancia, com custos definidos e programados, numa tarifa \u00fanica com tudo inclu\u00eddo. Podemos ajud\u00e1-lo a encontrar a solu\u00e7\u00e3o certa para o seu cliente, atrav\u00e9s do apoio e aconselhamento [&hellip;]<\/p>\n","protected":false},"author":6,"featured_media":83859,"parent":83114,"menu_order":0,"comment_status":"closed","ping_status":"closed","template":"templates\/template-single-service.php","meta":{"_acf_changed":false,"_genesis_hide_title":false,"_genesis_hide_breadcrumbs":false,"_genesis_hide_singular_image":false,"_genesis_hide_footer_widgets":false,"_genesis_custom_body_class":"","_genesis_custom_post_class":"","_genesis_layout":"","footnotes":""},"class_list":{"0":"post-290892","1":"page","2":"type-page","3":"status-publish","4":"has-post-thumbnail","6":"entry"},"acf":[],"_links":{"self":[{"href":"https:\/\/www.v-valley.com\/pt\/wp-json\/wp\/v2\/pages\/290892","targetHints":{"allow":["GET"]}}],"collection":[{"href":"https:\/\/www.v-valley.com\/pt\/wp-json\/wp\/v2\/pages"}],"about":[{"href":"https:\/\/www.v-valley.com\/pt\/wp-json\/wp\/v2\/types\/page"}],"author":[{"embeddable":true,"href":"https:\/\/www.v-valley.com\/pt\/wp-json\/wp\/v2\/users\/6"}],"replies":[{"embeddable":true,"href":"https:\/\/www.v-valley.com\/pt\/wp-json\/wp\/v2\/comments?post=290892"}],"version-history":[{"count":0,"href":"https:\/\/www.v-valley.com\/pt\/wp-json\/wp\/v2\/pages\/290892\/revisions"}],"up":[{"embeddable":true,"href":"https:\/\/www.v-valley.com\/pt\/wp-json\/wp\/v2\/pages\/83114"}],"wp:featuredmedia":[{"embeddable":true,"href":"https:\/\/www.v-valley.com\/pt\/wp-json\/wp\/v2\/media\/83859"}],"wp:attachment":[{"href":"https:\/\/www.v-valley.com\/pt\/wp-json\/wp\/v2\/media?parent=290892"}],"curies":[{"name":"wp","href":"https:\/\/api.w.org\/{rel}","templated":true}]}}