{"id":290887,"date":"2023-03-09T12:59:53","date_gmt":"2023-03-09T11:59:53","guid":{"rendered":"https:\/\/www.v-valley.com\/servicos\/consultoria-y-preventa\/"},"modified":"2023-11-24T17:23:04","modified_gmt":"2023-11-24T16:23:04","slug":"consultoria-e-pre-venda","status":"publish","type":"page","link":"https:\/\/www.v-valley.com\/pt\/servicos\/consultoria-e-pre-venda\/","title":{"rendered":"Consultoria e pr\u00e9-venda"},"content":{"rendered":"\r\n<h2>\r\n\t\tO SUPORTE QUE VOC\u00ca PRECISA, QUANDO PRECISA\r\n\t<\/h2>\r\n\tA V-Valley disponibiliza o melhor apoio pr\u00e9-venda. Poder\u00e1 oferecer aos seus clientes os servi\u00e7os e solu\u00e7\u00f5es que as suas empresas necessitam e gerir com sucesso as in\u00fameras oportunidades que o mercado tem para oferecer.<br \/>\r\nA experi\u00eancia das nossas equipas especializadas ir\u00e1 acompanh\u00e1-lo em todas as fases do projeto: desde a apresenta\u00e7\u00e3o das suas necessidades\/requisitos e escolha da solu\u00e7\u00e3o mais adequada, at\u00e9 \u00e0 satisfa\u00e7\u00e3o do utilizador final.\r\n<p>Tire partido da nossa vasta experi\u00eancia tecnol\u00f3gica e apoio para conceber solu\u00e7\u00f5es personalizadas, desde as encomendas simples at\u00e9 aos projetos mais complexos.<\/p>\r\n\t\t\t <p>Apoyo en pliegos<\/p>\t\t\r\n\t\t\t <p>Pr\u00e9-venda com aconselhamento profissional<\/p>\t\t\r\n\t\t\t <p>Demonstra\u00e7\u00f5es no local e \u00e0 dist\u00e2ncia<\/p>\r\n\t\t\t <p>Dimensionamento e configura\u00e7\u00e3o da solu\u00e7\u00e3o<\/p>\r\n\t\t\t <p>Diferencia\u00e7\u00e3o face \u00e0 concorr\u00eancia<\/p>\r\n\t\t\t <p>Banco de horas<\/p>\r\n\t\t\t\t<img loading=\"lazy\" decoding=\"async\" src=\"https:\/\/statics.v-valley.com\/prod\/2022\/11\/img-cerchio-vantaggi-rivenditore-1-300x300.png\" alt=\"img-cerchio-vantaggi-rivenditore\" itemprop=\"image\" height=\"300\" width=\"300\" title=\"img-cerchio-vantaggi-rivenditore\" onerror=\"this.style.display='none'\"  \/>\r\n\r\n","protected":false},"excerpt":{"rendered":"<p>O SUPORTE QUE VOC\u00ca PRECISA, QUANDO PRECISA A V-Valley disponibiliza o melhor apoio pr\u00e9-venda. Poder\u00e1 oferecer aos seus clientes os servi\u00e7os e solu\u00e7\u00f5es que as suas empresas necessitam e gerir com sucesso as in\u00fameras oportunidades que o mercado tem para oferecer. A experi\u00eancia das nossas equipas especializadas ir\u00e1 acompanh\u00e1-lo em todas as fases do projeto: [&hellip;]<\/p>\n","protected":false},"author":6,"featured_media":82125,"parent":83114,"menu_order":0,"comment_status":"closed","ping_status":"closed","template":"templates\/template-single-service.php","meta":{"_acf_changed":false,"_genesis_hide_title":false,"_genesis_hide_breadcrumbs":false,"_genesis_hide_singular_image":false,"_genesis_hide_footer_widgets":false,"_genesis_custom_body_class":"","_genesis_custom_post_class":"","_genesis_layout":"","footnotes":""},"class_list":{"0":"post-290887","1":"page","2":"type-page","3":"status-publish","4":"has-post-thumbnail","6":"entry"},"acf":[],"_links":{"self":[{"href":"https:\/\/www.v-valley.com\/pt\/wp-json\/wp\/v2\/pages\/290887","targetHints":{"allow":["GET"]}}],"collection":[{"href":"https:\/\/www.v-valley.com\/pt\/wp-json\/wp\/v2\/pages"}],"about":[{"href":"https:\/\/www.v-valley.com\/pt\/wp-json\/wp\/v2\/types\/page"}],"author":[{"embeddable":true,"href":"https:\/\/www.v-valley.com\/pt\/wp-json\/wp\/v2\/users\/6"}],"replies":[{"embeddable":true,"href":"https:\/\/www.v-valley.com\/pt\/wp-json\/wp\/v2\/comments?post=290887"}],"version-history":[{"count":0,"href":"https:\/\/www.v-valley.com\/pt\/wp-json\/wp\/v2\/pages\/290887\/revisions"}],"up":[{"embeddable":true,"href":"https:\/\/www.v-valley.com\/pt\/wp-json\/wp\/v2\/pages\/83114"}],"wp:featuredmedia":[{"embeddable":true,"href":"https:\/\/www.v-valley.com\/pt\/wp-json\/wp\/v2\/media\/82125"}],"wp:attachment":[{"href":"https:\/\/www.v-valley.com\/pt\/wp-json\/wp\/v2\/media?parent=290887"}],"curies":[{"name":"wp","href":"https:\/\/api.w.org\/{rel}","templated":true}]}}