{"id":290844,"date":"2022-10-27T14:37:57","date_gmt":"2022-10-27T12:37:57","guid":{"rendered":"https:\/\/www.v-valley.com\/vendor\/veritas\/"},"modified":"2023-11-23T11:48:11","modified_gmt":"2023-11-23T10:48:11","slug":"veritas","status":"publish","type":"page","link":"https:\/\/www.v-valley.com\/pt\/vendor\/veritas\/","title":{"rendered":"Veritas"},"content":{"rendered":"\n\n\t\t\t\t<img loading=\"lazy\" decoding=\"async\" src=\"https:\/\/statics.v-valley.com\/prod\/2022\/10\/logo_veritas.gif\" alt=\"logo_veritas\" itemprop=\"image\" height=\"55\" width=\"140\" title=\"logo_veritas\" onerror=\"this.style.display='none'\"  \/>\n<h2>\n\t\tQUEM \u00c9 VERITAS?\n\t<\/h2>\n\t<p>A Veritas Technologies \u00e9 l\u00edder em gerenciamento de dados em multicloud. Mais de 80.000 clientes, incluindo 95% das empresas da Fortune 100, escolheram a Veritas para garantir a prote\u00e7\u00e3o, a capacidade de recupera\u00e7\u00e3o e a conformidade dos seus dados. As solu\u00e7\u00f5es da Veritas oferecem resili\u00eancia contra amea\u00e7as disruptivas de ataques cibern\u00e9ticos, como o ransomware. <\/p>\n<h2>\n\t\tPRODUTOS VERITAS\n\t<\/h2>\n\t<p>Os produtos da Veritas est\u00e3o divididos em tr\u00eas categorias principais: prote\u00e7\u00e3o e recupera\u00e7\u00e3o de dados, continuidade empresarial e governa\u00e7\u00e3o da informa\u00e7\u00e3o. As solu\u00e7\u00f5es da Veritas asseguram a prote\u00e7\u00e3o e a imutabilidade dos dados, garantem a continuidade da atividade em situa\u00e7\u00f5es cr\u00edticas e optimizam os recursos.<\/p>\n\t<p>C\u00f3pia de seguran\u00e7a e recupera\u00e7\u00e3o<\/p>\n\t<p>Prote\u00e7\u00e3o cibern\u00e9tica<\/p>\n\n","protected":false},"excerpt":{"rendered":"<p>QUEM \u00c9 VERITAS? A Veritas Technologies \u00e9 l\u00edder em gerenciamento de dados em multicloud. Mais de 80.000 clientes, incluindo 95% das empresas da Fortune 100, escolheram a Veritas para garantir a prote\u00e7\u00e3o, a capacidade de recupera\u00e7\u00e3o e a conformidade dos seus dados. As solu\u00e7\u00f5es da Veritas oferecem resili\u00eancia contra amea\u00e7as disruptivas de ataques cibern\u00e9ticos, como [&hellip;]<\/p>\n","protected":false},"author":7,"featured_media":0,"parent":290526,"menu_order":0,"comment_status":"closed","ping_status":"closed","template":"templates\/template-vendor-category.php","meta":{"_acf_changed":false,"_genesis_hide_title":false,"_genesis_hide_breadcrumbs":false,"_genesis_hide_singular_image":false,"_genesis_hide_footer_widgets":false,"_genesis_custom_body_class":"","_genesis_custom_post_class":"","_genesis_layout":"","footnotes":""},"class_list":{"0":"post-290844","1":"page","2":"type-page","3":"status-publish","5":"entry"},"acf":[],"_links":{"self":[{"href":"https:\/\/www.v-valley.com\/pt\/wp-json\/wp\/v2\/pages\/290844","targetHints":{"allow":["GET"]}}],"collection":[{"href":"https:\/\/www.v-valley.com\/pt\/wp-json\/wp\/v2\/pages"}],"about":[{"href":"https:\/\/www.v-valley.com\/pt\/wp-json\/wp\/v2\/types\/page"}],"author":[{"embeddable":true,"href":"https:\/\/www.v-valley.com\/pt\/wp-json\/wp\/v2\/users\/7"}],"replies":[{"embeddable":true,"href":"https:\/\/www.v-valley.com\/pt\/wp-json\/wp\/v2\/comments?post=290844"}],"version-history":[{"count":0,"href":"https:\/\/www.v-valley.com\/pt\/wp-json\/wp\/v2\/pages\/290844\/revisions"}],"up":[{"embeddable":true,"href":"https:\/\/www.v-valley.com\/pt\/wp-json\/wp\/v2\/pages\/290526"}],"wp:attachment":[{"href":"https:\/\/www.v-valley.com\/pt\/wp-json\/wp\/v2\/media?parent=290844"}],"curies":[{"name":"wp","href":"https:\/\/api.w.org\/{rel}","templated":true}]}}