{"id":290841,"date":"2022-10-27T12:55:03","date_gmt":"2022-10-27T10:55:03","guid":{"rendered":"https:\/\/www.v-valley.com\/vendor\/veeam\/"},"modified":"2023-11-23T11:46:20","modified_gmt":"2023-11-23T10:46:20","slug":"veeam","status":"publish","type":"page","link":"https:\/\/www.v-valley.com\/pt\/vendor\/veeam\/","title":{"rendered":"Veeam"},"content":{"rendered":"\n\n\t\t\t\t<img loading=\"lazy\" decoding=\"async\" src=\"https:\/\/statics.v-valley.com\/prod\/2022\/10\/logo_veeam.gif\" alt=\"logo_veeam\" itemprop=\"image\" height=\"48\" width=\"128\" title=\"logo_veeam\" onerror=\"this.style.display='none'\"  \/>\n<h2>\n\t\tQUEM \u00c9 VEEAM?\n\t<\/h2>\n\t<p>A Veeam Software \u00e9 uma empresa de tecnologia privada com sede nos Estados Unidos, onde tamb\u00e9m se encontra a sua equipa de chefia.<\/p>\n<h2>\n\t\tPRODUTOS VEEAM\n\t<\/h2>\n\t<p>A Veeam desenvolve solu\u00e7\u00f5es de backup, recupera\u00e7\u00e3o de desastres e gest\u00e3o inteligente de dados para infraestruturas virtuais, f\u00edsicas e multinuvem. A Veeam oferece a gest\u00e3o das suas solu\u00e7\u00f5es atrav\u00e9s de uma \u00fanica plataforma para ambientes de nuvem, virtuais, f\u00edsicos, SaaS e Kubernetes.<\/p>\n\t<p>C\u00f3pia de seguran\u00e7a e recupera\u00e7\u00e3o<\/p>\n\t<p>Gest\u00e3o de dados<\/p>\n\t<p>Solu\u00e7\u00f5es na nuvem<\/p>\n\n","protected":false},"excerpt":{"rendered":"<p>QUEM \u00c9 VEEAM? A Veeam Software \u00e9 uma empresa de tecnologia privada com sede nos Estados Unidos, onde tamb\u00e9m se encontra a sua equipa de chefia. PRODUTOS VEEAM A Veeam desenvolve solu\u00e7\u00f5es de backup, recupera\u00e7\u00e3o de desastres e gest\u00e3o inteligente de dados para infraestruturas virtuais, f\u00edsicas e multinuvem. A Veeam oferece a gest\u00e3o das suas [&hellip;]<\/p>\n","protected":false},"author":7,"featured_media":0,"parent":290526,"menu_order":0,"comment_status":"closed","ping_status":"closed","template":"templates\/template-vendor-category.php","meta":{"_acf_changed":false,"_genesis_hide_title":false,"_genesis_hide_breadcrumbs":false,"_genesis_hide_singular_image":false,"_genesis_hide_footer_widgets":false,"_genesis_custom_body_class":"","_genesis_custom_post_class":"","_genesis_layout":"","footnotes":""},"class_list":{"0":"post-290841","1":"page","2":"type-page","3":"status-publish","5":"entry"},"acf":[],"_links":{"self":[{"href":"https:\/\/www.v-valley.com\/pt\/wp-json\/wp\/v2\/pages\/290841","targetHints":{"allow":["GET"]}}],"collection":[{"href":"https:\/\/www.v-valley.com\/pt\/wp-json\/wp\/v2\/pages"}],"about":[{"href":"https:\/\/www.v-valley.com\/pt\/wp-json\/wp\/v2\/types\/page"}],"author":[{"embeddable":true,"href":"https:\/\/www.v-valley.com\/pt\/wp-json\/wp\/v2\/users\/7"}],"replies":[{"embeddable":true,"href":"https:\/\/www.v-valley.com\/pt\/wp-json\/wp\/v2\/comments?post=290841"}],"version-history":[{"count":0,"href":"https:\/\/www.v-valley.com\/pt\/wp-json\/wp\/v2\/pages\/290841\/revisions"}],"up":[{"embeddable":true,"href":"https:\/\/www.v-valley.com\/pt\/wp-json\/wp\/v2\/pages\/290526"}],"wp:attachment":[{"href":"https:\/\/www.v-valley.com\/pt\/wp-json\/wp\/v2\/media?parent=290841"}],"curies":[{"name":"wp","href":"https:\/\/api.w.org\/{rel}","templated":true}]}}