{"id":290838,"date":"2022-10-27T16:04:28","date_gmt":"2022-10-27T14:04:28","guid":{"rendered":"https:\/\/www.v-valley.com\/vendor\/trend-micro\/"},"modified":"2023-11-23T11:36:26","modified_gmt":"2023-11-23T10:36:26","slug":"trend-micro","status":"publish","type":"page","link":"https:\/\/www.v-valley.com\/pt\/vendor\/trend-micro\/","title":{"rendered":"Trend Micro"},"content":{"rendered":"\n\n\t\t\t\t<img loading=\"lazy\" decoding=\"async\" src=\"https:\/\/statics.v-valley.com\/prod\/2022\/10\/logo_trendmicro.gif\" alt=\"logo_trendmicro\" itemprop=\"image\" height=\"55\" width=\"140\" title=\"logo_trendmicro\" onerror=\"this.style.display='none'\"  \/>\n<h2>\n\t\tQUEM \u00c9 TREND MICRO?\n\t<\/h2>\n\t<p>Fundada em 1988, a Trend Micro Inc. \u00e9 uma empresa multinacional americano-japonesa de software de seguran\u00e7a inform\u00e1tica com sede em T\u00f3quio, Jap\u00e3o e Irving, Texas.  <\/p>\n<h2>\n\t\tPRODUTOS TREND MICRO\n\t<\/h2>\n\t<p>O Trend Micro One, uma plataforma unificada de ciberseguran\u00e7a,  detecta, protege e responde rapidamente a amea\u00e7as conhecidas e desconhecidas em toda a sua superf\u00edcie de ataque em tempo real, integrando totalmente os ecossistemas inform\u00e1ticos, incluindo AWS, Microsoft e Google.<\/p>\n\t<p>Seguran\u00e7a das aplica\u00e7\u00f5es<\/p>\n\t<p>Prote\u00e7\u00e3o da cloud<\/p>\n\t<p>Prote\u00e7\u00e3o de dados<\/p>\n\t<p>Seguran\u00e7a m\u00f3vel<\/p>\n\t<p>Prote\u00e7\u00e3o da rede<\/p>\n\t<p>Gest\u00e3o da seguran\u00e7a<\/p>\n\t<p>Prote\u00e7\u00e3o do volume de trabalho<\/p>\n\t<p>Prote\u00e7\u00e3o de terminais<\/p>\n\t<p>XDR (dete\u00e7\u00e3o e resposta alargadas)<\/p>\n\t<p>Dete\u00e7\u00e3o e resposta geridas (MDR)<\/p>\n\t<p>EDR- Dete\u00e7\u00e3o e resposta de terminais<\/p>\n\n","protected":false},"excerpt":{"rendered":"<p>QUEM \u00c9 TREND MICRO? Fundada em 1988, a Trend Micro Inc. \u00e9 uma empresa multinacional americano-japonesa de software de seguran\u00e7a inform\u00e1tica com sede em T\u00f3quio, Jap\u00e3o e Irving, Texas. PRODUTOS TREND MICRO O Trend Micro One, uma plataforma unificada de ciberseguran\u00e7a, detecta, protege e responde rapidamente a amea\u00e7as conhecidas e desconhecidas em toda a sua [&hellip;]<\/p>\n","protected":false},"author":7,"featured_media":0,"parent":290526,"menu_order":0,"comment_status":"closed","ping_status":"closed","template":"templates\/template-vendor-category.php","meta":{"_acf_changed":false,"_genesis_hide_title":false,"_genesis_hide_breadcrumbs":false,"_genesis_hide_singular_image":false,"_genesis_hide_footer_widgets":false,"_genesis_custom_body_class":"","_genesis_custom_post_class":"","_genesis_layout":"","footnotes":""},"class_list":{"0":"post-290838","1":"page","2":"type-page","3":"status-publish","5":"entry"},"acf":[],"_links":{"self":[{"href":"https:\/\/www.v-valley.com\/pt\/wp-json\/wp\/v2\/pages\/290838","targetHints":{"allow":["GET"]}}],"collection":[{"href":"https:\/\/www.v-valley.com\/pt\/wp-json\/wp\/v2\/pages"}],"about":[{"href":"https:\/\/www.v-valley.com\/pt\/wp-json\/wp\/v2\/types\/page"}],"author":[{"embeddable":true,"href":"https:\/\/www.v-valley.com\/pt\/wp-json\/wp\/v2\/users\/7"}],"replies":[{"embeddable":true,"href":"https:\/\/www.v-valley.com\/pt\/wp-json\/wp\/v2\/comments?post=290838"}],"version-history":[{"count":0,"href":"https:\/\/www.v-valley.com\/pt\/wp-json\/wp\/v2\/pages\/290838\/revisions"}],"up":[{"embeddable":true,"href":"https:\/\/www.v-valley.com\/pt\/wp-json\/wp\/v2\/pages\/290526"}],"wp:attachment":[{"href":"https:\/\/www.v-valley.com\/pt\/wp-json\/wp\/v2\/media?parent=290838"}],"curies":[{"name":"wp","href":"https:\/\/api.w.org\/{rel}","templated":true}]}}