{"id":290834,"date":"2022-10-27T14:36:37","date_gmt":"2022-10-27T12:36:37","guid":{"rendered":"https:\/\/www.v-valley.com\/vendor\/red-hat\/"},"modified":"2024-07-24T09:52:36","modified_gmt":"2024-07-24T07:52:36","slug":"red-hat","status":"publish","type":"page","link":"https:\/\/www.v-valley.com\/pt\/vendor\/red-hat\/","title":{"rendered":"Red Hat"},"content":{"rendered":"\n\n\t\t\t\t<img loading=\"lazy\" decoding=\"async\" src=\"https:\/\/statics.v-valley.com\/prod\/2022\/10\/logo_redhat.gif\" alt=\"logo_redhat\" itemprop=\"image\" height=\"55\" width=\"140\" title=\"logo_redhat\" onerror=\"this.style.display='none'\"  \/>\n<h2>\n\t\tQUEM \u00c9 RED HAT?\n\t<\/h2>\n\t<p>A Red Hat \u00e9 uma empresa multinacional americana, l\u00edder mundial no desenvolvimento de software e no apoio ao software livre e de c\u00f3digo aberto, quer para grandes empresas quer para PME.<\/p>\n<h2>\n\t\tPRODUTOS RED HAT\n\t<\/h2>\n\t<p>A Red Hat oferece um amplo portf\u00f3lio de infraestrutura de cloud h\u00edbrida, servi\u00e7os de aplica\u00e7\u00f5es, solu\u00e7\u00f5es de desenvolvimento de aplica\u00e7\u00f5es nativas da cloud e solu\u00e7\u00f5es de automa\u00e7\u00e3o.<\/p>\n\t<p>Solu\u00e7\u00f5es de fonte aberta<\/p>\n\t<p>Cloud<\/p>\n\t<p>Automa\u00e7\u00e3o de TI<\/p>\n\t<p>Sistemas operativos<\/p>\n\t<p>Solu\u00e7\u00f5es cloud<\/p>\n\n","protected":false},"excerpt":{"rendered":"<p>QUEM \u00c9 RED HAT? A Red Hat \u00e9 uma empresa multinacional americana, l\u00edder mundial no desenvolvimento de software e no apoio ao software livre e de c\u00f3digo aberto, quer para grandes empresas quer para PME. PRODUTOS RED HAT A Red Hat oferece um amplo portf\u00f3lio de infraestrutura de cloud h\u00edbrida, servi\u00e7os de aplica\u00e7\u00f5es, solu\u00e7\u00f5es de [&hellip;]<\/p>\n","protected":false},"author":7,"featured_media":0,"parent":290526,"menu_order":0,"comment_status":"closed","ping_status":"closed","template":"templates\/template-vendor-category.php","meta":{"_acf_changed":false,"_genesis_hide_title":false,"_genesis_hide_breadcrumbs":false,"_genesis_hide_singular_image":false,"_genesis_hide_footer_widgets":false,"_genesis_custom_body_class":"","_genesis_custom_post_class":"","_genesis_layout":"","footnotes":""},"class_list":{"0":"post-290834","1":"page","2":"type-page","3":"status-publish","5":"entry"},"acf":[],"_links":{"self":[{"href":"https:\/\/www.v-valley.com\/pt\/wp-json\/wp\/v2\/pages\/290834","targetHints":{"allow":["GET"]}}],"collection":[{"href":"https:\/\/www.v-valley.com\/pt\/wp-json\/wp\/v2\/pages"}],"about":[{"href":"https:\/\/www.v-valley.com\/pt\/wp-json\/wp\/v2\/types\/page"}],"author":[{"embeddable":true,"href":"https:\/\/www.v-valley.com\/pt\/wp-json\/wp\/v2\/users\/7"}],"replies":[{"embeddable":true,"href":"https:\/\/www.v-valley.com\/pt\/wp-json\/wp\/v2\/comments?post=290834"}],"version-history":[{"count":0,"href":"https:\/\/www.v-valley.com\/pt\/wp-json\/wp\/v2\/pages\/290834\/revisions"}],"up":[{"embeddable":true,"href":"https:\/\/www.v-valley.com\/pt\/wp-json\/wp\/v2\/pages\/290526"}],"wp:attachment":[{"href":"https:\/\/www.v-valley.com\/pt\/wp-json\/wp\/v2\/media?parent=290834"}],"curies":[{"name":"wp","href":"https:\/\/api.w.org\/{rel}","templated":true}]}}