{"id":290821,"date":"2022-10-27T12:47:10","date_gmt":"2022-10-27T10:47:10","guid":{"rendered":"https:\/\/www.v-valley.com\/vendor\/dropbox\/"},"modified":"2023-11-23T11:12:22","modified_gmt":"2023-11-23T10:12:22","slug":"dropbox","status":"publish","type":"page","link":"https:\/\/www.v-valley.com\/pt\/vendor\/dropbox\/","title":{"rendered":"Dropbox"},"content":{"rendered":"\n\n\t\t\t\t<img loading=\"lazy\" decoding=\"async\" src=\"https:\/\/statics.v-valley.com\/prod\/2022\/10\/logo_dropbox.gif\" alt=\"logo_dropbox\" itemprop=\"image\" height=\"55\" width=\"140\" title=\"logo_dropbox\" onerror=\"this.style.display='none'\"  \/>\n<h2>\n\t\tQUEM \u00c9 DROPBOX?\n\t<\/h2>\n\t<p>O Dropbox disponibiliza as ferramentas necess\u00e1rias para manter tudo organizado, protegido, facilmente acess\u00edvel e sincronizado. O Dropbox permite que toda a equipa esteja sincronizada, ao oferecer um local centralizado para armazenar documentos de forma segura, gerir o acesso aos dados e colaborar em projetos.<\/p>\n<h2>\n\t\tPRODUTOS DROPBOX\n\t<\/h2>\n\t<p>Os principais servi\u00e7os oferecidos pelo Dropbox s\u00e3o: partilha, armazenamento e acesso a ficheiros a partir de qualquer dispositivo. Seguran\u00e7a e rastreabilidade no envio de documentos. C\u00f3pia de seguran\u00e7a autom\u00e1tica dos dispositivos conectados. Possibilidade de solicitar e adicionar assinaturas aos documentos.<\/p>\n\t<p>Alojamento de ficheiros<\/p>\n\t<p>Colabora\u00e7\u00e3o<\/p>\n\t<p>Solu\u00e7\u00f5es na nuvem<\/p>\n\n","protected":false},"excerpt":{"rendered":"<p>QUEM \u00c9 DROPBOX? O Dropbox disponibiliza as ferramentas necess\u00e1rias para manter tudo organizado, protegido, facilmente acess\u00edvel e sincronizado. O Dropbox permite que toda a equipa esteja sincronizada, ao oferecer um local centralizado para armazenar documentos de forma segura, gerir o acesso aos dados e colaborar em projetos. PRODUTOS DROPBOX Os principais servi\u00e7os oferecidos pelo Dropbox [&hellip;]<\/p>\n","protected":false},"author":7,"featured_media":0,"parent":290526,"menu_order":0,"comment_status":"closed","ping_status":"closed","template":"templates\/template-vendor-category.php","meta":{"_acf_changed":false,"_genesis_hide_title":false,"_genesis_hide_breadcrumbs":false,"_genesis_hide_singular_image":false,"_genesis_hide_footer_widgets":false,"_genesis_custom_body_class":"","_genesis_custom_post_class":"","_genesis_layout":"","footnotes":""},"class_list":{"0":"post-290821","1":"page","2":"type-page","3":"status-publish","5":"entry"},"acf":[],"_links":{"self":[{"href":"https:\/\/www.v-valley.com\/pt\/wp-json\/wp\/v2\/pages\/290821","targetHints":{"allow":["GET"]}}],"collection":[{"href":"https:\/\/www.v-valley.com\/pt\/wp-json\/wp\/v2\/pages"}],"about":[{"href":"https:\/\/www.v-valley.com\/pt\/wp-json\/wp\/v2\/types\/page"}],"author":[{"embeddable":true,"href":"https:\/\/www.v-valley.com\/pt\/wp-json\/wp\/v2\/users\/7"}],"replies":[{"embeddable":true,"href":"https:\/\/www.v-valley.com\/pt\/wp-json\/wp\/v2\/comments?post=290821"}],"version-history":[{"count":0,"href":"https:\/\/www.v-valley.com\/pt\/wp-json\/wp\/v2\/pages\/290821\/revisions"}],"up":[{"embeddable":true,"href":"https:\/\/www.v-valley.com\/pt\/wp-json\/wp\/v2\/pages\/290526"}],"wp:attachment":[{"href":"https:\/\/www.v-valley.com\/pt\/wp-json\/wp\/v2\/media?parent=290821"}],"curies":[{"name":"wp","href":"https:\/\/api.w.org\/{rel}","templated":true}]}}