{"id":290814,"date":"2022-10-27T14:58:32","date_gmt":"2022-10-27T12:58:32","guid":{"rendered":"https:\/\/www.v-valley.com\/vendor\/check-point\/"},"modified":"2023-11-23T11:06:51","modified_gmt":"2023-11-23T10:06:51","slug":"check-point","status":"publish","type":"page","link":"https:\/\/www.v-valley.com\/pt\/vendor\/check-point\/","title":{"rendered":"Check Point"},"content":{"rendered":"\n\n\t\t\t\t<img loading=\"lazy\" decoding=\"async\" src=\"https:\/\/statics.v-valley.com\/prod\/2022\/11\/logo_check-point.gif\" alt=\"logo_check-point\" itemprop=\"image\" height=\"55\" width=\"140\" title=\"logo_check-point\" onerror=\"this.style.display='none'\"  \/>\n<h2>\n\t\tQUEM \u00c9 CHECK POINT?\n\t<\/h2>\n\t<p>Fundada em 1993, a Check Point Software Technologies Ltd. \u00e9 uma empresa de solu\u00e7\u00f5es de seguran\u00e7a inform\u00e1tica. As suas solu\u00e7\u00f5es protegem os clientes contra ciberataques de quinta gera\u00e7\u00e3o com uma taxa de captura l\u00edder na ind\u00fastria para malware, ransomware e outros tipos de ataques.<\/p>\n<h2>\n\t\tPRODUTOS CHECK POINT\n\t<\/h2>\n\t<p>A Check Point oferece uma arquitetura de seguran\u00e7a integrada e multicamadas denominada &#8220;Infinity Total Protection&#8221; com preven\u00e7\u00e3o abrangente e avan\u00e7ada de amea\u00e7as. Esta solu\u00e7\u00e3o consolidada de ciberseguran\u00e7a para cloud, rede, endpoint, mobile e IoT oferece a mais avan\u00e7ada intelig\u00eancia e preven\u00e7\u00e3o de amea\u00e7as baseada em IA, gest\u00e3o de seguran\u00e7a unificada e automa\u00e7\u00e3o de seguran\u00e7a na cloud para ajudar a proteger as organiza\u00e7\u00f5es contra ciberataques de sexta gera\u00e7\u00e3o.<\/p>\n\t<p>Seguran\u00e7a das aplica\u00e7\u00f5es<\/p>\n\t<p>Prote\u00e7\u00e3o da cloud<\/p>\n\t<p>Prote\u00e7\u00e3o de dados<\/p>\n\t<p>Seguran\u00e7a de correio eletr\u00f3nico<\/p>\n\t<p>Seguran\u00e7a m\u00f3vel<\/p>\n\t<p>Autentica\u00e7\u00e3o multifactor<\/p>\n\t<p>Prote\u00e7\u00e3o da rede<\/p>\n\t<p>Gest\u00e3o da seguran\u00e7a<\/p>\n\t<p>Prote\u00e7\u00e3o de redes sem fios<\/p>\n\t<p>Prote\u00e7\u00e3o do volume de trabalho<\/p>\n\t<p>Prote\u00e7\u00e3o de terminais<\/p>\n\t<p>XDR (dete\u00e7\u00e3o e resposta alargadas)<\/p>\n\t<p>Dete\u00e7\u00e3o e resposta geridas (MDR)<\/p>\n\t<p>EDR- Dete\u00e7\u00e3o e resposta de terminais<\/p>\n\n","protected":false},"excerpt":{"rendered":"<p>QUEM \u00c9 CHECK POINT? Fundada em 1993, a Check Point Software Technologies Ltd. \u00e9 uma empresa de solu\u00e7\u00f5es de seguran\u00e7a inform\u00e1tica. As suas solu\u00e7\u00f5es protegem os clientes contra ciberataques de quinta gera\u00e7\u00e3o com uma taxa de captura l\u00edder na ind\u00fastria para malware, ransomware e outros tipos de ataques. PRODUTOS CHECK POINT A Check Point oferece [&hellip;]<\/p>\n","protected":false},"author":7,"featured_media":0,"parent":290526,"menu_order":0,"comment_status":"closed","ping_status":"closed","template":"templates\/template-vendor-category.php","meta":{"_acf_changed":false,"_genesis_hide_title":false,"_genesis_hide_breadcrumbs":false,"_genesis_hide_singular_image":false,"_genesis_hide_footer_widgets":false,"_genesis_custom_body_class":"","_genesis_custom_post_class":"","_genesis_layout":"","footnotes":""},"class_list":{"0":"post-290814","1":"page","2":"type-page","3":"status-publish","5":"entry"},"acf":[],"_links":{"self":[{"href":"https:\/\/www.v-valley.com\/pt\/wp-json\/wp\/v2\/pages\/290814","targetHints":{"allow":["GET"]}}],"collection":[{"href":"https:\/\/www.v-valley.com\/pt\/wp-json\/wp\/v2\/pages"}],"about":[{"href":"https:\/\/www.v-valley.com\/pt\/wp-json\/wp\/v2\/types\/page"}],"author":[{"embeddable":true,"href":"https:\/\/www.v-valley.com\/pt\/wp-json\/wp\/v2\/users\/7"}],"replies":[{"embeddable":true,"href":"https:\/\/www.v-valley.com\/pt\/wp-json\/wp\/v2\/comments?post=290814"}],"version-history":[{"count":0,"href":"https:\/\/www.v-valley.com\/pt\/wp-json\/wp\/v2\/pages\/290814\/revisions"}],"up":[{"embeddable":true,"href":"https:\/\/www.v-valley.com\/pt\/wp-json\/wp\/v2\/pages\/290526"}],"wp:attachment":[{"href":"https:\/\/www.v-valley.com\/pt\/wp-json\/wp\/v2\/media?parent=290814"}],"curies":[{"name":"wp","href":"https:\/\/api.w.org\/{rel}","templated":true}]}}