{"id":290789,"date":"2022-10-27T12:52:17","date_gmt":"2022-10-27T10:52:17","guid":{"rendered":"https:\/\/www.v-valley.com\/vendor\/acronis\/"},"modified":"2023-11-23T11:01:46","modified_gmt":"2023-11-23T10:01:46","slug":"acronis","status":"publish","type":"page","link":"https:\/\/www.v-valley.com\/pt\/vendor\/acronis\/","title":{"rendered":"Acronis"},"content":{"rendered":"\n\n\t\t\t\t<img loading=\"lazy\" decoding=\"async\" src=\"https:\/\/statics.v-valley.com\/prod\/2022\/10\/logo_acronis.gif\" alt=\"logo_acronis\" itemprop=\"image\" height=\"55\" width=\"140\" title=\"logo_acronis\" onerror=\"this.style.display='none'\"  \/>\n<h2>\n\t\tQUEM \u00c9 ACRONIS?\n\t<\/h2>\n\t<p>A Acronis \u00e9 uma empresa global fundada em Singapura em 2003 e incorporada na Su\u00ed\u00e7a em 2008. Ela desenvolve software local e na nuvem com uma integra\u00e7\u00e3o \u00fanica de fun\u00e7\u00f5es de backup, recupera\u00e7\u00e3o de desastres, ciberseguran\u00e7a e gest\u00e3o de endpoints. Atrav\u00e9s da sua rede global de centros de dados, oferece uma solu\u00e7\u00e3o completa de ciberprote\u00e7\u00e3o baseada na nuvem.<\/p>\n<h2>\n\t\tPRODUTOS ACRONIS\n\t<\/h2>\n\tA Acronis \u00e9 uma empresa pioneira na integra\u00e7\u00e3o da ciberprote\u00e7\u00e3o e prote\u00e7\u00e3o de dados; as suas solu\u00e7\u00f5es s\u00e3o direcionadas tanto para fornecedores de servi\u00e7os como para revendedores.<br \/>\nA oferta da Acronis Cyber Protect Cloud utiliza a plataforma Acronis Cyber Cloud e assegura uma prote\u00e7\u00e3o ideal para dados, aplica\u00e7\u00f5es e sistemas. Atrav\u00e9s da integra\u00e7\u00e3o nativa de prote\u00e7\u00e3o de dados e ciberseguran\u00e7a, o Acronis Cyber Protect oferece uma solu\u00e7\u00e3o completa de ciberprote\u00e7\u00e3o.\n\t<p>C\u00f3pia de seguran\u00e7a e recupera\u00e7\u00e3o<\/p>\n\t<p>Ciberprote\u00e7\u00e3o<\/p>\n\t<p>Infraestrutura na nuvem<\/p>\n\t<p>Alojamento de ficheiros<\/p>\n\t<p>Solu\u00e7\u00f5es na nuvem<\/p>\n\n","protected":false},"excerpt":{"rendered":"<p>QUEM \u00c9 ACRONIS? A Acronis \u00e9 uma empresa global fundada em Singapura em 2003 e incorporada na Su\u00ed\u00e7a em 2008. Ela desenvolve software local e na nuvem com uma integra\u00e7\u00e3o \u00fanica de fun\u00e7\u00f5es de backup, recupera\u00e7\u00e3o de desastres, ciberseguran\u00e7a e gest\u00e3o de endpoints. Atrav\u00e9s da sua rede global de centros de dados, oferece uma solu\u00e7\u00e3o [&hellip;]<\/p>\n","protected":false},"author":7,"featured_media":0,"parent":290526,"menu_order":0,"comment_status":"closed","ping_status":"closed","template":"templates\/template-vendor-category.php","meta":{"_acf_changed":false,"_genesis_hide_title":false,"_genesis_hide_breadcrumbs":false,"_genesis_hide_singular_image":false,"_genesis_hide_footer_widgets":false,"_genesis_custom_body_class":"","_genesis_custom_post_class":"","_genesis_layout":"","footnotes":""},"class_list":{"0":"post-290789","1":"page","2":"type-page","3":"status-publish","5":"entry"},"acf":[],"_links":{"self":[{"href":"https:\/\/www.v-valley.com\/pt\/wp-json\/wp\/v2\/pages\/290789","targetHints":{"allow":["GET"]}}],"collection":[{"href":"https:\/\/www.v-valley.com\/pt\/wp-json\/wp\/v2\/pages"}],"about":[{"href":"https:\/\/www.v-valley.com\/pt\/wp-json\/wp\/v2\/types\/page"}],"author":[{"embeddable":true,"href":"https:\/\/www.v-valley.com\/pt\/wp-json\/wp\/v2\/users\/7"}],"replies":[{"embeddable":true,"href":"https:\/\/www.v-valley.com\/pt\/wp-json\/wp\/v2\/comments?post=290789"}],"version-history":[{"count":0,"href":"https:\/\/www.v-valley.com\/pt\/wp-json\/wp\/v2\/pages\/290789\/revisions"}],"up":[{"embeddable":true,"href":"https:\/\/www.v-valley.com\/pt\/wp-json\/wp\/v2\/pages\/290526"}],"wp:attachment":[{"href":"https:\/\/www.v-valley.com\/pt\/wp-json\/wp\/v2\/media?parent=290789"}],"curies":[{"name":"wp","href":"https:\/\/api.w.org\/{rel}","templated":true}]}}