{"id":290576,"date":"2022-10-27T12:44:15","date_gmt":"2022-10-27T10:44:15","guid":{"rendered":"https:\/\/www.v-valley.com\/vendor\/microsoft\/"},"modified":"2023-11-22T15:59:54","modified_gmt":"2023-11-22T14:59:54","slug":"microsoft","status":"publish","type":"page","link":"https:\/\/www.v-valley.com\/pt\/vendor\/microsoft\/","title":{"rendered":"Microsoft"},"content":{"rendered":"\r\n\r\n\t\t\t\t<img loading=\"lazy\" decoding=\"async\" src=\"https:\/\/statics.v-valley.com\/prod\/2022\/11\/logo_Microsoft.gif\" alt=\"logo_Microsoft\" itemprop=\"image\" height=\"55\" width=\"140\" title=\"logo_Microsoft\" onerror=\"this.style.display='none'\"  \/>\r\n<h2>\r\n\t\tQUEM \u00c9 MICROSOFT?\r\n\t<\/h2>\r\n\t<p>O principal objetivo da Microsoft \u00e9 promover o progresso das pessoas e organiza\u00e7\u00f5es atrav\u00e9s do design e distribui\u00e7\u00e3o de solu\u00e7\u00f5es inovadoras, com um foco particular no ambiente Cloud. A Microsoft oferece solu\u00e7\u00f5es cloud e locais em m\u00faltiplas \u00e1reas: sistemas operativos, aplica\u00e7\u00f5es de servidor para ambientes de TI distribu\u00eddos, aplica\u00e7\u00f5es para produtividade, colabora\u00e7\u00e3o e comunica\u00e7\u00e3o, solu\u00e7\u00f5es avan\u00e7adas de seguran\u00e7a e gest\u00e3o de dispositivos, ferramentas de gest\u00e3o de servidores e desktop, desenvolvimento de software e videojogos, bem como dispositivos de hardware (Surface), consolas de jogos e acess\u00f3rios. O foco da empresa est\u00e1 nas solu\u00e7\u00f5es cloud, que fornecem aos clientes software, servi\u00e7os e conte\u00fado atrav\u00e9s de recursos inform\u00e1ticos partilhados em centros de dados centralizados.<\/p>\r\n<h2>\r\n\t\tPRODUTOS MICROSOFT\r\n\t<\/h2>\r\n\tA Microsoft oferece solu\u00e7\u00f5es locais e em nuvem destinadas a pessoas e empresas de todo o mundo, para que desenvolvam todo o seu potencial atrav\u00e9s das tecnologias que transformam a forma como as pessoas trabalham, jogam e se comunicam. Desenvolve e comercializa software, servi\u00e7os e dispositivos de hardware que oferecem novas oportunidades, maior comodidade e maior valor para a vida e o trabalho das pessoas. As suas solu\u00e7\u00f5es e produtos s\u00e3o utilizados diariamente por organiza\u00e7\u00f5es tanto p\u00fablicas como privadas.<br \/>\r\nEm particular, as suas solu\u00e7\u00f5es em nuvem est\u00e3o desenhadas para otimizar a produtividade das pessoas e melhorar a colabora\u00e7\u00e3o e comunica\u00e7\u00e3o entre equipas. Os principais produtos de produtividade s\u00e3o as Suites do Microsoft 365, distribu\u00eddas como assinaturas em nuvem. Al\u00e9m disso, a plataforma Microsoft Azure oferece servi\u00e7os de computa\u00e7\u00e3o em nuvem em diversas \u00e1reas: recursos computacionais, arquivamento, armazenamento, transmiss\u00e3o de dados e interconex\u00e3o de redes, an\u00e1lise, intelig\u00eancia artificial, aprendizagem autom\u00e1tica, gest\u00e3o de seguran\u00e7a e identidades, monitoriza\u00e7\u00e3o e gest\u00e3o, bem como servi\u00e7os de desenvolvimento de aplica\u00e7\u00f5es.<br \/>\r\nAdicionalmente, a Microsoft disponibiliza as Suites do Office em vers\u00e3o f\u00edsica e em vers\u00e3o ESD (licen\u00e7a eletr\u00f3nica), a melhor forma de combinar produtividade com dispositivos. Tamb\u00e9m fornece sistemas operativos para clientes (Windows) tanto em vers\u00e3o f\u00edsica como OEM, um produto espec\u00edfico para montadores e integradores de sistemas. Em OEM, tamb\u00e9m est\u00e3o dispon\u00edveis sistemas operativos de servidor com CALs relacionadas.\r\n\t<p>Solu\u00e7\u00f5es na Cloud<\/p>\r\n\t<p>Sistemas operativos para servidores e clientes<\/p>\r\n\t<p>Conjunto de produtividade de escrit\u00f3rio<\/p>\r\n\t<p>Infraestrutura na Cloud<\/p>\r\n\t<p>C\u00f3pia de seguran\u00e7a e recupera\u00e7\u00e3o<\/p>\r\n\t<p>Seguran\u00e7a cibern\u00e9tica<\/p>\r\n\t<p>Prote\u00e7\u00e3o de endpoints<\/p>\r\n\t<p>Gest\u00e3o de dados\/bases de dados<\/p>\r\n\t<p>CRM\/ERP<\/p>\r\n\t<p>Gest\u00e3o de documentos<\/p>\r\n\t<p>Colabora\u00e7\u00e3o<\/p>\r\n\t<p>Alojamento de ficheiros<\/p>\r\n\t<p>Solu\u00e7\u00f5es de virtualiza\u00e7\u00e3o de ambiente de trabalho<\/p>\r\n\r\n","protected":false},"excerpt":{"rendered":"<p>QUEM \u00c9 MICROSOFT? O principal objetivo da Microsoft \u00e9 promover o progresso das pessoas e organiza\u00e7\u00f5es atrav\u00e9s do design e distribui\u00e7\u00e3o de solu\u00e7\u00f5es inovadoras, com um foco particular no ambiente Cloud. A Microsoft oferece solu\u00e7\u00f5es cloud e locais em m\u00faltiplas \u00e1reas: sistemas operativos, aplica\u00e7\u00f5es de servidor para ambientes de TI distribu\u00eddos, aplica\u00e7\u00f5es para produtividade, colabora\u00e7\u00e3o [&hellip;]<\/p>\n","protected":false},"author":7,"featured_media":0,"parent":290526,"menu_order":0,"comment_status":"closed","ping_status":"closed","template":"templates\/template-vendor-category.php","meta":{"_acf_changed":false,"_genesis_hide_title":false,"_genesis_hide_breadcrumbs":false,"_genesis_hide_singular_image":false,"_genesis_hide_footer_widgets":false,"_genesis_custom_body_class":"","_genesis_custom_post_class":"","_genesis_layout":"","footnotes":""},"class_list":{"0":"post-290576","1":"page","2":"type-page","3":"status-publish","5":"entry"},"acf":[],"_links":{"self":[{"href":"https:\/\/www.v-valley.com\/pt\/wp-json\/wp\/v2\/pages\/290576","targetHints":{"allow":["GET"]}}],"collection":[{"href":"https:\/\/www.v-valley.com\/pt\/wp-json\/wp\/v2\/pages"}],"about":[{"href":"https:\/\/www.v-valley.com\/pt\/wp-json\/wp\/v2\/types\/page"}],"author":[{"embeddable":true,"href":"https:\/\/www.v-valley.com\/pt\/wp-json\/wp\/v2\/users\/7"}],"replies":[{"embeddable":true,"href":"https:\/\/www.v-valley.com\/pt\/wp-json\/wp\/v2\/comments?post=290576"}],"version-history":[{"count":0,"href":"https:\/\/www.v-valley.com\/pt\/wp-json\/wp\/v2\/pages\/290576\/revisions"}],"up":[{"embeddable":true,"href":"https:\/\/www.v-valley.com\/pt\/wp-json\/wp\/v2\/pages\/290526"}],"wp:attachment":[{"href":"https:\/\/www.v-valley.com\/pt\/wp-json\/wp\/v2\/media?parent=290576"}],"curies":[{"name":"wp","href":"https:\/\/api.w.org\/{rel}","templated":true}]}}