{"id":290573,"date":"2022-10-27T11:27:36","date_gmt":"2022-10-27T09:27:36","guid":{"rendered":"https:\/\/www.v-valley.com\/vendor\/poly\/"},"modified":"2023-11-22T15:59:30","modified_gmt":"2023-11-22T14:59:30","slug":"poly","status":"publish","type":"page","link":"https:\/\/www.v-valley.com\/pt\/vendor\/poly\/","title":{"rendered":"Poly"},"content":{"rendered":"\r\n\r\n\t\t\t\t<img loading=\"lazy\" decoding=\"async\" src=\"https:\/\/statics.v-valley.com\/prod\/2022\/10\/logo_Poly.png\" alt=\"logo_Poly\" itemprop=\"image\" height=\"55\" width=\"140\" title=\"logo_Poly\" onerror=\"this.style.display='none'\"  \/>\r\n\t\t\t\t<img decoding=\"async\" src=\"https:\/\/www.v-valley.com\/wp-content\/plugins\/bb-plugin\/img\/pixel.png\" alt=\"\" itemprop=\"image\" onerror=\"this.style.display='none'\"  \/>\r\n<h2>\r\n\t\tQUEM \u00c9 POLY?\r\n\t<\/h2>\r\n\t<p>&#8220;&#8221;Poly&#8221;&#8221; (anteriormente conhecida como Plantronics e Polycom) \u00e9 uma empresa global de comunica\u00e7\u00f5es que promove a conex\u00e3o e a colabora\u00e7\u00e3o entre as pessoas. A Poly combina sua lend\u00e1ria experi\u00eancia em \u00e1udio com poderosas funcionalidades de v\u00eddeo e confer\u00eancia para superar as distra\u00e7\u00f5es, a complexidade e a dist\u00e2ncia que dificultam a comunica\u00e7\u00e3o dentro e fora do local de trabalho.<\/p>\r\n<p>A Poly acredita em solu\u00e7\u00f5es que facilitam a vida ao trabalhar em conjunto com os servi\u00e7os dos nossos parceiros. Os seus auscultadores, software, telefones de mesa, \u00e1udio e videoconfer\u00eancia, an\u00e1lise e servi\u00e7os s\u00e3o utilizados em todo o mundo e s\u00e3o a escolha acertada para todos os tipos de ambientes de trabalho.<\/p>\r\n<h2>\r\n\t\tPRODUTOS POLY\r\n\t<\/h2>\r\n\t<p>As solu\u00e7\u00f5es da Poly simplificam as comunica\u00e7\u00f5es de \u00e1udio e v\u00eddeo. Com nossos auscultadores, headsets e altifalantes da marca, os profissionais podem concentrar-se na mensagem que precisam de transmitir sem terem que se preocupar com o dispositivo que est\u00e3o a utilizar para transmiti-la.<\/p>\r\n\t<p>Auscultadores profissionais com fio<\/p>\r\n\t<p>Auscultadores e headphones profissionais Bluetooth<\/p>\r\n\t<p>Auscultadores e headphones profissionais sem fio<\/p>\r\n\t<p>Altifalantes<\/p>\r\n\t<p>Equipamentos de videoconfer\u00eancia<\/p>\r\n\r\n","protected":false},"excerpt":{"rendered":"<p>QUEM \u00c9 POLY? &#8220;&#8221;Poly&#8221;&#8221; (anteriormente conhecida como Plantronics e Polycom) \u00e9 uma empresa global de comunica\u00e7\u00f5es que promove a conex\u00e3o e a colabora\u00e7\u00e3o entre as pessoas. A Poly combina sua lend\u00e1ria experi\u00eancia em \u00e1udio com poderosas funcionalidades de v\u00eddeo e confer\u00eancia para superar as distra\u00e7\u00f5es, a complexidade e a dist\u00e2ncia que dificultam a comunica\u00e7\u00e3o dentro [&hellip;]<\/p>\n","protected":false},"author":7,"featured_media":0,"parent":290526,"menu_order":0,"comment_status":"closed","ping_status":"closed","template":"templates\/template-vendor-category.php","meta":{"_acf_changed":false,"_genesis_hide_title":false,"_genesis_hide_breadcrumbs":false,"_genesis_hide_singular_image":false,"_genesis_hide_footer_widgets":false,"_genesis_custom_body_class":"","_genesis_custom_post_class":"","_genesis_layout":"","footnotes":""},"class_list":{"0":"post-290573","1":"page","2":"type-page","3":"status-publish","5":"entry"},"acf":[],"_links":{"self":[{"href":"https:\/\/www.v-valley.com\/pt\/wp-json\/wp\/v2\/pages\/290573","targetHints":{"allow":["GET"]}}],"collection":[{"href":"https:\/\/www.v-valley.com\/pt\/wp-json\/wp\/v2\/pages"}],"about":[{"href":"https:\/\/www.v-valley.com\/pt\/wp-json\/wp\/v2\/types\/page"}],"author":[{"embeddable":true,"href":"https:\/\/www.v-valley.com\/pt\/wp-json\/wp\/v2\/users\/7"}],"replies":[{"embeddable":true,"href":"https:\/\/www.v-valley.com\/pt\/wp-json\/wp\/v2\/comments?post=290573"}],"version-history":[{"count":0,"href":"https:\/\/www.v-valley.com\/pt\/wp-json\/wp\/v2\/pages\/290573\/revisions"}],"up":[{"embeddable":true,"href":"https:\/\/www.v-valley.com\/pt\/wp-json\/wp\/v2\/pages\/290526"}],"wp:attachment":[{"href":"https:\/\/www.v-valley.com\/pt\/wp-json\/wp\/v2\/media?parent=290573"}],"curies":[{"name":"wp","href":"https:\/\/api.w.org\/{rel}","templated":true}]}}