{"id":290566,"date":"2022-10-26T18:58:55","date_gmt":"2022-10-26T16:58:55","guid":{"rendered":"https:\/\/www.v-valley.com\/vendor\/juniper\/"},"modified":"2024-07-24T09:51:17","modified_gmt":"2024-07-24T07:51:17","slug":"juniper","status":"publish","type":"page","link":"https:\/\/www.v-valley.com\/pt\/vendor\/juniper\/","title":{"rendered":"Juniper"},"content":{"rendered":"\n\n\t\t\t\t<img loading=\"lazy\" decoding=\"async\" src=\"https:\/\/statics.v-valley.com\/prod\/2022\/10\/logo_juniper.gif\" alt=\"logo_juniper\" itemprop=\"image\" height=\"55\" width=\"140\" title=\"logo_juniper\" onerror=\"this.style.display='none'\"  \/>\n<h2>\n\t\tQUEM \u00c9 JUNIPER?\n\t<\/h2>\n\t<p>Com a Juniper Networks, a V-Valley refor\u00e7a sua oferta de produtos ao introduzir uma marca l\u00edder em solu\u00e7\u00f5es de rede e seguran\u00e7a na era da nuvem, intelig\u00eancia artificial e 5G. Desde Junos at\u00e9 Apstra e de Paragon a Mist AI, a Juniper Networks ultrapassa limites em previsibilidade, programabilidade, automatiza\u00e7\u00e3o e an\u00e1lise de dados. Com foco na experi\u00eancia, \u00e9 poss\u00edvel criar redes \u00e1geis que excedam as expectativas dos clientes. A intelig\u00eancia artificial da Juniper Networks, l\u00edder no setor, aumenta o tempo de funcionamento e resolve problemas antes mesmo de surgirem.<\/p>\n<h2>\n\t\tPRODUTOS JUNIPER\n\t<\/h2>\n\t<p>As solu\u00e7\u00f5es que prop\u00f5e s\u00e3o direcionadas para grandes empresas, PMEs e fornecedores de servi\u00e7os. Atrav\u00e9s da sua ampla oferta, a Juniper Networks \u00e9 capaz de adicionar \u00e0 sua linha de produtos cl\u00e1ssicos, como switches, roteadores, firewalls e pontos de acesso, a inova\u00e7\u00e3o da intelig\u00eancia artificial, machine learning e IoT.<\/p>\n<p>As solu\u00e7\u00f5es oferecidas permitem realizar projetos com um alto n\u00edvel de efici\u00eancia, desde centros de dados cr\u00edticos para o neg\u00f3cio at\u00e9 \u00e0s solu\u00e7\u00f5es multinuvem mais avan\u00e7adas, passando pela automatiza\u00e7\u00e3o de toda a gest\u00e3o de redes com fio e sem fio.<\/p>\n\t<p>Comutadores<\/p>\n\t<p>Pontos de acesso<\/p>\n\t<p>Routers<\/p>\n\t<p>Centros de dados<\/p>\n\t<p>SD WAN<\/p>\n\n","protected":false},"excerpt":{"rendered":"<p>QUEM \u00c9 JUNIPER? Com a Juniper Networks, a V-Valley refor\u00e7a sua oferta de produtos ao introduzir uma marca l\u00edder em solu\u00e7\u00f5es de rede e seguran\u00e7a na era da nuvem, intelig\u00eancia artificial e 5G. Desde Junos at\u00e9 Apstra e de Paragon a Mist AI, a Juniper Networks ultrapassa limites em previsibilidade, programabilidade, automatiza\u00e7\u00e3o e an\u00e1lise de [&hellip;]<\/p>\n","protected":false},"author":7,"featured_media":0,"parent":290526,"menu_order":0,"comment_status":"closed","ping_status":"closed","template":"templates\/template-vendor-category.php","meta":{"_acf_changed":false,"_genesis_hide_title":false,"_genesis_hide_breadcrumbs":false,"_genesis_hide_singular_image":false,"_genesis_hide_footer_widgets":false,"_genesis_custom_body_class":"","_genesis_custom_post_class":"","_genesis_layout":"","footnotes":""},"class_list":{"0":"post-290566","1":"page","2":"type-page","3":"status-publish","5":"entry"},"acf":[],"_links":{"self":[{"href":"https:\/\/www.v-valley.com\/pt\/wp-json\/wp\/v2\/pages\/290566","targetHints":{"allow":["GET"]}}],"collection":[{"href":"https:\/\/www.v-valley.com\/pt\/wp-json\/wp\/v2\/pages"}],"about":[{"href":"https:\/\/www.v-valley.com\/pt\/wp-json\/wp\/v2\/types\/page"}],"author":[{"embeddable":true,"href":"https:\/\/www.v-valley.com\/pt\/wp-json\/wp\/v2\/users\/7"}],"replies":[{"embeddable":true,"href":"https:\/\/www.v-valley.com\/pt\/wp-json\/wp\/v2\/comments?post=290566"}],"version-history":[{"count":0,"href":"https:\/\/www.v-valley.com\/pt\/wp-json\/wp\/v2\/pages\/290566\/revisions"}],"up":[{"embeddable":true,"href":"https:\/\/www.v-valley.com\/pt\/wp-json\/wp\/v2\/pages\/290526"}],"wp:attachment":[{"href":"https:\/\/www.v-valley.com\/pt\/wp-json\/wp\/v2\/media?parent=290566"}],"curies":[{"name":"wp","href":"https:\/\/api.w.org\/{rel}","templated":true}]}}