{"id":290563,"date":"2022-10-26T18:32:39","date_gmt":"2022-10-26T16:32:39","guid":{"rendered":"https:\/\/www.v-valley.com\/vendor\/adobe\/"},"modified":"2024-07-24T09:48:47","modified_gmt":"2024-07-24T07:48:47","slug":"adobe","status":"publish","type":"page","link":"https:\/\/www.v-valley.com\/pt\/vendor\/adobe\/","title":{"rendered":"Adobe"},"content":{"rendered":"\n\n\t\t\t\t<img loading=\"lazy\" decoding=\"async\" src=\"https:\/\/statics.v-valley.com\/prod\/2022\/10\/logo_Adobe.gif\" alt=\"logo_Adobe\" itemprop=\"image\" height=\"55\" width=\"140\" title=\"logo_Adobe\" onerror=\"this.style.display='none'\"  \/>\n<h2>\n\t\tQUEM \u00c9 ADOBE?\n\t<\/h2>\n\t<p>Adobe \u00e9 uma empresa l\u00edder mundial com solu\u00e7\u00f5es profissionais de criatividade e design, assim como de edi\u00e7\u00e3o de PDF e assinatura eletr\u00f3nica.<\/p>\n<h2>\n\t\tPRODUTOS ADOBE\n\t<\/h2>\n\t<p>A Adobe \u00e9 uma refer\u00eancia inquestion\u00e1vel em solu\u00e7\u00f5es profissionais no campo gr\u00e1fico, assim como nos campos de criatividade e design. Durante anos, o software da Adobe tem acompanhado designers gr\u00e1ficos, estudantes e profissionais nos seus processos criativos. As solu\u00e7\u00f5es da Adobe s\u00e3o variadas, assim como as necessidades dos clientes em todo o mundo, que utilizam os seus produtos diariamente nas \u00e1reas de criatividade e gest\u00e3o documental.<\/p>\n\t<p>Suites de escrit\u00f3rio<\/p>\n\t<p>Software<\/p>\n\t<p>Gest\u00e3o documental<\/p>\n\t<p>Gr\u00e1ficos<\/p>\n\t<p>Criatividade e design<\/p>\n\t<p>Colabora\u00e7\u00e3o<\/p>\n\t<p>Solu\u00e7\u00f5es na nuvem<\/p>\n\n","protected":false},"excerpt":{"rendered":"<p>QUEM \u00c9 ADOBE? Adobe \u00e9 uma empresa l\u00edder mundial com solu\u00e7\u00f5es profissionais de criatividade e design, assim como de edi\u00e7\u00e3o de PDF e assinatura eletr\u00f3nica. PRODUTOS ADOBE A Adobe \u00e9 uma refer\u00eancia inquestion\u00e1vel em solu\u00e7\u00f5es profissionais no campo gr\u00e1fico, assim como nos campos de criatividade e design. Durante anos, o software da Adobe tem acompanhado [&hellip;]<\/p>\n","protected":false},"author":7,"featured_media":0,"parent":290526,"menu_order":0,"comment_status":"closed","ping_status":"closed","template":"templates\/template-vendor-category.php","meta":{"_acf_changed":false,"_genesis_hide_title":false,"_genesis_hide_breadcrumbs":false,"_genesis_hide_singular_image":false,"_genesis_hide_footer_widgets":false,"_genesis_custom_body_class":"","_genesis_custom_post_class":"","_genesis_layout":"","footnotes":""},"class_list":{"0":"post-290563","1":"page","2":"type-page","3":"status-publish","5":"entry"},"acf":[],"_links":{"self":[{"href":"https:\/\/www.v-valley.com\/pt\/wp-json\/wp\/v2\/pages\/290563","targetHints":{"allow":["GET"]}}],"collection":[{"href":"https:\/\/www.v-valley.com\/pt\/wp-json\/wp\/v2\/pages"}],"about":[{"href":"https:\/\/www.v-valley.com\/pt\/wp-json\/wp\/v2\/types\/page"}],"author":[{"embeddable":true,"href":"https:\/\/www.v-valley.com\/pt\/wp-json\/wp\/v2\/users\/7"}],"replies":[{"embeddable":true,"href":"https:\/\/www.v-valley.com\/pt\/wp-json\/wp\/v2\/comments?post=290563"}],"version-history":[{"count":0,"href":"https:\/\/www.v-valley.com\/pt\/wp-json\/wp\/v2\/pages\/290563\/revisions"}],"up":[{"embeddable":true,"href":"https:\/\/www.v-valley.com\/pt\/wp-json\/wp\/v2\/pages\/290526"}],"wp:attachment":[{"href":"https:\/\/www.v-valley.com\/pt\/wp-json\/wp\/v2\/media?parent=290563"}],"curies":[{"name":"wp","href":"https:\/\/api.w.org\/{rel}","templated":true}]}}