{"id":290560,"date":"2022-10-26T18:25:07","date_gmt":"2022-10-26T16:25:07","guid":{"rendered":"https:\/\/www.v-valley.com\/vendor\/foxit\/"},"modified":"2024-07-24T09:50:59","modified_gmt":"2024-07-24T07:50:59","slug":"foxit","status":"publish","type":"page","link":"https:\/\/www.v-valley.com\/pt\/vendor\/foxit\/","title":{"rendered":"Foxit"},"content":{"rendered":"\n\n\t\t\t\t<img loading=\"lazy\" decoding=\"async\" src=\"https:\/\/statics.v-valley.com\/prod\/2022\/10\/logo_foxit.gif\" alt=\"logo_foxit\" itemprop=\"image\" height=\"55\" width=\"140\" title=\"logo_foxit\" onerror=\"this.style.display='none'\"  \/>\n<h2>\n\t\tQUEM \u00c9 FOXIT?\n\t<\/h2>\n\t<p>Foxit \u00e9 uma empresa especializada em solu\u00e7\u00f5es documentais profissionais de edi\u00e7\u00e3o de PDF e assinatura eletr\u00f3nica.<\/p>\n<h2>\n\t\tPRODUTOS FOXIT\n\t<\/h2>\n\t<p>Foxit \u00e9 uma empresa especializada em solu\u00e7\u00f5es de gest\u00e3o documental de EDI\u00c7\u00c3O de PDF e ASSINATURA ELETR\u00d3NICA, eficazes, simples e perfeitamente integradas no mundo Microsoft, adapt\u00e1veis de forma flex\u00edvel \u00e0s necessidades de qualquer empresa, desde as maiores at\u00e9 as mais pequenas, de forma a garantir qualidade e fiabilidade a pre\u00e7os e margens competitivos.<\/p>\n\t<p>Suites de escrit\u00f3rio<\/p>\n\t<p>Software<\/p>\n\t<p>Gest\u00e3o documental<\/p>\n\t<p>Colabora\u00e7\u00e3o<\/p>\n\t<p>Solu\u00e7\u00f5es na nuvem<\/p>\n\n","protected":false},"excerpt":{"rendered":"<p>QUEM \u00c9 FOXIT? Foxit \u00e9 uma empresa especializada em solu\u00e7\u00f5es documentais profissionais de edi\u00e7\u00e3o de PDF e assinatura eletr\u00f3nica. PRODUTOS FOXIT Foxit \u00e9 uma empresa especializada em solu\u00e7\u00f5es de gest\u00e3o documental de EDI\u00c7\u00c3O de PDF e ASSINATURA ELETR\u00d3NICA, eficazes, simples e perfeitamente integradas no mundo Microsoft, adapt\u00e1veis de forma flex\u00edvel \u00e0s necessidades de qualquer empresa, [&hellip;]<\/p>\n","protected":false},"author":7,"featured_media":0,"parent":290526,"menu_order":0,"comment_status":"closed","ping_status":"closed","template":"templates\/template-vendor-category.php","meta":{"_acf_changed":false,"_genesis_hide_title":false,"_genesis_hide_breadcrumbs":false,"_genesis_hide_singular_image":false,"_genesis_hide_footer_widgets":false,"_genesis_custom_body_class":"","_genesis_custom_post_class":"","_genesis_layout":"","footnotes":""},"class_list":{"0":"post-290560","1":"page","2":"type-page","3":"status-publish","5":"entry"},"acf":[],"_links":{"self":[{"href":"https:\/\/www.v-valley.com\/pt\/wp-json\/wp\/v2\/pages\/290560","targetHints":{"allow":["GET"]}}],"collection":[{"href":"https:\/\/www.v-valley.com\/pt\/wp-json\/wp\/v2\/pages"}],"about":[{"href":"https:\/\/www.v-valley.com\/pt\/wp-json\/wp\/v2\/types\/page"}],"author":[{"embeddable":true,"href":"https:\/\/www.v-valley.com\/pt\/wp-json\/wp\/v2\/users\/7"}],"replies":[{"embeddable":true,"href":"https:\/\/www.v-valley.com\/pt\/wp-json\/wp\/v2\/comments?post=290560"}],"version-history":[{"count":0,"href":"https:\/\/www.v-valley.com\/pt\/wp-json\/wp\/v2\/pages\/290560\/revisions"}],"up":[{"embeddable":true,"href":"https:\/\/www.v-valley.com\/pt\/wp-json\/wp\/v2\/pages\/290526"}],"wp:attachment":[{"href":"https:\/\/www.v-valley.com\/pt\/wp-json\/wp\/v2\/media?parent=290560"}],"curies":[{"name":"wp","href":"https:\/\/api.w.org\/{rel}","templated":true}]}}