{"id":290557,"date":"2022-10-26T18:16:05","date_gmt":"2022-10-26T16:16:05","guid":{"rendered":"https:\/\/www.v-valley.com\/vendor\/zebra\/"},"modified":"2024-07-24T09:54:21","modified_gmt":"2024-07-24T07:54:21","slug":"zebra","status":"publish","type":"page","link":"https:\/\/www.v-valley.com\/pt\/vendor\/zebra\/","title":{"rendered":"Zebra"},"content":{"rendered":"\n\n\t\t\t\t<img loading=\"lazy\" decoding=\"async\" src=\"https:\/\/statics.v-valley.com\/prod\/2022\/10\/logo_zebra.gif\" alt=\"logo_zebra\" itemprop=\"image\" height=\"55\" width=\"140\" title=\"logo_zebra\" onerror=\"this.style.display='none'\"  \/>\n<h2>\n\t\t  QUEM \u00c9 ZEBRA?\n\t<\/h2>\n\t<p>Zebra Technologies \u00e9 l\u00edder mundial h\u00e1 mais de 50 anos em solu\u00e7\u00f5es de identifica\u00e7\u00e3o autom\u00e1tica, com especial foco em vendas a retalho\/com\u00e9rcio eletr\u00f3nico, fabrico, transporte e log\u00edstica para o setor da sa\u00fade e o setor p\u00fablico. As solu\u00e7\u00f5es de Zebra foram desenvolvidas para otimizar opera\u00e7\u00f5es e fluxos de trabalho e ajudar os clientes a tomar decis\u00f5es operacionais, fornecendo a informa\u00e7\u00e3o necess\u00e1ria para alcan\u00e7ar os melhores resultados.<\/p>\n<h2>\n\t\tPRODUTOS ZEBRA\n\t<\/h2>\n\t<p>Zebra \u00e9 l\u00edder no setor de identifica\u00e7\u00e3o autom\u00e1tica (auto-ID), com solu\u00e7\u00f5es de impress\u00e3o t\u00e9rmica tanto para escrit\u00f3rios (administra\u00e7\u00e3o p\u00fablica, hospitais ou com\u00e9rcio a retalho) como para ind\u00fastrias e disponibiliza impressoras capazes de trabalhar 24 horas por dia, 365 dias por ano, em ambientes complexos, como log\u00edstica ou fabrica\u00e7\u00e3o. Os seus sistemas de leitura, que incluem leitores de c\u00f3digos de barras, computadores port\u00e1teis robustos, tablets e solu\u00e7\u00f5es RFID pr\u00f3prias, s\u00e3o utilizados diariamente por empresas de log\u00edstica, supermercados, lojas de retalho, hospitais e escrit\u00f3rios p\u00fablicos e privados.<\/p>\n\t<p>Impressoras t\u00e9rmicas e cart\u00f5es<\/p>\n\t<p>Leitores de c\u00f3digos de barras<\/p>\n\t<p>Computadores port\u00e1teis<\/p>\n\t<p>Tablets e RFID<\/p>\n\n","protected":false},"excerpt":{"rendered":"<p>QUEM \u00c9 ZEBRA? Zebra Technologies \u00e9 l\u00edder mundial h\u00e1 mais de 50 anos em solu\u00e7\u00f5es de identifica\u00e7\u00e3o autom\u00e1tica, com especial foco em vendas a retalho\/com\u00e9rcio eletr\u00f3nico, fabrico, transporte e log\u00edstica para o setor da sa\u00fade e o setor p\u00fablico. As solu\u00e7\u00f5es de Zebra foram desenvolvidas para otimizar opera\u00e7\u00f5es e fluxos de trabalho e ajudar os [&hellip;]<\/p>\n","protected":false},"author":7,"featured_media":0,"parent":290526,"menu_order":0,"comment_status":"closed","ping_status":"closed","template":"templates\/template-vendor-category.php","meta":{"_acf_changed":false,"_genesis_hide_title":false,"_genesis_hide_breadcrumbs":false,"_genesis_hide_singular_image":false,"_genesis_hide_footer_widgets":false,"_genesis_custom_body_class":"","_genesis_custom_post_class":"","_genesis_layout":"","footnotes":""},"class_list":{"0":"post-290557","1":"page","2":"type-page","3":"status-publish","5":"entry"},"acf":[],"_links":{"self":[{"href":"https:\/\/www.v-valley.com\/pt\/wp-json\/wp\/v2\/pages\/290557","targetHints":{"allow":["GET"]}}],"collection":[{"href":"https:\/\/www.v-valley.com\/pt\/wp-json\/wp\/v2\/pages"}],"about":[{"href":"https:\/\/www.v-valley.com\/pt\/wp-json\/wp\/v2\/types\/page"}],"author":[{"embeddable":true,"href":"https:\/\/www.v-valley.com\/pt\/wp-json\/wp\/v2\/users\/7"}],"replies":[{"embeddable":true,"href":"https:\/\/www.v-valley.com\/pt\/wp-json\/wp\/v2\/comments?post=290557"}],"version-history":[{"count":0,"href":"https:\/\/www.v-valley.com\/pt\/wp-json\/wp\/v2\/pages\/290557\/revisions"}],"up":[{"embeddable":true,"href":"https:\/\/www.v-valley.com\/pt\/wp-json\/wp\/v2\/pages\/290526"}],"wp:attachment":[{"href":"https:\/\/www.v-valley.com\/pt\/wp-json\/wp\/v2\/media?parent=290557"}],"curies":[{"name":"wp","href":"https:\/\/api.w.org\/{rel}","templated":true}]}}