{"id":83898,"date":"2023-02-24T16:29:18","date_gmt":"2023-02-24T15:29:18","guid":{"rendered":"https:\/\/www.v-valley.com\/?page_id=83898"},"modified":"2023-02-24T16:29:18","modified_gmt":"2023-02-24T15:29:18","slug":"teldat","status":"publish","type":"page","link":"https:\/\/www.v-valley.com\/it\/vendor\/teldat\/","title":{"rendered":"Teldat"},"content":{"rendered":"\n\n\t\t\t\t<img loading=\"lazy\" decoding=\"async\" src=\"https:\/\/statics.v-valley.com\/prod\/2023\/02\/logo_teldat.gif\" alt=\"logo_teldat\" itemprop=\"image\" height=\"55\" width=\"140\" title=\"logo_teldat\" onerror=\"this.style.display='none'\"  \/>\n<h2>\n\t\tCHI \u00c8 TELDAT?\n\t<\/h2>\n\t<p>Teldat Group con sede principale a Madrid \u00e8 uno dei principali produttori e fornitori europei di soluzioni avanzate di comunicazione e sicurezza informatica per grandi aziende, PMI, societ\u00e0 di pubblica utilit\u00e0, clienti industriali, e dei trasporti pubblici su gomma e ferroviario. La societ\u00e0 \u00e8 stata fondata nel 1985 con l&#8217;obiettivo di progettare, sviluppare, produrre e commercializzare prodotti tecnologici ad alte prestazioni nel settore delle telecomunicazioni. Teldat Group investe molto in ricerca e sviluppo e include tecnologie innovative e sofisticate come Network Virtualization, 5G, Intelligenza Artificiale, IoT o Block Chain nella progettazione e nello sviluppo delle sue soluzioni.<\/p>\n<h2>\n\t\tI PRODOTTI DI TELDAT\n\t<\/h2>\n\t<p>La missione di Teldat \u00e8 quella di fornire un portfolio di prodotti e soluzioni per le PMI consentendo loro di collegare luoghi separati via VPN e proteggere le proprie reti con la tecnologia state-of-the-art. L&#8217;offerta Teldat permette anche di collegare alla sede centrale dipendenti mobili e rende disponibili infrastrutture di telecomunicazione e wireless LAN flessibili, affidabili e ad alte prestazioni che offrono una gamma completa di funzionalit\u00e0. Le soluzioni Teldat soddisfano le esigenze specifiche degli utenti professionali, permettendo loro di padroneggiare con facilit\u00e0 le sfide delle infrastrutture ICT. Un capitolo a s\u00e9 merita il settore automotive e ferroviario con soluzioni all&#8217;avanguardia che abilitano la connettivit\u00e0 a banda larga sui veicoli per servizi multimediali ed accesso Internet per i passeggeri.<\/p>\n\t<p>Enterprise Router<\/p>\n\t<p>VPN Gateway<\/p>\n\t<p>Router Industriale<\/p>\n\t<p>IEC101\/104 Gateway<\/p>\n\t<p>Enterprise Router 4G\/5G<\/p>\n\t<p>Router 4G\/5G Ferroviario<\/p>\n\t<p>Access Point Ferroviario<\/p>\n\t<p>Router 4G \/5G Automotive<\/p>\n\t<p>IoT<\/p>\n\t<p>Network Traffic Analyzer<\/p>\n\t<p>SDWAN<\/p>\n\t<p>NGF<\/p>\n\t<p>SWG<\/p>\n\t<p>SASE<\/p>\n\t<p>SDWAN OT e IT Cybersecurity<\/p>\n\t<p>Wireless Access Point<\/p>\n\t<p>IPBX<\/p>\n\n","protected":false},"excerpt":{"rendered":"<p>CHI \u00c8 TELDAT? Teldat Group con sede principale a Madrid \u00e8 uno dei principali produttori e fornitori europei di soluzioni avanzate di comunicazione e sicurezza informatica per grandi aziende, PMI, societ\u00e0 di pubblica utilit\u00e0, clienti industriali, e dei trasporti pubblici su gomma e ferroviario. La societ\u00e0 \u00e8 stata fondata nel 1985 con l&#8217;obiettivo di progettare, [&hellip;]<\/p>\n","protected":false},"author":6,"featured_media":0,"parent":465,"menu_order":0,"comment_status":"closed","ping_status":"closed","template":"templates\/template-vendor-category.php","meta":{"_acf_changed":false,"_genesis_hide_title":false,"_genesis_hide_breadcrumbs":false,"_genesis_hide_singular_image":false,"_genesis_hide_footer_widgets":false,"_genesis_custom_body_class":"","_genesis_custom_post_class":"","_genesis_layout":"","footnotes":""},"class_list":{"0":"post-83898","1":"page","2":"type-page","3":"status-publish","5":"entry"},"acf":[],"_links":{"self":[{"href":"https:\/\/www.v-valley.com\/it\/wp-json\/wp\/v2\/pages\/83898","targetHints":{"allow":["GET"]}}],"collection":[{"href":"https:\/\/www.v-valley.com\/it\/wp-json\/wp\/v2\/pages"}],"about":[{"href":"https:\/\/www.v-valley.com\/it\/wp-json\/wp\/v2\/types\/page"}],"author":[{"embeddable":true,"href":"https:\/\/www.v-valley.com\/it\/wp-json\/wp\/v2\/users\/6"}],"replies":[{"embeddable":true,"href":"https:\/\/www.v-valley.com\/it\/wp-json\/wp\/v2\/comments?post=83898"}],"version-history":[{"count":0,"href":"https:\/\/www.v-valley.com\/it\/wp-json\/wp\/v2\/pages\/83898\/revisions"}],"up":[{"embeddable":true,"href":"https:\/\/www.v-valley.com\/it\/wp-json\/wp\/v2\/pages\/465"}],"wp:attachment":[{"href":"https:\/\/www.v-valley.com\/it\/wp-json\/wp\/v2\/media?parent=83898"}],"curies":[{"name":"wp","href":"https:\/\/api.w.org\/{rel}","templated":true}]}}