{"id":80607,"date":"2022-11-07T12:41:38","date_gmt":"2022-11-07T11:41:38","guid":{"rendered":"https:\/\/www.v-valley.com\/?page_id=80607"},"modified":"2024-01-26T17:18:27","modified_gmt":"2024-01-26T16:18:27","slug":"servizi-v-valley-cloud","status":"publish","type":"page","link":"https:\/\/www.v-valley.com\/it\/soluzioni\/cloud\/servizi-v-valley-cloud\/","title":{"rendered":"Servizi V-Valley Cloud"},"content":{"rendered":"\r\n<h2>SCOPRI I NOSTRI SERVIZI CLOUD A SUPPORTO DEL TUO BUSINESS<\/h2>\r\n<p>Con il supporto del nostro team, ti aiutiamo a far decollare il tuo business attraverso servizi di <strong>help desk<\/strong>, <strong>migrazione<\/strong>, <strong>assessment di sicurezza<\/strong> e <strong>analisi funzionali di progetto<\/strong>.<\/p>\r\n<p>Esplora i servizi offerti da V-Valley e contatta immediatamente i nostri specialisti Cloud per potenziare il tuo business.<\/p>\r\n<p><a role=\"button\" href=\"#form\" target=\"_self\" rel=\"noopener\"> CONTATTACI <\/a> <img loading=\"lazy\" decoding=\"async\" title=\"cerchio-singolo-servizi-supporto\" src=\"https:\/\/statics.v-valley.com\/prod\/2022\/11\/cerchio-singolo-servizi-supporto.png\" alt=\"cerchio-singolo-servizi-supporto\" width=\"600\" height=\"600\" \/><\/p>\r\n<h4>Servizi professionali standard<\/h4>\r\n<p><a role=\"button\" href=\"#servizi-professionali-standard\" target=\"_self\" rel=\"noopener\"> SCOPRI IL SERVIZIO <\/a> <img loading=\"lazy\" decoding=\"async\" title=\"cerchio-singolo-servizi-enablement\" src=\"https:\/\/statics.v-valley.com\/prod\/2022\/11\/cerchio-singolo-servizi-enablement.png\" alt=\"cerchio-singolo-servizi-enablement\" width=\"600\" height=\"600\" \/><\/p>\r\n<h4>Servizi professionali a progetto<\/h4>\r\n<p><a role=\"button\" href=\"#servizi-professionali-a-progetto\" target=\"_self\" rel=\"noopener\"> SCOPRI IL SERVIZIO <\/a> <a name=\"servizi-professionali-standard\"><\/a><\/p>\r\n<h3>SERVIZI PROFESSIONALI STANDARD<\/h3>\r\n<p><img loading=\"lazy\" decoding=\"async\" title=\"logo-microsoft\" src=\"https:\/\/statics.v-valley.com\/prod\/2022\/09\/logo-microsoft.png\" alt=\"logo-microsoft\" width=\"193\" height=\"43\" \/> <img loading=\"lazy\" decoding=\"async\" title=\"logo_microsoft_azure\" src=\"https:\/\/statics.v-valley.com\/prod\/2022\/11\/logo_microsoft_azure.gif\" alt=\"logo_microsoft_azure\" width=\"140\" height=\"55\" \/><\/p>\r\n<h3>SUPPORTO I LIVELLO 8X5<\/h3>\r\n<p>Il servizio di assistenza di I LIVELLO 8X5 offre ai rivenditori un supporto tecnico gratuito relativo ai servizi Microsoft 365 e Azure, fornendo una copertura completa per tutti gli incidenti tecnici e offrendo assistenza attraverso indicazioni, materiale informativo o l&#8217;apertura di ticket.<\/p>\r\n<p><strong>Assistenza:<\/strong> dal luned\u00ec &#8211; venerd\u00ec 09:00 &#8211; 13:00 \/ 14:00 &#8211; 18:00<\/p>\r\n<p><strong>Accesso<\/strong> rivolto solo ai rivenditori, tramite email riservata<\/p>\r\n<p><strong>SLA<\/strong> del servizio: presa in carico entro 1,5 ore lavorative<\/p>\r\n<p><a role=\"button\" href=\"#form\" target=\"_self\" rel=\"noopener\"> CONTATTA IL NOSTRO TEAM <\/a> <img loading=\"lazy\" decoding=\"async\" title=\"logo-microsoft\" src=\"https:\/\/statics.v-valley.com\/prod\/2022\/09\/logo-microsoft.png\" alt=\"logo-microsoft\" width=\"193\" height=\"43\" \/> <img loading=\"lazy\" decoding=\"async\" title=\"logo_microsoft_azure\" src=\"https:\/\/statics.v-valley.com\/prod\/2022\/11\/logo_microsoft_azure.gif\" alt=\"logo_microsoft_azure\" width=\"140\" height=\"55\" \/><\/p>\r\n<h3>SUPPORTO I LIVELLO 24X7<\/h3>\r\n<p>Il supporto di I livello H24 \u00e8 pensato per i rivenditori che desiderano delegare la gestione e l&#8217;apertura di ticket per ogni incident tecnico relativo ai servizi Microsoft 365 e Azure. Questo servizio aggiuntivo \u00e8 offerto nella stessa modalit\u00e0 del I Livello standard, ma con disponibilit\u00e0 24&#215;7.<\/p>\r\n<p><a role=\"button\" href=\"#form\" target=\"_self\" rel=\"noopener\"> CONTATTA IL NOSTRO TEAM <\/a> <img loading=\"lazy\" decoding=\"async\" title=\"logo-microsoft\" src=\"https:\/\/statics.v-valley.com\/prod\/2022\/09\/logo-microsoft.png\" alt=\"logo-microsoft\" width=\"193\" height=\"43\" \/> <img loading=\"lazy\" decoding=\"async\" title=\"logo_microsoft_azure\" src=\"https:\/\/statics.v-valley.com\/prod\/2022\/11\/logo_microsoft_azure.gif\" alt=\"logo_microsoft_azure\" width=\"140\" height=\"55\" \/><\/p>\r\n<h3>SUPPORTO II LIVELLO 8X5<\/h3>\r\n<p>In aggiunta al servizio di help desk di I Livello, questo servizio aggiuntivo prevede la gestione dell&#8217;interfaccia di amministrazione, l&#8217;analisi, il provisioning, il monitoraggio e la comunicazione con il canale di supporto tecnico del fornitore, con l&#8217;obiettivo di risolvere ogni problema tecnico per conto del rivenditore.<\/p>\r\n<p>Inoltre, mediante questo servizio, il gruppo di lavoro si rende disponibile anche per offrire supporto proattivo ai clienti Azure di V-Valley nella gestione operativa delle macchine virtuali.<\/p>\r\n<p><strong>Assistenza:<\/strong> dal luned\u00ec &#8211; venerd\u00ec 09:00 &#8211; 13:00 \/ 14:00 &#8211; 18:00<\/p>\r\n<p><strong>Accesso<\/strong> rivolto ai rivenditori e clienti finali, tramite email e canale telefonico<\/p>\r\n<p><strong>SLA<\/strong> del servizio: presa in carico entro 1,5 ore lavorative<\/p>\r\n<p><a role=\"button\" href=\"#form\" target=\"_self\" rel=\"noopener\"> CONTATTA IL NOSTRO TEAM <\/a> <img loading=\"lazy\" decoding=\"async\" title=\"logo-microsoft\" src=\"https:\/\/statics.v-valley.com\/prod\/2022\/09\/logo-microsoft.png\" alt=\"logo-microsoft\" width=\"193\" height=\"43\" \/> <img loading=\"lazy\" decoding=\"async\" title=\"logo_microsoft_azure\" src=\"https:\/\/statics.v-valley.com\/prod\/2022\/11\/logo_microsoft_azure.gif\" alt=\"logo_microsoft_azure\" width=\"140\" height=\"55\" \/><\/p>\r\n<h3>SUPPORTO II LIVELLO 24X7<\/h3>\r\n<p>Il supporto di II livello H24 \u00e8 pensato per i rivenditori che intendono esternalizzare completamente la gestione del supporto tecnico di Microsoft 365 e Azure. Si tratta di un servizio completamente gestito che si occupa di prendere in carico la richiesta, analizzare il problema e gestire proattivamente ogni contatto con il servizio tecnico specializzato del fornitore per risolvere ogni problematica. La modalit\u00e0 \u00e8 analoga a quella del II Livello 8&#215;5, ma con disponibilit\u00e0 24&#215;7.<\/p>\r\n<p><a role=\"button\" href=\"#form\" target=\"_self\" rel=\"noopener\"> CONTATTA IL NOSTRO TEAM <\/a> <a name=\"servizi-professionali-a-progetto\"><\/a><\/p>\r\n<h3>SERVIZI PROFESSIONALI A PROGETTO<\/h3>\r\n<p><img loading=\"lazy\" decoding=\"async\" title=\"logo-microsoft\" src=\"https:\/\/statics.v-valley.com\/prod\/2022\/09\/logo-microsoft.png\" alt=\"logo-microsoft\" width=\"193\" height=\"43\" \/> <img loading=\"lazy\" decoding=\"async\" title=\"logo_microsoft_azure\" src=\"https:\/\/statics.v-valley.com\/prod\/2022\/11\/logo_microsoft_azure.gif\" alt=\"logo_microsoft_azure\" width=\"140\" height=\"55\" \/><\/p>\r\n<h3>SERVIZIO DI MIGRAZIONE A MICROSOFT 365 ED AZURE<\/h3>\r\n<p>Con questo servizio ci poniamo come obiettivo quello di supportare i nostri partner nell&#8217;attivit\u00e0 di migrazione alle soluzioni Cloud Microsoft 365 ed Azure.<br \/>L&#8217;attivit\u00e0 di migrazione a Microsoft 365 prevede i seguenti macro-passaggi:<\/p>\r\n<p><b>1. Assessment iniziale<\/b><\/p>\r\n<ul>\r\n<li>Identificazione del server sorgente (Exchange o altro server IMAP)<\/li>\r\n<li>Definizione del numero di caselle da migrare<\/li>\r\n<li>Definizione della modalit\u00e0 di migrazione (tutte le caselle contemporaneamente o un gruppo alla volta)<\/li>\r\n<\/ul>\r\n<p><b>2. Creazione della casella di posta elettronica<\/b><br \/><b>3. Migrazione<\/b><\/p>\r\n<ul>\r\n<li>Configurazione Client SI\/NO<\/li>\r\n<\/ul>\r\n<p><b>4. Decomissioning<\/b>\u00a0Exchange termine migrazione<\/p>\r\n<ul>\r\n<li>La migrazione ad Azure verr\u00e0 invece strutturata mediante un servizio a progetto<\/li>\r\n<\/ul>\r\n<p><a role=\"button\" href=\"#form\" target=\"_self\" rel=\"noopener\"> CONTATTA IL NOSTRO TEAM <\/a> <img loading=\"lazy\" decoding=\"async\" title=\"logo-microsoft\" src=\"https:\/\/statics.v-valley.com\/prod\/2022\/09\/logo-microsoft.png\" alt=\"logo-microsoft\" width=\"193\" height=\"43\" \/><\/p>\r\n<h3>BACKUP MANAGEMENT<\/h3>\r\n<p>V-Valley offre ai partner rivenditori un servizio completo di gestione delle copie di sicurezza dei dati aziendali per i tenant Microsoft 365 e Azure. In particolare, mettiamo a disposizione un team di specialisti che si occupa di pianificare, eseguire e monitorare regolarmente i backup, garantendo la disponibilit\u00e0 e l&#8217;integrit\u00e0 delle informazioni critiche.<\/p>\r\n<p><a role=\"button\" href=\"#form\" target=\"_self\" rel=\"noopener\"> CONTATTA IL NOSTRO TEAM <\/a> <img loading=\"lazy\" decoding=\"async\" title=\"logo-microsoft\" src=\"https:\/\/statics.v-valley.com\/prod\/2022\/09\/logo-microsoft.png\" alt=\"logo-microsoft\" width=\"193\" height=\"43\" \/><\/p>\r\n<h3>CYBER RISK ASSESSMENT<\/h3>\r\n<p>V-Valley mette a disposizione i suoi esperti per condurre valutazioni dettagliate delle vulnerabilit\u00e0 e dei rischi associati ai tenant Microsoft 365 e Azure. L&#8217;obiettivo primario \u00e8 implementare efficaci misure preventive e correttive, garantendo una maggiore sicurezza e protezione delle risorse aziendali.<\/p>\r\n<p><a role=\"button\" href=\"#form\" target=\"_self\" rel=\"noopener\"> CONTATTA IL NOSTRO TEAM <\/a> <img loading=\"lazy\" decoding=\"async\" title=\"logo-v-valley\" src=\"https:\/\/statics.v-valley.com\/prod\/2022\/11\/logo-v-valley.svg\" alt=\"logo-v-valley\" width=\"171\" height=\"39\" \/><\/p>\r\n<h3>ANALISI FUNZIONALE ERP e CRM<\/h3>\r\n<p>Nel contesto di un progetto di modernizzazione e migrazione di ERP e\/o CRM, V-Valley offre un servizio specializzato con esperti dedicati che mirano a comprenderne le esigenze tecnico-funzionali dell&#8217;organizzazione. Questo processo include l&#8217;identificazione dei requisiti specifici del business per definire gli obiettivi del progetto e delineare una soluzione in grado di soddisfare le esigenze operative.<\/p>\r\n<p><a role=\"button\" href=\"#form\" target=\"_self\" rel=\"noopener\"> CONTATTA IL NOSTRO TEAM <\/a> <img loading=\"lazy\" decoding=\"async\" title=\"logo-v-valley\" src=\"https:\/\/statics.v-valley.com\/prod\/2022\/11\/logo-v-valley.svg\" alt=\"logo-v-valley\" width=\"171\" height=\"39\" \/><\/p>\r\n<h3>PACCHETTI ORE SUPPORTO<\/h3>\r\n<p>Possibilit\u00e0 di definire pacchetti di ore di supporto e consulenza per interventi tecnici sistemistici relativi a progetti ad hoc.<\/p>\r\n<p><a role=\"button\" href=\"#form\" target=\"_self\" rel=\"noopener\"> CONTATTA IL NOSTRO TEAM <\/a> <img loading=\"lazy\" decoding=\"async\" title=\"logo-v-valley\" src=\"https:\/\/statics.v-valley.com\/prod\/2022\/11\/logo-v-valley.svg\" alt=\"logo-v-valley\" width=\"171\" height=\"39\" \/> <img loading=\"lazy\" decoding=\"async\" title=\"logo-serviceland\" src=\"https:\/\/statics.v-valley.com\/prod\/2022\/11\/logo-serviceland.png\" alt=\"logo-serviceland\" width=\"140\" height=\"55\" \/><\/p>\r\n<h3>FORMAZIONE E CERTIFICAZIONE<\/h3>\r\n<p>V-Valley eroga percorsi di formazione e di certificazione multi-vendor, \u00e8 anche un VUE Prometric Center. Organizza inoltre Corsi ad hoc sia da remoto che in presenza.<\/p>\r\n<p><a role=\"button\" href=\"#form\" target=\"_self\" rel=\"noopener\"> CONTATTA IL NOSTRO TEAM <\/a> <a name=\"form\"><\/a><\/p>\r\n<h2>Compila il form<\/h2>\r\n<p>Verrai ricontattato dal nostro team per scegliere la soluzione ideale per il tuo business<\/p>\r\n<form method=\"post\" enctype=\"multipart\/form-data\" id=\"vfbp-form-3\" class=\"vfbp-form\"><div style=\"display:none;\"><label for=\"vfbp-EMAIL-AN8fuQyoDLXem\">If you are human, leave this field blank.<\/label><input size=\"25\" autocomplete=\"off\" type=\"text\" name=\"vfbp-EMAIL-AN8fuQyoDLXem\" value=\"\" id=\"\"><\/div><input type=\"hidden\" name=\"_vfb-timestamp-3\" value=\"1778313278\" id=\"\"><input type=\"hidden\" name=\"_vfb-form-id\" value=\"3\" id=\"\"><div class=\"vfb-col-12 vfb-fieldType-instructions\" id=\"vfbField14\"><div class=\"vfb-form-group\"><label for=\"vfb-field-14\" class=\"vfb-control-label\"><b>Informazioni obbligatorie:<\/b><\/label><div class=\"\"><\/div><\/div><\/div><div class=\"vfb-clearfix\"><\/div><div class=\"vfb-col-6 vfb-fieldType-text\" id=\"vfbField15\"><div class=\"vfb-form-group\"><label for=\"vfb-field-15\" class=\"vfb-control-label\">Nome e Cognome <span class=\"vfb-required-asterisk\">*<\/span><\/label><div><input id=\"vfb-field-15\" class=\"vfb-form-control\" placeholder=\"\" required=\"required\" type=\"text\" name=\"vfb-field-15\" value=\"\"><\/div><\/div><\/div><div class=\"vfb-col-6 vfb-fieldType-text\" id=\"vfbField16\"><div class=\"vfb-form-group\"><label for=\"vfb-field-16\" class=\"vfb-control-label\">Ragione Sociale <span class=\"vfb-required-asterisk\">*<\/span><\/label><div><input id=\"vfb-field-16\" class=\"vfb-form-control\" placeholder=\"\" required=\"required\" type=\"text\" name=\"vfb-field-16\" value=\"\"><\/div><\/div><\/div><div class=\"vfb-clearfix\"><\/div><div class=\"vfb-col-6 vfb-fieldType-phone\" id=\"vfbField17\"><div class=\"vfb-form-group\"><label for=\"vfb-field-17\" class=\"vfb-control-label\">Telefono <span class=\"vfb-required-asterisk\">*<\/span><\/label><div><input id=\"vfb-field-17\" class=\"vfb-form-control vfb-intl-phone\" placeholder=\"\" required=\"required\" data-default-country=\"it\" data-number-type=\"MOBILE\" data-hide-flags=\"1\" data-national-mode=\"1\" data-auto-hide-dial-code=\"1\" type=\"tel\" name=\"vfb-field-17\" value=\"\"><\/div><\/div><\/div><div class=\"vfb-col-6 vfb-fieldType-email\" id=\"vfbField18\"><div class=\"vfb-form-group\"><label for=\"vfb-field-18\" class=\"vfb-control-label\">e-Mail <span class=\"vfb-required-asterisk\">*<\/span><\/label><div><input id=\"vfb-field-18\" class=\"vfb-form-control\" placeholder=\"\" required=\"required\" type=\"email\" name=\"vfb-field-18\" value=\"\"><\/div><\/div><\/div><div class=\"vfb-clearfix\"><\/div><div class=\"vfb-col-12 vfb-fieldType-instructions\" id=\"vfbField19\"><div class=\"vfb-form-group\"><label for=\"vfb-field-19\" class=\"vfb-control-label\"><b>Informazioni facoltative:<\/b><\/label><div class=\"\"><\/div><\/div><\/div><div class=\"vfb-clearfix\"><\/div><div class=\"vfb-col-6 vfb-fieldType-text\" id=\"vfbField20\"><div class=\"vfb-form-group\"><label for=\"vfb-field-20\" class=\"vfb-control-label\">Partita Iva<\/label><div><input id=\"vfb-field-20\" class=\"vfb-form-control\" placeholder=\"\" type=\"text\" name=\"vfb-field-20\" value=\"\"><\/div><\/div><\/div><div class=\"vfb-col-6 vfb-fieldType-text\" id=\"vfbField21\"><div class=\"vfb-form-group\"><label for=\"vfb-field-21\" class=\"vfb-control-label\">Codice cliente V-Valley<\/label><div><input id=\"vfb-field-21\" class=\"vfb-form-control\" placeholder=\"\" type=\"text\" name=\"vfb-field-21\" value=\"\"><\/div><\/div><\/div><div class=\"vfb-clearfix\"><\/div><div class=\"vfb-col-12 vfb-fieldType-text\" id=\"vfbField22\"><div class=\"vfb-form-group\"><label for=\"vfb-field-22\" class=\"vfb-control-label\">Ruolo aziendale<\/label><div><input id=\"vfb-field-22\" class=\"vfb-form-control\" placeholder=\"\" type=\"text\" name=\"vfb-field-22\" value=\"\"><\/div><\/div><\/div><div class=\"vfb-clearfix\"><\/div><div class=\"vfb-col-12 vfb-fieldType-textarea\" id=\"vfbField23\"><div class=\"vfb-form-group\"><label for=\"vfb-field-23\" class=\"vfb-control-label\">Note<\/label><div><textarea id=\"vfb-field-23\" class=\"vfb-form-control\" placeholder=\"\" rows=\"3\" name=\"vfb-field-23\" cols=\"50\"><\/textarea><\/div><\/div><\/div><div class=\"vfb-clearfix\"><\/div><div class=\"vfb-col-12 vfb-fieldType-instructions\" id=\"vfbField24\"><div class=\"vfb-form-group\"><label for=\"vfb-field-24\" class=\"vfb-control-label\">Informativa<\/label><div class=\"\"><p><div class=\"fl-builder-content fl-builder-content-384695 fl-builder-template fl-builder-module-template fl-builder-global-templates-locked\" data-post-id=\"384695\"><div class=\"fl-module fl-module-rich-text fl-node-16roqychubil\" data-node=\"16roqychubil\">\n\t<div class=\"fl-module-content fl-node-content\">\n\t\t<div class=\"fl-rich-text\">\n\t<p>Caro utente, ti informiamo che con questo form intendiamo raccogliere i tuoi dati di recapito allo scopo di ricontattarti in merito all\u2019interesse dimostrato. Sarai ricontattato da un nostro specialista delle societ\u00e0 V-Valley S.r.l. (Titolare del trattamento) per mezzo telefonico e\/o posta elettronica. I tuoi dati non verranno comunicati a terzi e non saranno oggetto di diffusione, essi saranno conservati da V-Valley S.r.l. per massimo 12 mesi, fatta salva la possibilit\u00e0 di chiedere la cancellazione dei tuoi dati prima di tale termine.<br \/>\nV-Valley S.r.l. \u00e8 sempre raggiungibile, per chiarimenti, all\u2019indirizzo di posta elettronica\u00a0<a href=\"mailto:privacy@v-valley.com\">privacy@v-valley.com<\/a><br \/>\nPer ulteriori informazioni riguardo al trattamento dati personali effettuato da V-Valley S.r.l. ti invitiamo a consultare la\u00a0<a href=\"https:\/\/policies.esprinet.com\/it\/esprinet\/privacy\" target=\"_blank\" rel=\"noopener\">Privacy Policy.<\/a><\/p>\n<\/div>\n\t<\/div>\n<\/div>\n<\/div><\/p>\n<\/div><\/div><\/div><div class=\"vfb-clearfix\"><\/div><div class=\"vfb-col-12 vfb-fieldType-captcha\" id=\"vfbField25\"><div class=\"vfb-form-group\"><label for=\"vfb-field-25\" class=\"vfb-control-label\">Captcha <span class=\"vfb-required-asterisk\">*<\/span><\/label><div><div class=\"g-recaptcha\" data-sitekey=\"6Lf1ytsiAAAAAEG8JxJHgJzU7R8dykbVhqQAbadd\"><\/div><input type=\"hidden\" name=\"_vfb_recaptcha_enabled\" value=\"1\" id=\"\"><div class=\"vfb-has-error\" id=\"vfb-recaptcha-error\"><span class=\"vfb-help-block\">reCAPTCHA is required.<\/span><\/div><\/div><\/div><\/div><div class=\"vfb-clearfix\"><\/div><div class=\"vfb-col-12 vfb-fieldType-submit\" id=\"vfbField26\"><button id=\"vfb-field-26\" class=\" btn btn-primary\" placeholder=\"\" type=\"submit\" name=\"_vfb-submit\">Invia<\/button><\/div><div class=\"vfb-clearfix\"><\/div><\/form>\r\n","protected":false},"excerpt":{"rendered":"<p>Scopri i migliori servizi Cloud per aziende, come cloud hosting, storage, backup, server e CRM. Scegli il Cloud Computing per il tuo business.<\/p>\n","protected":false},"author":7,"featured_media":0,"parent":78562,"menu_order":0,"comment_status":"closed","ping_status":"closed","template":"templates\/template-single-solution.php","meta":{"_acf_changed":false,"_genesis_hide_title":false,"_genesis_hide_breadcrumbs":false,"_genesis_hide_singular_image":false,"_genesis_hide_footer_widgets":false,"_genesis_custom_body_class":"","_genesis_custom_post_class":"","_genesis_layout":"","footnotes":""},"class_list":{"0":"post-80607","1":"page","2":"type-page","3":"status-publish","5":"entry"},"acf":[],"_links":{"self":[{"href":"https:\/\/www.v-valley.com\/it\/wp-json\/wp\/v2\/pages\/80607","targetHints":{"allow":["GET"]}}],"collection":[{"href":"https:\/\/www.v-valley.com\/it\/wp-json\/wp\/v2\/pages"}],"about":[{"href":"https:\/\/www.v-valley.com\/it\/wp-json\/wp\/v2\/types\/page"}],"author":[{"embeddable":true,"href":"https:\/\/www.v-valley.com\/it\/wp-json\/wp\/v2\/users\/7"}],"replies":[{"embeddable":true,"href":"https:\/\/www.v-valley.com\/it\/wp-json\/wp\/v2\/comments?post=80607"}],"version-history":[{"count":0,"href":"https:\/\/www.v-valley.com\/it\/wp-json\/wp\/v2\/pages\/80607\/revisions"}],"up":[{"embeddable":true,"href":"https:\/\/www.v-valley.com\/it\/wp-json\/wp\/v2\/pages\/78562"}],"wp:attachment":[{"href":"https:\/\/www.v-valley.com\/it\/wp-json\/wp\/v2\/media?parent=80607"}],"curies":[{"name":"wp","href":"https:\/\/api.w.org\/{rel}","templated":true}]}}