{"id":80304,"date":"2022-11-04T16:32:57","date_gmt":"2022-11-04T15:32:57","guid":{"rendered":"https:\/\/www.v-valley.com\/?page_id=80304"},"modified":"2022-11-22T17:25:25","modified_gmt":"2022-11-22T16:25:25","slug":"networking","status":"publish","type":"page","link":"https:\/\/www.v-valley.com\/it\/networking\/","title":{"rendered":"Networking"},"content":{"rendered":"\n<h2>\n\t\tI PRODOTTI V-VALLEY PER IL NETWORKING\n\t<\/h2>\n\t<p>V-Valley offre la capacit\u00e0 di connettere in modo intelligente prodotti e servizi per creare una rete aziendale di alta scalabilit\u00e0 e affidabilit\u00e0. Stiamo supportando i nostri partner con un&#8217;offerta diversificata di networking proponendo soluzioni all&#8217;avanguardia e coerenti con le richieste del mercato in continua evoluzione. Contando su una solida collaborazione con i principali Vendor a valore del panorama ICT, siamo in grado di soddisfare le esigenze della PMI in ambito sia pubblico che privato.<\/p>\n\t<p>Switch<\/p>\n\t<p>Wireless LAN<\/p>\n\t<p>Router<\/p>\n\t<p>Accessori Networking<\/p>\n\t<p>Firewall<\/p>\n\t<p>Cloud<\/p>\n\t<p>SD-WAN<\/p>\n\n","protected":false},"excerpt":{"rendered":"<p>I PRODOTTI V-VALLEY PER IL NETWORKING V-Valley offre la capacit\u00e0 di connettere in modo intelligente prodotti e servizi per creare una rete aziendale di alta scalabilit\u00e0 e affidabilit\u00e0. Stiamo supportando i nostri partner con un&#8217;offerta diversificata di networking proponendo soluzioni all&#8217;avanguardia e coerenti con le richieste del mercato in continua evoluzione. Contando su una solida [&hellip;]<\/p>\n","protected":false},"author":7,"featured_media":0,"parent":0,"menu_order":0,"comment_status":"closed","ping_status":"closed","template":"templates\/template-simple.php","meta":{"_acf_changed":false,"_genesis_hide_title":false,"_genesis_hide_breadcrumbs":false,"_genesis_hide_singular_image":false,"_genesis_hide_footer_widgets":false,"_genesis_custom_body_class":"","_genesis_custom_post_class":"","_genesis_layout":"","footnotes":""},"class_list":{"0":"post-80304","1":"page","2":"type-page","3":"status-publish","5":"entry"},"acf":[],"_links":{"self":[{"href":"https:\/\/www.v-valley.com\/it\/wp-json\/wp\/v2\/pages\/80304","targetHints":{"allow":["GET"]}}],"collection":[{"href":"https:\/\/www.v-valley.com\/it\/wp-json\/wp\/v2\/pages"}],"about":[{"href":"https:\/\/www.v-valley.com\/it\/wp-json\/wp\/v2\/types\/page"}],"author":[{"embeddable":true,"href":"https:\/\/www.v-valley.com\/it\/wp-json\/wp\/v2\/users\/7"}],"replies":[{"embeddable":true,"href":"https:\/\/www.v-valley.com\/it\/wp-json\/wp\/v2\/comments?post=80304"}],"version-history":[{"count":0,"href":"https:\/\/www.v-valley.com\/it\/wp-json\/wp\/v2\/pages\/80304\/revisions"}],"wp:attachment":[{"href":"https:\/\/www.v-valley.com\/it\/wp-json\/wp\/v2\/media?parent=80304"}],"curies":[{"name":"wp","href":"https:\/\/api.w.org\/{rel}","templated":true}]}}