{"id":80170,"date":"2022-11-04T11:19:58","date_gmt":"2022-11-04T10:19:58","guid":{"rendered":"https:\/\/www.v-valley.com\/?page_id=80170"},"modified":"2022-11-07T09:56:09","modified_gmt":"2022-11-07T08:56:09","slug":"switch","status":"publish","type":"page","link":"https:\/\/www.v-valley.com\/it\/networking\/switch\/","title":{"rendered":"Switch"},"content":{"rendered":"\n<h2>\n\t\tI PRODOTTI V-VALLEY DELLA CATEGORIA SWITCH PER NETWORKING\n\t<\/h2>\n\t<p>Proponiamo soluzioni di interconnettivit\u00e0 tra apparati di rete che vengono supportati principalmente da un dispositivo con alta capacit\u00e0 di trasferimento dati. L&#8217;utilit\u00e0 di uno switch mira a sdoppiare il cavo Ethernet o Lan e a gestire il traffico dei dati quando ci sono pi\u00f9 apparati collegati. All&#8217;interno di V-Valley potrai trovare switch in linea con le pi\u00f9 svariate esigenze di traffico e rete.<\/p>\n<h2>\n\t\tI NOSTRI FORNITORI\n\t<\/h2>\n\t<p>Hewlett Packard Enterprise<\/p>\n\t<p>Extreme Networks<\/p>\n\t<p>Juniper<\/p>\n\t<p>Huawei<\/p>\n\t<p>Zyxel<\/p>\n\t<p>Allied Telesis<\/p>\n\t<p>Ubiquiti Networks<\/p>\n\t<p>Ruckus<\/p>\n\t<p>Engenius<\/p>\n\t<p>Sophos<\/p>\n\n","protected":false},"excerpt":{"rendered":"<p>I PRODOTTI V-VALLEY DELLA CATEGORIA SWITCH PER NETWORKING Proponiamo soluzioni di interconnettivit\u00e0 tra apparati di rete che vengono supportati principalmente da un dispositivo con alta capacit\u00e0 di trasferimento dati. L&#8217;utilit\u00e0 di uno switch mira a sdoppiare il cavo Ethernet o Lan e a gestire il traffico dei dati quando ci sono pi\u00f9 apparati collegati. All&#8217;interno [&hellip;]<\/p>\n","protected":false},"author":7,"featured_media":0,"parent":80304,"menu_order":0,"comment_status":"closed","ping_status":"closed","template":"templates\/template-vendor-category.php","meta":{"_acf_changed":false,"_genesis_hide_title":false,"_genesis_hide_breadcrumbs":false,"_genesis_hide_singular_image":false,"_genesis_hide_footer_widgets":false,"_genesis_custom_body_class":"","_genesis_custom_post_class":"","_genesis_layout":"","footnotes":""},"class_list":{"0":"post-80170","1":"page","2":"type-page","3":"status-publish","5":"entry"},"acf":[],"_links":{"self":[{"href":"https:\/\/www.v-valley.com\/it\/wp-json\/wp\/v2\/pages\/80170","targetHints":{"allow":["GET"]}}],"collection":[{"href":"https:\/\/www.v-valley.com\/it\/wp-json\/wp\/v2\/pages"}],"about":[{"href":"https:\/\/www.v-valley.com\/it\/wp-json\/wp\/v2\/types\/page"}],"author":[{"embeddable":true,"href":"https:\/\/www.v-valley.com\/it\/wp-json\/wp\/v2\/users\/7"}],"replies":[{"embeddable":true,"href":"https:\/\/www.v-valley.com\/it\/wp-json\/wp\/v2\/comments?post=80170"}],"version-history":[{"count":0,"href":"https:\/\/www.v-valley.com\/it\/wp-json\/wp\/v2\/pages\/80170\/revisions"}],"up":[{"embeddable":true,"href":"https:\/\/www.v-valley.com\/it\/wp-json\/wp\/v2\/pages\/80304"}],"wp:attachment":[{"href":"https:\/\/www.v-valley.com\/it\/wp-json\/wp\/v2\/media?parent=80170"}],"curies":[{"name":"wp","href":"https:\/\/api.w.org\/{rel}","templated":true}]}}