{"id":679,"date":"2022-09-27T14:55:41","date_gmt":"2022-09-27T12:55:41","guid":{"rendered":"https:\/\/www.v-valley.com\/?page_id=679"},"modified":"2024-03-19T11:33:28","modified_gmt":"2024-03-19T10:33:28","slug":"rivenditori","status":"publish","type":"page","link":"https:\/\/www.v-valley.com\/it\/perche-v-valley\/rivenditori\/","title":{"rendered":"Rivenditori"},"content":{"rendered":"\n<h2>\n\t\tSCOPRI PERCH\u00c9 AFFIDARTI A V-VALLEY PER I TUOI PROGETTI A VALORE\n\t<\/h2>\n\t<p>V-Valley si propone come distributore di riferimento nel mercato delle Advanced Solutions in Sud Europa con un obiettivo chiaro verso i propri clienti-rivenditori: enhancing your business, ovvero valorizzare la tua attivit\u00e0. Per farlo, V-Valley si avvale delle tecnologie avanzate dei pi\u00f9 importanti vendor del settore. A partire da queste, V-Valley propone strumenti, soluzioni e servizi a supporto dei progetti di trasformazione digitale che i suoi clienti propongono ai loro utenti finali. Seguendo i rivenditori in ogni fase del loro progetto, V-Valley li aiuta a sviluppare e promuovere nuovi business.<\/p>\n\t\t\t\t<img loading=\"lazy\" decoding=\"async\" src=\"https:\/\/statics.v-valley.com\/prod\/2022\/11\/img-nuovi-business.jpg\" alt=\"img-nuovi-business\" itemprop=\"image\" height=\"536\" width=\"911\" title=\"img-nuovi-business\" onerror=\"this.style.display='none'\"  \/>\n<h2>\n\t\tI NOSTRI PRINCIPALI VANTAGGI\n\t<\/h2>\n                        <img decoding=\"async\" src=\"https:\/\/statics.v-valley.com\/prod\/2022\/10\/ico-cerchio-e-commerce.png\" alt=\"Un ecommerce completo\" name=\"Un ecommerce completo\"\/>\n                                                <h4>Un ecommerce completo<\/h4>\n                                                    <p>Un assortimento di oltre 130.000 prodotti tecnologici da pi\u00f9 di 800 produttori offre i migliori strumenti per facilitare la vendita.<\/p>\n         <!-- end vvly card item -->\n                        <img decoding=\"async\" src=\"https:\/\/statics.v-valley.com\/prod\/2022\/10\/ico-cerchio-cloud.png\" alt=\"Business Cloud\" name=\"Business Cloud\"\/>\n                                                <h4>Business Cloud<\/h4>\n                                                    <p>Attraverso una piattaforma integrata di Cloud Marketplace, la fornitura di hardware, software e di ogni infrastruttura risulta altamente semplificata.<\/p>\n         <!-- end vvly card item -->\n                        <img decoding=\"async\" src=\"https:\/\/statics.v-valley.com\/prod\/2022\/10\/ico-cerchio-cartella.png\" alt=\"Servizi a supporto\" name=\"Servizi a supporto\"\/>\n                                                <h4>Servizi a supporto<\/h4>\n                                                    <p>Puoi ampliare il tuo business grazie a una gamma completa di servizi finanziari, commerciali, di logistica e post vendita.<\/p>\n         <!-- end vvly card item -->\n                        <img decoding=\"async\" src=\"https:\/\/statics.v-valley.com\/prod\/2022\/10\/icona-cerchio-posizione.png\" alt=\"Presidio territoriale\" name=\"Presidio territoriale\"\/>\n                                                <h4>Presidio territoriale<\/h4>\n                                                    <p>I punti vendita fisici espongono i prodotti in pronta consegna e offrono il supporto di personale qualificato.<\/p>\n         <!-- end vvly card item -->\n             <!-- end vvly cards with icon -->\n <!-- end cards-with-icon-container -->\n<style>\n    .vvly-cards-with-icon-container .vvly-cards-with-icon .vvly-card-item {\n        width: calc(100% \/4);\n    }\n<\/style>\n\t\t\t\t<img loading=\"lazy\" decoding=\"async\" src=\"https:\/\/statics.v-valley.com\/prod\/2022\/10\/img-cerchio-soluzioni-300x300.png\" alt=\"img-cerchio-soluzioni\" itemprop=\"image\" height=\"300\" width=\"300\" title=\"img-cerchio-soluzioni\" onerror=\"this.style.display='none'\"  \/>\n<h3>\n\t\tPORTFOLIO COMPLETO DI SOLUZIONI\n\t<\/h3>\n\t<p>Proponiamo la soluzione ideale per ogni esigenza di business, dalle tecnologie pi\u00f9 avanzate alle alternative pi\u00f9 semplici. V-Valley dispone dei prodotti pi\u00f9 aggiornati sul mercato, nonch\u00e9 di competenze consolidate in pi\u00f9 di vent&#8217;anni di attivit\u00e0 con i migliori vendor del settore.<\/p>\n\t\t\t<a href=\"https:\/\/www.v-valley.com\/it\/soluzioni\/\" target=\"_self\" role=\"button\" rel=\"noopener\">\n\t\t\t\t\t\t\tScopri le nostre soluzioni\n\t\t\t\t\t<\/a>\n<h3>\n\t\tFORMAZIONE ED EVENTI\n\t<\/h3>\n\t<p>Un catalogo completo di corsi di formazione ed eventi per la preparazione in ambito IT dei tuoi clienti consente loro di apprendere come utilizzare le ultime tecnologie sul mercato grazie all&#8217;aiuto di docenti qualificati. Ampie possibilit\u00e0 di personalizzazione dei corsi vengono incontro alle esigenze specifiche del tuo business.<\/p>\n\t\t\t<a href=\"https:\/\/www.v-valley.com\/it\/formazione\/\" target=\"_self\" role=\"button\" rel=\"noopener\">\n\t\t\t\t\t\t\tScopri i corsi\n\t\t\t\t\t<\/a>\n\t\t\t\t<img loading=\"lazy\" decoding=\"async\" src=\"https:\/\/statics.v-valley.com\/prod\/2022\/10\/img-cerchio-evento-300x300.png\" alt=\"img-cerchio-evento\" itemprop=\"image\" height=\"300\" width=\"300\" title=\"img-cerchio-evento\" onerror=\"this.style.display='none'\"  \/>\n\t\t\t\t<img loading=\"lazy\" decoding=\"async\" src=\"https:\/\/statics.v-valley.com\/prod\/2022\/10\/img-cerchio-servizi-300x300.png\" alt=\"img-cerchio-servizi\" itemprop=\"image\" height=\"300\" width=\"300\" title=\"img-cerchio-servizi\" onerror=\"this.style.display='none'\"  \/>\n<h3>\n\t\tSERVIZI PRE E POST VENDITA\n\t<\/h3>\n\t<p>Offriamo una vasta gamma di servizi fortemente personalizzabili a supporto del business, sia pre vendita sia post vendita. Il nostro obiettivo \u00e8 guidarti nella scelta migliore per la tua attivit\u00e0: un team dedicato e specializzato ti seguir\u00e0 costantemente.<\/p>\n\t\t\t<a href=\"https:\/\/www.v-valley.com\/it\/servizi\/\" target=\"_self\" role=\"button\" rel=\"noopener\">\n\t\t\t\t\t\t\tScopri i nostri servizi\n\t\t\t\t\t<\/a>\n<h3>\n\t\tCERTIFICAZIONI\n\t<\/h3>\n\t<p>V-Valley Academy \u00e8 un centro di formazione autorizzato dei pi\u00f9 importanti vendor del settore: permette di ottenere le certificazioni necessarie per l&#8217;utilizzo di diverse tecnologie all&#8217;avanguardia, offrendo una formazione completa ai tuoi clienti.<\/p>\n\t\t\t<a href=\"https:\/\/www.v-valley.com\/it\/servizi\/formazione\/\" target=\"_self\" role=\"button\" rel=\"noopener\">\n\t\t\t\t\t\t\tLe nostre certificazioni\n\t\t\t\t\t<\/a>\n\t\t\t\t<img loading=\"lazy\" decoding=\"async\" src=\"https:\/\/statics.v-valley.com\/prod\/2022\/10\/img-cerchio-formazione-300x300.png\" alt=\"img-cerchio-formazione\" itemprop=\"image\" height=\"300\" width=\"300\" title=\"img-cerchio-formazione\" onerror=\"this.style.display='none'\"  \/>\n\t\t\t\t<img loading=\"lazy\" decoding=\"async\" src=\"https:\/\/statics.v-valley.com\/prod\/2022\/10\/img-cerchio-consulenza-300x300.png\" alt=\"img-cerchio-consulenza\" itemprop=\"image\" height=\"300\" width=\"300\" title=\"img-cerchio-consulenza\" onerror=\"this.style.display='none'\"  \/>\n<h3>\n\t\tCONSULENZA TAILOR-MADE\n\t<\/h3>\n\t<p>Il nostro team \u00e8 altamente specializzato e pu\u00f2 proporti soluzioni personalizzate in base alle esigenze dei tuoi clienti. Nuove necessit\u00e0 ci spingono a creare strumenti di supporto sempre nuovi, sia dal punto di vista commerciale sia tecnico.<\/p>\n\n","protected":false},"excerpt":{"rendered":"<p>SCOPRI PERCH\u00c9 AFFIDARTI A V-VALLEY PER I TUOI PROGETTI A VALORE V-Valley si propone come distributore di riferimento nel mercato delle Advanced Solutions in Sud Europa con un obiettivo chiaro verso i propri clienti-rivenditori: enhancing your business, ovvero valorizzare la tua attivit\u00e0. Per farlo, V-Valley si avvale delle tecnologie avanzate dei pi\u00f9 importanti vendor del [&hellip;]<\/p>\n","protected":false},"author":7,"featured_media":0,"parent":91,"menu_order":0,"comment_status":"closed","ping_status":"closed","template":"templates\/template-simple.php","meta":{"_acf_changed":false,"_genesis_hide_title":false,"_genesis_hide_breadcrumbs":false,"_genesis_hide_singular_image":false,"_genesis_hide_footer_widgets":false,"_genesis_custom_body_class":"","_genesis_custom_post_class":"","_genesis_layout":"","footnotes":""},"class_list":{"0":"post-679","1":"page","2":"type-page","3":"status-publish","5":"entry"},"acf":[],"_links":{"self":[{"href":"https:\/\/www.v-valley.com\/it\/wp-json\/wp\/v2\/pages\/679","targetHints":{"allow":["GET"]}}],"collection":[{"href":"https:\/\/www.v-valley.com\/it\/wp-json\/wp\/v2\/pages"}],"about":[{"href":"https:\/\/www.v-valley.com\/it\/wp-json\/wp\/v2\/types\/page"}],"author":[{"embeddable":true,"href":"https:\/\/www.v-valley.com\/it\/wp-json\/wp\/v2\/users\/7"}],"replies":[{"embeddable":true,"href":"https:\/\/www.v-valley.com\/it\/wp-json\/wp\/v2\/comments?post=679"}],"version-history":[{"count":0,"href":"https:\/\/www.v-valley.com\/it\/wp-json\/wp\/v2\/pages\/679\/revisions"}],"up":[{"embeddable":true,"href":"https:\/\/www.v-valley.com\/it\/wp-json\/wp\/v2\/pages\/91"}],"wp:attachment":[{"href":"https:\/\/www.v-valley.com\/it\/wp-json\/wp\/v2\/media?parent=679"}],"curies":[{"name":"wp","href":"https:\/\/api.w.org\/{rel}","templated":true}]}}