{"id":625825,"date":"2026-03-19T17:26:21","date_gmt":"2026-03-19T16:26:21","guid":{"rendered":"https:\/\/www.v-valley.com\/?page_id=625825"},"modified":"2026-03-26T17:10:34","modified_gmt":"2026-03-26T16:10:34","slug":"innovexya","status":"publish","type":"page","link":"https:\/\/www.v-valley.com\/it\/servizi\/innovexya\/","title":{"rendered":"Innovexya"},"content":{"rendered":"\n<figure itemscope itemtype=\"https:\/\/schema.org\/ImageObject\">\n\t\t\t\t<img decoding=\"async\" src=\"https:\/\/statics.v-valley.com\/prod\/2026\/03\/logo-innovexya-primary.png\" alt=\"logo-innovexya-primary\" height=\"194\" width=\"1000\" title=\"logo-innovexya-primary\" onerror=\"this.style.display='none'\" loading=\"lazy\" \/>\n\t<\/figure>\n<h2>\n\t\t\tUn approccio integrato che connette competenze, tecnologie e servizi per abilitare la crescita del business\t<\/h2>\n\t<p>Innovexya nasce come l&#8217;ecosistema del Gruppo Esprinet pensato per dare forma a un modello integrato di servizi ad alto valore, in cui <strong>competenze tecnologiche, cyber security, cloud e software, servizi digitali, logistica e retail<\/strong> convergono in una visione unitaria.<\/p>\n<p>L&#8217;<strong>intelligenza artificiale<\/strong> \u00e8 il principio guida che orienta la progettazione e l&#8217;<strong>erogazione delle soluzioni<\/strong>: non una tecnologia fine a s\u00e9 stessa, ma un fattore abilitante capace di connettere ambiti diversi, generando coerenza, semplicit\u00e0 e impatto concreto.<\/p>\n<p>In Innovexya il valore emerge dalla capacit\u00e0 di orchestrare complessit\u00e0, trasformandola in esperienze di acquisto pi\u00f9 fluide, modelli scalabili e risultati misurabili, a supporto di una crescita sostenibile e orientata al futuro.<\/p>\n<h2>\n\t\t\tI nostri elementi distintivi\t<\/h2>\n\t\t\t <p>Un <strong>network di partner selezionati e certificati<\/strong>, pronti a supportare lo sviluppo del tuo business<\/p>\t\t\n\t\t\t <p>Percorsi di formazione dedicati per potenziare le competenze del tuo team e dei tuoi clienti<\/p>\n\t\t\t <p>Supporto completo in tutte le fasi della vendita, dalla proposta alla delivery<\/p>\n\t\t\t <p>Affiancamento marketing e comunicazione per valorizzare al meglio le soluzioni sul mercato<\/p>\n\t\t\t <p>Processi di acquisto semplificati per ridurre tempi, complessit\u00e0 e costi operativi<\/p>\n\t\t\t <p>Servizi pensati per scalare facilmente con l&#8217;evoluzione del tuo business<\/p>\n\t\t\t <p>Un approccio fortemente orientato ai risultati e alla creazione di valore concreto<\/p>\n\t\t\t <p>Soluzioni replicabili, misurabili e sostenibili nel tempo<\/p>\n\t\t\t <p>Nuove opportunit\u00e0 di business addizionali per ampliare ricavi e marginalit\u00e0<\/p>\n\t<figure itemscope itemtype=\"https:\/\/schema.org\/ImageObject\">\n\t\t\t\t<img decoding=\"async\" src=\"https:\/\/statics.v-valley.com\/prod\/2026\/03\/innovexya-vantaggi.png\" alt=\"vantaggi\" height=\"600\" width=\"600\" title=\"innovexya-vantaggi\" onerror=\"this.style.display='none'\" loading=\"lazy\" \/>\n\t<\/figure>\n<h2>\n\t\t\tSCOPRI TUTTI I NOSTRI SERVIZI\t<\/h2>\n                                <a href=\"https:\/\/www.v-valley.com\/it\/servizi\/assemblaggio\/\">\n                                                                            <img decoding=\"async\" src=\"https:\/\/statics.v-valley.com\/prod\/2022\/10\/box-tutti-i-servizi-assemblaggio.jpg\" alt=\"Assemblaggio\" name=\"Assemblaggio\"\/>\n                                                                    <\/a>\n                                <a href=\"https:\/\/www.v-valley.com\/it\/servizi\/assemblaggio\/\">\n                                    <h5>Assemblaggio<\/h5>\n                                <\/a>\n                         <!-- end service item wrapper -->\n                     <!-- end service item -->\n                                <a href=\"https:\/\/www.v-valley.com\/it\/servizi\/supporto-tecnico-di-pre-vendita\/\">\n                                                                            <img decoding=\"async\" src=\"https:\/\/statics.v-valley.com\/prod\/2022\/10\/box-tutti-i-servizi-supporto-tecnico.jpg\" alt=\"Supporto tecnico di pre-vendita\" name=\"Supporto tecnico di pre-vendita\"\/>\n                                                                    <\/a>\n                                <a href=\"https:\/\/www.v-valley.com\/it\/servizi\/supporto-tecnico-di-pre-vendita\/\">\n                                    <h5>Supporto tecnico di pre-vendita<\/h5>\n                                <\/a>\n                         <!-- end service item wrapper -->\n                     <!-- end service item -->\n                                <a href=\"https:\/\/www.v-valley.com\/it\/servizi\/parti-di-ricambio\/\">\n                                                                            <img decoding=\"async\" src=\"https:\/\/statics.v-valley.com\/prod\/2022\/10\/box-tutti-i-servizi-parti-di-ricambio.jpg\" alt=\"Parti di ricambio\" name=\"Parti di ricambio\"\/>\n                                                                    <\/a>\n                                <a href=\"https:\/\/www.v-valley.com\/it\/servizi\/parti-di-ricambio\/\">\n                                    <h5>Parti di ricambio<\/h5>\n                                <\/a>\n                         <!-- end service item wrapper -->\n                     <!-- end service item -->\n                             <!-- end vvly services slider -->\n         <!-- end vvly services slider section -->\n    <h2>\n\t\t\tCompila il form per richiedere informazioni\t<\/h2>\n\n","protected":false},"excerpt":{"rendered":"<p>Un approccio integrato che connette competenze, tecnologie e servizi per abilitare la crescita del business Innovexya nasce come l&#8217;ecosistema del Gruppo Esprinet pensato per dare forma a un modello integrato di servizi ad alto valore, in cui competenze tecnologiche, cyber security, cloud e software, servizi digitali, logistica e retail convergono in una visione unitaria. L&#8217;intelligenza [&hellip;]<\/p>\n","protected":false},"author":6,"featured_media":625860,"parent":535,"menu_order":0,"comment_status":"closed","ping_status":"closed","template":"templates\/template-single-service.php","meta":{"_acf_changed":false,"_genesis_hide_title":false,"_genesis_hide_breadcrumbs":false,"_genesis_hide_singular_image":false,"_genesis_hide_footer_widgets":false,"_genesis_custom_body_class":"","_genesis_custom_post_class":"","_genesis_layout":"","footnotes":""},"class_list":{"0":"post-625825","1":"page","2":"type-page","3":"status-publish","4":"has-post-thumbnail","6":"entry"},"acf":[],"_links":{"self":[{"href":"https:\/\/www.v-valley.com\/it\/wp-json\/wp\/v2\/pages\/625825","targetHints":{"allow":["GET"]}}],"collection":[{"href":"https:\/\/www.v-valley.com\/it\/wp-json\/wp\/v2\/pages"}],"about":[{"href":"https:\/\/www.v-valley.com\/it\/wp-json\/wp\/v2\/types\/page"}],"author":[{"embeddable":true,"href":"https:\/\/www.v-valley.com\/it\/wp-json\/wp\/v2\/users\/6"}],"replies":[{"embeddable":true,"href":"https:\/\/www.v-valley.com\/it\/wp-json\/wp\/v2\/comments?post=625825"}],"version-history":[{"count":12,"href":"https:\/\/www.v-valley.com\/it\/wp-json\/wp\/v2\/pages\/625825\/revisions"}],"predecessor-version":[{"id":625966,"href":"https:\/\/www.v-valley.com\/it\/wp-json\/wp\/v2\/pages\/625825\/revisions\/625966"}],"up":[{"embeddable":true,"href":"https:\/\/www.v-valley.com\/it\/wp-json\/wp\/v2\/pages\/535"}],"wp:featuredmedia":[{"embeddable":true,"href":"https:\/\/www.v-valley.com\/it\/wp-json\/wp\/v2\/media\/625860"}],"wp:attachment":[{"href":"https:\/\/www.v-valley.com\/it\/wp-json\/wp\/v2\/media?parent=625825"}],"curies":[{"name":"wp","href":"https:\/\/api.w.org\/{rel}","templated":true}]}}