{"id":625038,"date":"2025-11-25T12:40:57","date_gmt":"2025-11-25T11:40:57","guid":{"rendered":"https:\/\/www.v-valley.com\/?page_id=625038"},"modified":"2025-11-25T12:46:33","modified_gmt":"2025-11-25T11:46:33","slug":"podcast-la-svolta-artificiale","status":"publish","type":"page","link":"https:\/\/www.v-valley.com\/it\/soluzioni\/cloud\/podcast-la-svolta-artificiale\/","title":{"rendered":"Podcast La svolta artificiale"},"content":{"rendered":"\n<h2>\n\t\t\tAI: non un pericolo, ma un supporto strategico\t<\/h2>\n\t<p>Attraverso interviste a esperti e testimonianze di professionisti italiani, il podcast mostra come l&#8217;AI aiuti a ridurre le attivit\u00e0 monotone, liberando tempo per creativit\u00e0, innovazione e relazioni di valore.<\/p>\n\t<p>Dialoghi a cura di Chiara Favret, Brand Manager Cloud V-Valley.<\/p>\n\t\t\t<a href=\"https:\/\/open.spotify.com\/show\/1W5dwJjIHEgt8WayR9qTun?si=65da84a68e60474c&#038;nd=1&#038;dlsi=d6d8140ea7094a7a\" target=\"_blank\" rel=\"noopener\">\n\t\t\t\t\t\t\tVAI ALLE PUNTATE\n\t\t\t\t\t<\/a>\n<h3>\n\t\t\tPrima puntata\t<\/h3>\n<h2>\n\t\t\tDa dove nasce la paura dell&#8217;AI?\t<\/h2>\n\t<p>La puntata offre uno sguardo sulla societ\u00e0 contemporanea, analizzando il quadro normativo europeo (EU AI Act), le responsabilit\u00e0 delle aziende e il modo in cui l&#8217;AI pu\u00f2 ampliare le nostre competenze senza sostituirle.<\/p>\n\t<strong>Chiara Favret<br \/>\n<\/strong>Brand manager cloud V-Valley<strong><br \/>\n<\/strong>\n\t<strong>Matteo Ranzi<br \/>\n<\/strong>Producer e sound design\n\t<strong>Igor Principe<br \/>\n<\/strong>Coordinamento editoriale\n\t<iframe data-testid=\"embed-iframe\" src=\"https:\/\/open.spotify.com\/embed\/episode\/5BFQCgO4hZOj3KBrR3eIgK?utm_source=generator&#038;theme=0\" width=\"100%\" height=\"352\" frameBorder=\"0\" allowfullscreen=\"\" allow=\"autoplay; clipboard-write; encrypted-media; fullscreen; picture-in-picture\" loading=\"lazy\"><\/iframe>\n<h2  id=\"podcast\">\n\t\t\tAscolta tutti gli episodi\t<\/h2>\n\t<iframe data-testid=\"embed-iframe\" src=\"https:\/\/open.spotify.com\/embed\/episode\/5BFQCgO4hZOj3KBrR3eIgK?utm_source=generator&#038;theme=0\" width=\"100%\" height=\"152\" frameBorder=\"0\" allowfullscreen=\"\" allow=\"autoplay; clipboard-write; encrypted-media; fullscreen; picture-in-picture\" loading=\"lazy\"><\/iframe>\n<h4>\n\t\t\tPrima puntata\t<\/h4>\n<h3>\n\t\t\tDa dove nasce la paura dell&#8217;AI?\t<\/h3>\n\t<p>La puntata offre uno sguardo sulla societ\u00e0 contemporanea, analizzando il quadro normativo europeo (EU AI Act), le responsabilit\u00e0 delle aziende e il modo in cui l&#8217;AI pu\u00f2 ampliare le nostre competenze senza sostituirle.<\/p>\n\t<iframe data-testid=\"embed-iframe\" src=\"https:\/\/open.spotify.com\/embed\/episode\/6RFze4VbwECULo8XQBUMDC?utm_source=generator&#038;theme=0\" width=\"100%\" height=\"152\" frameBorder=\"0\" allowfullscreen=\"\" allow=\"autoplay; clipboard-write; encrypted-media; fullscreen; picture-in-picture\" loading=\"lazy\"><\/iframe>\n<h4>\n\t\t\tSeconda puntata\t<\/h4>\n<h3>\n\t\t\tAI per le PMI: 1 ora al posto di 4\t<\/h3>\n\t<p>In questa puntata ascolterai tre testimonianze reali di piccole imprese italiane che hanno migliorato l&#8217;operativit\u00e0 grazie a Microsoft Copilot 365.<\/p>\n\t<iframe data-testid=\"embed-iframe\" src=\"https:\/\/open.spotify.com\/embed\/episode\/48snDnd6ZtdKwuR3SIXmZe?utm_source=generator&#038;theme=0\" width=\"100%\" height=\"152\" frameBorder=\"0\" allowfullscreen=\"\" allow=\"autoplay; clipboard-write; encrypted-media; fullscreen; picture-in-picture\" loading=\"lazy\"><\/iframe>\n<h4>\n\t\t\tTerza puntata\t<\/h4>\n<h3>\n\t\t\tL&#8217;AI che protegge i dati\t<\/h3>\n\t<p>I moderni sistemi di backup sfruttano l&#8217;intelligenza artificiale per monitorare i dati e individuare comportamenti anomali prima che causino disservizi. Scopri come l&#8217;AI sta cambiando il modo di proteggere informazioni e infrastrutture.<\/p>\n\t<iframe data-testid=\"embed-iframe\" src=\"https:\/\/open.spotify.com\/embed\/episode\/2mF12DIxne8GE5c4FTsLp3?utm_source=generator&#038;theme=0\" width=\"100%\" height=\"152\" frameBorder=\"0\" allowfullscreen=\"\" allow=\"autoplay; clipboard-write; encrypted-media; fullscreen; picture-in-picture\" loading=\"lazy\"><\/iframe>\n<h4>\n\t\t\tQuarta puntata\t<\/h4>\n<h3>\n\t\t\tRisposte, previsioni e decisioni con l&#8217;AI\t<\/h3>\n\t<p>Un approfondimento sulle applicazioni pi\u00f9 efficaci dell&#8217;intelligenza artificiale: dall&#8217;analisi dei dati all&#8217;automazione dei flussi di lavoro, dai chatbot avanzati alla generazione di contenuti, fino agli strumenti di cybersecurity capaci di rilevare minacce in anticipo.<\/p>\n\t<iframe data-testid=\"embed-iframe\" src=\"https:\/\/open.spotify.com\/embed\/episode\/4E1S8CIHpng2aXjaLziEWn?utm_source=generator&#038;theme=0\" width=\"100%\" height=\"152\" frameBorder=\"0\" allowfullscreen=\"\" allow=\"autoplay; clipboard-write; encrypted-media; fullscreen; picture-in-picture\" loading=\"lazy\"><\/iframe>\n<h4>\n\t\t\tQuinta puntata\t<\/h4>\n<h3>\n\t\t\tIl nuovo modo di interagire con il design\t<\/h3>\n\t<p>Questa puntata mostra come i professionisti del design possono migliorare il loro processo creativo con l&#8217;AI: riconoscimento di pattern nei modelli, pulizia delle nuvole di punti, suggerimenti per forme e volumi, completamento intelligente degli schizzi.<\/p>\n\t<iframe data-testid=\"embed-iframe\" src=\"https:\/\/open.spotify.com\/embed\/episode\/7GAXpAclUfFtUhO1kbUgio?utm_source=generator&#038;theme=0\" width=\"100%\" height=\"152\" frameBorder=\"0\" allowfullscreen=\"\" allow=\"autoplay; clipboard-write; encrypted-media; fullscreen; picture-in-picture\" loading=\"lazy\"><\/iframe>\n<h4>\n\t\t\tSesta puntata\t<\/h4>\n<h3>\n\t\t\tIl nuovo modo di interagire con il design\t<\/h3>\n\t<p>Esplora la storia vera di Marco, responsabile contratti in un ente pubblico: con una soluzione di gestione documentale basata su AI \u00e8 riuscito a ridurre un lavoro di una settimana a soli trenta minuti, automatizzando le attivit\u00e0 pi\u00f9 ripetitive.<\/p>\n\n","protected":false},"excerpt":{"rendered":"<p>Scenari e Solution area di casi reali per affrontare sfide tecnologiche<\/p>\n","protected":false},"author":8,"featured_media":0,"parent":78562,"menu_order":0,"comment_status":"closed","ping_status":"closed","template":"templates\/template-generic-full-content.php","meta":{"_acf_changed":false,"_genesis_hide_title":false,"_genesis_hide_breadcrumbs":false,"_genesis_hide_singular_image":false,"_genesis_hide_footer_widgets":false,"_genesis_custom_body_class":"","_genesis_custom_post_class":"","_genesis_layout":"","footnotes":""},"class_list":{"0":"post-625038","1":"page","2":"type-page","3":"status-publish","5":"entry"},"acf":[],"_links":{"self":[{"href":"https:\/\/www.v-valley.com\/it\/wp-json\/wp\/v2\/pages\/625038","targetHints":{"allow":["GET"]}}],"collection":[{"href":"https:\/\/www.v-valley.com\/it\/wp-json\/wp\/v2\/pages"}],"about":[{"href":"https:\/\/www.v-valley.com\/it\/wp-json\/wp\/v2\/types\/page"}],"author":[{"embeddable":true,"href":"https:\/\/www.v-valley.com\/it\/wp-json\/wp\/v2\/users\/8"}],"replies":[{"embeddable":true,"href":"https:\/\/www.v-valley.com\/it\/wp-json\/wp\/v2\/comments?post=625038"}],"version-history":[{"count":8,"href":"https:\/\/www.v-valley.com\/it\/wp-json\/wp\/v2\/pages\/625038\/revisions"}],"predecessor-version":[{"id":625047,"href":"https:\/\/www.v-valley.com\/it\/wp-json\/wp\/v2\/pages\/625038\/revisions\/625047"}],"up":[{"embeddable":true,"href":"https:\/\/www.v-valley.com\/it\/wp-json\/wp\/v2\/pages\/78562"}],"wp:attachment":[{"href":"https:\/\/www.v-valley.com\/it\/wp-json\/wp\/v2\/media?parent=625038"}],"curies":[{"name":"wp","href":"https:\/\/api.w.org\/{rel}","templated":true}]}}