{"id":587,"date":"2022-09-26T15:47:20","date_gmt":"2022-09-26T13:47:20","guid":{"rendered":"https:\/\/www.v-valley.com\/?page_id=587"},"modified":"2025-09-25T15:20:17","modified_gmt":"2025-09-25T13:20:17","slug":"assemblaggio","status":"publish","type":"page","link":"https:\/\/www.v-valley.com\/it\/servizi\/assemblaggio\/","title":{"rendered":"Assemblaggio"},"content":{"rendered":"\n<h2>\n\t\t\tGLI SPECIALISTI DI V-VALLEY A TUA DISPOSIZIONE\t<\/h2>\n\t<p>V-Valley opera con fornitori altamente qualificati che garantiscono servizi di assemblaggio e installazione su tutto il territorio nazionale. Forniamo servizi a valore o a volume, roll out, pre configurazioni hardware, software o staging su una vasta gamma di prodotti, come PC, TV, server, videocamere, storage device o lavagne multimediali.<\/p>\n<p>I servizi di assemblaggio e installazione sono tutti disponibili all&#8217;interno del nostro portale in associazione con diversi prodotti. Offriamo anche servizi su misura da richiedere all&#8217;interno della piattaforma Serviceland, come per esempio l&#8217;erogazione della prestazione in nome e per conto del rivenditore.<\/p>\n\t\t\t\t<img decoding=\"async\" src=\"https:\/\/statics.v-valley.com\/prod\/2022\/11\/img-cerchio-vantaggi-rivenditore-2-300x300.png\" alt=\"img-cerchio-vantaggi-rivenditore\" itemprop=\"image\" height=\"300\" width=\"300\" title=\"img-cerchio-vantaggi-rivenditore\" onerror=\"this.style.display='none'\" loading=\"lazy\" \/>\n<h3>\n\t\t\tVANTAGGI PER IL RIVENDITORE\t<\/h3>\n\t\t\t <p>Puoi offrire ai tuoi clienti un servizio di alta qualit\u00e0 su una molteplicit\u00e0 di tecnologie e brand, su tutto il territorio nazionale.<\/p>\n\t\t\t <p>L&#8217;assemblaggio dei componenti \u00e8 effettuato da installatori certificati.<\/p>\n\t\t\t <p>Offriamo un notevole risparmio di tempo e risorse per installazioni a volume, evitando la perdita di valore aggiunto.<\/p>\n\t<h3>\n\t\t\tPERCH\u00c9 UTILIZZARE LE NOSTRE RISORSE\t<\/h3>\n\t<p>Assemblaggio e installazione di prodotti possono essere molto onerosi in termini di costi logistici e di formazione specifica del personale. V-Valley dispone di personale qualificato e una struttura organizzata sul territorio nazionale, evitando al rivenditore lunghe trasferte.<\/p>\n\t\t\t\t<img decoding=\"async\" src=\"https:\/\/statics.v-valley.com\/prod\/2022\/11\/img-cerchio-risorse-300x300.png\" alt=\"img-cerchio-risorse\" itemprop=\"image\" height=\"300\" width=\"300\" title=\"img-cerchio-risorse\" onerror=\"this.style.display='none'\" loading=\"lazy\" \/>\n\t\t\t\t<img decoding=\"async\" src=\"https:\/\/statics.v-valley.com\/prod\/2022\/11\/img-cerchio-vantaggi-end-user-3-300x300.png\" alt=\"img-cerchio-vantaggi-end-user\" itemprop=\"image\" height=\"300\" width=\"300\" title=\"img-cerchio-vantaggi-end-user\" onerror=\"this.style.display='none'\" loading=\"lazy\" \/>\n<h3>\n\t\t\tVANTAGGI PER L&#8217;END USER\t<\/h3>\n\t\t\t <p>Non ci sono limitazioni geografiche: i servizi di V-Valley coprono tutto il territorio nazionale.<\/p>\n\t\t\t <p>Assistenza e competenza di personale altamente qualificato.<\/p>\n\t\t\t <p>Un&#8217;offerta completa di prodotti e servizi delle tecnologie pi\u00f9 avanzate, ottenute da un unico interlocutore, che consegna la soluzione &#8220;chiavi in mano&#8221;.<\/p>\n\t<h3>\n\t\t\tLA SCELTA PI\u00d9 CONVENIENTE PER L&#8217;ASSEMBLAGGIO\t<\/h3>\n\t<p>V-Valley \u00e8 una scelta di qualit\u00e0. La massima affidabilit\u00e0 del servizio \u00e8 garantita dalla connessione tra l&#8217;azienda e i vendor-produttori. Anni di collaborazione ci permettono di risolvere qualsiasi tipo di problematica interagendo direttamente con gli owner di una determinata tecnologia.<\/p>\n\t\t\t\t<img decoding=\"async\" src=\"https:\/\/statics.v-valley.com\/prod\/2022\/11\/img-cerchio-chiamata-assemblaggio-300x300.png\" alt=\"img-cerchio-chiamata-assemblaggio\" itemprop=\"image\" height=\"300\" width=\"300\" title=\"img-cerchio-chiamata-assemblaggio\" onerror=\"this.style.display='none'\" loading=\"lazy\" \/>\n<h2>\n\t\t\tSOLUZIONI PER TE CHE COMPRENDONO QUESTO SERVIZIO\t<\/h2>\n                                <h4>Infrastruttura e Data Center<\/h4>\n                                <a href=\"https:\/\/www.v-valley.com\/it\/soluzioni\/infrastruttura-e-data-center\/\" aria-label=\"link: Infrastruttura e Data Center\"><\/a>\n                            Progettazione, creazione e supporto di ambienti data center completi in ogni singolo aspetto.\n                         <!-- end solution item wrapper -->\n                     <!-- end solution item -->\n                                <h4>Unified Communication &#038; Collaboration<\/h4>\n                                <a href=\"https:\/\/www.v-valley.com\/it\/soluzioni\/unified-communication-e-collaboration\/\" aria-label=\"link: Unified Communication &#038; Collaboration\"><\/a>\n                            I benefici di remote working e smart working con connessioni dalle sedi remote. \n                         <!-- end solution item wrapper -->\n                     <!-- end solution item -->\n                                <h4>Infrastruttura di Networking Reti e connettivit\u00e0<\/h4>\n                                <a href=\"https:\/\/www.v-valley.com\/it\/soluzioni\/infrastrutture-reti-e-connettivita\/\" aria-label=\"link: Infrastruttura di Networking Reti e connettivit\u00e0\"><\/a>\n                            Un mondo interconnesso di prodotti e soluzioni di networking per una migliore customer experience.\n                         <!-- end solution item wrapper -->\n                     <!-- end solution item -->\n                             <!-- end vvly solutions slider -->\n         <!-- end vvly solutions slider section -->\n    <h2>\n\t\t\tSCOPRI TUTTI I NOSTRI SERVIZI\t<\/h2>\n                                <a href=\"https:\/\/www.v-valley.com\/it\/servizi\/supporto-tecnico-di-pre-vendita\/\">\n                                                                            <img decoding=\"async\" src=\"https:\/\/statics.v-valley.com\/prod\/2022\/10\/box-tutti-i-servizi-supporto-tecnico.jpg\" alt=\"Supporto tecnico di pre-vendita\" name=\"Supporto tecnico di pre-vendita\"\/>\n                                                                    <\/a>\n                                <a href=\"https:\/\/www.v-valley.com\/it\/servizi\/supporto-tecnico-di-pre-vendita\/\">\n                                    <h5>Supporto tecnico di pre-vendita<\/h5>\n                                <\/a>\n                         <!-- end service item wrapper -->\n                     <!-- end service item -->\n                                <a href=\"https:\/\/www.v-valley.com\/it\/servizi\/parti-di-ricambio\/\">\n                                                                            <img decoding=\"async\" src=\"https:\/\/statics.v-valley.com\/prod\/2022\/10\/box-tutti-i-servizi-parti-di-ricambio.jpg\" alt=\"Parti di ricambio\" name=\"Parti di ricambio\"\/>\n                                                                    <\/a>\n                                <a href=\"https:\/\/www.v-valley.com\/it\/servizi\/parti-di-ricambio\/\">\n                                    <h5>Parti di ricambio<\/h5>\n                                <\/a>\n                         <!-- end service item wrapper -->\n                     <!-- end service item -->\n                             <!-- end vvly services slider -->\n         <!-- end vvly services slider section -->\n    \n","protected":false},"excerpt":{"rendered":"<p>GLI SPECIALISTI DI V-VALLEY A TUA DISPOSIZIONE V-Valley opera con fornitori altamente qualificati che garantiscono servizi di assemblaggio e installazione su tutto il territorio nazionale. Forniamo servizi a valore o a volume, roll out, pre configurazioni hardware, software o staging su una vasta gamma di prodotti, come PC, TV, server, videocamere, storage device o lavagne [&hellip;]<\/p>\n","protected":false},"author":7,"featured_media":2352,"parent":535,"menu_order":0,"comment_status":"closed","ping_status":"closed","template":"templates\/template-single-service.php","meta":{"_acf_changed":false,"_genesis_hide_title":false,"_genesis_hide_breadcrumbs":false,"_genesis_hide_singular_image":false,"_genesis_hide_footer_widgets":false,"_genesis_custom_body_class":"","_genesis_custom_post_class":"","_genesis_layout":"","footnotes":""},"class_list":{"0":"post-587","1":"page","2":"type-page","3":"status-publish","4":"has-post-thumbnail","6":"entry"},"acf":[],"_links":{"self":[{"href":"https:\/\/www.v-valley.com\/it\/wp-json\/wp\/v2\/pages\/587","targetHints":{"allow":["GET"]}}],"collection":[{"href":"https:\/\/www.v-valley.com\/it\/wp-json\/wp\/v2\/pages"}],"about":[{"href":"https:\/\/www.v-valley.com\/it\/wp-json\/wp\/v2\/types\/page"}],"author":[{"embeddable":true,"href":"https:\/\/www.v-valley.com\/it\/wp-json\/wp\/v2\/users\/7"}],"replies":[{"embeddable":true,"href":"https:\/\/www.v-valley.com\/it\/wp-json\/wp\/v2\/comments?post=587"}],"version-history":[{"count":2,"href":"https:\/\/www.v-valley.com\/it\/wp-json\/wp\/v2\/pages\/587\/revisions"}],"predecessor-version":[{"id":604545,"href":"https:\/\/www.v-valley.com\/it\/wp-json\/wp\/v2\/pages\/587\/revisions\/604545"}],"up":[{"embeddable":true,"href":"https:\/\/www.v-valley.com\/it\/wp-json\/wp\/v2\/pages\/535"}],"wp:featuredmedia":[{"embeddable":true,"href":"https:\/\/www.v-valley.com\/it\/wp-json\/wp\/v2\/media\/2352"}],"wp:attachment":[{"href":"https:\/\/www.v-valley.com\/it\/wp-json\/wp\/v2\/media?parent=587"}],"curies":[{"name":"wp","href":"https:\/\/api.w.org\/{rel}","templated":true}]}}