{"id":585,"date":"2022-09-26T15:44:00","date_gmt":"2022-09-26T13:44:00","guid":{"rendered":"https:\/\/www.v-valley.com\/?page_id=585"},"modified":"2022-11-29T11:00:32","modified_gmt":"2022-11-29T10:00:32","slug":"supporto-tecnico-di-pre-vendita","status":"publish","type":"page","link":"https:\/\/www.v-valley.com\/it\/servizi\/supporto-tecnico-di-pre-vendita\/","title":{"rendered":"Supporto tecnico di pre-vendita"},"content":{"rendered":"\n<h2>\n\t\tIL SUPPORTO CHE TI APRE NUOVE OPPORTUNIT\u00c0\n\t<\/h2>\n\t<p>V-Valley pu\u00f2 offrirti il migliore supporto pre-vendita: potrai proporre ai tuoi clienti i servizi e le soluzioni richieste dal loro business, e gestire in modo ottimale le molteplici opportunit\u00e0 che il mercato ti offre.<\/p>\n<p>La competenza di un team dedicato ti aiuter\u00e0 in tutte le fasi del progetto, dall&#8217;ascolto delle tue necessit\u00e0 alla scelta della soluzione ottimale, fino alla soddisfazione dell&#8217;utente finale.<\/p>\n<p>Potrai sfruttare la massima competenza tecnologica per comporre soluzioni su misura anche su progetti tecnologici molto complessi; naturalmente, otterrai supporto anche per le richieste pi\u00f9 semplici.<\/p>\n<p>I servizi e le competenze offerti ti permetteranno di rendere pi\u00f9 competitiva la proposta ai tuoi clienti.<\/p>\n\t\t\t\t<img loading=\"lazy\" decoding=\"async\" src=\"https:\/\/statics.v-valley.com\/prod\/2022\/11\/img-cerchio-vantaggi-rivenditore-1-300x300.png\" alt=\"img-cerchio-vantaggi-rivenditore\" itemprop=\"image\" height=\"300\" width=\"300\" title=\"img-cerchio-vantaggi-rivenditore\" onerror=\"this.style.display='none'\"  \/>\n<h3>\n\t\tVANTAGGI PER IL RIVENDITORE\n\t<\/h3>\n\t\t\t <p>Affiancamento costante in tutte le fasi, dall&#8217;ascolto delle tue esigenze specifiche fino alla soddisfazione dell&#8217;utente finale.<\/p>\n\t\t\t <p>Proposte e progetti tailor made per il tuo business e per quello del tuo end-user.<\/p>\n\t\t\t <p>Un team di supporto in grado di aiutarti nella risoluzione dei problemi pi\u00f9 semplici, cos\u00ec come nelle richieste tecnologicamente pi\u00f9 complesse.<\/p>\n\t<h3>\n\t\tMIGLIORARE LA TUA PROPOSTA\n\t<\/h3>\n\t<p>Un Team altamente specializzato ti proporr\u00e0 demo e servizi, per mostrare ai tuoi clienti su tutto il territorio nazionale le potenzialit\u00e0 delle soluzioni tecnologiche proposte. Hai la possibilit\u00e0 di personalizzare i servizi offerti.<\/p>\n\t\t\t\t<img loading=\"lazy\" decoding=\"async\" src=\"https:\/\/statics.v-valley.com\/prod\/2022\/11\/img-cerchio-migliorare-proposta-300x300.png\" alt=\"img-cerchio-migliorare-proposta\" itemprop=\"image\" height=\"300\" width=\"300\" title=\"img-cerchio-migliorare-proposta\" onerror=\"this.style.display='none'\"  \/>\n\t\t\t\t<img loading=\"lazy\" decoding=\"async\" src=\"https:\/\/statics.v-valley.com\/prod\/2022\/11\/img-cerchio-vantaggi-end-user-2-300x300.png\" alt=\"img-cerchio-vantaggi-end-user\" itemprop=\"image\" height=\"300\" width=\"300\" title=\"img-cerchio-vantaggi-end-user\" onerror=\"this.style.display='none'\"  \/>\n<h3>\n\t\tVANTAGGI PER L&#8217;END USER\n\t<\/h3>\n\t\t\t <p>Soluzioni valide per ogni tua esigenza.<\/p>\t\t\n\t\t\t <p>L&#8217;esperienza di un gruppo leader del mercato in Sud Europa.<\/p>\n\t\t\t <p>Possibilit\u00e0 di finanziamenti e supporto anche logistico.<\/p>\n\t<h3>\n\t\tUNA SOLUZIONE SEMPRE SU MISURA\n\t<\/h3>\n\t<p>Forniamo ai nostri dealer un grande valore aggiunto. Selezioniamo infatti i migliori fornitori sul mercato secondo criteri di qualit\u00e0 e competitivit\u00e0. Questo ci permette di essere sempre pronti a proporre nuovi progetti grazie a soluzioni tecnologiche di ultima generazione, adattabili alle specifiche esigenze dei tuoi clienti.<\/p>\n\t\t\t\t<img loading=\"lazy\" decoding=\"async\" src=\"https:\/\/statics.v-valley.com\/prod\/2022\/11\/img-cerchio-soluzione-su-misura-300x300.png\" alt=\"img-cerchio-soluzione-su-misura\" itemprop=\"image\" height=\"300\" width=\"300\" title=\"img-cerchio-soluzione-su-misura\" onerror=\"this.style.display='none'\"  \/>\n<h2>\n\t\tSOLUZIONI PER TE CHE COMPRENDONO QUESTO SERVIZIO\n\t<\/h2>\n                                <h4>Cloud<\/h4>\n                                <a href=\"https:\/\/www.v-valley.com\/it\/soluzioni\/cloud\/\"><\/a>\n                            Servizi Cloud aziendali e soluzioni per aziende in ambito di backup, storage, hosting, networking, CRM.\n                         <!-- end solution item wrapper -->\n                     <!-- end solution item -->\n                                <h4>Software Defined and Data Management<\/h4>\n                                <a href=\"https:\/\/www.v-valley.com\/it\/soluzioni\/software-defined-and-data-management\/\"><\/a>\n                            Progettazione e implementazione di infrastrutture software e sistemi di archiviazione basati sulla virtualizzazione.\n                         <!-- end solution item wrapper -->\n                     <!-- end solution item -->\n                                <h4>Infrastruttura e Data Center<\/h4>\n                                <a href=\"https:\/\/www.v-valley.com\/it\/soluzioni\/infrastruttura-e-data-center\/\"><\/a>\n                            Progettazione, creazione e supporto di ambienti data center completi in ogni singolo aspetto.\n                         <!-- end solution item wrapper -->\n                     <!-- end solution item -->\n                                <h4>Cabling e Energy Efficiency<\/h4>\n                                <a href=\"https:\/\/www.v-valley.com\/it\/soluzioni\/cabling-e-energy-efficiency\/\"><\/a>\n                            Soluzioni di connettivit\u00e0 avanzate per tutti gli ambienti e progetti di efficientamento energetico. \n                         <!-- end solution item wrapper -->\n                     <!-- end solution item -->\n                                <h4>Unified Communication &#038; Collaboration<\/h4>\n                                <a href=\"https:\/\/www.v-valley.com\/it\/soluzioni\/unified-communication-e-collaboration\/\"><\/a>\n                            I benefici di remote working e smart working con connessioni dalle sedi remote. \n                         <!-- end solution item wrapper -->\n                     <!-- end solution item -->\n                                <h4>Videosorveglianza<\/h4>\n                                <a href=\"https:\/\/www.v-valley.com\/it\/soluzioni\/videosorveglianza\/\"><\/a>\n                            Un&#8217;ampia offerta di dispositivi per la sicurezza in ambito residenziale, commerciale e industriale.\n                         <!-- end solution item wrapper -->\n                     <!-- end solution item -->\n                                <h4>Infrastruttura di Networking Reti e connettivit\u00e0<\/h4>\n                                <a href=\"https:\/\/www.v-valley.com\/it\/soluzioni\/infrastrutture-reti-e-connettivita\/\"><\/a>\n                            Un mondo interconnesso di prodotti e soluzioni di networking per una migliore customer experience.\n                         <!-- end solution item wrapper -->\n                     <!-- end solution item -->\n                                <h4>Cyber Security<\/h4>\n                                <a href=\"https:\/\/www.v-valley.com\/it\/soluzioni\/cyber-security\/\"><\/a>\n                            Soluzioni di sicurezza informatica per aziende: scopri i nostri servizi di Cyber Security per la sicurezza digitale dei sistemi e dei dati aziendali.\n                         <!-- end solution item wrapper -->\n                     <!-- end solution item -->\n                             <!-- end vvly solutions slider -->\n         <!-- end vvly solutions slider section -->\n    <h2>\n\t\tSCOPRI TUTTI I NOSTRI SERVIZI\n\t<\/h2>\n                                <a href=\"https:\/\/www.v-valley.com\/it\/servizi\/assemblaggio\/\">\n                                                                            <img decoding=\"async\" src=\"https:\/\/statics.v-valley.com\/prod\/2022\/10\/box-tutti-i-servizi-assemblaggio.jpg\" alt=\"Assemblaggio\" name=\"Assemblaggio\"\/>\n                                                                    <\/a>\n                                <a href=\"https:\/\/www.v-valley.com\/it\/servizi\/assemblaggio\/\">\n                                    <h5>Assemblaggio<\/h5>\n                                <\/a>\n                         <!-- end service item wrapper -->\n                     <!-- end service item -->\n                                <a href=\"https:\/\/www.v-valley.com\/it\/servizi\/parti-di-ricambio\/\">\n                                                                            <img decoding=\"async\" src=\"https:\/\/statics.v-valley.com\/prod\/2022\/10\/box-tutti-i-servizi-parti-di-ricambio.jpg\" alt=\"Parti di ricambio\" name=\"Parti di ricambio\"\/>\n                                                                    <\/a>\n                                <a href=\"https:\/\/www.v-valley.com\/it\/servizi\/parti-di-ricambio\/\">\n                                    <h5>Parti di ricambio<\/h5>\n                                <\/a>\n                         <!-- end service item wrapper -->\n                     <!-- end service item -->\n                             <!-- end vvly services slider -->\n         <!-- end vvly services slider section -->\n    \n","protected":false},"excerpt":{"rendered":"<p>IL SUPPORTO CHE TI APRE NUOVE OPPORTUNIT\u00c0 V-Valley pu\u00f2 offrirti il migliore supporto pre-vendita: potrai proporre ai tuoi clienti i servizi e le soluzioni richieste dal loro business, e gestire in modo ottimale le molteplici opportunit\u00e0 che il mercato ti offre. La competenza di un team dedicato ti aiuter\u00e0 in tutte le fasi del progetto, [&hellip;]<\/p>\n","protected":false},"author":7,"featured_media":2412,"parent":535,"menu_order":0,"comment_status":"closed","ping_status":"closed","template":"templates\/template-single-service.php","meta":{"_acf_changed":false,"_genesis_hide_title":false,"_genesis_hide_breadcrumbs":false,"_genesis_hide_singular_image":false,"_genesis_hide_footer_widgets":false,"_genesis_custom_body_class":"","_genesis_custom_post_class":"","_genesis_layout":"","footnotes":""},"class_list":{"0":"post-585","1":"page","2":"type-page","3":"status-publish","4":"has-post-thumbnail","6":"entry"},"acf":[],"_links":{"self":[{"href":"https:\/\/www.v-valley.com\/it\/wp-json\/wp\/v2\/pages\/585","targetHints":{"allow":["GET"]}}],"collection":[{"href":"https:\/\/www.v-valley.com\/it\/wp-json\/wp\/v2\/pages"}],"about":[{"href":"https:\/\/www.v-valley.com\/it\/wp-json\/wp\/v2\/types\/page"}],"author":[{"embeddable":true,"href":"https:\/\/www.v-valley.com\/it\/wp-json\/wp\/v2\/users\/7"}],"replies":[{"embeddable":true,"href":"https:\/\/www.v-valley.com\/it\/wp-json\/wp\/v2\/comments?post=585"}],"version-history":[{"count":0,"href":"https:\/\/www.v-valley.com\/it\/wp-json\/wp\/v2\/pages\/585\/revisions"}],"up":[{"embeddable":true,"href":"https:\/\/www.v-valley.com\/it\/wp-json\/wp\/v2\/pages\/535"}],"wp:featuredmedia":[{"embeddable":true,"href":"https:\/\/www.v-valley.com\/it\/wp-json\/wp\/v2\/media\/2412"}],"wp:attachment":[{"href":"https:\/\/www.v-valley.com\/it\/wp-json\/wp\/v2\/media?parent=585"}],"curies":[{"name":"wp","href":"https:\/\/api.w.org\/{rel}","templated":true}]}}