{"id":544197,"date":"2025-04-23T21:56:00","date_gmt":"2025-04-23T19:56:00","guid":{"rendered":"https:\/\/www.v-valley.com\/?page_id=544197"},"modified":"2026-02-13T09:32:55","modified_gmt":"2026-02-13T08:32:55","slug":"dichiarazione-di-accessibilita","status":"publish","type":"page","link":"https:\/\/www.v-valley.com\/it\/dichiarazione-di-accessibilita\/","title":{"rendered":"Dichiarazione di accessibilita"},"content":{"rendered":"\n\n\t<h2>Premessa<\/h2>\n<p>Il Decreto Legislativo n. 82 del 27 maggio 2022 ha recepito la Direttiva (UE) 2019\/882 del Parlamento europeo e del Consiglio del 17 aprile 2019 sui requisiti di accessibilit\u00e0 dei prodotti e dei servizi.<\/p>\n<h3><br \/>Linee guida sull&#8217;accessibilit\u00e0 dei servizi, in attuazione dell&#8217;art. 21 del Decreto Legislativo n. 82\/2022.<\/h3>\n<p>Il decreto \u00e8 stato pubblicato nella Gazzetta Ufficiale (Serie Generale n. 152 del 01-07-2022) ed \u00e8 entrato in vigore il 16 luglio 2022, ma le relative disposizioni sono efficaci dal 28 giugno 2025.<\/p>\n<p>Esprinet S.p.A. si impegna a rendere i propri siti web accessibili in conformit\u00e0 con la Legge n. 82 del 27 maggio 2022, che ha trasposto la Direttiva (UE) 2019\/882 del Parlamento Europeo e del Consiglio del 17 aprile 2019 sui requisiti di accessibilit\u00e0 di prodotti e servizi. Questa dichiarazione di accessibilit\u00e0 si applica ai siti web <a href=\"https:\/\/www.v-valley.com\">https:\/\/www.v-valley.com<\/a>.<\/p><br \/>\n<h2>Stato di compatibilit\u00e0 con i requisiti<\/h2><br \/>\n<p>Il sito web <a href=\"https:\/\/www.v-valley.com\">https:\/\/www.v-valley.com<\/a> \u00e8 parzialmente conforme ai requisiti dell&#8217;Annex A di UNI EN 301549:2018 (WCAG 2.1) a causa dei casi di non conformit\u00e0 e\/o delle eccezioni elencate di seguito. Esprinet S.p.A. sta conducendo, insieme ai suoi fornitori, un&#8217;analisi volta a fare gli interventi necessari per rendere i siti in questione accessibili e conformi allo standard.<\/p><br \/>\n<h2>Contenuti inaccessibili<br \/><\/h2>\n<p><b>Il seguente contenuto non \u00e8 accessibile perch\u00e9 non \u00e8 compatibile con la norma armonizzata sottostante EN 301 549:<br \/><br \/><\/b><\/p>\n<ul>\n    <li>Il contrasto tra testo e sfondo \u00e8 troppo basso in quasi tutte le pagine. <br \/><\/li>\n    <li>In una pagina sono presenti tabelle non disposte correttamente. Non tutte le intestazioni delle tabelle sono assegnate ai dati delle tabelle. Non \u00e8 sempre chiaro quale contenuto della tabella appartenga a quale intestazione di tabella. <br \/><\/li>\n    <li>Ci sono valori non validi dell&#8217;attributo aria su singole pagine. Non sono riconosciuti dai lettori di schermo e quindi non vengono visualizzati correttamente. <br \/><\/li>\n    <li>Gli elementi subordinati mancano dell&#8217;elemento genitore corrispondente in tutte le pagine. Questo pu\u00f2 portare gli screen reader a non visualizzare correttamente gli elementi subordinati. <br \/><\/li>\n    <li>Ci sono elementi il cui ID Aria ricorre pi\u00f9 volte in tutte le pagine. Questo rende difficile la navigazione del sito web con gli screen reader. <br \/><\/li>\n<\/ul><br \/><br \/>Le evoluzioni apportate al codice e quelle future sono state e saranno sviluppate in conformit\u00e0 alle linee guida WCAG 2.2. La dichiarazione \u00e8 stata redatta il <b>13\/02\/2026<\/b>. \u00c8 stata effettuata utilizzando una valutazione conforme ai requisiti della Direttiva (UE) 2019\/882 attraverso un&#8217;autovalutazione effettuata direttamente dal fornitore. La dichiarazione \u00e8 stata creata con l&#8217;aiuto della tecnologia Eye-Able\u00ae di <b>Web Inclusion GmbH<\/b>. Ulteriori informazioni su Web Inclusion GmbH sono disponibili su <a href=\"https:\/\/eye-able.com\/\" target=\"_blank\" rel=\"noopener\">https:\/\/eye-able.com\/<\/a>.<br \/>La dichiarazione \u00e8 stata verificata l&#8217;ultima volta il 13\/02\/2026.<br \/><br \/>Esprinet S.p.A. sta conducendo un&#8217;analisi con i propri fornitori per apportare le modifiche necessarie per rendere i siti in questione accessibili e conformi alle normative. Esprinet S.p.A., con l&#8217;obiettivo di migliorare progressivamente l&#8217;esperienza dei propri clienti web, ha inoltre implementato proattivamente il software SaaS Eye-Able\u00ae di Web Inclusion GmbH.<br \/>La funzionalit\u00e0 in questione consente di effettuare Audit al fine di scansionare singole pagine del sito per individuare barriere digitali, fornendo supporto compatibile che spiega l&#8217;errore e propone un codice alternativo per correggerlo e altri strumenti che permettono agli utenti dei siti web di utilizzare importanti funzioni che possano migliorarne la navigazione. L&#8217;azienda si impegna a sviluppare evoluzioni del codice passate e future in conformit\u00e0 alle linee guida WCAG 2.2.<br \/><br \/>\n<h2>Feedback e dettagli di contatto <br \/><\/h2>\n<p>Hai un commento o una nota sulle barriere presenti su questo sito? Contattaci. Ti spiegheremo quali barriere esistono e come abbiamo intenzione di migliorare i nostri ambienti digitali. Risponderemo alle tue domande il pi\u00f9 rapidamente possibile. Grazie per il tuo feedback. Per ulteriori info,puoi contattarci al seguente indirizzo:<\/p> <br \/><a href=\"mailto:accessibilty@esprinet.com\" aria-label=\"Inviare un'e-mail a accessibilty@esprinet.com\">accessibilty@esprinet.com<\/a><br \/><br \/> Nella mail sar\u00e0 necessario indicare: Nome e cognome; Indirizzo della pagina web o sezioni del sito o area clienti oggetto della segnalazione; Descrizione chiara e concisa del problema riscontrato; Strumenti utilizzati (sistema operativo, browser, tecnologie assistive).<br \/><br \/>\n<h2>AGID<\/h2><br \/>\n<p>In caso di risposta insoddisfacente o di mancata risposta entro trenta giorni alla notifica o alla richiesta, l&#8217;interessato pu\u00f2 inviare una segnalazione all&#8217;AGID:<\/p> <br \/>AGID <br \/>Via Liszt 21 <br \/>00144 Roma<br \/> <a href=\"mailto:protocollo@pec.agid.gov.it\" aria-label=\"Inviare un'e-mail a protocollo@pec.agid.gov.it\">protocollo@pec.agid.gov.it<\/a> <br \/><a href=\"https:\/\/www.agid.gov.it\" target=\"_blank\" rel=\"noopener noreferrer\" aria-label=\"Aprire il sito web https:\/\/www.agid.gov.it\">https:\/\/www.agid.gov.it<\/a> <br \/><br \/><br \/>\n<h2>Disclaimer<\/h2><br \/>\n<p>Il controllo automatico dei contenuti web \u00e8 stato effettuato il: 13\/02\/2026. Per i contenuti web, durante l&#8217;accesso tramite Eye-Able, \u00e8 stato utilizzato il browser Google Chrome nella versione 136.0.7103.92. Garantiamo l&#8217;accuratezza delle informazioni fornite per la versione dell&#8217;applicazione testata con i parametri di browser e sistema operativo specificati. Utilizzando versioni o ambienti diversi, \u00e8 possibile una visualizzazione differente rispetto ai risultati qui riportati. Per una verifica completa, si raccomandano anche test manuali da parte del gestore del sito web.<\/p>\n<h2>\n\t\t\tDichiarazione di accessibilit\u00e0 sito web per i Soggetti Privati di cui all&#8217;art. 3 comma 1 della legge 9 gennaio 2004, n.4\t<\/h2>\n<h3>\n\t\t\tDichiarazione\t<\/h3>\n\t<p><strong>V-Valley S.r.l.<\/strong> si impegna a rendere il proprio sito Web accessibile, conformemente alla legge 9 gennaio 2004, n. 4. La presente dichiarazione di accessibilit\u00e0 si applica a: <strong>https:\/\/www.v-valley.com\/it\/<\/strong><\/p>\n<h3>\n\t\t\tStato di conformit\u00e0:\t<\/h3>\n\t<strong>Parzialmente conforme<\/strong><br \/>\nQuesto sito web \u00e8 parzialmente conforme ai requisiti previsti dall&#8217;appendice A della norma UNI CEI EN 301549 in ragione dei casi di non conformit\u00e0 elencati di seguito\n<h4>\n\t\t\tContenuti non accessibili\t<\/h4>\n\t<p>I contenuti di seguito elencati non sono accessibili per i seguenti motivi inosservanza della legge 9 gennaio 2004, n. 4:<\/p>\n<ul>\n<li>9.1.1.1 &#8211; Alcuni contenuti non testuali presentati all&#8217;utente non hanno un&#8217;alternativa testuale equivalente che serva allo stesso scopo;<\/li>\n<li>9.1.3.1 &#8211; In alcuni casi, informazioni, struttura o correlazioni trasmesse dalla presentazione delle pagine, non possono essere determinate programmaticamente (o non sono disponibili tramite testo);<\/li>\n<li>9.1.4.3 &#8211; La rappresentazione visiva del testo e di immagini contenenti testo non ha sempre il rapporto minimo di contrasto richiesto, salvo eccezioni previste dalla normativa (Es. i logotipi);<\/li>\n<li>9.1.4.4 &#8211; Alcuni testi, ad eccezione dei sottotitoli e delle immagini contenenti testo, non possono essere ridimensionati fino al 200 percento senza utilizzare tecnologie assistive e senza perdere contenuto e funzionalit\u00e0;<\/li>\n<li>9.1.4.11 &#8211; Per alcuni componenti essenziali, anche nei diversi stati, il contrasto colore rispetto agli elementi adiacenti non supera il rapporto di 3:1;<\/li>\n<li>9.2.1.1 &#8211; Alcune funzionalit\u00e0 non possono essere utilizzabili tramite tastiera (o interfaccia con input analogo);<\/li>\n<li>9.2.4.1 &#8211; Manca un meccanismo per saltare i blocchi di contenuto che si ripetono su pi\u00f9 pagine Web;<\/li>\n<li>9.2.4.3 &#8211; In alcune pagine Web che possono essere navigate in modo sequenziale e in cui la sequenza di navigazione influisce sul loro significato e sul loro funzionamento, alcuni oggetti che potrebbero ricevere il focus non lo ricevono con un ordine tale da conservarne il senso e l&#8217;operativit\u00e0;<\/li>\n<li>9.2.4.4 &#8211; Lo scopo di alcuni collegamenti non pu\u00f2 essere determinato dal testo del collegamento oppure dal testo del collegamento insieme a dei contenuti adiacenti;<\/li>\n<li>9.2.4.6 &#8211; Intestazioni e\/o etichette non chiariscono sufficientemente contenuti o funzionalit\u00e0;<\/li>\n<li>9.2.4.7 &#8211; Su alcuni elementi interattivi non \u00e8 visibile l&#8217;indicatore del focus;<\/li>\n<li>9.3.2.4 &#8211; Alcuni componenti con la stessa funzionalit\u00e0 all&#8217;interno di un insieme di pagine Web non vengono identificati in modo coerente;<\/li>\n<li>9.4.1.2 &#8211; In alcuni casi i componenti dell&#8217;interfaccia utente (tra cui: elementi di un modulo, collegamenti e componenti generati da script&#8230;), nome, ruolo, stati, propriet\u00e0 e valori non sono corretti o impostati o non \u00e8 avvisato l&#8217;utente e le sue tecnologie assistive quando questi cambiano;<\/li>\n<\/ul>\n<h4>\n\t\t\tRedazione della dichiarazione di accessibilit\u00e0\t<\/h4>\n\t<p>La presente dichiarazione \u00e8 stata redatta il<strong> 10\/04\/2025.<\/strong><strong><\/strong><\/p>\nLa valutazione \u00e8 stata<strong> effettuata da terzi<\/strong> tramite analisi oggettive e soggettive (cfr. l&#8217;articolo 3, paragrafo 1, della decisione di esecuzione UE 2018\/1523 della Commissione).<em><br \/>\n<\/em><strong><br \/>\n<\/strong>La dichiarazione \u00e8 stata riesaminata da ultimo il <strong>10\/04\/2025<\/strong>, rispettando la raccomandazione di riesaminare periodicamente (con frequenza almeno annuale) l&#8217;esattezza delle affermazioni contenute nella presente dichiarazione di accessibilit\u00e0.\n<h3>\n\t\t\tFeedback e informazioni di contatto\t<\/h3>\n\t<p>Le persone che necessitano di tecnologie assistive o di configurazioni particolari nella navigazione dei contenuti possono richiedere assistenza in merito all&#8217;accessibilit\u00e0 e segnalare eventuali casi di non conformit\u00e0 all&#8217;indirizzo <strong><a href=\"mailto:accessibility@esprinet.com\">accessibility@esprinet.com<\/a><\/strong>.<\/p>\n<p>Le richieste verranno gestite dal responsabile della transizione al digitale, raggiungibile all&#8217;indirizzo email <strong><a href=\"mailto:accessibility@esprinet.com\">accessibility@esprinet.com<\/a>.<\/strong><\/p>\n<h4>\n\t\t\tModalit\u00e0 di invio delle segnalazioni all&#8217;AgID\t<\/h4>\n\t<p>In caso di risposta insoddisfacente o di mancata risposta, nel termine di trenta giorni, alla notifica o alla richiesta, l&#8217;interessato pu\u00f2 inoltrare una segnalazione ad AgID, tramite pec, al seguente indirizzo: <strong><u>protocollo@pec.agid.gov.it<\/u><\/strong><\/p>\n<h3>\n\t\t\tInformazioni sul sito\t<\/h3>\n\t<ol>\n<li>la data di pubblicazione: <strong>22\/04\/2024<\/strong><\/li>\n<li>sono stati effettuati i test di usabilit\u00e0: <strong>no<\/strong><\/li>\n<li>CMS utilizzato per il sito web: <strong>WordPress<\/strong><\/li>\n<\/ol>\n<h3>\n\t\t\tInformazioni sulla struttura\t<\/h3>\n\t<ol>\n<li>il numero di dipendenti con disabilit\u00e0 presenti nell&#8217;amministrazione:<strong> 33<\/strong><\/li>\n<li>il numero di postazioni di lavoro per dipendenti con disabilit\u00e0:<strong> 33<\/strong><\/li>\n<\/ol>\n\n","protected":false},"excerpt":{"rendered":"<p>Premessa Il Decreto Legislativo n. 82 del 27 maggio 2022 ha recepito la Direttiva (UE) 2019\/882 del Parlamento europeo e del Consiglio del 17 aprile 2019 sui requisiti di accessibilit\u00e0 dei prodotti e dei servizi. Linee guida sull&#8217;accessibilit\u00e0 dei servizi, in attuazione dell&#8217;art. 21 del Decreto Legislativo n. 82\/2022. Il decreto \u00e8 stato pubblicato nella [&hellip;]<\/p>\n","protected":false},"author":7,"featured_media":0,"parent":0,"menu_order":0,"comment_status":"closed","ping_status":"closed","template":"templates\/template-generic-full-content.php","meta":{"_acf_changed":false,"_genesis_hide_title":false,"_genesis_hide_breadcrumbs":false,"_genesis_hide_singular_image":false,"_genesis_hide_footer_widgets":false,"_genesis_custom_body_class":"","_genesis_custom_post_class":"","_genesis_layout":"","footnotes":""},"class_list":{"0":"post-544197","1":"page","2":"type-page","3":"status-publish","5":"entry"},"acf":[],"_links":{"self":[{"href":"https:\/\/www.v-valley.com\/it\/wp-json\/wp\/v2\/pages\/544197","targetHints":{"allow":["GET"]}}],"collection":[{"href":"https:\/\/www.v-valley.com\/it\/wp-json\/wp\/v2\/pages"}],"about":[{"href":"https:\/\/www.v-valley.com\/it\/wp-json\/wp\/v2\/types\/page"}],"author":[{"embeddable":true,"href":"https:\/\/www.v-valley.com\/it\/wp-json\/wp\/v2\/users\/7"}],"replies":[{"embeddable":true,"href":"https:\/\/www.v-valley.com\/it\/wp-json\/wp\/v2\/comments?post=544197"}],"version-history":[{"count":3,"href":"https:\/\/www.v-valley.com\/it\/wp-json\/wp\/v2\/pages\/544197\/revisions"}],"predecessor-version":[{"id":625468,"href":"https:\/\/www.v-valley.com\/it\/wp-json\/wp\/v2\/pages\/544197\/revisions\/625468"}],"wp:attachment":[{"href":"https:\/\/www.v-valley.com\/it\/wp-json\/wp\/v2\/media?parent=544197"}],"curies":[{"name":"wp","href":"https:\/\/api.w.org\/{rel}","templated":true}]}}