{"id":477,"date":"2022-09-22T16:15:04","date_gmt":"2022-09-22T14:15:04","guid":{"rendered":"https:\/\/www.v-valley.com\/?page_id=477"},"modified":"2022-10-30T11:05:39","modified_gmt":"2022-10-30T10:05:39","slug":"eset","status":"publish","type":"page","link":"https:\/\/www.v-valley.com\/it\/vendor\/eset\/","title":{"rendered":"ESET"},"content":{"rendered":"\r\n\r\n\t\t\t\t<img loading=\"lazy\" decoding=\"async\" src=\"https:\/\/statics.v-valley.com\/prod\/2022\/10\/logo_eset.gif\" alt=\"logo_eset\" itemprop=\"image\" height=\"55\" width=\"140\" title=\"logo_eset\" onerror=\"this.style.display='none'\"  \/>\r\n<h2>\r\n\t\tCHI \u00c8 ESET?\r\n\t<\/h2>\r\n\tESET \u00e8 una casa produttrice di software, fondata nel 1992 a Bratislava .Da pi\u00f9 di 20 anni ESET offre una tecnologia proattiva e intelligente, in grado di riconoscere le minacce pi\u00f9 raffinate. La protezione multilivello di ESET va oltre la semplice protezione dai virus.<br \/>\r\nOgni giorno, i prodotti ESET proteggono i dati di milioni di utenti in 200 paesi nel mondo, aiutandoli ad usare ed esplorare Internet con sicurezza.\r\n<h2>\r\n\t\tI PRODOTTI DI ESET\r\n\t<\/h2>\r\n\t<p>ESET offre una suite completa di soluzioni di cybersecurity &#8220;olistiche&#8221; per aziende basata su una tecnologia di prevenzione dalle minacce di base piramidale che parte dalla nprotection ( mail security, sharepoint security endpoint protection, file server security) fino ad arrivare ai servizi di Threat intelligence (Intelligence feeds, apt reports).<\/p>\r\n\t<p>Identity &amp; Data Protection<\/p>\r\n\t<p>Cloud Security<\/p>\r\n\t<p>Mobile Security<\/p>\r\n\t<p>Wifi Security<\/p>\r\n\t<p>Endpoint Security<\/p>\r\n\t<p>Multi Factor Authentication<\/p>\r\n\t<p>MSP model<\/p>\r\n\t<p>EDR<\/p>\r\n\t<p>XDR<\/p>\r\n\t<p>MDR<\/p>\r\n\t<p>Mail security<\/p>\r\n\t<p>Security management<\/p>\r\n\t<p>File server security<\/p>\r\n\r\n","protected":false},"excerpt":{"rendered":"<p>CHI \u00c8 ESET? ESET \u00e8 una casa produttrice di software, fondata nel 1992 a Bratislava .Da pi\u00f9 di 20 anni ESET offre una tecnologia proattiva e intelligente, in grado di riconoscere le minacce pi\u00f9 raffinate. La protezione multilivello di ESET va oltre la semplice protezione dai virus. Ogni giorno, i prodotti ESET proteggono i dati [&hellip;]<\/p>\n","protected":false},"author":7,"featured_media":0,"parent":465,"menu_order":0,"comment_status":"closed","ping_status":"closed","template":"templates\/template-vendor-category.php","meta":{"_acf_changed":false,"_genesis_hide_title":false,"_genesis_hide_breadcrumbs":false,"_genesis_hide_singular_image":false,"_genesis_hide_footer_widgets":false,"_genesis_custom_body_class":"","_genesis_custom_post_class":"","_genesis_layout":"","footnotes":""},"class_list":{"0":"post-477","1":"page","2":"type-page","3":"status-publish","5":"entry"},"acf":[],"_links":{"self":[{"href":"https:\/\/www.v-valley.com\/it\/wp-json\/wp\/v2\/pages\/477","targetHints":{"allow":["GET"]}}],"collection":[{"href":"https:\/\/www.v-valley.com\/it\/wp-json\/wp\/v2\/pages"}],"about":[{"href":"https:\/\/www.v-valley.com\/it\/wp-json\/wp\/v2\/types\/page"}],"author":[{"embeddable":true,"href":"https:\/\/www.v-valley.com\/it\/wp-json\/wp\/v2\/users\/7"}],"replies":[{"embeddable":true,"href":"https:\/\/www.v-valley.com\/it\/wp-json\/wp\/v2\/comments?post=477"}],"version-history":[{"count":0,"href":"https:\/\/www.v-valley.com\/it\/wp-json\/wp\/v2\/pages\/477\/revisions"}],"up":[{"embeddable":true,"href":"https:\/\/www.v-valley.com\/it\/wp-json\/wp\/v2\/pages\/465"}],"wp:attachment":[{"href":"https:\/\/www.v-valley.com\/it\/wp-json\/wp\/v2\/media?parent=477"}],"curies":[{"name":"wp","href":"https:\/\/api.w.org\/{rel}","templated":true}]}}