{"id":342445,"date":"2023-12-15T15:54:52","date_gmt":"2023-12-15T14:54:52","guid":{"rendered":"https:\/\/www.v-valley.com\/compliance\/"},"modified":"2026-01-26T16:48:40","modified_gmt":"2026-01-26T15:48:40","slug":"compliance","status":"publish","type":"page","link":"https:\/\/www.v-valley.com\/it\/compliance\/","title":{"rendered":"Compliance"},"content":{"rendered":"\n<h2>\n\t\t\tDocumenti relativi alla societ\u00e0 V-Valley S.r.l.\t<\/h2>\n<h3>\n\t\t\tModello organizzativo e ODV\t<\/h3>\n\t<p>Il Decreto Legislativo 8 giugno 2001 n. 231 ha introdotto una disciplina della responsabilit\u00e0 amministrativa delle societ\u00e0&#8217; per reati (tra gli altri, i reati societari e i reati contro la pubblica amministrazione quali la corruzione e la concussione) commessi dagli amministratori, dirigenti o dipendenti nell&#8217;interesse o a vantaggio della societ\u00e0 stessa. Nell&#8217;introdurre il suddetto regime di responsabilit\u00e0 amministrativa, peraltro, il D.Lgs. 231\/2001 prevede una specifica forma di esonero dalla responsabilit\u00e0 se la societ\u00e0 dimostra di aver adottato ed efficacemente attuato modelli di organizzazione, gestione e controllo idonei a prevenire reati della specie di quello verificatosi.<\/p>\n<p>I valori di trasparenza, correttezza e lealt\u00e0 cui si ispira il Gruppo Esprinet sono alla base dell&#8217;adozione da parte della Societ\u00e0, di un modello di organizzazione, gestione e controllo (c.d. Modello organizzativo 231) funzionale alla prevenzione del rischio di commissione di reati rilevanti ai fini del citato D. Lgs. 231\/2001.<\/p>\n<p>Il Modello di Organizzazione, Gestione e Controllo \u00e8 stato aggiornato in data 11 settembre 2023 in sostituzione di quello previgente adottato il 7 aprile 2020.<\/p>\n<p>L&#8217;attuale Organismo di Vigilanza \u00e8 composto da: Carlo Ferrucci, Presidente, membro esterno.<\/p>\n<h3>\n\t\t\tCodice Etico\t<\/h3>\n\t<p>La Mission del Gruppo \u00e8 essere il punto di contatto chiave tra produttori, rivenditori e fruitori di tecnologia. La volont\u00e0 \u00e8 quella di creare valore per loro, per gli azionisti e per i dipendenti attraverso una costante strategia di crescita condivisa e basata su un modello di distribuzione innovativo, per:<\/p>\n\t<ul>\n<li>favorire la fruizione allargata di ogni tecnologia con una distribuzione efficiente su tutti i canali di contatto con consumatori e organizzazioni;<\/li>\n<li>sviluppare strumenti operativi e finanziari efficaci e innovativi per affrontare l&#8217;evoluzione dei mercati;<\/li>\n<li>essere punto di riferimento nel mercato della tecnologia grazie alle migliori competenze professionali<\/li>\n<\/ul>\n\t<p>Il Codice Etico, che trova applicazione in relazione a tutte le attivit\u00e0 svolte dal Gruppo Esprinet:<\/p>\n\t<ul>\n<li>stabilisce le linee di condotta e regola il complesso di diritti, doveri e responsabilit\u00e0 che il Gruppo assume espressamente con i propri stakeholder;<\/li>\n<li>definisce i criteri etici adottati per un corretto equilibrio tra aspettative e interessi dei vari portatori di interesse;<\/li>\n<li>contiene principi e linee guida di comportamento su eventuali aree a rischio etico.<\/li>\n<\/ul>\n\t<p><strong>Italiano<\/strong><\/p>\n\t<a href=\"https:\/\/www.esprinet.com\/wp-content\/uploads\/2023\/01\/Codice_Etico_2023_rev.IT_.pdf\" target=\"_self\" role=\"button\" download=\"Codice_Etico_2023_rev.IT_.pdf\" aria-label=\"Codice etico\">\n\t\t\t\t\t\tCodice etico\n\t\t\t\t\t<\/a>\n\t<p><strong>English<\/strong><\/p>\n\t<a href=\"https:\/\/statics.v-valley.com\/prod\/2023\/12\/Codice_Etico_2023_rev.EN_.pdf\" target=\"_self\" role=\"button\" download=\"Codice_Etico_2023_rev.EN_.pdf\" aria-label=\"Code of Ethics\">\n\t\t\t\t\t\tCode of Ethics\n\t\t\t\t\t<\/a>\n<h3>\n\t\t\tCodice di Comportamento Fornitori\t<\/h3>\n\t<p>Il Gruppo Esprinet intende inoltre instaurare con i propri fornitori e business partner relazioni commerciali improntate alla trasparenza, alla correttezza e all&#8217;etica negoziale. Lo sviluppo di relazioni trasparenti e durevoli con i fornitori, l&#8217;attenzione alla qualit\u00e0, alla sicurezza e al rispetto dell&#8217;ambiente, l&#8217;osservanza della normativa vigente rappresentano obiettivi da perseguire nell&#8217;ottica del consolidamento del valore creato per gli stakeholder.<\/p>\n<p>Pertanto, in connessione con il Codice Etico, il Gruppo ha definito un Codice di Comportamento destinato ad orientare le relazioni lungo la sua catena di fornitura.<\/p>\n\t<p><strong>Italiano<\/strong><\/p>\n\t<a href=\"https:\/\/www.esprinet.com\/wp-content\/uploads\/2023\/09\/Codice-Comportamento-Fornitori-2023-ITA.pdf\" target=\"_self\" role=\"button\" download=\"Codice-Comportamento-Fornitori-2023-ITA.pdf\" aria-label=\"Codice di Comportamento Fornitori\">\n\t\t\t\t\t\tCodice di Comportamento Fornitori\n\t\t\t\t\t<\/a>\n\t<p><strong>English<\/strong><\/p>\n\t<a href=\"https:\/\/statics.v-valley.com\/prod\/2023\/12\/Code-of-Conduct-Supply-Chain-2023-ENG.pdf\" target=\"_self\" role=\"button\" download=\"Code-of-Conduct-Supply-Chain-2023-ENG.pdf\" aria-label=\"Code of Conduct\">\n\t\t\t\t\t\tCode of Conduct\n\t\t\t\t\t<\/a>\n<h3>\n\t\t\tWhistleblowing\t<\/h3>\n\t<p>Il Gruppo intende incentivare la possibilit\u00e0 di segnalare casi di eventuali violazioni, ossia comportamenti, atti od omissioni che ledono l&#8217;interesse pubblico o l&#8217;integrit\u00e0 dell&#8217;ente privato e che consistono in condotte illecite rilevanti ai sensi del D.lgs. 231\/01 o violazioni del Codice Etico e\/o Modello di Organizzazione, Gestione e Controllo delle Societ\u00e0 del Gruppo Esprinet S.p.A., o illeciti che rientrano nell&#8217;ambito di applicazione degli atti dell&#8217;Unione europea o nazionali, o atti od omissioni che ledono gli interessi finanziari dell&#8217;Unione o il mercato interno, o atti o comportamenti che vanificano l&#8217;oggetto o la finalit\u00e0 delle disposizioni degli atti dell&#8217;Unione, di cui dipendenti\/lavoratori\/persone che operano nel contesto aziendale (compresi anche consulenti, collaboratori, azionisti, volontari, tirocinanti, etc.) siano venuti a conoscenza.<\/p>\n<p>Tutti i dipendenti\/lavoratori\/persone che operano nel contesto aziendale possono segnalare all&#8217;ente gestore della segnalazione qualunque violazione utilizzando i seguenti canali scritti ed orali:<\/p>\n\t<ul>\n<li>tramite piattaforma di Whistleblowing accessibile da qualsiasi browser avente il seguente indirizzo <a href=\"https:\/\/esprinet.eticainsieme.it\/#\/\" target=\"_blank\" rel=\"noopener\">https:\/\/esprinet.eticainsieme.it\/#\/<\/a>.<\/li>\n<li>chiamando il numero telefonico +393427755190 (non sottoposto a procedura di registrazione).<\/li>\n<\/ul>\n\t<p><strong>Italiano<\/strong><\/p>\n\t<a href=\"https:\/\/statics.v-valley.com\/prod\/2026\/01\/DIS01001-Policy-per-la-prevenzione-di-frodi-e-violazioni-al-Codice-Etico-e-per-la-gestione-delle-segnalazioni-in-materia-di-Whistleblowing.pdf\" target=\"_self\" role=\"button\" download=\"Policy Whistleblowing\" aria-label=\"Policy Whistleblowing\">\n\t\t\t\t\t\tPolicy Whistleblowing\n\t\t\t\t\t<\/a>\n\t<p><strong>English<\/strong><\/p>\n\t<a href=\"https:\/\/statics.v-valley.com\/prod\/2026\/01\/DIS01001-Policy-for-the-prevention-of-fraud-and-infringements-of-the-Code-of-Ethics-and-for-the-management-of-Whistleblowing-reports.pdf\" target=\"_self\" role=\"button\" download=\"Whistleblowing Policy\" aria-label=\"Whistleblowing Policy\">\n\t\t\t\t\t\tWhistleblowing Policy\n\t\t\t\t\t<\/a>\n\n","protected":false},"excerpt":{"rendered":"<p>Documenti relativi alla societ\u00e0 V-Valley S.r.l. Modello organizzativo e ODV Il Decreto Legislativo 8 giugno 2001 n. 231 ha introdotto una disciplina della responsabilit\u00e0 amministrativa delle societ\u00e0&#8217; per reati (tra gli altri, i reati societari e i reati contro la pubblica amministrazione quali la corruzione e la concussione) commessi dagli amministratori, dirigenti o dipendenti nell&#8217;interesse [&hellip;]<\/p>\n","protected":false},"author":6,"featured_media":0,"parent":0,"menu_order":0,"comment_status":"closed","ping_status":"closed","template":"templates\/template-simple.php","meta":{"_acf_changed":false,"_genesis_hide_title":false,"_genesis_hide_breadcrumbs":false,"_genesis_hide_singular_image":false,"_genesis_hide_footer_widgets":false,"_genesis_custom_body_class":"","_genesis_custom_post_class":"","_genesis_layout":"","footnotes":""},"class_list":{"0":"post-342445","1":"page","2":"type-page","3":"status-publish","5":"entry"},"acf":[],"_links":{"self":[{"href":"https:\/\/www.v-valley.com\/it\/wp-json\/wp\/v2\/pages\/342445","targetHints":{"allow":["GET"]}}],"collection":[{"href":"https:\/\/www.v-valley.com\/it\/wp-json\/wp\/v2\/pages"}],"about":[{"href":"https:\/\/www.v-valley.com\/it\/wp-json\/wp\/v2\/types\/page"}],"author":[{"embeddable":true,"href":"https:\/\/www.v-valley.com\/it\/wp-json\/wp\/v2\/users\/6"}],"replies":[{"embeddable":true,"href":"https:\/\/www.v-valley.com\/it\/wp-json\/wp\/v2\/comments?post=342445"}],"version-history":[{"count":2,"href":"https:\/\/www.v-valley.com\/it\/wp-json\/wp\/v2\/pages\/342445\/revisions"}],"predecessor-version":[{"id":625348,"href":"https:\/\/www.v-valley.com\/it\/wp-json\/wp\/v2\/pages\/342445\/revisions\/625348"}],"wp:attachment":[{"href":"https:\/\/www.v-valley.com\/it\/wp-json\/wp\/v2\/media?parent=342445"}],"curies":[{"name":"wp","href":"https:\/\/api.w.org\/{rel}","templated":true}]}}