{"id":309157,"date":"2024-02-26T12:41:16","date_gmt":"2024-02-26T11:41:16","guid":{"rendered":"https:\/\/www.v-valley.com\/?page_id=309157"},"modified":"2024-02-26T12:41:24","modified_gmt":"2024-02-26T11:41:24","slug":"soluzioni-erp-crm-e-automazione-processi","status":"publish","type":"page","link":"https:\/\/www.v-valley.com\/it\/soluzioni\/cloud\/soluzioni-erp-crm-e-automazione-processi\/","title":{"rendered":"Soluzioni ERP, CRM e automazione processi"},"content":{"rendered":"\r\n<h2>La visione di V-Valley nel panorama aziendale contemporaneo<\/h2>\r\n<p>In V-Valley crediamo che l&#8217;innovazione sia fondamentale per affrontare le sfide del contesto aziendale moderno. In particolare, proponiamo soluzioni <strong>ERP<\/strong>, <strong>CRM<\/strong> e di <strong>automazione dei processi<\/strong> con l&#8217;obiettivo di offrire la possibilit\u00e0 ai reseller di offrire soluzioni per ottimizzare e semplificare ogni aspetto delle operazioni aziendali e delle interazioni con i clienti.<\/p>\r\n<p><a role=\"button\" href=\"#form\" target=\"_self\" rel=\"noopener\"> CONTATTACI <\/a><\/p>\r\n<h2>ERP (Enterprise Resource Planning)<\/h2>\r\n<p>I sistemi aziendali sono il cuore digitale delle imprese. Gestisci, integra e ottimizza i processi aziendali con soluzioni ERP in cloud complete, modulabili e personalizzabili.<\/p>\r\n<p><img loading=\"lazy\" decoding=\"async\" title=\"logo-dynamics-365\" src=\"https:\/\/statics.v-valley.com\/prod\/2024\/02\/logo-dynamics-365.png\" alt=\"logo-dynamics-365\" width=\"140\" height=\"55\" \/><\/p>\r\n<h4>Dynamics 365<\/h4>\r\n<p>Gestisce i processi aziendali, tramite pianificazione delle risorse e integrazione tra reparti.<\/p>\r\n<p>Come interagisce con il business?<\/p>\r\n<p>Il portafoglio Dynamics 365 di Microsoft offre moduli dedicati all&#8217;ERP e attivit\u00e0 correlate, automatizzando processi chiave (contabilit\u00e0, gestione del budget, pianificazione, finanziaria, gestione progetti, supply chain). <strong>Mira a integrare e ottimizzare la gestione delle risorse aziendali, progetti e operazioni logistiche<\/strong>, migliorando l&#8217;efficienza complessiva dell&#8217;organizzazione.<\/p>\r\n<p><a role=\"button\" href=\"#form\" target=\"_self\" rel=\"noopener\"> RICHIEDI INFO <\/a> <img loading=\"lazy\" decoding=\"async\" title=\"logo-factorial\" src=\"https:\/\/statics.v-valley.com\/prod\/2023\/11\/logo-factorial.gif\" alt=\"logo-factorial\" width=\"140\" height=\"55\" \/><\/p>\r\n<h4>Factorial<\/h4>\r\n<p>Semplifica la gestione delle risorse umane.<\/p>\r\n<p>Come interagisce con il business?<\/p>\r\n<p>Moduli integrati per la vendita e il marketing, a supporto delle attivit\u00e0 aziendali.<\/p>\r\n<p><a role=\"button\" href=\"#form\" target=\"_self\" rel=\"noopener\"> RICHIEDI INFO <\/a> <img loading=\"lazy\" decoding=\"async\" title=\"logo-esker\" src=\"https:\/\/statics.v-valley.com\/prod\/2024\/02\/logo-esker.png\" alt=\"logo-esker\" width=\"140\" height=\"55\" \/><\/p>\r\n<h4>Esker<\/h4>\r\n<p>Automazione del ciclo attivo e passivo e maggiore efficienza.<\/p>\r\n<p>Come interagisce con il business?<\/p>\r\n<p>Esker \u00e8 una piattaforma cloud che <strong>automatizza e potenzia l&#8217;efficienza dei processi aziendali<\/strong>, gestendo sia il ciclo attivo (ordini, fatturazione, contabilit\u00e0 clienti) che quello passivo (fatture, acquisti, contabilit\u00e0 fornitori). \u00c8 ampiamente apprezzata dai leader nei settori finanziario e del customer service per i vantaggi che offre al personale e ai processi aziendali.<\/p>\r\n<p><a role=\"button\" href=\"#form\" target=\"_self\" rel=\"noopener\"> RICHIEDI INFO <\/a><\/p>\r\n<h3>CRM (Customer Relationship Management)<\/h3>\r\n<p>La gestione dei clienti richiede strategie e strumenti efficaci per massimizzare la relazione con la base clienti esistente e ingaggiare nuovi clienti.<\/p>\r\n<p><img loading=\"lazy\" decoding=\"async\" title=\"logo-dynamics-365\" src=\"https:\/\/statics.v-valley.com\/prod\/2024\/02\/logo-dynamics-365.png\" alt=\"logo-dynamics-365\" width=\"140\" height=\"55\" \/><\/p>\r\n<h4>Dynamics 365<\/h4>\r\n<p>Gestisce i processi aziendali, tramite pianificazione delle risorse e integrazione tra reparti.<\/p>\r\n<p>Come interagisce con il business?<\/p>\r\n<p>Dynamics 365 fornisce il <strong>potenziamento delle attivit\u00e0 di vendita, marketing e supporto al cliente<\/strong>. In particolare, l&#8217;integrazione dei moduli di sales e marketing offre un miglioramento dell&#8217;efficienza complessiva personalizzando le esperienze dei clienti e stimolando il coinvolgimento per attirare nuovi prospect in modo mirato.<\/p>\r\n<p><a role=\"button\" href=\"#form\" target=\"_self\" rel=\"noopener\"> RICHIEDI INFO <\/a> <a name=\"MSP\"><\/a> <a name=\"MSP\"><\/a><\/p>\r\n<h2>Automazione processi e sviluppo low-code\/no code<\/h2>\r\n<p>Offri soluzioni che alimentano l&#8217;efficienza dei tuoi clienti, trasformando i flussi di lavoro e ottimizzando i processi attraverso all&#8217;automazione.<\/p>\r\n<p><img loading=\"lazy\" decoding=\"async\" title=\"logo-power-BI\" src=\"https:\/\/statics.v-valley.com\/prod\/2024\/02\/logo-power-BI.png\" alt=\"logo-power-BI\" width=\"53\" height=\"55\" \/><\/p>\r\n<h4>Power BI<\/h4>\r\n<p>La Business Intelligence self-service per la trasformazione dei dati interattivi.<\/p>\r\n<p>Come interagisce con il business?<\/p>\r\n<p>Power BI consente la <strong>creazione di dashboard personalizzati<\/strong>, <strong>integra dati da varie fonti<\/strong> e offre <strong>accesso mobile<\/strong> per decisioni informate. \u00c8 una soluzione completa e conveniente per la visualizzazione dei dati e la presa di decisioni pi\u00f9 consapevole.<\/p>\r\n<p><a role=\"button\" href=\"#form\" target=\"_self\" rel=\"noopener\"> RICHIEDI INFO <\/a> <img loading=\"lazy\" decoding=\"async\" title=\"logo-power-automate\" src=\"https:\/\/statics.v-valley.com\/prod\/2024\/02\/logo-power-automate.png\" alt=\"logo-power-automate\" width=\"53\" height=\"55\" \/><\/p>\r\n<h4>Power Automate<\/h4>\r\n<p>Il servizio di automazione del flusso di lavoro che consente di creare processi automatizzati.<\/p>\r\n<p>Come interagisce con il business?<\/p>\r\n<p>Power Automate \u00e8 semplice da usare e permette di automatizzare attivit\u00e0 ripetitive, come la <strong>creazione di report<\/strong>, la<strong> gestione delle e-mail <\/strong>e la<strong> creazione di allarmi<\/strong>.<\/p>\r\n<p><a role=\"button\" href=\"#form\" target=\"_self\" rel=\"noopener\"> RICHIEDI INFO <\/a> <img loading=\"lazy\" decoding=\"async\" title=\"logo-power-apps\" src=\"https:\/\/statics.v-valley.com\/prod\/2024\/02\/logo-power-apps.png\" alt=\"logo-power-apps\" width=\"53\" height=\"55\" \/><\/p>\r\n<h4>Power Apps<\/h4>\r\n<p>Consente la creazione di app senza richiedere conoscenze di programmazione.<\/p>\r\n<p>Come interagisce con il business?<\/p>\r\n<p>Power Apps \u00e8 una piattaforma che consente la <strong>creazione di app per dispositivi mobili e web<\/strong> grazie all&#8217;utilizzo di modelli e componenti preconfigurati, con la possibilit\u00e0 di integrarli ad altri servizi Microsoft e di terze parti.<\/p>\r\n<p><a role=\"button\" href=\"#form\" target=\"_self\" rel=\"noopener\"> RICHIEDI INFO <\/a> <img loading=\"lazy\" decoding=\"async\" title=\"logo-power-virtual-agents\" src=\"https:\/\/statics.v-valley.com\/prod\/2024\/02\/logo-power-virtual-agents.png\" alt=\"logo-power-virtual-agents\" width=\"53\" height=\"55\" \/><\/p>\r\n<h4>Power Virtual Agent<\/h4>\r\n<p>Il servizio per la creazione di chatbot automatizzati.<\/p>\r\n<p>Come interagisce con il business?<\/p>\r\n<p>Power Virtual Agent \u00e8 progettato per migliorare la conversione e la soddisfazione dei clienti fornendo <strong>risposte immediate e personalizzate<\/strong> alle loro domande. \u00c8 di facile utilizzo e si integra nativamente con i servizi Microsoft e con soluzioni esterne.<\/p>\r\n<p><a role=\"button\" href=\"#form\" target=\"_self\" rel=\"noopener\"> RICHIEDI INFO <\/a> <a name=\"MSP\"><\/a> <a name=\"MSP\"><\/a> <a name=\"form\"><\/a><\/p>\r\n<h3>Utilizza le soluzioni di V-Valley per rendere il contesto aziendale moderno ed innovativo<\/h3>\r\n<p>Ottieni informazioni<\/p>\r\n<form method=\"post\" enctype=\"multipart\/form-data\" id=\"vfbp-form-3\" class=\"vfbp-form\"><div style=\"display:none;\"><label for=\"vfbp-EMAIL-AN8fuQyoDLXem\">If you are human, leave this field blank.<\/label><input size=\"25\" autocomplete=\"off\" type=\"text\" name=\"vfbp-EMAIL-AN8fuQyoDLXem\" value=\"\" id=\"\"><\/div><input type=\"hidden\" name=\"_vfb-timestamp-3\" value=\"1776935909\" id=\"\"><input type=\"hidden\" name=\"_vfb-form-id\" value=\"3\" id=\"\"><div class=\"vfb-col-12 vfb-fieldType-instructions\" id=\"vfbField14\"><div class=\"vfb-form-group\"><label for=\"vfb-field-14\" class=\"vfb-control-label\"><b>Informazioni obbligatorie:<\/b><\/label><div class=\"\"><\/div><\/div><\/div><div class=\"vfb-clearfix\"><\/div><div class=\"vfb-col-6 vfb-fieldType-text\" id=\"vfbField15\"><div class=\"vfb-form-group\"><label for=\"vfb-field-15\" class=\"vfb-control-label\">Nome e Cognome <span class=\"vfb-required-asterisk\">*<\/span><\/label><div><input id=\"vfb-field-15\" class=\"vfb-form-control\" placeholder=\"\" required=\"required\" type=\"text\" name=\"vfb-field-15\" value=\"\"><\/div><\/div><\/div><div class=\"vfb-col-6 vfb-fieldType-text\" id=\"vfbField16\"><div class=\"vfb-form-group\"><label for=\"vfb-field-16\" class=\"vfb-control-label\">Ragione Sociale <span class=\"vfb-required-asterisk\">*<\/span><\/label><div><input id=\"vfb-field-16\" class=\"vfb-form-control\" placeholder=\"\" required=\"required\" type=\"text\" name=\"vfb-field-16\" value=\"\"><\/div><\/div><\/div><div class=\"vfb-clearfix\"><\/div><div class=\"vfb-col-6 vfb-fieldType-phone\" id=\"vfbField17\"><div class=\"vfb-form-group\"><label for=\"vfb-field-17\" class=\"vfb-control-label\">Telefono <span class=\"vfb-required-asterisk\">*<\/span><\/label><div><input id=\"vfb-field-17\" class=\"vfb-form-control vfb-intl-phone\" placeholder=\"\" required=\"required\" data-default-country=\"it\" data-number-type=\"MOBILE\" data-hide-flags=\"1\" data-national-mode=\"1\" data-auto-hide-dial-code=\"1\" type=\"tel\" name=\"vfb-field-17\" value=\"\"><\/div><\/div><\/div><div class=\"vfb-col-6 vfb-fieldType-email\" id=\"vfbField18\"><div class=\"vfb-form-group\"><label for=\"vfb-field-18\" class=\"vfb-control-label\">e-Mail <span class=\"vfb-required-asterisk\">*<\/span><\/label><div><input id=\"vfb-field-18\" class=\"vfb-form-control\" placeholder=\"\" required=\"required\" type=\"email\" name=\"vfb-field-18\" value=\"\"><\/div><\/div><\/div><div class=\"vfb-clearfix\"><\/div><div class=\"vfb-col-12 vfb-fieldType-instructions\" id=\"vfbField19\"><div class=\"vfb-form-group\"><label for=\"vfb-field-19\" class=\"vfb-control-label\"><b>Informazioni facoltative:<\/b><\/label><div class=\"\"><\/div><\/div><\/div><div class=\"vfb-clearfix\"><\/div><div class=\"vfb-col-6 vfb-fieldType-text\" id=\"vfbField20\"><div class=\"vfb-form-group\"><label for=\"vfb-field-20\" class=\"vfb-control-label\">Partita Iva<\/label><div><input id=\"vfb-field-20\" class=\"vfb-form-control\" placeholder=\"\" type=\"text\" name=\"vfb-field-20\" value=\"\"><\/div><\/div><\/div><div class=\"vfb-col-6 vfb-fieldType-text\" id=\"vfbField21\"><div class=\"vfb-form-group\"><label for=\"vfb-field-21\" class=\"vfb-control-label\">Codice cliente V-Valley<\/label><div><input id=\"vfb-field-21\" class=\"vfb-form-control\" placeholder=\"\" type=\"text\" name=\"vfb-field-21\" value=\"\"><\/div><\/div><\/div><div class=\"vfb-clearfix\"><\/div><div class=\"vfb-col-12 vfb-fieldType-text\" id=\"vfbField22\"><div class=\"vfb-form-group\"><label for=\"vfb-field-22\" class=\"vfb-control-label\">Ruolo aziendale<\/label><div><input id=\"vfb-field-22\" class=\"vfb-form-control\" placeholder=\"\" type=\"text\" name=\"vfb-field-22\" value=\"\"><\/div><\/div><\/div><div class=\"vfb-clearfix\"><\/div><div class=\"vfb-col-12 vfb-fieldType-textarea\" id=\"vfbField23\"><div class=\"vfb-form-group\"><label for=\"vfb-field-23\" class=\"vfb-control-label\">Note<\/label><div><textarea id=\"vfb-field-23\" class=\"vfb-form-control\" placeholder=\"\" rows=\"3\" name=\"vfb-field-23\" cols=\"50\"><\/textarea><\/div><\/div><\/div><div class=\"vfb-clearfix\"><\/div><div class=\"vfb-col-12 vfb-fieldType-instructions\" id=\"vfbField24\"><div class=\"vfb-form-group\"><label for=\"vfb-field-24\" class=\"vfb-control-label\">Informativa<\/label><div class=\"\"><p><div class=\"fl-builder-content fl-builder-content-384695 fl-builder-template fl-builder-module-template fl-builder-global-templates-locked\" data-post-id=\"384695\"><div class=\"fl-module fl-module-rich-text fl-node-16roqychubil\" data-node=\"16roqychubil\">\n\t<div class=\"fl-module-content fl-node-content\">\n\t\t<div class=\"fl-rich-text\">\n\t<p>Caro utente, ti informiamo che con questo form intendiamo raccogliere i tuoi dati di recapito allo scopo di ricontattarti in merito all\u2019interesse dimostrato. Sarai ricontattato da un nostro specialista delle societ\u00e0 V-Valley S.r.l. (Titolare del trattamento) per mezzo telefonico e\/o posta elettronica. I tuoi dati non verranno comunicati a terzi e non saranno oggetto di diffusione, essi saranno conservati da V-Valley S.r.l. per massimo 12 mesi, fatta salva la possibilit\u00e0 di chiedere la cancellazione dei tuoi dati prima di tale termine.<br \/>\nV-Valley S.r.l. \u00e8 sempre raggiungibile, per chiarimenti, all\u2019indirizzo di posta elettronica\u00a0<a href=\"mailto:privacy@v-valley.com\">privacy@v-valley.com<\/a><br \/>\nPer ulteriori informazioni riguardo al trattamento dati personali effettuato da V-Valley S.r.l. ti invitiamo a consultare la\u00a0<a href=\"https:\/\/policies.esprinet.com\/it\/esprinet\/privacy\" target=\"_blank\" rel=\"noopener\">Privacy Policy.<\/a><\/p>\n<\/div>\n\t<\/div>\n<\/div>\n<\/div><\/p>\n<\/div><\/div><\/div><div class=\"vfb-clearfix\"><\/div><div class=\"vfb-col-12 vfb-fieldType-captcha\" id=\"vfbField25\"><div class=\"vfb-form-group\"><label for=\"vfb-field-25\" class=\"vfb-control-label\">Captcha <span class=\"vfb-required-asterisk\">*<\/span><\/label><div><div class=\"g-recaptcha\" data-sitekey=\"6Lf1ytsiAAAAAEG8JxJHgJzU7R8dykbVhqQAbadd\"><\/div><input type=\"hidden\" name=\"_vfb_recaptcha_enabled\" value=\"1\" id=\"\"><div class=\"vfb-has-error\" id=\"vfb-recaptcha-error\"><span class=\"vfb-help-block\">reCAPTCHA is required.<\/span><\/div><\/div><\/div><\/div><div class=\"vfb-clearfix\"><\/div><div class=\"vfb-col-12 vfb-fieldType-submit\" id=\"vfbField26\"><button id=\"vfb-field-26\" class=\" btn btn-primary\" placeholder=\"\" type=\"submit\" name=\"_vfb-submit\">Invia<\/button><\/div><div class=\"vfb-clearfix\"><\/div><\/form>\r\n","protected":false},"excerpt":{"rendered":"<p>Soluzioni ERP,CRM e di automazione dei processi: Innova ed ottimizza il contesto aziendale moderno.<\/p>\n","protected":false},"author":6,"featured_media":0,"parent":78562,"menu_order":0,"comment_status":"closed","ping_status":"closed","template":"templates\/template-single-solution.php","meta":{"_acf_changed":false,"_genesis_hide_title":false,"_genesis_hide_breadcrumbs":false,"_genesis_hide_singular_image":false,"_genesis_hide_footer_widgets":false,"_genesis_custom_body_class":"","_genesis_custom_post_class":"","_genesis_layout":"","footnotes":""},"class_list":{"0":"post-309157","1":"page","2":"type-page","3":"status-publish","5":"entry"},"acf":[],"_links":{"self":[{"href":"https:\/\/www.v-valley.com\/it\/wp-json\/wp\/v2\/pages\/309157","targetHints":{"allow":["GET"]}}],"collection":[{"href":"https:\/\/www.v-valley.com\/it\/wp-json\/wp\/v2\/pages"}],"about":[{"href":"https:\/\/www.v-valley.com\/it\/wp-json\/wp\/v2\/types\/page"}],"author":[{"embeddable":true,"href":"https:\/\/www.v-valley.com\/it\/wp-json\/wp\/v2\/users\/6"}],"replies":[{"embeddable":true,"href":"https:\/\/www.v-valley.com\/it\/wp-json\/wp\/v2\/comments?post=309157"}],"version-history":[{"count":0,"href":"https:\/\/www.v-valley.com\/it\/wp-json\/wp\/v2\/pages\/309157\/revisions"}],"up":[{"embeddable":true,"href":"https:\/\/www.v-valley.com\/it\/wp-json\/wp\/v2\/pages\/78562"}],"wp:attachment":[{"href":"https:\/\/www.v-valley.com\/it\/wp-json\/wp\/v2\/media?parent=309157"}],"curies":[{"name":"wp","href":"https:\/\/api.w.org\/{rel}","templated":true}]}}