{"id":294865,"date":"2023-12-12T11:10:47","date_gmt":"2023-12-12T10:10:47","guid":{"rendered":"https:\/\/www.v-valley.com\/?page_id=294865"},"modified":"2026-04-08T15:56:52","modified_gmt":"2026-04-08T13:56:52","slug":"produttivita-e-virtualizzazione","status":"publish","type":"page","link":"https:\/\/www.v-valley.com\/it\/soluzioni\/cloud\/produttivita-e-virtualizzazione\/","title":{"rendered":"Produttivit\u00e0 e virtualizzazione"},"content":{"rendered":"\n<h2>\n\t\t\tCOLLABORAZIONE, PRODUTTIVITA&#8217; E VIRTUALIZZAZIONE\t<\/h2>\n\tLa sinergia tra strumenti di collaborazione e servizi di virtualizzazione pu\u00f2 trasformare radicalmente l&#8217;ambiente aziendale, modernizzando e innovando l&#8217;ambiente IT dei clienti. Nel Cloud Marketplace sono disponibili vari servizi indirizzati sia alla produttivit\u00e0 individuale che alla gestione dell&#8217;infrastruttura, adattandosi a modelli di business come MSP e CSP.<br \/>\nQuesti servizi consentono di rendere produttivi i dipendenti da qualsiasi luogo e dispositivo.\n\t\t\t<a href=\"#form\"  target=\"_self\">\n\t\t\t\t\t\t\tCONTATTACI\n\t\t\t\t\t<\/a>\n\t<p>Le nostre <strong>partnership<\/strong> in ambito <strong>produttivit\u00e0<\/strong> e <strong>virtualizzazione<\/strong> rispondono alle esigenze di aziende di ogni settore e dimensione.<\/p>\n<h3>\n\t\t\tSCEGLIAMO INSIEME LE SOLUZIONI DI PRODUTTIVITA&#8217; E VIRTUALIZZAZIONE IDEALI PER IL TUO BUSINESS\t<\/h3>\n\t\t\t<a href=\"#ready\"  target=\"_self\">\n\t\t\t\t\t\t\tSCOPRI LE SOLUZIONI\n\t\t\t\t\t<\/a>\n\t<a name=\"utente\"><\/a><a name=\"ready\"><\/a>\n<h3>\n\t\t\tSOLUZIONI DI PRODUTTIVIT\u00c0\t<\/h3>\n<figure itemscope itemtype=\"https:\/\/schema.org\/ImageObject\">\n\t\t\t\t<img decoding=\"async\" src=\"https:\/\/statics.v-valley.com\/prod\/2026\/03\/logo-notarify.png\" alt=\"logo-notarify\" height=\"55\" width=\"140\" title=\"logo-notarify\" onerror=\"this.style.display='none'\" loading=\"lazy\" \/>\n\t<\/figure>\n<figure itemscope itemtype=\"https:\/\/schema.org\/ImageObject\">\n\t\t\t\t<img decoding=\"async\" src=\"https:\/\/statics.v-valley.com\/prod\/2022\/11\/img-AzureActiveDirectory.jpeg\" alt=\"img-AzureActiveDirectory\" height=\"360\" width=\"360\" title=\"img-AzureActiveDirectory\" onerror=\"this.style.display='none'\" loading=\"lazy\" \/>\n\t<\/figure>\n<h3>\n\t\t\tNOTARIFY\t<\/h3>\n\t<p><strong>Certifica documenti e identit\u00e0 con la blockchain<\/strong><\/p>\n\t<p>Offri ai tuoi clienti un servizio evoluto di notarizzazione digitale basato su blockchain. Notarify consente di certificare documenti, firme e identit\u00e0 garantendo autenticit\u00e0, integrit\u00e0 e data certa, riducendo rischi e frodi.<\/p>\n<p>Una soluzione semplice da integrare nei processi aziendali, conforme alle normative europee e ideale per ampliare la tua offerta in ambito sicurezza e trasformazione digitale.<\/p>\n\t<h4>Vuoi proporla ai tuoi clienti?<\/h4>\n\t\t\t<a href=\"#form\"  target=\"_self\">\n\t\t\t\t\t\t\tCONTATTA IL NOSTRO TEAM\n\t\t\t\t\t<\/a>\n<figure itemscope itemtype=\"https:\/\/schema.org\/ImageObject\">\n\t\t\t\t<img decoding=\"async\" src=\"https:\/\/statics.v-valley.com\/prod\/2022\/10\/logo-piccolo-goto.gif\" alt=\"logo-piccolo-goto\" height=\"55\" width=\"140\" title=\"logo-piccolo-goto\" onerror=\"this.style.display='none'\" loading=\"lazy\" \/>\n\t<\/figure>\n<figure itemscope itemtype=\"https:\/\/schema.org\/ImageObject\">\n\t\t\t\t<img decoding=\"async\" src=\"https:\/\/statics.v-valley.com\/prod\/2022\/09\/logo-microsoft.png\" alt=\"logo-microsoft\" height=\"43\" width=\"193\" title=\"logo-microsoft\" onerror=\"this.style.display='none'\" loading=\"lazy\" \/>\n\t<\/figure>\n<figure itemscope itemtype=\"https:\/\/schema.org\/ImageObject\">\n\t\t\t\t<img decoding=\"async\" src=\"https:\/\/statics.v-valley.com\/prod\/2022\/11\/img-LogMeIn-microsoft.jpeg\" alt=\"img-LogMeIn-microsoft\" height=\"360\" width=\"360\" title=\"img-LogMeIn-microsoft\" onerror=\"this.style.display='none'\" loading=\"lazy\" \/>\n\t<\/figure>\n<h3>\n\t\t\tGOTOWEBINAR DI GOTO &#038; MICROSOFT 365\t<\/h3>\n\t<p>PRODUTTIVIT\u00c0, SICUREZZA, COLLABORAZIONE E COMUNICAZIONI AVANZATE<\/p>\n\t<p>L&#8217;integrazione delle soluzioni\u00a0<strong>GoToWebinar di GoTo<\/strong>\u00a0unitamente alla suite\u00a0<strong>Microsoft 365<\/strong>\u00a0garantisce da un lato funzionalit\u00e0 avanzate nell&#8217;erogazione di training e formazione da remoto e dall&#8217;altro una suite che integra applicativi di produttivit\u00e0, sistema operativo aggiornato e sicurezza avanzata.<\/p>\n\t<h4>Vuoi proporla ai tuoi clienti?<\/h4>\n\t\t\t<a href=\"#form\"  target=\"_self\">\n\t\t\t\t\t\t\tCONTATTA IL NOSTRO TEAM\n\t\t\t\t\t<\/a>\n<figure itemscope itemtype=\"https:\/\/schema.org\/ImageObject\">\n\t\t\t\t<img decoding=\"async\" src=\"https:\/\/statics.v-valley.com\/prod\/2022\/10\/logo_Adobe.gif\" alt=\"logo_Adobe\" height=\"55\" width=\"140\" title=\"logo_Adobe\" onerror=\"this.style.display='none'\" loading=\"lazy\" \/>\n\t<\/figure>\n<figure itemscope itemtype=\"https:\/\/schema.org\/ImageObject\">\n\t\t\t\t<img decoding=\"async\" src=\"https:\/\/statics.v-valley.com\/prod\/2023\/12\/img-Adobe.png\" alt=\"img-Adobe\" height=\"360\" width=\"360\" title=\"img-Adobe\" onerror=\"this.style.display='none'\" loading=\"lazy\" \/>\n\t<\/figure>\n<h3>\n\t\t\tADOBE\t<\/h3>\n\t<p>CONTENUTI MULTIMEDIALI E GESTIONE DOCUMENTALE INTEGRATA<\/p>\n\t<p>Con <strong>Adobe Creative Cloud<\/strong>, offri una gamma completa di strumenti dedicati all&#8217;editing di foto, video, impaginazione, grafica vettoriale e altro ancora, ideali per la creazione di contenuti multimediali di alta qualit\u00e0. In parallelo, grazie a <strong>Adobe Document Cloud<\/strong>, i tuoi clienti possono gestire documenti in modo efficiente, permettendo loro di creare, modificare, firmare e condividere in modo sicuro.<\/p>\n<p>La versatilit\u00e0 di Adobe consente integrazioni fluide con suite di produttivit\u00e0 come Microsoft 365, migliorando la collaborazione e la gestione di file e progetti. Inoltre, le soluzioni Adobe si integrano armoniosamente con piattaforme CRM, ottimizzando la gestione delle risorse multimediali per attivit\u00e0 di marketing e vendita, cos\u00ec come con soluzioni di automazione, e-commerce platform per la creazione di contenuti visivi e altre integrazioni specifiche.<\/p>\n\t<h4>Vuoi proporla ai tuoi clienti?<\/h4>\n\t\t\t<a href=\"#form\"  target=\"_self\">\n\t\t\t\t\t\t\tCONTATTA IL NOSTRO TEAM\n\t\t\t\t\t<\/a>\n<figure itemscope itemtype=\"https:\/\/schema.org\/ImageObject\">\n\t\t\t\t<img decoding=\"async\" src=\"https:\/\/statics.v-valley.com\/prod\/2024\/04\/logo_foxit.gif\" alt=\"logo_foxit\" height=\"55\" width=\"140\" title=\"logo_foxit\" onerror=\"this.style.display='none'\" loading=\"lazy\" \/>\n\t<\/figure>\n<figure itemscope itemtype=\"https:\/\/schema.org\/ImageObject\">\n\t\t\t\t<img decoding=\"async\" src=\"https:\/\/statics.v-valley.com\/prod\/2022\/11\/BarracudaEssentialsMicrosoft365.png\" alt=\"BarracudaEssentialsMicrosoft365\" height=\"360\" width=\"360\" title=\"BarracudaEssentialsMicrosoft365\" onerror=\"this.style.display='none'\" loading=\"lazy\" \/>\n\t<\/figure>\n<h3>\n\t\t\tFOXIT\t<\/h3>\n\t<p>GESTIONE DOCUMENTALE SICURA E FIRMA ELETTRONICA<\/p>\n\t<p>Foxit rappresenta la soluzione avanzata ideale per i rivenditori IT che desiderano fornire ai propri clienti un&#8217;<strong>efficiente e sicura gestione dei documenti e dei file<\/strong>. La piattaforma offre funzionalit\u00e0 di <strong>editing<\/strong>, <strong>autenticazione digitale<\/strong> e <strong>protezione avanzata dei documenti<\/strong>. Integrabile con i principali software presenti sul mercato, Foxit consente di proporre una valida alternativa digitale, legalmente affidabile rispetto ai tradizionali processi cartacei. Questa integrazione accelera i tempi di transazione e di collaborazione in tempo reale, migliorando notevolmente la produttivit\u00e0 e semplificando i flussi di lavoro documentali.<\/p>\n\t<h4>Vuoi proporla ai tuoi clienti?<\/h4>\n\t\t\t<a href=\"#form\"  target=\"_self\">\n\t\t\t\t\t\t\tCONTATTA IL NOSTRO TEAM\n\t\t\t\t\t<\/a>\n<figure itemscope itemtype=\"https:\/\/schema.org\/ImageObject\">\n\t\t\t\t<img decoding=\"async\" src=\"https:\/\/statics.v-valley.com\/prod\/2022\/10\/logo_dropbox.gif\" alt=\"logo_dropbox\" height=\"55\" width=\"140\" title=\"logo_dropbox\" onerror=\"this.style.display='none'\" loading=\"lazy\" \/>\n\t<\/figure>\n<figure itemscope itemtype=\"https:\/\/schema.org\/ImageObject\">\n\t\t\t\t<img decoding=\"async\" src=\"https:\/\/statics.v-valley.com\/prod\/2023\/12\/img-dropbox.png\" alt=\"img-dropbox\" height=\"360\" width=\"360\" title=\"img-dropbox\" onerror=\"this.style.display='none'\" loading=\"lazy\" \/>\n\t<\/figure>\n<h3>\n\t\t\tDROPBOX\t<\/h3>\n\t<p>OTTIMIZZAZIONE DELLA GESTIONE E DELLA CONDIVISIONE DEI FILE<\/p>\n\t<p>Questa soluzione offre una piattaforma intuitiva e sicura per la gestione dei file. La sua forza risiede nell&#8217;integrazione fluida con una vasta gamma di applicazioni e servizi cloud leader sul mercato. Ad esempio, con soluzioni di produttivit\u00e0 e collaborazione come <strong>Microsoft 365<\/strong>, gli utenti possono sincronizzare senza sforzo i loro dati e collaborare in tempo reale. La <strong>connessione <\/strong>\u00e8<strong> agile<\/strong> con tutti i sistemi di gestione documentale, migliorando la coerenza e l&#8217;accessibilit\u00e0 delle informazioni aziendali.<\/p>\n<p>Per i rivenditori IT, questa soluzione rappresenta un pilastro fondamentale per l&#8217;ottimizzazione dei servizi aziendali. La sua capacit\u00e0 di integrarsi in modo sinergico con altri prodotti e servizi IT consente di offrire pacchetti personalizzati, garantendo ai clienti una soluzione completa e integrata per le loro esigenze aziendali.<\/p>\n\t<h4>Vuoi proporla ai tuoi clienti?<\/h4>\n\t\t\t<a href=\"#form\"  target=\"_self\">\n\t\t\t\t\t\t\tCONTATTA IL NOSTRO TEAM\n\t\t\t\t\t<\/a>\n\t<a name=\"infrastruttura\"><\/a>\n<h3>\n\t\t\tSOLUZIONI DI VIRTUALIZZAZIONE\t<\/h3>\n<figure itemscope itemtype=\"https:\/\/schema.org\/ImageObject\">\n\t\t\t\t<img decoding=\"async\" src=\"https:\/\/statics.v-valley.com\/prod\/2022\/11\/KasperskyEndpointSecurityCloud.png\" alt=\"KasperskyEndpointSecurityCloud\" height=\"360\" width=\"360\" title=\"KasperskyEndpointSecurityCloud\" onerror=\"this.style.display='none'\" loading=\"lazy\" \/>\n\t<\/figure>\n<h3>\n\t\t\tVIRTUAL CABLE\t<\/h3>\n\t<p>GESTIONE INTELLIGENTE DELLA CONNESSIONE MULTIPIATTAFORMA<\/p>\n\t<p>Virtual Cable \u00e8 una soluzione di <strong>connessione multipiattaforma<\/strong> che permette la distribuzione e la gestione centralizzata del ciclo di vita di desktop e applicazioni virtuali Windows e Linux in modo sicuro, veloce e accessibile anche da remoto. <strong>UDS Enterprise<\/strong> completa questa proposta come una soluzione adattabile e flessibile, offrendo varie opzioni di sistemi operativi, supporto a diversi protocolli di connessione, metodi di autenticazione e la possibilit\u00e0 di interfacciarsi contemporaneamente con diverse piattaforme di virtualizzazione.<\/p>\n\t<h4>Vuoi proporla ai tuoi clienti?<\/h4>\n\t\t\t<a href=\"#form\"  target=\"_self\">\n\t\t\t\t\t\t\tCONTATTA IL NOSTRO TEAM\n\t\t\t\t\t<\/a>\n\t<a name=\"form\"><\/a>\n<h2>\n\t\t\tCompila il form\t<\/h2>\n\t<p>Verrai ricontattato dal nostro team per scegliere la soluzione ideale per il tuo business<\/p>\n\t<form method=\"post\" enctype=\"multipart\/form-data\" id=\"vfbp-form-3\" class=\"vfbp-form\"><div style=\"display:none;\"><label for=\"vfbp-EMAIL-AN8fuQyoDLXem\">If you are human, leave this field blank.<\/label><input size=\"25\" autocomplete=\"off\" type=\"text\" name=\"vfbp-EMAIL-AN8fuQyoDLXem\" value=\"\" id=\"\"><\/div><input type=\"hidden\" name=\"_vfb-timestamp-3\" value=\"1777570520\" id=\"\"><input type=\"hidden\" name=\"_vfb-form-id\" value=\"3\" id=\"\"><div class=\"vfb-col-12 vfb-fieldType-instructions\" id=\"vfbField14\"><div class=\"vfb-form-group\"><label for=\"vfb-field-14\" class=\"vfb-control-label\"><b>Informazioni obbligatorie:<\/b><\/label><div class=\"\"><\/div><\/div><\/div><div class=\"vfb-clearfix\"><\/div><div class=\"vfb-col-6 vfb-fieldType-text\" id=\"vfbField15\"><div class=\"vfb-form-group\"><label for=\"vfb-field-15\" class=\"vfb-control-label\">Nome e Cognome <span class=\"vfb-required-asterisk\">*<\/span><\/label><div><input id=\"vfb-field-15\" class=\"vfb-form-control\" placeholder=\"\" required=\"required\" type=\"text\" name=\"vfb-field-15\" value=\"\"><\/div><\/div><\/div><div class=\"vfb-col-6 vfb-fieldType-text\" id=\"vfbField16\"><div class=\"vfb-form-group\"><label for=\"vfb-field-16\" class=\"vfb-control-label\">Ragione Sociale <span class=\"vfb-required-asterisk\">*<\/span><\/label><div><input id=\"vfb-field-16\" class=\"vfb-form-control\" placeholder=\"\" required=\"required\" type=\"text\" name=\"vfb-field-16\" value=\"\"><\/div><\/div><\/div><div class=\"vfb-clearfix\"><\/div><div class=\"vfb-col-6 vfb-fieldType-phone\" id=\"vfbField17\"><div class=\"vfb-form-group\"><label for=\"vfb-field-17\" class=\"vfb-control-label\">Telefono <span class=\"vfb-required-asterisk\">*<\/span><\/label><div><input id=\"vfb-field-17\" class=\"vfb-form-control vfb-intl-phone\" placeholder=\"\" required=\"required\" data-default-country=\"it\" data-number-type=\"MOBILE\" data-hide-flags=\"1\" data-national-mode=\"1\" data-auto-hide-dial-code=\"1\" type=\"tel\" name=\"vfb-field-17\" value=\"\"><\/div><\/div><\/div><div class=\"vfb-col-6 vfb-fieldType-email\" id=\"vfbField18\"><div class=\"vfb-form-group\"><label for=\"vfb-field-18\" class=\"vfb-control-label\">e-Mail <span class=\"vfb-required-asterisk\">*<\/span><\/label><div><input id=\"vfb-field-18\" class=\"vfb-form-control\" placeholder=\"\" required=\"required\" type=\"email\" name=\"vfb-field-18\" value=\"\"><\/div><\/div><\/div><div class=\"vfb-clearfix\"><\/div><div class=\"vfb-col-12 vfb-fieldType-instructions\" id=\"vfbField19\"><div class=\"vfb-form-group\"><label for=\"vfb-field-19\" class=\"vfb-control-label\"><b>Informazioni facoltative:<\/b><\/label><div class=\"\"><\/div><\/div><\/div><div class=\"vfb-clearfix\"><\/div><div class=\"vfb-col-6 vfb-fieldType-text\" id=\"vfbField20\"><div class=\"vfb-form-group\"><label for=\"vfb-field-20\" class=\"vfb-control-label\">Partita Iva<\/label><div><input id=\"vfb-field-20\" class=\"vfb-form-control\" placeholder=\"\" type=\"text\" name=\"vfb-field-20\" value=\"\"><\/div><\/div><\/div><div class=\"vfb-col-6 vfb-fieldType-text\" id=\"vfbField21\"><div class=\"vfb-form-group\"><label for=\"vfb-field-21\" class=\"vfb-control-label\">Codice cliente V-Valley<\/label><div><input id=\"vfb-field-21\" class=\"vfb-form-control\" placeholder=\"\" type=\"text\" name=\"vfb-field-21\" value=\"\"><\/div><\/div><\/div><div class=\"vfb-clearfix\"><\/div><div class=\"vfb-col-12 vfb-fieldType-text\" id=\"vfbField22\"><div class=\"vfb-form-group\"><label for=\"vfb-field-22\" class=\"vfb-control-label\">Ruolo aziendale<\/label><div><input id=\"vfb-field-22\" class=\"vfb-form-control\" placeholder=\"\" type=\"text\" name=\"vfb-field-22\" value=\"\"><\/div><\/div><\/div><div class=\"vfb-clearfix\"><\/div><div class=\"vfb-col-12 vfb-fieldType-textarea\" id=\"vfbField23\"><div class=\"vfb-form-group\"><label for=\"vfb-field-23\" class=\"vfb-control-label\">Note<\/label><div><textarea id=\"vfb-field-23\" class=\"vfb-form-control\" placeholder=\"\" rows=\"3\" name=\"vfb-field-23\" cols=\"50\"><\/textarea><\/div><\/div><\/div><div class=\"vfb-clearfix\"><\/div><div class=\"vfb-col-12 vfb-fieldType-instructions\" id=\"vfbField24\"><div class=\"vfb-form-group\"><label for=\"vfb-field-24\" class=\"vfb-control-label\">Informativa<\/label><div class=\"\"><p><div class=\"fl-builder-content fl-builder-content-384695 fl-builder-template fl-builder-module-template fl-builder-global-templates-locked\" data-post-id=\"384695\"><div class=\"fl-module fl-module-rich-text fl-node-16roqychubil\" data-node=\"16roqychubil\">\n\t<div class=\"fl-module-content fl-node-content\">\n\t\t<div class=\"fl-rich-text\">\n\t<p>Caro utente, ti informiamo che con questo form intendiamo raccogliere i tuoi dati di recapito allo scopo di ricontattarti in merito all\u2019interesse dimostrato. Sarai ricontattato da un nostro specialista delle societ\u00e0 V-Valley S.r.l. (Titolare del trattamento) per mezzo telefonico e\/o posta elettronica. I tuoi dati non verranno comunicati a terzi e non saranno oggetto di diffusione, essi saranno conservati da V-Valley S.r.l. per massimo 12 mesi, fatta salva la possibilit\u00e0 di chiedere la cancellazione dei tuoi dati prima di tale termine.<br \/>\nV-Valley S.r.l. \u00e8 sempre raggiungibile, per chiarimenti, all\u2019indirizzo di posta elettronica\u00a0<a href=\"mailto:privacy@v-valley.com\">privacy@v-valley.com<\/a><br \/>\nPer ulteriori informazioni riguardo al trattamento dati personali effettuato da V-Valley S.r.l. ti invitiamo a consultare la\u00a0<a href=\"https:\/\/policies.esprinet.com\/it\/esprinet\/privacy\" target=\"_blank\" rel=\"noopener\">Privacy Policy.<\/a><\/p>\n<\/div>\n\t<\/div>\n<\/div>\n<\/div><\/p>\n<\/div><\/div><\/div><div class=\"vfb-clearfix\"><\/div><div class=\"vfb-col-12 vfb-fieldType-captcha\" id=\"vfbField25\"><div class=\"vfb-form-group\"><label for=\"vfb-field-25\" class=\"vfb-control-label\">Captcha <span class=\"vfb-required-asterisk\">*<\/span><\/label><div><div class=\"g-recaptcha\" data-sitekey=\"6Lf1ytsiAAAAAEG8JxJHgJzU7R8dykbVhqQAbadd\"><\/div><input type=\"hidden\" name=\"_vfb_recaptcha_enabled\" value=\"1\" id=\"\"><div class=\"vfb-has-error\" id=\"vfb-recaptcha-error\"><span class=\"vfb-help-block\">reCAPTCHA is required.<\/span><\/div><\/div><\/div><\/div><div class=\"vfb-clearfix\"><\/div><div class=\"vfb-col-12 vfb-fieldType-submit\" id=\"vfbField26\"><button id=\"vfb-field-26\" class=\" btn btn-primary\" placeholder=\"\" type=\"submit\" name=\"_vfb-submit\">Invia<\/button><\/div><div class=\"vfb-clearfix\"><\/div><\/form>\n\n","protected":false},"excerpt":{"rendered":"<p>Con le soluzioni di collaborazione e servizi di virtualizzazione puoi trasformare l&#8217;ambiente aziendale, modernizzando e innovando l\u2019ambiente IT dei clienti.<\/p>\n","protected":false},"author":6,"featured_media":0,"parent":78562,"menu_order":0,"comment_status":"closed","ping_status":"closed","template":"templates\/template-single-solution.php","meta":{"_acf_changed":false,"_genesis_hide_title":false,"_genesis_hide_breadcrumbs":false,"_genesis_hide_singular_image":false,"_genesis_hide_footer_widgets":false,"_genesis_custom_body_class":"","_genesis_custom_post_class":"","_genesis_layout":"","footnotes":""},"class_list":{"0":"post-294865","1":"page","2":"type-page","3":"status-publish","5":"entry"},"acf":[],"_links":{"self":[{"href":"https:\/\/www.v-valley.com\/it\/wp-json\/wp\/v2\/pages\/294865","targetHints":{"allow":["GET"]}}],"collection":[{"href":"https:\/\/www.v-valley.com\/it\/wp-json\/wp\/v2\/pages"}],"about":[{"href":"https:\/\/www.v-valley.com\/it\/wp-json\/wp\/v2\/types\/page"}],"author":[{"embeddable":true,"href":"https:\/\/www.v-valley.com\/it\/wp-json\/wp\/v2\/users\/6"}],"replies":[{"embeddable":true,"href":"https:\/\/www.v-valley.com\/it\/wp-json\/wp\/v2\/comments?post=294865"}],"version-history":[{"count":3,"href":"https:\/\/www.v-valley.com\/it\/wp-json\/wp\/v2\/pages\/294865\/revisions"}],"predecessor-version":[{"id":626032,"href":"https:\/\/www.v-valley.com\/it\/wp-json\/wp\/v2\/pages\/294865\/revisions\/626032"}],"up":[{"embeddable":true,"href":"https:\/\/www.v-valley.com\/it\/wp-json\/wp\/v2\/pages\/78562"}],"wp:attachment":[{"href":"https:\/\/www.v-valley.com\/it\/wp-json\/wp\/v2\/media?parent=294865"}],"curies":[{"name":"wp","href":"https:\/\/api.w.org\/{rel}","templated":true}]}}