{"id":284654,"date":"2023-11-08T17:53:51","date_gmt":"2023-11-08T16:53:51","guid":{"rendered":"https:\/\/www.v-valley.com\/?page_id=284654"},"modified":"2023-11-08T17:53:51","modified_gmt":"2023-11-08T16:53:51","slug":"scality","status":"publish","type":"page","link":"https:\/\/www.v-valley.com\/it\/vendor\/scality\/","title":{"rendered":"Scality"},"content":{"rendered":"\n\n\t\t\t\t<img loading=\"lazy\" decoding=\"async\" src=\"https:\/\/statics.v-valley.com\/prod\/2023\/05\/logo-scality.gif\" alt=\"logo-scality\" itemprop=\"image\" height=\"55\" width=\"140\" title=\"logo-scality\" onerror=\"this.style.display='none'\"  \/>\n<h2>\n\t\tCHI \u00c8 SCALITY?\n\t<\/h2>\n\tScality \u00e8 un fornitore globale di tecnologia di soluzioni software di object storage, specializzato nello storage distribuito di file e oggetti con gestione dei dati nel cloud. Vanta il primo posto nella classifica di Gartner.<br \/>\nScality rende le infrastrutture di storage infinitamente scalabili in tutte le dimensioni critiche: capacit\u00e0, prestazioni, applicazioni e ubicazione dei dati. Le aziende pi\u00f9 esigenti al mondo si affidano a Scality per l&#8217;archiviazione e la protezione dei propri dati, in modo da poter essere pi\u00f9 flessibili, crescere pi\u00f9 velocemente del previsto e realizzare pi\u00f9 rapidamente nuove idee, il tutto aumentando l&#8217;efficienza, riducendo i costi ed evitando il lock-in.<br \/>\nLa soluzione di Scality, inoltre, si integra in toto con la soluzione Veeam Data Platform per una protezione dal ransomware immutabile ed \u00e8 completamente Hardware-agnostica.\n<h2>\n\t\tI PRODOTTI DI SCALITY\n\t<\/h2>\n\tIl software Scality risolve le principali sfide delle aziende in materia di archiviazione dei dati &#8211; crescita, imprevedibilit\u00e0 e sicurezza &#8211; senza sacrificare la flessibilit\u00e0 o le prestazioni.<br \/>\nLo storage di Scality\u00ae consente alle aziende di unificare la gestione dei dati, indipendentemente dal luogo in cui si trovano. Il software di archiviazione di file e oggetti, leader di mercato, protegge i dati on-premise e in ambienti ibridi e multi-cloud. Con RING e ARTESCA, l&#8217;approccio di Scality alla gestione dei dati in tutta l&#8217;azienda accelera la comprensione del business e garantisce il massimo ritorno sugli investimenti.\n\t<p>Software Multilicenza (elettronica)<\/p>\n\t<p>Servizi<\/p>\n\n","protected":false},"excerpt":{"rendered":"<p>CHI \u00c8 SCALITY? Scality \u00e8 un fornitore globale di tecnologia di soluzioni software di object storage, specializzato nello storage distribuito di file e oggetti con gestione dei dati nel cloud. Vanta il primo posto nella classifica di Gartner. Scality rende le infrastrutture di storage infinitamente scalabili in tutte le dimensioni critiche: capacit\u00e0, prestazioni, applicazioni e [&hellip;]<\/p>\n","protected":false},"author":6,"featured_media":0,"parent":465,"menu_order":0,"comment_status":"closed","ping_status":"closed","template":"templates\/template-vendor-category.php","meta":{"_acf_changed":false,"_genesis_hide_title":false,"_genesis_hide_breadcrumbs":false,"_genesis_hide_singular_image":false,"_genesis_hide_footer_widgets":false,"_genesis_custom_body_class":"","_genesis_custom_post_class":"","_genesis_layout":"","footnotes":""},"class_list":{"0":"post-284654","1":"page","2":"type-page","3":"status-publish","5":"entry"},"acf":[],"_links":{"self":[{"href":"https:\/\/www.v-valley.com\/it\/wp-json\/wp\/v2\/pages\/284654","targetHints":{"allow":["GET"]}}],"collection":[{"href":"https:\/\/www.v-valley.com\/it\/wp-json\/wp\/v2\/pages"}],"about":[{"href":"https:\/\/www.v-valley.com\/it\/wp-json\/wp\/v2\/types\/page"}],"author":[{"embeddable":true,"href":"https:\/\/www.v-valley.com\/it\/wp-json\/wp\/v2\/users\/6"}],"replies":[{"embeddable":true,"href":"https:\/\/www.v-valley.com\/it\/wp-json\/wp\/v2\/comments?post=284654"}],"version-history":[{"count":0,"href":"https:\/\/www.v-valley.com\/it\/wp-json\/wp\/v2\/pages\/284654\/revisions"}],"up":[{"embeddable":true,"href":"https:\/\/www.v-valley.com\/it\/wp-json\/wp\/v2\/pages\/465"}],"wp:attachment":[{"href":"https:\/\/www.v-valley.com\/it\/wp-json\/wp\/v2\/media?parent=284654"}],"curies":[{"name":"wp","href":"https:\/\/api.w.org\/{rel}","templated":true}]}}