{"id":1813,"date":"2022-10-27T15:22:46","date_gmt":"2022-10-27T13:22:46","guid":{"rendered":"https:\/\/www.v-valley.com\/?page_id=1813"},"modified":"2022-11-03T15:56:30","modified_gmt":"2022-11-03T14:56:30","slug":"barracuda-networks","status":"publish","type":"page","link":"https:\/\/www.v-valley.com\/it\/vendor\/barracuda-networks\/","title":{"rendered":"Barracuda Networks"},"content":{"rendered":"\n\n\t\t\t\t<img loading=\"lazy\" decoding=\"async\" src=\"https:\/\/statics.v-valley.com\/prod\/2022\/10\/logo_barracuda.gif\" alt=\"logo_barracuda\" itemprop=\"image\" height=\"55\" width=\"140\" title=\"logo_barracuda\" onerror=\"this.style.display='none'\"  \/>\n<h2>\n\t\tCHI \u00c8 BARRACUDA NETWORKS?\n\t<\/h2>\n\t<p>Barracuda Networks, Inc. \u00e8 una societ\u00e0 statunitense fondata nel 2003 che fornisce prodotti di sicurezza, networking e archiviazione basati su dispositivi di rete e servizi cloud.<\/p>\n<h2>\n\t\tI PRODOTTI DI BARRACUDA NETWORKS\n\t<\/h2>\n\t<p>Barracuda Networks fornisce prodotti di sicurezza, networking e storage basati su dispositivi di rete e servizi cloud. I prodotti per la sicurezza dell&#8217;azienda includono prodotti per la protezione da e-mail, navigazione web, hacker web e minacce di messaggistica istantanea come spam, spyware, trojan e virus. I prodotti di rete e storage dell&#8217;azienda includono filtri web, bilanciamento del carico, controller di distribuzione delle applicazioni, archiviazione dei messaggi, firewall NG, servizi di backup e protezione dei dati.<\/p>\n\t<p>Application Security<\/p>\n\t<p>Cloud Protection<\/p>\n\t<p>Data Protection<\/p>\n\t<p>Email Protection<\/p>\n\t<p>Network Protection<\/p>\n\n","protected":false},"excerpt":{"rendered":"<p>CHI \u00c8 BARRACUDA NETWORKS? Barracuda Networks, Inc. \u00e8 una societ\u00e0 statunitense fondata nel 2003 che fornisce prodotti di sicurezza, networking e archiviazione basati su dispositivi di rete e servizi cloud. I PRODOTTI DI BARRACUDA NETWORKS Barracuda Networks fornisce prodotti di sicurezza, networking e storage basati su dispositivi di rete e servizi cloud. I prodotti per [&hellip;]<\/p>\n","protected":false},"author":7,"featured_media":0,"parent":465,"menu_order":0,"comment_status":"closed","ping_status":"closed","template":"templates\/template-vendor-category.php","meta":{"_acf_changed":false,"_genesis_hide_title":false,"_genesis_hide_breadcrumbs":false,"_genesis_hide_singular_image":false,"_genesis_hide_footer_widgets":false,"_genesis_custom_body_class":"","_genesis_custom_post_class":"","_genesis_layout":"","footnotes":""},"class_list":{"0":"post-1813","1":"page","2":"type-page","3":"status-publish","5":"entry"},"acf":[],"_links":{"self":[{"href":"https:\/\/www.v-valley.com\/it\/wp-json\/wp\/v2\/pages\/1813","targetHints":{"allow":["GET"]}}],"collection":[{"href":"https:\/\/www.v-valley.com\/it\/wp-json\/wp\/v2\/pages"}],"about":[{"href":"https:\/\/www.v-valley.com\/it\/wp-json\/wp\/v2\/types\/page"}],"author":[{"embeddable":true,"href":"https:\/\/www.v-valley.com\/it\/wp-json\/wp\/v2\/users\/7"}],"replies":[{"embeddable":true,"href":"https:\/\/www.v-valley.com\/it\/wp-json\/wp\/v2\/comments?post=1813"}],"version-history":[{"count":0,"href":"https:\/\/www.v-valley.com\/it\/wp-json\/wp\/v2\/pages\/1813\/revisions"}],"up":[{"embeddable":true,"href":"https:\/\/www.v-valley.com\/it\/wp-json\/wp\/v2\/pages\/465"}],"wp:attachment":[{"href":"https:\/\/www.v-valley.com\/it\/wp-json\/wp\/v2\/media?parent=1813"}],"curies":[{"name":"wp","href":"https:\/\/api.w.org\/{rel}","templated":true}]}}