{"id":1808,"date":"2022-10-27T15:17:31","date_gmt":"2022-10-27T13:17:31","guid":{"rendered":"https:\/\/www.v-valley.com\/?page_id=1808"},"modified":"2025-02-12T10:04:26","modified_gmt":"2025-02-12T09:04:26","slug":"watchguard","status":"publish","type":"page","link":"https:\/\/www.v-valley.com\/it\/vendor\/watchguard\/","title":{"rendered":"WatchGuard"},"content":{"rendered":"\n\n\t\t\t\t<img loading=\"lazy\" decoding=\"async\" src=\"https:\/\/statics.v-valley.com\/prod\/2025\/02\/logo-watchguard.gif\" alt=\"logo-watchguard\" itemprop=\"image\" height=\"55\" width=\"140\" title=\"logo-watchguard\" onerror=\"this.style.display='none'\"  \/>\n<h2>\n\t\tCHI \u00c8 WATCHGUARD?\n\t<\/h2>\n\t<p>WatchGuard Technologies Inc. \u00e8 un&#8217;azienda statunitensefondata nel 1996. In un mondo in cui il panorama della sicurezza informatica \u00e8 in costante evoluzione e ogni giorno emergono nuove minacce, WatchGuard rende accessibile a ogni azienda la tecnologia di sicurezza informatica di livello aziendale.<\/p>\n<h2>\n\t\tI PRODOTTI DI WATCHGUARD\n\t<\/h2>\n\t<p>Per 25 anni WatchGuard \u00e8 pioniere della tecnologia di sicurezza informatica all&#8217;avanguardia e fornisce soluzioni facili da implementare e da gestire. Grazie alla sicurezza di rete e degli Endpoint leader del settore, al Wi-Fi sicuro, all&#8217;autenticazione multifattoriale e ai prodotti e servizi di network intelligence, WatchGuard consente a oltre 250.000 piccole e medie imprese di tutto il mondo di proteggere le loro risorse pi\u00f9 importanti, tra cui oltre 10 milioni di Endpoint.<\/p>\n\t<p>Network Security<\/p>\n\t<p>Cloud Security<\/p>\n\t<p>Mobile Security<\/p>\n\t<p>Wifi Security<\/p>\n\t<p>Endpoint Security<\/p>\n\t<p>Multi Factor Authentication<\/p>\n\t<p>Switch<\/p>\n\t<p>Firewall<\/p>\n\t<p>Email security<\/p>\n\n","protected":false},"excerpt":{"rendered":"<p>CHI \u00c8 WATCHGUARD? WatchGuard Technologies Inc. \u00e8 un&#8217;azienda statunitensefondata nel 1996. In un mondo in cui il panorama della sicurezza informatica \u00e8 in costante evoluzione e ogni giorno emergono nuove minacce, WatchGuard rende accessibile a ogni azienda la tecnologia di sicurezza informatica di livello aziendale. I PRODOTTI DI WATCHGUARD Per 25 anni WatchGuard \u00e8 pioniere [&hellip;]<\/p>\n","protected":false},"author":7,"featured_media":0,"parent":465,"menu_order":0,"comment_status":"closed","ping_status":"closed","template":"templates\/template-vendor-category.php","meta":{"_acf_changed":false,"_genesis_hide_title":false,"_genesis_hide_breadcrumbs":false,"_genesis_hide_singular_image":false,"_genesis_hide_footer_widgets":false,"_genesis_custom_body_class":"","_genesis_custom_post_class":"","_genesis_layout":"","footnotes":""},"class_list":{"0":"post-1808","1":"page","2":"type-page","3":"status-publish","5":"entry"},"acf":[],"_links":{"self":[{"href":"https:\/\/www.v-valley.com\/it\/wp-json\/wp\/v2\/pages\/1808","targetHints":{"allow":["GET"]}}],"collection":[{"href":"https:\/\/www.v-valley.com\/it\/wp-json\/wp\/v2\/pages"}],"about":[{"href":"https:\/\/www.v-valley.com\/it\/wp-json\/wp\/v2\/types\/page"}],"author":[{"embeddable":true,"href":"https:\/\/www.v-valley.com\/it\/wp-json\/wp\/v2\/users\/7"}],"replies":[{"embeddable":true,"href":"https:\/\/www.v-valley.com\/it\/wp-json\/wp\/v2\/comments?post=1808"}],"version-history":[{"count":2,"href":"https:\/\/www.v-valley.com\/it\/wp-json\/wp\/v2\/pages\/1808\/revisions"}],"predecessor-version":[{"id":589342,"href":"https:\/\/www.v-valley.com\/it\/wp-json\/wp\/v2\/pages\/1808\/revisions\/589342"}],"up":[{"embeddable":true,"href":"https:\/\/www.v-valley.com\/it\/wp-json\/wp\/v2\/pages\/465"}],"wp:attachment":[{"href":"https:\/\/www.v-valley.com\/it\/wp-json\/wp\/v2\/media?parent=1808"}],"curies":[{"name":"wp","href":"https:\/\/api.w.org\/{rel}","templated":true}]}}