{"id":1797,"date":"2022-10-27T14:44:20","date_gmt":"2022-10-27T12:44:20","guid":{"rendered":"https:\/\/www.v-valley.com\/?page_id=1797"},"modified":"2024-07-24T09:46:23","modified_gmt":"2024-07-24T07:46:23","slug":"sophos","status":"publish","type":"page","link":"https:\/\/www.v-valley.com\/it\/vendor\/sophos\/","title":{"rendered":"Sophos"},"content":{"rendered":"\n\n\t\t\t\t<img loading=\"lazy\" decoding=\"async\" src=\"https:\/\/statics.v-valley.com\/prod\/2022\/10\/logo_sophos.gif\" alt=\"logo_sophos\" itemprop=\"image\" height=\"55\" width=\"140\" title=\"logo_sophos\" onerror=\"this.style.display='none'\"  \/>\n<h2>\n\t\tCHI \u00c8 SOPHOS?\n\t<\/h2>\n\t<p>Sophos \u00e8 un&#8217;azienda con sede in Inghilterra con pi\u00f9 di 30 anni di esperienza nello sviluppo di soluzioni di end point protection, criptazione, network security, e-mail security e mobile security . Tratto distintivo del Vendor \u00e8 Sophos Synchronized Security dove le diverse soluzioni di sicurezza interagiscono le une con le altre, per rispondere automaticamente alle minacce, e sono tutte gestite da un&#8217;unica console basata sul web.<\/p>\n<h2>\n\t\tI PRODOTTI DI SOPHOS\n\t<\/h2>\n\t<p>Tramite Sophos Central, la console di gestione integrata e basata sul cloud, Sophos offre Una gamma completa di prodotti di sicurezza, che includono soluzioni per la protezione di endpoint, firewall, Wi-Fi, dispositivi mobili, e-mail e soluzioni di cifratura in grado di proteggere contro ransomware, malware, exploit, phishing e un&#8217;enorme variet\u00e0 di attacchi informatici. I prodotti Sophos interagiscono attivamente gli uni con gli altri, rispondendo automaticamente agli incidenti e fornendo analisi di sicurezza pi\u00f9 approfondite.<\/p>\n\t<p>Application Security<\/p>\n\t<p>Cloud Protection<\/p>\n\t<p>Data Protection<\/p>\n\t<p>Email Protection<\/p>\n\t<p>Mobile Protection<\/p>\n\t<p>Multi Factor Authentication<\/p>\n\t<p>Network Protection<\/p>\n\t<p>Security Management<\/p>\n\t<p>Wifi Protection<\/p>\n\t<p>Workload Protection<\/p>\n\t<p>End Point Protection<\/p>\n\t<p>XDR (extended detection and response)<\/p>\n\t<p>MDR &#8211; Maged Detention &amp; Response<\/p>\n\t<p>EDR- End point Detection and Response<\/p>\n\t<p>Firewall<\/p>\n\t<p>Switch<\/p>\n\n","protected":false},"excerpt":{"rendered":"<p>CHI \u00c8 SOPHOS? Sophos \u00e8 un&#8217;azienda con sede in Inghilterra con pi\u00f9 di 30 anni di esperienza nello sviluppo di soluzioni di end point protection, criptazione, network security, e-mail security e mobile security . Tratto distintivo del Vendor \u00e8 Sophos Synchronized Security dove le diverse soluzioni di sicurezza interagiscono le une con le altre, per [&hellip;]<\/p>\n","protected":false},"author":7,"featured_media":0,"parent":465,"menu_order":0,"comment_status":"closed","ping_status":"closed","template":"templates\/template-vendor-category.php","meta":{"_acf_changed":false,"_genesis_hide_title":false,"_genesis_hide_breadcrumbs":false,"_genesis_hide_singular_image":false,"_genesis_hide_footer_widgets":false,"_genesis_custom_body_class":"","_genesis_custom_post_class":"","_genesis_layout":"","footnotes":""},"class_list":{"0":"post-1797","1":"page","2":"type-page","3":"status-publish","5":"entry"},"acf":[],"_links":{"self":[{"href":"https:\/\/www.v-valley.com\/it\/wp-json\/wp\/v2\/pages\/1797","targetHints":{"allow":["GET"]}}],"collection":[{"href":"https:\/\/www.v-valley.com\/it\/wp-json\/wp\/v2\/pages"}],"about":[{"href":"https:\/\/www.v-valley.com\/it\/wp-json\/wp\/v2\/types\/page"}],"author":[{"embeddable":true,"href":"https:\/\/www.v-valley.com\/it\/wp-json\/wp\/v2\/users\/7"}],"replies":[{"embeddable":true,"href":"https:\/\/www.v-valley.com\/it\/wp-json\/wp\/v2\/comments?post=1797"}],"version-history":[{"count":0,"href":"https:\/\/www.v-valley.com\/it\/wp-json\/wp\/v2\/pages\/1797\/revisions"}],"up":[{"embeddable":true,"href":"https:\/\/www.v-valley.com\/it\/wp-json\/wp\/v2\/pages\/465"}],"wp:attachment":[{"href":"https:\/\/www.v-valley.com\/it\/wp-json\/wp\/v2\/media?parent=1797"}],"curies":[{"name":"wp","href":"https:\/\/api.w.org\/{rel}","templated":true}]}}