{"id":1793,"date":"2022-10-27T14:37:57","date_gmt":"2022-10-27T12:37:57","guid":{"rendered":"https:\/\/www.v-valley.com\/?page_id=1793"},"modified":"2022-11-03T15:23:34","modified_gmt":"2022-11-03T14:23:34","slug":"veritas","status":"publish","type":"page","link":"https:\/\/www.v-valley.com\/it\/vendor\/veritas\/","title":{"rendered":"Veritas"},"content":{"rendered":"\n\n\t\t\t\t<img loading=\"lazy\" decoding=\"async\" src=\"https:\/\/statics.v-valley.com\/prod\/2022\/10\/logo_veritas.gif\" alt=\"logo_veritas\" itemprop=\"image\" height=\"55\" width=\"140\" title=\"logo_veritas\" onerror=\"this.style.display='none'\"  \/>\n<h2>\n\t\tCHI \u00c8 VERITAS?\n\t<\/h2>\n\t<p>Veritas Technologies \u00e8 leader nella gestione dei dati multi-cloud. Oltre 80.000 clienti, incluso il 95% dei Fortune 100, la hanno scelta per garantire la protezione, la recuperabilit\u00e0 e la conformit\u00e0 dei propri dati. Le soluzioni Veritas offrono resilienza contro le minacce di interruzione degli attacchi informatici, come i ransomware.<\/p>\n<h2>\n\t\tI PRODOTTI DI VERITAS\n\t<\/h2>\n\t<p>I prodotti Veritas si dividono in tre macro categorie: Data Protection e Recovery, Business Continuity e Information Governance. Le soluzioni Veritas assicurano la protezione e l&#8217;immutabilit\u00e0 del dato, garantiscono la continuit\u00e0 del business in situazioni di criticit\u00e0 e l&#8217;ottimizzazione delle risorse<\/p>\n\t<p>Backup &amp; Recovery<\/p>\n\t<p>Cyber Protection<\/p>\n\n","protected":false},"excerpt":{"rendered":"<p>CHI \u00c8 VERITAS? Veritas Technologies \u00e8 leader nella gestione dei dati multi-cloud. Oltre 80.000 clienti, incluso il 95% dei Fortune 100, la hanno scelta per garantire la protezione, la recuperabilit\u00e0 e la conformit\u00e0 dei propri dati. Le soluzioni Veritas offrono resilienza contro le minacce di interruzione degli attacchi informatici, come i ransomware. I PRODOTTI DI [&hellip;]<\/p>\n","protected":false},"author":7,"featured_media":0,"parent":465,"menu_order":0,"comment_status":"closed","ping_status":"closed","template":"templates\/template-vendor-category.php","meta":{"_acf_changed":false,"_genesis_hide_title":false,"_genesis_hide_breadcrumbs":false,"_genesis_hide_singular_image":false,"_genesis_hide_footer_widgets":false,"_genesis_custom_body_class":"","_genesis_custom_post_class":"","_genesis_layout":"","footnotes":""},"class_list":{"0":"post-1793","1":"page","2":"type-page","3":"status-publish","5":"entry"},"acf":[],"_links":{"self":[{"href":"https:\/\/www.v-valley.com\/it\/wp-json\/wp\/v2\/pages\/1793","targetHints":{"allow":["GET"]}}],"collection":[{"href":"https:\/\/www.v-valley.com\/it\/wp-json\/wp\/v2\/pages"}],"about":[{"href":"https:\/\/www.v-valley.com\/it\/wp-json\/wp\/v2\/types\/page"}],"author":[{"embeddable":true,"href":"https:\/\/www.v-valley.com\/it\/wp-json\/wp\/v2\/users\/7"}],"replies":[{"embeddable":true,"href":"https:\/\/www.v-valley.com\/it\/wp-json\/wp\/v2\/comments?post=1793"}],"version-history":[{"count":0,"href":"https:\/\/www.v-valley.com\/it\/wp-json\/wp\/v2\/pages\/1793\/revisions"}],"up":[{"embeddable":true,"href":"https:\/\/www.v-valley.com\/it\/wp-json\/wp\/v2\/pages\/465"}],"wp:attachment":[{"href":"https:\/\/www.v-valley.com\/it\/wp-json\/wp\/v2\/media?parent=1793"}],"curies":[{"name":"wp","href":"https:\/\/api.w.org\/{rel}","templated":true}]}}