{"id":1789,"date":"2022-10-27T14:36:37","date_gmt":"2022-10-27T12:36:37","guid":{"rendered":"https:\/\/www.v-valley.com\/?page_id=1789"},"modified":"2022-10-31T19:02:08","modified_gmt":"2022-10-31T18:02:08","slug":"red-hat","status":"publish","type":"page","link":"https:\/\/www.v-valley.com\/it\/vendor\/red-hat\/","title":{"rendered":"Red Hat"},"content":{"rendered":"\n\n\t\t\t\t<img loading=\"lazy\" decoding=\"async\" src=\"https:\/\/statics.v-valley.com\/prod\/2022\/10\/logo_redhat.gif\" alt=\"logo_redhat\" itemprop=\"image\" height=\"55\" width=\"140\" title=\"logo_redhat\" onerror=\"this.style.display='none'\"  \/>\n<h2>\n\t\tCHI \u00c8 RED HAT?\n\t<\/h2>\n\t<p>Red Hat \u00e8 una societ\u00e0 multinazionale statunitense, leader mondiale nello sviluppo software e supporto al software libero e open source in ambiente enterprise ed aziendale.<\/p>\n<h2>\n\t\tI PRODOTTI DI RED HAT\n\t<\/h2>\n\t<p>Red Hat offre un vasto\u00a0portafoglio\u00a0di infrastrutture per il cloud ibrido, servizi applicativi, soluzioni per lo sviluppo di applicazioni cloud native e per l&#8217;automazione.<\/p>\n\t<p>Soluzioni Open Source<\/p>\n\t<p>Cloud<\/p>\n\t<p>Automazione IT<\/p>\n\t<p>Sistemi Operativi<\/p>\n\t<p>Soluzioni Cloud<\/p>\n\n","protected":false},"excerpt":{"rendered":"<p>CHI \u00c8 RED HAT? Red Hat \u00e8 una societ\u00e0 multinazionale statunitense, leader mondiale nello sviluppo software e supporto al software libero e open source in ambiente enterprise ed aziendale. I PRODOTTI DI RED HAT Red Hat offre un vasto\u00a0portafoglio\u00a0di infrastrutture per il cloud ibrido, servizi applicativi, soluzioni per lo sviluppo di applicazioni cloud native e [&hellip;]<\/p>\n","protected":false},"author":7,"featured_media":0,"parent":465,"menu_order":0,"comment_status":"closed","ping_status":"closed","template":"templates\/template-vendor-category.php","meta":{"_acf_changed":false,"_genesis_hide_title":false,"_genesis_hide_breadcrumbs":false,"_genesis_hide_singular_image":false,"_genesis_hide_footer_widgets":false,"_genesis_custom_body_class":"","_genesis_custom_post_class":"","_genesis_layout":"","footnotes":""},"class_list":{"0":"post-1789","1":"page","2":"type-page","3":"status-publish","5":"entry"},"acf":[],"_links":{"self":[{"href":"https:\/\/www.v-valley.com\/it\/wp-json\/wp\/v2\/pages\/1789","targetHints":{"allow":["GET"]}}],"collection":[{"href":"https:\/\/www.v-valley.com\/it\/wp-json\/wp\/v2\/pages"}],"about":[{"href":"https:\/\/www.v-valley.com\/it\/wp-json\/wp\/v2\/types\/page"}],"author":[{"embeddable":true,"href":"https:\/\/www.v-valley.com\/it\/wp-json\/wp\/v2\/users\/7"}],"replies":[{"embeddable":true,"href":"https:\/\/www.v-valley.com\/it\/wp-json\/wp\/v2\/comments?post=1789"}],"version-history":[{"count":0,"href":"https:\/\/www.v-valley.com\/it\/wp-json\/wp\/v2\/pages\/1789\/revisions"}],"up":[{"embeddable":true,"href":"https:\/\/www.v-valley.com\/it\/wp-json\/wp\/v2\/pages\/465"}],"wp:attachment":[{"href":"https:\/\/www.v-valley.com\/it\/wp-json\/wp\/v2\/media?parent=1789"}],"curies":[{"name":"wp","href":"https:\/\/api.w.org\/{rel}","templated":true}]}}