{"id":1773,"date":"2022-10-27T14:27:31","date_gmt":"2022-10-27T12:27:31","guid":{"rendered":"https:\/\/www.v-valley.com\/?page_id=1773"},"modified":"2022-11-03T15:14:41","modified_gmt":"2022-11-03T14:14:41","slug":"corel","status":"publish","type":"page","link":"https:\/\/www.v-valley.com\/it\/vendor\/corel\/","title":{"rendered":"Corel"},"content":{"rendered":"\r\n\r\n\t\t\t\t<img loading=\"lazy\" decoding=\"async\" src=\"https:\/\/statics.v-valley.com\/prod\/2022\/10\/logo_corel.gif\" alt=\"logo_corel\" itemprop=\"image\" height=\"55\" width=\"140\" title=\"logo_corel\" onerror=\"this.style.display='none'\"  \/>\r\n<h2>\r\n\t\tCHI \u00c8 COREL?\r\n\t<\/h2>\r\n\t<p>Pensando a Corel viene subito in mente l&#8217;omonimo software per la grafica, CorelDraw, ma la multinazionale \u00e8 anche proprietaria di altri marchi molto noti. Fra questi, il famosissimo WinZip, uno dei software pi\u00f9 noti e utilizzati per la gestione di archivi compressi.<\/p>\r\n<h2>\r\n\t\tI PRODOTTI DI COREL\r\n\t<\/h2>\r\n\tPunta di diamante del Portafoglio Corel \u00e8 Coreldraw, Software di progettazione di fama mondiale.<br \/>\r\nGli altri prodotti in portafoglio sono Painter (software di pittura incredibilmente realistica), Paintshop Pro (la famma di strumenti all&#8217;avanguardia per modificare, ottimizzare e correggere le foto), Videostudio (software di editing per video), Pinnacle (editing video di calibro professionale con potenti controlli dei fotogrammi chiave), Roxio (gestione dei media digitali) e Winzip (compressione file).\r\n\t<p>Grafica<\/p>\r\n\t<p>Creativit\u00e0 e design<\/p>\r\n\r\n","protected":false},"excerpt":{"rendered":"<p>CHI \u00c8 COREL? Pensando a Corel viene subito in mente l&#8217;omonimo software per la grafica, CorelDraw, ma la multinazionale \u00e8 anche proprietaria di altri marchi molto noti. Fra questi, il famosissimo WinZip, uno dei software pi\u00f9 noti e utilizzati per la gestione di archivi compressi. I PRODOTTI DI COREL Punta di diamante del Portafoglio Corel [&hellip;]<\/p>\n","protected":false},"author":7,"featured_media":0,"parent":465,"menu_order":0,"comment_status":"closed","ping_status":"closed","template":"templates\/template-vendor-category.php","meta":{"_acf_changed":false,"_genesis_hide_title":false,"_genesis_hide_breadcrumbs":false,"_genesis_hide_singular_image":false,"_genesis_hide_footer_widgets":false,"_genesis_custom_body_class":"","_genesis_custom_post_class":"","_genesis_layout":"","footnotes":""},"class_list":{"0":"post-1773","1":"page","2":"type-page","3":"status-publish","5":"entry"},"acf":[],"_links":{"self":[{"href":"https:\/\/www.v-valley.com\/it\/wp-json\/wp\/v2\/pages\/1773","targetHints":{"allow":["GET"]}}],"collection":[{"href":"https:\/\/www.v-valley.com\/it\/wp-json\/wp\/v2\/pages"}],"about":[{"href":"https:\/\/www.v-valley.com\/it\/wp-json\/wp\/v2\/types\/page"}],"author":[{"embeddable":true,"href":"https:\/\/www.v-valley.com\/it\/wp-json\/wp\/v2\/users\/7"}],"replies":[{"embeddable":true,"href":"https:\/\/www.v-valley.com\/it\/wp-json\/wp\/v2\/comments?post=1773"}],"version-history":[{"count":0,"href":"https:\/\/www.v-valley.com\/it\/wp-json\/wp\/v2\/pages\/1773\/revisions"}],"up":[{"embeddable":true,"href":"https:\/\/www.v-valley.com\/it\/wp-json\/wp\/v2\/pages\/465"}],"wp:attachment":[{"href":"https:\/\/www.v-valley.com\/it\/wp-json\/wp\/v2\/media?parent=1773"}],"curies":[{"name":"wp","href":"https:\/\/api.w.org\/{rel}","templated":true}]}}